{"id":157,"date":"2024-07-12T16:13:06","date_gmt":"2024-07-12T19:13:06","guid":{"rendered":"https:\/\/wp.ufpel.edu.br\/emebs\/?page_id=157"},"modified":"2024-07-12T16:13:06","modified_gmt":"2024-07-12T19:13:06","slug":"lista-de-aprovados","status":"publish","type":"page","link":"https:\/\/wp.ufpel.edu.br\/emebs\/lista-de-aprovados\/","title":{"rendered":"Lista de Aprovados"},"content":{"rendered":"<p><em>Ol\u00e1, prezados inscritos,<\/em><\/p>\n<p>Informamos que todos os candidatos inscritos foram aprovados. Voc\u00eas tamb\u00e9m ir\u00e3o receber um e-mail com mais informa\u00e7\u00f5es sobre o curso.<br \/>\n<span style=\"background-color: #ffff99;\">Caso n\u00e3o recebam o e-mail, por favor, entrem em contato conosco atrav\u00e9s do e-mail: <strong>ufpelemebs@gmail.com.<\/strong><\/span><\/p>\n<p style=\"text-align: center;\"><strong>LISTA DE APROVADOS (EM ORDEM ALFAB\u00c9TICA)<\/strong><\/p>\n<p>Adauto Gomes Ribeiro de Andrade<br \/>\nAdayanne Tobias da Silva<br \/>\nAdriana Alves Novais<br \/>\nAdriana Gisele Rosalinski<br \/>\nAdriana Lima Monte<br \/>\nAdriana Maria da Silva<br \/>\nAdriano Aparecido da Silva<br \/>\nAgatha Abreu Cabral<br \/>\n\u00c1gatha Kussler Fernandes<br \/>\nAlaim Cesar Teles Junior<br \/>\nAlanna Silva Coelho<br \/>\nAldaires Aires da Silva Lima<br \/>\nAldenice Ferreira da Cruz<br \/>\nAlderlande Ferreira Melo<br \/>\nAlessandra Batista Antonio<br \/>\nAlessandra Cardoso da Cruz Nascimento<br \/>\nAlessandra de F\u00e1tima Fiori Delgado<br \/>\nAlessandra dos Santos Lacerda Rola<br \/>\nAlessandro Augusto de Souza Vasconcelos<br \/>\nAlex da Silva Santos<br \/>\nAline B\u00e1rbara de Jesus Santos de Abreu<br \/>\nAna Carolina Praxedes Frank<br \/>\nAna Cassia Castelhano da Silva<br \/>\nAna Cleide Soares da Silva<br \/>\nAna Cristina da Silva<br \/>\nAna Luiza Musella Nunes<br \/>\nAna Maria Lucas da Silva<br \/>\nAna Paula dos Santos<br \/>\nAna Priscila Guedes Carvalho<br \/>\nAnderson Cantarino<br \/>\nAndiara Salgado Abreu Silva<br \/>\nAndr\u00e9 Noronha Furtado de Mendon\u00e7a<br \/>\nAndrea de oliveira giovanella botelho pereira<br \/>\nAndreia Cristina da Silva Costa<br \/>\nAndreia Gomes de Oliveira dos Santos<br \/>\nAndr\u00e9ia Helena da Silva Oliveira<br \/>\nAndressa Blitzkow lima born<br \/>\nAndreza Portilho de Albuquerque<br \/>\nAngel Silva de Almeida<br \/>\nAngelica Oliveira dos Santos<br \/>\nAng\u00e9lica salgado carniato Schultz<br \/>\nAngelina cristiane borges santos batista<br \/>\nAnna Karla Amorim Castro<br \/>\nAntonia Amanda de Oliveira Albano<br \/>\nAntonieta Soares de Brito<br \/>\nAriany Palhares de Oliveira Borges Vicente<br \/>\nArtur Maciel de Oliveira Neto<br \/>\n\u00c1tila Gizelly Bessa da Silva<br \/>\nAugusto C\u00e9sar Salviano Alves<br \/>\nBertrand de Morais Bezerra<br \/>\nBibiana Silva Barbosa<br \/>\nBrena Lima Bento<br \/>\nBruna Adrielle Monteiro Meira<br \/>\nBruna Caroline Alves de Sousa<br \/>\nBruna Larissa Brasileiro da Silva<br \/>\nBruna Wendhausem Enne<br \/>\nCaio dos Santos Farias<br \/>\nCaio Fernandes Pereira Santos<br \/>\nCalidia Ara\u00fajo Melo<br \/>\nCamila da Silva Antunes<br \/>\nCamila Oliveira da Silva<br \/>\nCarla Beatriz Medeiros Klein<br \/>\nCarla Melo Ferreira<br \/>\nCarla Regina de Araujo Succar<br \/>\nCarlos Alberto Barbosa Silva<br \/>\nCarlos Alberto Matias de Oliveira<br \/>\nCarlos Eduardo Jesus Silva<br \/>\nCarlos Roberto de Oliveira Lima<br \/>\nCaroline Braatz Behling<br \/>\nCaroline dos Santos Savedra<br \/>\nC\u00e1ssio Freitas Silveira Silva<br \/>\nCatia Fernanda da Cruz<br \/>\nCec\u00edlia da Silva Oliveira Santos<br \/>\nCeleste Maria Muller Ritt<br \/>\nCelivane de Lima Silva de Souza<br \/>\nClaudia Correia do Nascimento<br \/>\nClaudia Elisa Amorim Santana<br \/>\nCl\u00e1udio de Andrade Barbosa<br \/>\nCl\u00e1udio Valiatti Passabon<br \/>\nClaudionora de F\u00e1tima Santos de Sousa<br \/>\nCleberson Jose Siqueira de Souza<br \/>\nCl\u00e9cia Santos de Lima<br \/>\nCleonice Bentes Meneses<br \/>\nCleyton Bueno Silva Costa<br \/>\nCrisiane de Freitas Soares<br \/>\nCristiane Milanezi Oliveira<br \/>\nCristiane Ramos M\u00fcller<br \/>\nDaiana Nunes de Faria<br \/>\nDaniane Pereira<br \/>\nDaniel C\u00edcero dos Santos Barbosa<br \/>\nDaniel Duarte Silveira<br \/>\nDaniela Dantas Martins Ribeiro<br \/>\nDaniela de Carvalho Cruz<br \/>\nDaniela Sa Pereira<br \/>\nDaniela Soares de Siqueira<br \/>\nDanielle Campos da Silva<br \/>\nDanielle Candiota de Freitas Lima<br \/>\nDanilo Nascimento de Oliveira<br \/>\nDario Leite Resende<br \/>\nDarlete de Souza e Silva Kaminski<br \/>\nDarley Goulart Nunes<br \/>\nDavi Queiroz Oliveira<br \/>\nDavid de Souza Oliveira<br \/>\nDavid do Carmo Oliveira<br \/>\nDayane da Silva Gon\u00e7alves<br \/>\nDayse Xavier de Santana<br \/>\nDebora Moreno Diniz<br \/>\nDenis Pereira dos Santos<br \/>\nDerly Rodrigues Ferreira<br \/>\nDeyjane Lima Duarte<br \/>\nDeyvid Moreira Alves<br \/>\nDhemetryus do Nascimento Silva<br \/>\nDiesley Evangelista Mendon\u00e7a<br \/>\nDouglas Eliakim da Silva<br \/>\nDylan Smith Santos Sehott<br \/>\nEdilene da Silva de Castilhos<br \/>\nEdilene Gon\u00e7alves<br \/>\nEdileuza dos Santos de Oliveira Monteiro<br \/>\nEdileuza Ribeiro Queiroz de Souza<br \/>\nEdna de Oliveira<br \/>\nElaine da Silva Marcelino Cruz<br \/>\nElane de Farias Pantoja<br \/>\nElenice Monte Alvarenga<br \/>\nEliana Kikue Kihara<br \/>\nEiana dos Santos Alves<br \/>\nEliane Pereira da Silva<br \/>\nElisabete Marques Cardozo de Sousa<br \/>\nElis\u00e2ngela Cristina Lima de Andrade<br \/>\nEmmanuel Gurgel do Amaral Gomes<br \/>\n\u00canio Felipe Pereira Lima<br \/>\n\u00c9rica Alves de Souza Silva Lima<br \/>\nErika Amaro Rocha<br \/>\nErlene R\u00e9gia Pires da Silva<br \/>\nEslyane Regina Pereira de Ara\u00fajo<br \/>\nEunice Lima de Oliveira Barbosa<br \/>\nEverson Oliveira da Cruz<br \/>\nFabiana Alves de Carvalho<br \/>\nFabiana Dias dos Santos<br \/>\nFabiana Ribeiro Martins Silva<br \/>\nFabiano Lorensi Bertoluci<br \/>\nF\u00e1bio Baldo Alberton<br \/>\nFab\u00edola Pinto Mantuan da Silva<br \/>\nFabr\u00edcio Mahler Ramos<br \/>\nF\u00e2nior Sabino de Oliveira Miotta<br \/>\nFelipe Henrique Bal\u00e9a<br \/>\nFernanda Carvalho da Fons\u00eaca<br \/>\nFernanda Luzia de Jesus Diamante<br \/>\nFernando Rodrigues de Oliveira<br \/>\nFlavia Carolina Ferreira Caron<br \/>\nFlavia Silva dos Santos<br \/>\nFrancinilda Pereira da Silva<br \/>\nFrancisca Aldenisa Peixoto da Silva<br \/>\nFrancisca Cibele da Silva Gomes<br \/>\nFrancisca Maria Carvalho<br \/>\nFrancisco Canind\u00e9 das Chagas Duarte<br \/>\nFrancisco Cladimir Oliveira<br \/>\nFrancisco Daniel Valente<br \/>\nFrancisco Leomberg Gomes de Souza<br \/>\nFrancisco Raule de Sousa<br \/>\nGabriel Nascimento SIlva<br \/>\nGabriela Barbosa Sucupira Leite<br \/>\nGermana Maria de Araujo Lima Rodrigues<br \/>\nGerson Luis da Luz<br \/>\nGilka Sayuri Magami<br \/>\nGilvania Gabriella Bezerra Siqueira Vila Nova<br \/>\nGiovana Cristina de Campos Bezerra<br \/>\nGisele Farias de Lima<br \/>\nGlayseanne da Silva Carvalho<br \/>\nGleiciene Oliveira da Silva<br \/>\nGreice Kelly Nascimento Santos Costa<br \/>\nGuilherme de Oliveira Rios Freire<br \/>\nGuilherme Fernando Schnekenberg<br \/>\nGuilherme Garcia Fernandes<br \/>\nGuilherme Vin\u00edcius Alves de Ara\u00fajo<br \/>\nGuiomar Abrantes dos Reis de Moura<br \/>\nGuiullianna Drapcyski Bot<br \/>\nGutemberg Mendes Junior<br \/>\nHamilton da Silva Ferreira<br \/>\nHelen Cristiane Pereira<br \/>\nHelen Cristiane Pereira<br \/>\nHelenice Barroso Araujo<br \/>\nHelio Alves de Melo Neto<br \/>\nHeloiza Helena Ferreira de Oliveira<br \/>\nHillary Vitoria Rodrigues Porto<br \/>\nHime Gomes da Silva Candido<br \/>\nIeda Santana da Cruz<br \/>\nIsabel Cristina de Oliveira Bezerra<br \/>\nIsadora Cristina de Almeida Freitas<br \/>\nIsrael Ferreira<br \/>\n\u00cdtalo Santos Ferreira<br \/>\nIvaldo Freitas Cardozo<br \/>\nIzabel Cristina Marcelino do Nascimento<br \/>\nIzabelle Almeida De Araujo Marcelo<br \/>\nJair Nascimento de Ara\u00fajo Filho<br \/>\nJanaina Arruda Marques<br \/>\nJanaina Miranda Martins de Souza<br \/>\nJanaina Silveira da Silva<br \/>\nJaqueline Pristello<br \/>\nJaqueline Silva Corr\u00eaa<br \/>\nJaqueline Soares dos Santos<br \/>\nJeferson da SIlva Dias<br \/>\nJefferson Almeida da Costa Rebou\u00e7as<br \/>\nJefferson Fernandes de Aquino<br \/>\nJesildo Nascimento Barbosa<br \/>\nJessica Soares Gomes<br \/>\nJessie Ortiz Marimon<br \/>\nJheniffer Duarte Da Silva Manh\u00e3es<br \/>\nJo\u00e3o Marcos Brandet<br \/>\nJo\u00e3o Rogerio Nogueira de Lima<br \/>\nJoceline Arlene Gouveia Rocha Barreto<br \/>\nJonathan Sousa de Oliveira<br \/>\nJos\u00e9 Ant\u00f4nio Alves Soares<br \/>\nJos\u00e9 Arnor de Lima J\u00fanior<br \/>\nJos\u00e9 de Anchieta Baracho<br \/>\nJos\u00e9 Ribamar Lopes Batista J\u00fanior<br \/>\nJos\u00e9 Uelison da Silva<br \/>\nJoseane Miranda Mendes dos Santos<br \/>\nJoselina dos Santos<br \/>\njosev\u00e2nia da Silva Santos<br \/>\nJosevania Santos Concei\u00e7\u00e3o<br \/>\nJoycilene Pereira Belfort<br \/>\nJulian Henrry Ramalho<br \/>\nJuliana Rodrigues Amaral Souza<br \/>\nJuliane Andresa Alves Nunes<br \/>\nJuliane dos Santos Vargas<br \/>\nJuliane Oliveira Heyn<br \/>\nKarina Vaneska Pereira de Carvalho<br \/>\nKarina Zaia Machado Raizer<br \/>\nKarla Monique Siqueira Nunes<br \/>\nK\u00e1tia Monisa Santos Freire Rodrigues Lima<br \/>\nKaticilayne Roberta de Alc\u00e2ntara<br \/>\nKatiuscia Da Silva Avila<br \/>\nKeliane Rosi de Almeida Correia<br \/>\nKelliane de Souza Galv\u00e3o<br \/>\nKelly Maria Vaz da Silva<br \/>\nKelwen Barbosa Fialho<br \/>\nKillian Ferreira<br \/>\nKleicy Leite Fontes Santos de Jesus<br \/>\nLahis Vargas Brand\u00e3o<br \/>\nLainny Borgea Peres<br \/>\nLairla Morais Ferreira<br \/>\nLais Helena Bispo de Oliveira Souza<br \/>\nLara Costa Cassiano Silva<br \/>\nLara Dantas Leit\u00e3o<br \/>\nLarissa Cassilhas<br \/>\nLarissa Farias Lang<br \/>\nLarissa Leiko Damil<br \/>\nLaura Mattes Lagrange<br \/>\nLaura Motter Pereira<br \/>\nLauriene Souza dos Reis Ramos<br \/>\nLays Fernandes Santos Garcia<br \/>\nLeandro Carvalho dos Santos<br \/>\nLeandro Estev\u00e3o Gomes<br \/>\nLeandro Ribeiro de Melo Silva<br \/>\nLenon Morales Abeijon<br \/>\nLeonardo Bordignon Sluzala<br \/>\nLeonardo Brito Bispo<br \/>\nLet\u00edcia Bernardo de Oliveira Mascarenhas<br \/>\nLet\u00edcia de Castro dos Santos<br \/>\nLet\u00edcia de Souza Juli\u00e3o<br \/>\nLet\u00edcia dos Santos Lopes<br \/>\nLet\u00edcia Oliveira de Oliveira<br \/>\nLevy de Sousa Silva<br \/>\nLidia Mari Rodrigues dos Santos<br \/>\nLIdiane Helena Reinaldo Franco<br \/>\nLidi\u00e9li Portiliotti<br \/>\nLi\u00e9ge Dalpr\u00e1 Flores<br \/>\nL\u00edgia Cristina de Souza Canova<br \/>\nLiliane Barbosa Amorim<br \/>\nLisiane Pinheiro Silva<br \/>\nLouise Lins de Castro<br \/>\nLuana Luzia lima dos santos<br \/>\nLuanny Barbosa de Lima<br \/>\nLucas Loch Moreira<br \/>\nLucas Mendes Guedes Coutinho<br \/>\nLuc\u00e9lia da Silva Santos Barreto<br \/>\nLucia Helena Fialho Pereira da Silveira<br \/>\nLuciana Pimentel Figueiredo<br \/>\nLuciana Silva Oliveira<br \/>\nLuciano Oliveira dos Santos<br \/>\nLuciene Cardoso Brunel<br \/>\nLucimar Ribeiro Duarte<br \/>\nLucineide Pereira da Silva<br \/>\nLuiz Felipe Brito Meneses<br \/>\nMagno Fabiano Sim\u00f5es<br \/>\nMaiara Mendes Cerqueira<br \/>\nMa\u00edsa Mathilde dos Santos<br \/>\nMarcela Costa Silvestre<br \/>\nMarcelo Ant\u00f4nio Fernandes<br \/>\nM\u00e1rcia Aparecida Mendes Amancio<br \/>\nMarcia Dallasta Caetano<br \/>\nM\u00e1rcia Helena Costa Veloso<br \/>\nMarcia Rabelo dos Anjos<br \/>\nM\u00e1rcio Lopes da Silva<br \/>\nMarcos Antonio de Oliveira<br \/>\nMarcus Vinicius Falc\u00e3o Vidal Ayache<br \/>\nMarcus Yuri Brito Duarte<br \/>\nMari Gomes<br \/>\nMaria Aparecida de Almeida Araujo<br \/>\nMaria Auxiliadora Terra Duarte<br \/>\nMaria Clemilda Lima Rodrigues<br \/>\nMaria da Concei\u00e7\u00e3o Mota de Paiva<br \/>\nMaria das Gra\u00e7as Ferreira Telles<br \/>\nMaria de Lourdes da Silva<br \/>\nMaria do livramento da Silva Santos Bispo<br \/>\nMaria Edinete Santos<br \/>\nMaria Lucinete de Assis Mais<br \/>\nMaria Luzineide Pereira<br \/>\nMaria M\u00e1rcia Fernandes de Azevedo<br \/>\nMaria Regiane da Paix\u00e3o Kaxinawa<br \/>\nMaria Roseli Gomes da Silva<br \/>\nmaria veronica monte<br \/>\nMaria Zenaide Pereira Rodrigues<br \/>\nMariana Lopes da Silveira<br \/>\nMariana Medeiros de Freitas<br \/>\nMariana Palachini de Oliveira<br \/>\nMariana victoria todeschini sarnik<br \/>\nMaricelma da Silva Oliveira<br \/>\nMarilia Dagmar Gondim Machado<br \/>\nMarilia Gomes Volot\u00e3o Silva<br \/>\nMarilia Rosana de Andrade Souza<br \/>\nMarina M\u00fcller Rodrigues<br \/>\nMarinalva Borges Diniz<br \/>\nMarisol Gosse Bergamo<br \/>\nMariza Silva Ara\u00fajo<br \/>\nMarlho Jos\u00e9 Moura de Melo<br \/>\nMarlho Jos\u00e9 Moura de Melo<br \/>\nMarta Cardoso de Ara\u00fajo<br \/>\nMarta Moreira Gomes<br \/>\nMatheus Felipe Araujo Souza<br \/>\nMichele Oliveira Delgado<br \/>\nMicheli Porn da Silva<br \/>\nMichelle Barral Borges Rodrigues<br \/>\nMichelle do Nascimento Gobetti<br \/>\nMichelly Garcia Minussi Macedo<br \/>\nMiqu\u00e9ias Ambr\u00f3sio dos Santos<br \/>\nMirelli Montes Dias<br \/>\nMizia Emanuella Mendes Veras<br \/>\nMonica de Souza Costa Soares<br \/>\nM\u00f4nica Fonseca Figueira<br \/>\nMonique da Silva Barbosa Thadeu<br \/>\nNadjanara Ana Basso Mor\u00e1s<br \/>\nNair Ferreira Milhomem Amaral<br \/>\nNat\u00e1lia Cristina Soares Belo Maciel<br \/>\nNat\u00e1lia Soares Silveira<br \/>\nNathalia Marcelia Gon\u00e7alves Silva<br \/>\nNeuriania Souza Ferreira<br \/>\nNeuriania Souza Ferreira<br \/>\nN\u00edcolas Cristiano Thurow Brahm<br \/>\nNivianne Katrin Andrade Xavier<br \/>\nNoemi Michele Santana Santos<br \/>\nOdete Fontes de Oliveira Magalh\u00e3es Fonte<br \/>\nPablo Romualdo dos Santos Almeida<br \/>\nPatricia Adorno Aguiar<br \/>\nPatr\u00edcia Daiani Lapuente Roldan<br \/>\nPatr\u00edcia Kelly Sousa Albuquerque<br \/>\nPaula Aparecida Alves<br \/>\nPaula do Nascimento Cavalcanti<br \/>\nPaula Junia Martins Coimbra<br \/>\nPaula Oliveira de Sousa<br \/>\nPaula Roberta Projante da Silva Pazinati<br \/>\nPaulo Andr\u00e9 Moraes de Assun\u00e7\u00e3o<br \/>\nPaulo Henrique Nascimento Soares<br \/>\nPedro Yuri Magalh\u00e3es<br \/>\nP\u00e9ricles de Souza Santos J\u00fanior<br \/>\nPhelyppe Antony de Paula Moreira<br \/>\nPriscilla Perugini<br \/>\nPriscilla Roberta Gaspar de Oliveira<br \/>\nRafael de Souza Lopes<br \/>\nRailda de Lima Souza<br \/>\nRaimunda Moreira de Oliveira<br \/>\nRaimunda Nonata Vieira da Silva<br \/>\nRaimunda Sousa Costa<br \/>\nRaissa Maria Barreto Costa<br \/>\nRaoni Santos<br \/>\nRaphael Bitencourt Matoso<br \/>\nRaquel Leal da Silveira da Rosa<br \/>\nRaquel lima dos santos<br \/>\nRebeca silveira de souza mendes<br \/>\nRegiane Anjos da Silva<br \/>\nRegilene dos Santos Silva<br \/>\nRegina Alexandra Godoy Gimenez<br \/>\nRegina C\u00e9lia Fiorini Costa<br \/>\nRegina C\u00e9lia Monteiro da Silva<br \/>\nRejane Maria Linhares Santiago<br \/>\nRenata Ferreira da Silva<br \/>\nRenato Pazos Vazquez<br \/>\nRita de Cassia Correa Albuquerque<br \/>\nRita de Cassia vieira Gonzatto<br \/>\nRizia Borges Soares<br \/>\nRob\u00e9rio Batista Silva<br \/>\nRodrigo mascarenhas de Souza<br \/>\nRodrigo Paulo Pereira<br \/>\nRodrigo Pereira Lima<br \/>\nRog\u00e9rio Tim\u00f3teo Tin\u00e9<br \/>\nR\u00f4mulo Martins Cust\u00f3dio<br \/>\nRonald de Ara\u00fajo Quaresma<br \/>\nRosa Cristina Moreli de C. Moreira<br \/>\nRosa Elaine Greque Tavares<br \/>\nRosane Campos Ferreira<br \/>\nRoseli Cristina Jacques<br \/>\nRosenilde Vale Carneiro Lima<br \/>\nRosiane Muniz dos Santos<br \/>\nRosiane Ribas de Souza Eler<br \/>\nRosicleide Diniz Marinho<br \/>\nRosimeri Martins Oliveira Valen\u00e7a<br \/>\nRubia Denise Islab\u00e3o Aires<br \/>\nRuth Elen Santana Veloso<br \/>\nSabrina Aparecida dos Santos Telles<br \/>\nSabrina Ferreira dos Santos<br \/>\nSalom\u00e3o Wenderosck Amancio<br \/>\nSamanta Carni\u00e9re Rodrigues<br \/>\nSamuel Xavier da Costa<br \/>\nSandra Regina da Silva<br \/>\nSandy Vitor de Andrade Alves<br \/>\nSaul Pereira Rodrigues do Rego<br \/>\nShaina Ernaniela Santos de Araujo<br \/>\nSheila de Sousa Ferreira<br \/>\nSidilene Aparecida Lemes<br \/>\nSilvana Ara\u00fajo de Oliveira<br \/>\nSilvana Fernandes<br \/>\nSilvana Regina Vencato Pinto<br \/>\nSilvane de Souza Fernandes<br \/>\nSilvia Cleide Piqui\u00e1 dos Santos<br \/>\nSolange Xavier de Amorim<br \/>\nS\u00f4nia Maria Teixeira<br \/>\nSuelen Farias Pereira<br \/>\nSueli Rosa da Silva<br \/>\nSuli Vieira Santos do Nascimento<br \/>\nTabata de Oliveira Santana<br \/>\nTai\u00e7ara Farias Can\u00eaz Duarte<br \/>\nTain\u00e1 Nunes da Silva<br \/>\nTalita Martins Araujo<br \/>\nTalita Nabas Tavares<br \/>\nTatiana Regina Pinto Lovato<br \/>\nTatiane Rodrigues Dias<br \/>\nTeresa Maria Cir\u00edaco Gon\u00e7alves<br \/>\nTha\u00eds Duarte Passos Teixeira do Amaral<br \/>\nThalita Aparecida Correia de Lima<br \/>\nThatiana Silva Santos<br \/>\nThayane Vandekoken Ferreira<br \/>\nThayssa Fernanda De Oliveira Nunes<br \/>\nTiago Eurico de Lacerda<br \/>\nTiago Pereira Leite<br \/>\nValdirene Ferreira Sipressa<br \/>\nVanessa Guedes Ribeiro<br \/>\nVanessa Regina Casali Raganhan<br \/>\nVanessa Soares Batista Germano<br \/>\nV\u00e2nia L\u00facia Souza<br \/>\nVera Lucia Favacho Pereira<br \/>\nVerginia Batista Nunes<br \/>\nVeronica Lima Messias de Souza<br \/>\nVeronica Maria Fran\u00e7a Mateus<br \/>\nVer\u00f4nica Rodrigues Santos<br \/>\nVeruska Rafaela dos Santos de Lima<br \/>\nVidalmira dos Santos Silva<br \/>\nVin\u00edcius Pires Severo<br \/>\nVitor Augusto Padilha Gon\u00e7alves<br \/>\nViviane Esp\u00edrito Santo dos Santos<br \/>\nWalquiria Peres de Amorim<br \/>\nWania Francisca do Nascimento<br \/>\nWarlen Carlos dos Santos<br \/>\nWenia Freire da Costa<br \/>\nWesley Fernando da Silva Ribeiro Celestino<br \/>\nWidis Pinheiro da Silva<br \/>\nWilger Marreco de Pinho<br \/>\nWilma Nunes Santos<br \/>\nWilson de Sousa Henrique<br \/>\nYlza Jussara dos Santos Melo<\/p>\n","protected":false},"excerpt":{"rendered":"<p>Ol\u00e1, prezados inscritos, Informamos que todos os candidatos inscritos foram aprovados. Voc\u00eas tamb\u00e9m ir\u00e3o receber um e-mail com mais informa\u00e7\u00f5es sobre o curso. Caso n\u00e3o recebam o e-mail, por favor, entrem em contato conosco atrav\u00e9s do e-mail: ufpelemebs@gmail.com. LISTA DE APROVADOS (EM ORDEM ALFAB\u00c9TICA) Adauto Gomes Ribeiro de Andrade Adayanne Tobias da Silva Adriana Alves [&hellip;]<\/p>\n","protected":false},"author":1363,"featured_media":0,"parent":0,"menu_order":0,"comment_status":"closed","ping_status":"closed","template":"","meta":{"footnotes":""},"class_list":["post-157","page","type-page","status-publish","hentry"],"_links":{"self":[{"href":"https:\/\/wp.ufpel.edu.br\/emebs\/wp-json\/wp\/v2\/pages\/157","targetHints":{"allow":["GET"]}}],"collection":[{"href":"https:\/\/wp.ufpel.edu.br\/emebs\/wp-json\/wp\/v2\/pages"}],"about":[{"href":"https:\/\/wp.ufpel.edu.br\/emebs\/wp-json\/wp\/v2\/types\/page"}],"author":[{"embeddable":true,"href":"https:\/\/wp.ufpel.edu.br\/emebs\/wp-json\/wp\/v2\/users\/1363"}],"replies":[{"embeddable":true,"href":"https:\/\/wp.ufpel.edu.br\/emebs\/wp-json\/wp\/v2\/comments?post=157"}],"version-history":[{"count":1,"href":"https:\/\/wp.ufpel.edu.br\/emebs\/wp-json\/wp\/v2\/pages\/157\/revisions"}],"predecessor-version":[{"id":159,"href":"https:\/\/wp.ufpel.edu.br\/emebs\/wp-json\/wp\/v2\/pages\/157\/revisions\/159"}],"wp:attachment":[{"href":"https:\/\/wp.ufpel.edu.br\/emebs\/wp-json\/wp\/v2\/media?parent=157"}],"curies":[{"name":"wp","href":"https:\/\/api.w.org\/{rel}","templated":true}]}}