{"id":13,"date":"2024-04-16T11:38:39","date_gmt":"2024-04-16T14:38:39","guid":{"rendered":"https:\/\/wp.ufpel.edu.br\/emebs\/?page_id=13"},"modified":"2024-06-12T12:20:15","modified_gmt":"2024-06-12T15:20:15","slug":"discplinas","status":"publish","type":"page","link":"https:\/\/wp.ufpel.edu.br\/emebs\/discplinas\/","title":{"rendered":"DISCIPLINAS"},"content":{"rendered":"<p><img class=\"aligncenter wp-image-97 size-full\" src=\"https:\/\/wp.ufpel.edu.br\/emebs\/files\/2024\/04\/disciplina.png\" alt=\"\" width=\"984\" height=\"220\" srcset=\"https:\/\/wp.ufpel.edu.br\/emebs\/files\/2024\/04\/disciplina.png 984w, https:\/\/wp.ufpel.edu.br\/emebs\/files\/2024\/04\/disciplina-400x89.png 400w, https:\/\/wp.ufpel.edu.br\/emebs\/files\/2024\/04\/disciplina-768x172.png 768w\" sizes=\"(max-width: 984px) 100vw, 984px\" \/><\/p>\n<p>M\u00f3dulo 01: <strong>Estrat\u00e9gias e Metodologias para Ensino M\u00e9dio<\/strong><\/p>\n<p>M\u00f3dulo 02: <strong>Planejamento, Did\u00e1tica e Avalia\u00e7\u00e3o no Ensino M\u00e9dio<\/strong><\/p>\n<p>M\u00f3dulo 03: <strong>Compet\u00eancias e Habilidades em Linguagens, C\u00f3digos e suas Tecnologias<\/strong><\/p>\n<p>M\u00f3dulo 04: <strong>Compet\u00eancias e Habilidades em Ci\u00eancias Humanas e suas Tecnologias<\/strong><\/p>\n<p>M\u00f3dulo 05: <strong>Compet\u00eancias e Habilidades em Ci\u00eancias da Natureza e suas Tecnologias<\/strong><\/p>\n<p>M\u00f3dulo 06: <strong>Compet\u00eancias e Habilidades em Matem\u00e1tica e suas Tecnologias<\/strong><\/p>\n","protected":false},"excerpt":{"rendered":"<p>M\u00f3dulo 01: Estrat\u00e9gias e Metodologias para Ensino M\u00e9dio M\u00f3dulo 02: Planejamento, Did\u00e1tica e Avalia\u00e7\u00e3o no Ensino M\u00e9dio M\u00f3dulo 03: Compet\u00eancias e Habilidades em Linguagens, C\u00f3digos e suas Tecnologias M\u00f3dulo 04: Compet\u00eancias e Habilidades em Ci\u00eancias Humanas e suas Tecnologias M\u00f3dulo 05: Compet\u00eancias e Habilidades em Ci\u00eancias da Natureza e suas Tecnologias M\u00f3dulo 06: Compet\u00eancias e [&hellip;]<\/p>\n","protected":false},"author":1363,"featured_media":0,"parent":0,"menu_order":0,"comment_status":"closed","ping_status":"closed","template":"","meta":{"footnotes":""},"class_list":["post-13","page","type-page","status-publish","hentry"],"_links":{"self":[{"href":"https:\/\/wp.ufpel.edu.br\/emebs\/wp-json\/wp\/v2\/pages\/13","targetHints":{"allow":["GET"]}}],"collection":[{"href":"https:\/\/wp.ufpel.edu.br\/emebs\/wp-json\/wp\/v2\/pages"}],"about":[{"href":"https:\/\/wp.ufpel.edu.br\/emebs\/wp-json\/wp\/v2\/types\/page"}],"author":[{"embeddable":true,"href":"https:\/\/wp.ufpel.edu.br\/emebs\/wp-json\/wp\/v2\/users\/1363"}],"replies":[{"embeddable":true,"href":"https:\/\/wp.ufpel.edu.br\/emebs\/wp-json\/wp\/v2\/comments?post=13"}],"version-history":[{"count":6,"href":"https:\/\/wp.ufpel.edu.br\/emebs\/wp-json\/wp\/v2\/pages\/13\/revisions"}],"predecessor-version":[{"id":127,"href":"https:\/\/wp.ufpel.edu.br\/emebs\/wp-json\/wp\/v2\/pages\/13\/revisions\/127"}],"wp:attachment":[{"href":"https:\/\/wp.ufpel.edu.br\/emebs\/wp-json\/wp\/v2\/media?parent=13"}],"curies":[{"name":"wp","href":"https:\/\/api.w.org\/{rel}","templated":true}]}}