{"id":10,"date":"2024-04-16T11:38:31","date_gmt":"2024-04-16T14:38:31","guid":{"rendered":"https:\/\/wp.ufpel.edu.br\/emebs\/?page_id=10"},"modified":"2024-06-12T13:11:07","modified_gmt":"2024-06-12T16:11:07","slug":"o-curso","status":"publish","type":"page","link":"https:\/\/wp.ufpel.edu.br\/emebs\/o-curso\/","title":{"rendered":"O CURSO"},"content":{"rendered":"<p><img class=\"aligncenter wp-image-96 size-full\" src=\"https:\/\/wp.ufpel.edu.br\/emebs\/files\/2024\/04\/curso-1.png\" alt=\"\" width=\"984\" height=\"220\" srcset=\"https:\/\/wp.ufpel.edu.br\/emebs\/files\/2024\/04\/curso-1.png 984w, https:\/\/wp.ufpel.edu.br\/emebs\/files\/2024\/04\/curso-1-400x89.png 400w, https:\/\/wp.ufpel.edu.br\/emebs\/files\/2024\/04\/curso-1-768x172.png 768w\" sizes=\"(max-width: 984px) 100vw, 984px\" \/><\/p>\n<p><iframe title=\"YouTube video player\" src=\"https:\/\/www.youtube.com\/embed\/ib7DGoO1zCc?si=n6gIHxeV6rWKN_05\" width=\"560\" height=\"315\" frameborder=\"0\" allowfullscreen=\"allowfullscreen\"><\/iframe><\/p>\n<p>Bem-vindos ao curso de <strong>Ensino de Metodologias para o Ensino M\u00e9dio e Prepara\u00e7\u00e3o para o Enem<\/strong>, especificamente projetado para a Educa\u00e7\u00e3o de Surdos. Este curso \u00e9 uma jornada educativa de 180 horas, meticulosamente dividida em seis disciplinas, cada uma com 30 horas de carga hor\u00e1ria. Desenvolvido para ser oferecido na modalidade de educa\u00e7\u00e3o a dist\u00e2ncia, o curso \u00e9 destinado a professores que buscam aprimoramento cont\u00ednuo na educa\u00e7\u00e3o b\u00e1sica e desejam especializar-se no trabalho com alunos surdos.<\/p>\n<p>Nosso objetivo \u00e9 capacitar educadores para que possam promover uma educa\u00e7\u00e3o bil\u00edngue e eficaz, abordando t\u00e9cnicas e metodologias que atendam \u00e0s necessidades espec\u00edficas dos estudantes surdos no ensino m\u00e9dio. Com foco no desenvolvimento de habilidades essenciais e prepara\u00e7\u00e3o para o Enem, este curso visa n\u00e3o apenas melhorar a qualidade do ensino mas tamb\u00e9m garantir que os alunos surdos tenham as melhores oportunidades de sucesso acad\u00eamico e profissional.<\/p>\n<p>Junte-se a n\u00f3s nessa importante miss\u00e3o de transformar a educa\u00e7\u00e3o de surdos no pa\u00eds, garantindo acesso, inclus\u00e3o e equidade no processo educacional. Este \u00e9 o momento para fortalecer suas compet\u00eancias pedag\u00f3gicas e fazer a diferen\u00e7a na vida de seus alunos.<\/p>\n<p>&nbsp;<\/p>\n<p><strong>Objetivo Geral:<\/strong><br \/>\nAperfei\u00e7oar os professores e profissionais da educa\u00e7\u00e3o b\u00e1sica da rede de ensino para o Ensino M\u00e9dio, envolvendo-os com alunos surdos e com defici\u00eancias auditivas sinalizantes, na educa\u00e7\u00e3o de surdos no pa\u00eds.<\/p>\n<p>&nbsp;<\/p>\n<p><strong>Objetivos Espec\u00edficos:<\/strong><\/p>\n<ul>\n<li>Conhecer os tipos de estrat\u00e9gias e metodologias para o Ensino M\u00e9dio voltado para surdos.<\/li>\n<li>Explorar os planejamentos, did\u00e1ticas e avalia\u00e7\u00f5es no Ensino M\u00e9dio para surdos.<\/li>\n<li>Desenvolver compet\u00eancias e habilidades nas \u00e1reas de conhecimento do curr\u00edculo do Ensino M\u00e9dio.<\/li>\n<li>Preparar estrat\u00e9gias para a prepara\u00e7\u00e3o para o Enem.<\/li>\n<li>Capacitar no uso da Videoprova do Enem em Libras.<\/li>\n<\/ul>\n<p>&nbsp;<\/p>\n<p><strong>P\u00fablico-alvo:<\/strong><\/p>\n<p>O curso \u00e9 destinado a Professores, Diretores, Coordenadores Pedag\u00f3gicos, Assistentes de Ensino, Assistentes Educacionais, Profissionais de Tecnologia Educacional, Int\u00e9rpretes Educacionais, Tradutores e Int\u00e9rpretes de Libras na Rede de Ensino do Ensino M\u00e9dio, abrangendo as esferas municipal, estadual, federal e da Rede P\u00fablica de Ensino.<\/p>\n<p>&nbsp;<\/p>\n","protected":false},"excerpt":{"rendered":"<p>Bem-vindos ao curso de Ensino de Metodologias para o Ensino M\u00e9dio e Prepara\u00e7\u00e3o para o Enem, especificamente projetado para a Educa\u00e7\u00e3o de Surdos. Este curso \u00e9 uma jornada educativa de 180 horas, meticulosamente dividida em seis disciplinas, cada uma com 30 horas de carga hor\u00e1ria. Desenvolvido para ser oferecido na modalidade de educa\u00e7\u00e3o a dist\u00e2ncia, [&hellip;]<\/p>\n","protected":false},"author":1363,"featured_media":65,"parent":0,"menu_order":0,"comment_status":"closed","ping_status":"closed","template":"","meta":{"footnotes":""},"class_list":["post-10","page","type-page","status-publish","has-post-thumbnail","hentry"],"_links":{"self":[{"href":"https:\/\/wp.ufpel.edu.br\/emebs\/wp-json\/wp\/v2\/pages\/10","targetHints":{"allow":["GET"]}}],"collection":[{"href":"https:\/\/wp.ufpel.edu.br\/emebs\/wp-json\/wp\/v2\/pages"}],"about":[{"href":"https:\/\/wp.ufpel.edu.br\/emebs\/wp-json\/wp\/v2\/types\/page"}],"author":[{"embeddable":true,"href":"https:\/\/wp.ufpel.edu.br\/emebs\/wp-json\/wp\/v2\/users\/1363"}],"replies":[{"embeddable":true,"href":"https:\/\/wp.ufpel.edu.br\/emebs\/wp-json\/wp\/v2\/comments?post=10"}],"version-history":[{"count":8,"href":"https:\/\/wp.ufpel.edu.br\/emebs\/wp-json\/wp\/v2\/pages\/10\/revisions"}],"predecessor-version":[{"id":130,"href":"https:\/\/wp.ufpel.edu.br\/emebs\/wp-json\/wp\/v2\/pages\/10\/revisions\/130"}],"wp:featuredmedia":[{"embeddable":true,"href":"https:\/\/wp.ufpel.edu.br\/emebs\/wp-json\/wp\/v2\/media\/65"}],"wp:attachment":[{"href":"https:\/\/wp.ufpel.edu.br\/emebs\/wp-json\/wp\/v2\/media?parent=10"}],"curies":[{"name":"wp","href":"https:\/\/api.w.org\/{rel}","templated":true}]}}