{"id":992,"date":"2024-10-01T15:26:20","date_gmt":"2024-10-01T18:26:20","guid":{"rendered":"https:\/\/wp.ufpel.edu.br\/embrapii\/?page_id=992"},"modified":"2024-10-01T15:27:20","modified_gmt":"2024-10-01T18:27:20","slug":"bioeconomia-para-agricultura-agropecuaria","status":"publish","type":"page","link":"https:\/\/wp.ufpel.edu.br\/embrapii\/bioeconomia-para-agricultura-agropecuaria\/","title":{"rendered":"Bioeconomia para agricultura e agropecua\u0301ria"},"content":{"rendered":"<div id=\"pl-992\"  class=\"panel-layout\" ><div id=\"pg-992-0\"  class=\"panel-grid panel-has-style\" ><div class=\"siteorigin-panels-stretch panel-row-style panel-row-style-for-992-0\" data-stretch-type=\"full\" ><div id=\"pgc-992-0-0\"  class=\"panel-grid-cell\" ><div id=\"panel-992-0-0-0\" class=\"so-panel widget widget_sow-editor panel-first-child panel-last-child\" data-index=\"0\" ><div\n\t\t\t\n\t\t\tclass=\"so-widget-sow-editor so-widget-sow-editor-base\"\n\t\t\t\n\t\t>\n<div class=\"siteorigin-widget-tinymce textwidget\">\n\t<h1 style=\"line-height: 12px; color: #fff; font-size: 36px;\">\u00c1rea de Atua\u00e7\u00e3o<\/h1>\n<\/div>\n<\/div><\/div><\/div><\/div><\/div><div id=\"pg-992-1\"  class=\"panel-grid panel-no-style\" ><div id=\"pgc-992-1-0\"  class=\"panel-grid-cell\" ><div id=\"panel-992-1-0-0\" class=\"so-panel widget widget_sow-editor panel-first-child panel-last-child\" data-index=\"1\" ><div\n\t\t\t\n\t\t\tclass=\"so-widget-sow-editor so-widget-sow-editor-base\"\n\t\t\t\n\t\t>\n<div class=\"siteorigin-widget-tinymce textwidget\">\n\t<p><span style=\"font-size: 24px; color: #066636; font-weight: bold;\">Bioeconomia para agricultura e agropecua\u0301ria<\/span><\/p>\n<div style=\"font-size: 18px;\">\n<p>A Embrapii (Empresa Brasileira de Pesquisa e Inova\u00e7\u00e3o Industrial) \u00e9 uma Organiza\u00e7\u00e3o Social qualificada pelo Poder P\u00fablico Federal que, desde 2013, apoia institui\u00e7\u00f5es de pesquisa tecnol\u00f3gica fomentando a inova\u00e7\u00e3o na ind\u00fastria brasileira. A sua dota\u00e7\u00e3o or\u00e7ament\u00e1ria tem origem no Governo Federal por meio do Minist\u00e9rio da Ci\u00eancia, Tecnologia, Inova\u00e7\u00f5es e Comunica\u00e7\u00f5es e do Minist\u00e9rio da Educa\u00e7\u00e3o, sendo empregada para apoiar institui\u00e7\u00f5es de pesquisa tecnol\u00f3gica, selecionadas por sua compet\u00eancia em diversos ramos de atividades, para que atendam \u00e0s demandas de empresas do setor industrial por interm\u00e9dio de acordos de coopera\u00e7\u00e3o (<a href=\"https:\/\/embrapii.org.br\" target=\"_blank\" rel=\"noopener\">https:\/\/embrapii.org.br<\/a>).<\/p>\n<p>A unidade Embrapii InovaAgro est\u00e1 ligada \u00e0 Universidade Federal de Pelotas (UFPel), sendo focada no setor do agroneg\u00f3cio que \u00e9 um dos propulsores da economia brasileira, respons\u00e1vel por uma fra\u00e7\u00e3o de cerca de 25% do PIB. O credenciamento desta unidade Embrapii deu-se com as seguintes compet\u00eancias, das quais destacamos o item: <strong>Bioeconomia para agricultura e agropecua\u0301ria.<\/strong><\/p>\n<ul>\n<li>Desenvolvimento de bioinsumos para agricultura e agropecua\u0301ria;<\/li>\n<li>Desenvolvimento de biomole\u0301culas para agricultura; e<\/li>\n<li>Desenvolvimento de bioprodutos e bioprocessos para agroindu\u0301stria.<\/li>\n<\/ul>\n<\/div>\n<\/div>\n<\/div><\/div><\/div><\/div><div id=\"pg-992-2\"  class=\"panel-grid panel-no-style\" ><div id=\"pgc-992-2-0\"  class=\"panel-grid-cell\" ><div id=\"panel-992-2-0-0\" class=\"so-panel widget widget_sow-editor panel-first-child panel-last-child\" data-index=\"2\" ><div\n\t\t\t\n\t\t\tclass=\"so-widget-sow-editor so-widget-sow-editor-base\"\n\t\t\t\n\t\t>\n<div class=\"siteorigin-widget-tinymce textwidget\">\n\t<hr \/>\n<\/div>\n<\/div><\/div><\/div><\/div><div id=\"pg-992-3\"  class=\"panel-grid panel-has-style\" ><div class=\"panel-row-style panel-row-style-for-992-3\" ><div id=\"pgc-992-3-0\"  class=\"panel-grid-cell\" ><div id=\"panel-992-3-0-0\" class=\"so-panel widget widget_sow-editor panel-first-child panel-last-child\" data-index=\"3\" ><div\n\t\t\t\n\t\t\tclass=\"so-widget-sow-editor so-widget-sow-editor-base\"\n\t\t\t\n\t\t>\n<div class=\"siteorigin-widget-tinymce textwidget\">\n\t<p><span style=\"font-size: 22px;color: #066636;font-weight: 700;\">Unidade InovaAgro \u2013 Tecnologias para a Agricultura<\/span><\/p>\n<div style=\"font-size: 18px;\"><strong>Telefone<\/strong>: (53) 99933-0417<br \/>\n<strong>E-mail<\/strong>: inovaagro.embrapii@ufpel.edu.br<br \/>\n<strong>Endere\u00e7o<\/strong>: Universidade Federal de Pelotas, Campus Universit\u00e1rio do Cap\u00e3o do Le\u00e3o SN<br \/>\n<strong>CEP<\/strong>: 96.160-000<br \/>\n<strong>Cidade<\/strong>: Cap\u00e3o do Le\u00e3o<br \/>\n<strong>Estado<\/strong>: Rio Grande do Sul<\/div>\n<div style=\"font-size: 18px;\"><a href=\"https:\/\/maps.google.com\/maps?ll=-31.801453,-52.415079&amp;z=5&amp;t=m&amp;hl=pt-BR&amp;gl=BR&amp;mapclient=embed&amp;cid=15917766222124883574\" target=\"_blank\" rel=\"noopener\">Como chegar?<\/a><\/div>\n<\/div>\n<\/div><\/div><\/div><div id=\"pgc-992-3-1\"  class=\"panel-grid-cell\" ><div id=\"panel-992-3-1-0\" class=\"so-panel widget widget_sow-editor panel-first-child panel-last-child\" data-index=\"4\" ><div\n\t\t\t\n\t\t\tclass=\"so-widget-sow-editor so-widget-sow-editor-base\"\n\t\t\t\n\t\t>\n<div class=\"siteorigin-widget-tinymce textwidget\">\n\t<p><img loading=\"lazy\" decoding=\"async\" class=\"wp-image-273 size-large alignleft\" src=\"https:\/\/wp.ufpel.edu.br\/embrapii\/files\/2022\/06\/sede-1024x575.jpg\" alt=\"\" width=\"720\" height=\"404\" srcset=\"https:\/\/wp.ufpel.edu.br\/embrapii\/files\/2022\/06\/sede-1024x575.jpg 1024w, https:\/\/wp.ufpel.edu.br\/embrapii\/files\/2022\/06\/sede-400x225.jpg 400w, https:\/\/wp.ufpel.edu.br\/embrapii\/files\/2022\/06\/sede-768x431.jpg 768w, https:\/\/wp.ufpel.edu.br\/embrapii\/files\/2022\/06\/sede.jpg 1280w\" sizes=\"auto, (max-width: 720px) 100vw, 720px\" \/><\/p>\n<\/div>\n<\/div><\/div><\/div><\/div><\/div><\/div>","protected":false},"excerpt":{"rendered":"<p>\u00c1rea de Atua\u00e7\u00e3o Bioeconomia para agricultura e agropecua\u0301ria A Embrapii (Empresa Brasileira de Pesquisa e Inova\u00e7\u00e3o Industrial) \u00e9 uma Organiza\u00e7\u00e3o Social qualificada pelo Poder P\u00fablico Federal que, desde 2013, apoia institui\u00e7\u00f5es de pesquisa tecnol\u00f3gica fomentando a inova\u00e7\u00e3o na ind\u00fastria brasileira. A sua dota\u00e7\u00e3o or\u00e7ament\u00e1ria tem origem no Governo Federal por meio do Minist\u00e9rio da Ci\u00eancia, [&hellip;]<\/p>\n","protected":false},"author":1172,"featured_media":0,"parent":0,"menu_order":0,"comment_status":"closed","ping_status":"closed","template":"","meta":{"footnotes":""},"class_list":["post-992","page","type-page","status-publish","hentry","post"],"_links":{"self":[{"href":"https:\/\/wp.ufpel.edu.br\/embrapii\/wp-json\/wp\/v2\/pages\/992","targetHints":{"allow":["GET"]}}],"collection":[{"href":"https:\/\/wp.ufpel.edu.br\/embrapii\/wp-json\/wp\/v2\/pages"}],"about":[{"href":"https:\/\/wp.ufpel.edu.br\/embrapii\/wp-json\/wp\/v2\/types\/page"}],"author":[{"embeddable":true,"href":"https:\/\/wp.ufpel.edu.br\/embrapii\/wp-json\/wp\/v2\/users\/1172"}],"replies":[{"embeddable":true,"href":"https:\/\/wp.ufpel.edu.br\/embrapii\/wp-json\/wp\/v2\/comments?post=992"}],"version-history":[{"count":6,"href":"https:\/\/wp.ufpel.edu.br\/embrapii\/wp-json\/wp\/v2\/pages\/992\/revisions"}],"predecessor-version":[{"id":998,"href":"https:\/\/wp.ufpel.edu.br\/embrapii\/wp-json\/wp\/v2\/pages\/992\/revisions\/998"}],"wp:attachment":[{"href":"https:\/\/wp.ufpel.edu.br\/embrapii\/wp-json\/wp\/v2\/media?parent=992"}],"curies":[{"name":"wp","href":"https:\/\/api.w.org\/{rel}","templated":true}]}}