{"id":374,"date":"2022-06-22T15:26:13","date_gmt":"2022-06-22T18:26:13","guid":{"rendered":"https:\/\/wp.ufpel.edu.br\/embrapii\/?page_id=374"},"modified":"2024-05-07T17:46:58","modified_gmt":"2024-05-07T20:46:58","slug":"fale-conosco","status":"publish","type":"page","link":"https:\/\/wp.ufpel.edu.br\/embrapii\/fale-conosco\/","title":{"rendered":"Fale Conosco"},"content":{"rendered":"<div id=\"pl-374\"  class=\"panel-layout\" ><div id=\"pg-374-0\"  class=\"panel-grid panel-has-style\" ><div class=\"siteorigin-panels-stretch panel-row-style panel-row-style-for-374-0\" data-stretch-type=\"full\" ><div id=\"pgc-374-0-0\"  class=\"panel-grid-cell\" ><div id=\"panel-374-0-0-0\" class=\"so-panel widget widget_sow-editor panel-first-child panel-last-child\" data-index=\"0\" ><div\n\t\t\t\n\t\t\tclass=\"so-widget-sow-editor so-widget-sow-editor-base\"\n\t\t\t\n\t\t>\n<div class=\"siteorigin-widget-tinymce textwidget\">\n\t<h1 style=\"line-height: 12px; color: #fff; font-size: 36px;\">Fale Conosco<\/h1>\n<p><span style=\"font-weight: 300;color: #fff;font-size: 18px;line-height: 28px;\">Desenvolva seu projeto<\/span><\/p>\n<\/div>\n<\/div><\/div><\/div><\/div><\/div><div id=\"pg-374-1\"  class=\"panel-grid panel-has-style\" ><div class=\"panel-row-style panel-row-style-for-374-1\" ><div id=\"pgc-374-1-0\"  class=\"panel-grid-cell\" ><div id=\"panel-374-1-0-0\" class=\"so-panel widget widget_sow-editor panel-first-child panel-last-child\" data-index=\"1\" ><div\n\t\t\t\n\t\t\tclass=\"so-widget-sow-editor so-widget-sow-editor-base\"\n\t\t\t\n\t\t>\n<div class=\"siteorigin-widget-tinymce textwidget\">\n\t<p><span style=\"font-size: 22px; color: #066636; font-weight: bold;\">Entre em contato<\/span><\/p>\n<div style=\"font-size: 18px;\"><strong>Telefone<\/strong>: (53) 98144-2370<br \/>\n<strong>E-mail<\/strong>: <a href=\"mailto:inovaagro.embrapii@ufpel.edu.br\">inovaagro.embrapii@ufpel.edu.br<\/a><br \/>\n<strong>Endere\u00e7o<\/strong>: Universidade Federal de Pelotas, Campus Universit\u00e1rio do Cap\u00e3o do Le\u00e3o SN<br \/>\n<strong>CEP<\/strong>: 96.160-000<br \/>\n<strong>Cidade<\/strong>: Cap\u00e3o do Le\u00e3o<br \/>\n<strong>Estado<\/strong>: Rio Grande do Sul<\/div>\n<div style=\"font-size: 18px;\"><a href=\"https:\/\/maps.google.com\/maps?ll=-31.801453,-52.415079&amp;z=5&amp;t=m&amp;hl=pt-BR&amp;gl=BR&amp;mapclient=embed&amp;cid=15917766222124883574\" target=\"_blank\" rel=\"noopener\">Como chegar?<\/a><\/div>\n<p><iframe loading=\"lazy\" style=\"border: 0;\" src=\"https:\/\/www.google.com\/maps\/embed?pb=!1m18!1m12!1m3!1d7315548.769303501!2d-54.084289290980756!3d-26.454268778784694!2m3!1f0!2f0!3f0!3m2!1i1024!2i768!4f13.1!3m3!1m2!1s0x9511cbb806f8afff%3A0xdce7440b07771e76!2sUniversidade%20Federal%20de%20Pelotas!5e0!3m2!1spt-BR!2sbr!4v1643739175878!5m2!1spt-BR!2sbr\" width=\"600\" height=\"450\" allowfullscreen=\"allowfullscreen\"><\/iframe><\/p>\n<\/div>\n<\/div><\/div><\/div><div id=\"pgc-374-1-1\"  class=\"panel-grid-cell\" ><div id=\"panel-374-1-1-0\" class=\"so-panel widget widget_sow-editor panel-first-child panel-last-child\" data-index=\"2\" ><div\n\t\t\t\n\t\t\tclass=\"so-widget-sow-editor so-widget-sow-editor-base\"\n\t\t\t\n\t\t>\n<div class=\"siteorigin-widget-tinymce textwidget\">\n\t\n<div class=\"wpcf7 no-js\" id=\"wpcf7-f380-o1\" lang=\"pt-BR\" dir=\"ltr\" data-wpcf7-id=\"380\">\n<div class=\"screen-reader-response\"><p role=\"status\" aria-live=\"polite\" aria-atomic=\"true\"><\/p> <ul><\/ul><\/div>\n<form action=\"\/embrapii\/wp-json\/wp\/v2\/pages\/374#wpcf7-f380-o1\" method=\"post\" class=\"wpcf7-form init\" aria-label=\"Formul\u00e1rios de contato\" novalidate=\"novalidate\" data-status=\"init\">\n<fieldset class=\"hidden-fields-container\"><input type=\"hidden\" name=\"_wpcf7\" value=\"380\" \/><input type=\"hidden\" name=\"_wpcf7_version\" value=\"6.1.4\" \/><input type=\"hidden\" name=\"_wpcf7_locale\" value=\"pt_BR\" \/><input type=\"hidden\" name=\"_wpcf7_unit_tag\" value=\"wpcf7-f380-o1\" \/><input type=\"hidden\" name=\"_wpcf7_container_post\" value=\"0\" \/><input type=\"hidden\" name=\"_wpcf7_posted_data_hash\" value=\"\" \/>\n<\/fieldset>\n<p><label> Digite seu nome<br \/>\n<span class=\"wpcf7-form-control-wrap\" data-name=\"your-name\"><input size=\"40\" maxlength=\"400\" class=\"wpcf7-form-control wpcf7-text wpcf7-validates-as-required\" aria-required=\"true\" aria-invalid=\"false\" value=\"\" type=\"text\" name=\"your-name\" \/><\/span> <\/label>\n<\/p>\n<p><label> E-mail para contato<br \/>\n<span class=\"wpcf7-form-control-wrap\" data-name=\"your-email\"><input size=\"40\" maxlength=\"400\" class=\"wpcf7-form-control wpcf7-email wpcf7-validates-as-required wpcf7-text wpcf7-validates-as-email\" aria-required=\"true\" aria-invalid=\"false\" value=\"\" type=\"email\" name=\"your-email\" \/><\/span> <\/label>\n<\/p>\n<p><label> Telefone para contato<br \/>\n<span class=\"wpcf7-form-control-wrap\" data-name=\"tel\"><input size=\"40\" maxlength=\"400\" class=\"wpcf7-form-control wpcf7-text wpcf7-validates-as-required\" aria-required=\"true\" aria-invalid=\"false\" value=\"\" type=\"text\" name=\"tel\" \/><\/span> <\/label>\n<\/p>\n<p><label> Assunto<br \/>\n<span class=\"wpcf7-form-control-wrap\" data-name=\"your-subject\"><input size=\"40\" maxlength=\"400\" class=\"wpcf7-form-control wpcf7-text wpcf7-validates-as-required\" aria-required=\"true\" aria-invalid=\"false\" value=\"\" type=\"text\" name=\"your-subject\" \/><\/span> <\/label>\n<\/p>\n<p><label> Sua mensagem (opcional)<br \/>\n<span class=\"wpcf7-form-control-wrap\" data-name=\"your-message\"><textarea cols=\"40\" rows=\"10\" maxlength=\"2000\" class=\"wpcf7-form-control wpcf7-textarea\" aria-invalid=\"false\" name=\"your-message\"><\/textarea><\/span> <\/label>\n<\/p>\n<p><input class=\"wpcf7-form-control wpcf7-submit has-spinner\" type=\"submit\" value=\"Enviar\" \/>\n<\/p><p style=\"display: none !important;\" class=\"akismet-fields-container\" data-prefix=\"_wpcf7_ak_\"><label>&#916;<textarea name=\"_wpcf7_ak_hp_textarea\" cols=\"45\" rows=\"8\" maxlength=\"100\"><\/textarea><\/label><input type=\"hidden\" id=\"ak_js_1\" name=\"_wpcf7_ak_js\" value=\"43\"\/><script>document.getElementById( \"ak_js_1\" ).setAttribute( \"value\", ( new Date() ).getTime() );<\/script><\/p><div class=\"wpcf7-response-output\" aria-hidden=\"true\"><\/div>\n<\/form>\n<\/div>\n\n<\/div>\n<\/div><\/div><\/div><\/div><\/div><\/div>","protected":false},"excerpt":{"rendered":"<p>Fale Conosco Desenvolva seu projeto Entre em contato Telefone: (53) 98144-2370 E-mail: inovaagro.embrapii@ufpel.edu.br Endere\u00e7o: Universidade Federal de Pelotas, Campus Universit\u00e1rio do Cap\u00e3o do Le\u00e3o SN CEP: 96.160-000 Cidade: Cap\u00e3o do Le\u00e3o Estado: Rio Grande do Sul Como chegar?<\/p>\n","protected":false},"author":1172,"featured_media":0,"parent":0,"menu_order":0,"comment_status":"closed","ping_status":"closed","template":"","meta":{"footnotes":""},"class_list":["post-374","page","type-page","status-publish","hentry","post"],"_links":{"self":[{"href":"https:\/\/wp.ufpel.edu.br\/embrapii\/wp-json\/wp\/v2\/pages\/374","targetHints":{"allow":["GET"]}}],"collection":[{"href":"https:\/\/wp.ufpel.edu.br\/embrapii\/wp-json\/wp\/v2\/pages"}],"about":[{"href":"https:\/\/wp.ufpel.edu.br\/embrapii\/wp-json\/wp\/v2\/types\/page"}],"author":[{"embeddable":true,"href":"https:\/\/wp.ufpel.edu.br\/embrapii\/wp-json\/wp\/v2\/users\/1172"}],"replies":[{"embeddable":true,"href":"https:\/\/wp.ufpel.edu.br\/embrapii\/wp-json\/wp\/v2\/comments?post=374"}],"version-history":[{"count":11,"href":"https:\/\/wp.ufpel.edu.br\/embrapii\/wp-json\/wp\/v2\/pages\/374\/revisions"}],"predecessor-version":[{"id":737,"href":"https:\/\/wp.ufpel.edu.br\/embrapii\/wp-json\/wp\/v2\/pages\/374\/revisions\/737"}],"wp:attachment":[{"href":"https:\/\/wp.ufpel.edu.br\/embrapii\/wp-json\/wp\/v2\/media?parent=374"}],"curies":[{"name":"wp","href":"https:\/\/api.w.org\/{rel}","templated":true}]}}