{"id":368,"date":"2022-06-22T15:23:50","date_gmt":"2022-06-22T18:23:50","guid":{"rendered":"https:\/\/wp.ufpel.edu.br\/embrapii\/?page_id=368"},"modified":"2022-06-23T14:18:23","modified_gmt":"2022-06-23T17:18:23","slug":"expertise","status":"publish","type":"page","link":"https:\/\/wp.ufpel.edu.br\/embrapii\/expertise\/","title":{"rendered":"Expertise"},"content":{"rendered":"<div id=\"pl-368\"  class=\"panel-layout\" ><div id=\"pg-368-0\"  class=\"panel-grid panel-has-style\" ><div class=\"siteorigin-panels-stretch panel-row-style panel-row-style-for-368-0\" data-stretch-type=\"full\" ><div id=\"pgc-368-0-0\"  class=\"panel-grid-cell\" ><div id=\"panel-368-0-0-0\" class=\"so-panel widget widget_sow-editor panel-first-child panel-last-child\" data-index=\"0\" ><div\n\t\t\t\n\t\t\tclass=\"so-widget-sow-editor so-widget-sow-editor-base\"\n\t\t\t\n\t\t>\n<div class=\"siteorigin-widget-tinymce textwidget\">\n\t<h1 style=\"line-height: 12px; color: #fff; font-size: 36px;\">Expertise<\/h1>\n<p><span style=\"font-weight: 300;color: #fff;font-size: 18px;line-height: 28px;\">Unidade InovaAgro - Tecnologias para a Agricultura<\/span><\/p>\n<\/div>\n<\/div><\/div><\/div><\/div><\/div><div id=\"pg-368-1\"  class=\"panel-grid panel-no-style\" ><div id=\"pgc-368-1-0\"  class=\"panel-grid-cell\" ><div id=\"panel-368-1-0-0\" class=\"so-panel widget widget_sow-editor panel-first-child panel-last-child\" data-index=\"1\" ><div\n\t\t\t\n\t\t\tclass=\"so-widget-sow-editor so-widget-sow-editor-base\"\n\t\t\t\n\t\t>\n<div class=\"siteorigin-widget-tinymce textwidget\">\n\t<p><span style=\"font-size: 18px;\">A unidade InovaAgro possui experi\u00eancia no desenvolvimento de projetos de Pesquisa, Desenvolvimento &amp; Inova\u00e7\u00e3o (P, D &amp; I) e solu\u00e7\u00f5es inovadoras \u00e0 produ\u00e7\u00e3o agr\u00edcola, j\u00e1 contando com um portf\u00f3lio incluindo diversas empresas do setor do agroneg\u00f3cio ligadas \u00e0s compet\u00eancias anteriormente descritas. Possui um grande hist\u00f3rico em processos desenvolvidos, patenteados e transferidos.<\/span><\/p>\n<div style=\"font-size: 18px;\">\n<p><span style=\"font-size: 24px; color: #000000; font-weight: bold;\">Tecnologias para produ\u00e7\u00e3o de cultivos e de qualidade de gr\u00e3os:<\/span><\/p>\n<p><i class=\"icon-default-style fa fa-check extra-color-3\"><\/i> M\u00e9todos de diagn\u00f3stico e sensores para a detec\u00e7\u00e3o de estresses bi\u00f3ticos e abi\u00f3ticos em plantas;<\/p>\n<p><i class=\"icon-default-style fa fa-check extra-color-3\"><\/i> Produtos para a mitiga\u00e7\u00e3o de estresses bi\u00f3ticos e abi\u00f3ticos em Estimuladores e reguladores de crescimento de plantas;<\/p>\n<p><i class=\"icon-default-style fa fa-check extra-color-3\"><\/i> Desenvolvimento de fertilizantes inteligentes; Desenvolvimento de bioinsumos para a nutrii\u00e7\u00e3o de plantas;<\/p>\n<p><i class=\"icon-default-style fa fa-check extra-color-3\"><\/i> Tecnologias de produ\u00e7\u00e3o e qualidade de sementes;<\/p>\n<p><i class=\"icon-default-style fa fa-check extra-color-3\"><\/i> Tecnologias de produ\u00e7\u00e3o e qualidade de gr\u00e3os;<\/p>\n<p><i class=\"icon-default-style fa fa-check extra-color-3\"><\/i> Desenvolvimento de produtos inovadores usando ferramentas de biotecnologia, incluindo edi\u00e7\u00e3o de genes.<\/p>\n<p><span style=\"font-size: 24px; color: #000000; font-weight: bold;\">Tecnologias para prote\u00e7\u00e3o de cultivos:<\/span><\/p>\n<p><i class=\"icon-default-style fa fa-check extra-color-3\"><\/i> M\u00e9todos de controle de plantas daninhas, pragas e doen\u00e7as, incluindo ferramentas de RNAi;<\/p>\n<p><i class=\"icon-default-style fa fa-check extra-color-3\"><\/i> Sistema para aplica\u00e7\u00e3o de defensivos;<\/p>\n<p><i class=\"icon-default-style fa fa-check extra-color-3\"><\/i> Desenvolvimento de novas formula\u00e7\u00f5es de defensivos;<\/p>\n<p><span style=\"font-size: 24px; color: #000000; font-weight: bold;\">Equipamentos, m\u00e1quinas agr\u00edcolas e irriga\u00e7\u00e3o:<\/span><\/p>\n<p><i class=\"icon-default-style fa fa-check extra-color-3\"><\/i> Desenvolvimento de m\u00e1quinas e equipamentos;<\/p>\n<p><i class=\"icon-default-style fa fa-check extra-color-3\"><\/i> Desenvolvimento de tratores aut\u00f4nomos para uso na agricultura;<\/p>\n<p><i class=\"icon-default-style fa fa-check extra-color-3\"><\/i> Sistemas inteligentes para controle de irriga\u00e7\u00e3o;<\/p>\n<\/div>\n<\/div>\n<\/div><\/div><\/div><\/div><div id=\"pg-368-2\"  class=\"panel-grid panel-no-style\" ><div id=\"pgc-368-2-0\"  class=\"panel-grid-cell\" ><div id=\"panel-368-2-0-0\" class=\"so-panel widget widget_sow-editor panel-first-child panel-last-child\" data-index=\"2\" ><div\n\t\t\t\n\t\t\tclass=\"so-widget-sow-editor so-widget-sow-editor-base\"\n\t\t\t\n\t\t>\n<div class=\"siteorigin-widget-tinymce textwidget\">\n\t<hr \/>\n<\/div>\n<\/div><\/div><\/div><\/div><div id=\"pg-368-3\"  class=\"panel-grid panel-has-style\" ><div class=\"panel-row-style panel-row-style-for-368-3\" ><div id=\"pgc-368-3-0\"  class=\"panel-grid-cell\" ><div id=\"panel-368-3-0-0\" class=\"so-panel widget widget_sow-editor panel-first-child panel-last-child\" data-index=\"3\" ><div\n\t\t\t\n\t\t\tclass=\"so-widget-sow-editor so-widget-sow-editor-base\"\n\t\t\t\n\t\t>\n<div class=\"siteorigin-widget-tinymce textwidget\">\n\t<p><span style=\"font-size: 22px;color: #066636;font-weight: 700;\">Unidade InovaAgro \u2013 Tecnologias para a Agricultura<\/span><\/p>\n<div style=\"font-size: 18px;\"><strong>Telefone<\/strong>: (53) 99933-0417<br \/>\n<strong>E-mail<\/strong>: inovaagro.embrapii@ufpel.edu.br<br \/>\n<strong>Endere\u00e7o<\/strong>: Universidade Federal de Pelotas, Campus Universit\u00e1rio do Cap\u00e3o do Le\u00e3o SN<br \/>\n<strong>CEP<\/strong>: 96.160-000<br \/>\n<strong>Cidade<\/strong>: Cap\u00e3o do Le\u00e3o<br \/>\n<strong>Estado<\/strong>: Rio Grande do Sul<\/div>\n<div style=\"font-size: 18px;\"><a href=\"https:\/\/maps.google.com\/maps?ll=-31.801453,-52.415079&amp;z=5&amp;t=m&amp;hl=pt-BR&amp;gl=BR&amp;mapclient=embed&amp;cid=15917766222124883574\" target=\"_blank\" rel=\"noopener\">Como chegar?<\/a><\/div>\n<\/div>\n<\/div><\/div><\/div><div id=\"pgc-368-3-1\"  class=\"panel-grid-cell\" ><div id=\"panel-368-3-1-0\" class=\"so-panel widget widget_sow-editor panel-first-child panel-last-child\" data-index=\"4\" ><div\n\t\t\t\n\t\t\tclass=\"so-widget-sow-editor so-widget-sow-editor-base\"\n\t\t\t\n\t\t>\n<div class=\"siteorigin-widget-tinymce textwidget\">\n\t<p><img loading=\"lazy\" decoding=\"async\" class=\"wp-image-273 size-large alignleft\" src=\"https:\/\/wp.ufpel.edu.br\/embrapii\/files\/2022\/06\/sede-1024x575.jpg\" alt=\"\" width=\"720\" height=\"404\" srcset=\"https:\/\/wp.ufpel.edu.br\/embrapii\/files\/2022\/06\/sede-1024x575.jpg 1024w, https:\/\/wp.ufpel.edu.br\/embrapii\/files\/2022\/06\/sede-400x225.jpg 400w, https:\/\/wp.ufpel.edu.br\/embrapii\/files\/2022\/06\/sede-768x431.jpg 768w, https:\/\/wp.ufpel.edu.br\/embrapii\/files\/2022\/06\/sede.jpg 1280w\" sizes=\"auto, (max-width: 720px) 100vw, 720px\" \/><\/p>\n<\/div>\n<\/div><\/div><\/div><\/div><\/div><\/div>","protected":false},"excerpt":{"rendered":"<p>Expertise Unidade InovaAgro &#8211; Tecnologias para a Agricultura A unidade InovaAgro possui experi\u00eancia no desenvolvimento de projetos de Pesquisa, Desenvolvimento &amp; Inova\u00e7\u00e3o (P, D &amp; I) e solu\u00e7\u00f5es inovadoras \u00e0 produ\u00e7\u00e3o agr\u00edcola, j\u00e1 contando com um portf\u00f3lio incluindo diversas empresas do setor do agroneg\u00f3cio ligadas \u00e0s compet\u00eancias anteriormente descritas. Possui um grande hist\u00f3rico em processos [&hellip;]<\/p>\n","protected":false},"author":1172,"featured_media":0,"parent":0,"menu_order":0,"comment_status":"closed","ping_status":"closed","template":"","meta":{"footnotes":""},"class_list":["post-368","page","type-page","status-publish","hentry","post"],"_links":{"self":[{"href":"https:\/\/wp.ufpel.edu.br\/embrapii\/wp-json\/wp\/v2\/pages\/368","targetHints":{"allow":["GET"]}}],"collection":[{"href":"https:\/\/wp.ufpel.edu.br\/embrapii\/wp-json\/wp\/v2\/pages"}],"about":[{"href":"https:\/\/wp.ufpel.edu.br\/embrapii\/wp-json\/wp\/v2\/types\/page"}],"author":[{"embeddable":true,"href":"https:\/\/wp.ufpel.edu.br\/embrapii\/wp-json\/wp\/v2\/users\/1172"}],"replies":[{"embeddable":true,"href":"https:\/\/wp.ufpel.edu.br\/embrapii\/wp-json\/wp\/v2\/comments?post=368"}],"version-history":[{"count":4,"href":"https:\/\/wp.ufpel.edu.br\/embrapii\/wp-json\/wp\/v2\/pages\/368\/revisions"}],"predecessor-version":[{"id":454,"href":"https:\/\/wp.ufpel.edu.br\/embrapii\/wp-json\/wp\/v2\/pages\/368\/revisions\/454"}],"wp:attachment":[{"href":"https:\/\/wp.ufpel.edu.br\/embrapii\/wp-json\/wp\/v2\/media?parent=368"}],"curies":[{"name":"wp","href":"https:\/\/api.w.org\/{rel}","templated":true}]}}