{"id":281,"date":"2022-06-22T10:08:06","date_gmt":"2022-06-22T13:08:06","guid":{"rendered":"https:\/\/wp.ufpel.edu.br\/embrapii\/?page_id=281"},"modified":"2025-06-16T10:11:46","modified_gmt":"2025-06-16T13:11:46","slug":"estrutura-administrativa","status":"publish","type":"page","link":"https:\/\/wp.ufpel.edu.br\/embrapii\/quem-somos\/estrutura-administrativa\/","title":{"rendered":"Estrutura Administrativa"},"content":{"rendered":"<div id=\"pl-281\"  class=\"panel-layout\" ><div id=\"pg-281-0\"  class=\"panel-grid panel-has-style\" ><div class=\"siteorigin-panels-stretch panel-row-style panel-row-style-for-281-0\" data-stretch-type=\"full\" ><div id=\"pgc-281-0-0\"  class=\"panel-grid-cell\" ><div id=\"panel-281-0-0-0\" class=\"so-panel widget widget_sow-editor panel-first-child panel-last-child\" data-index=\"0\" ><div\n\t\t\t\n\t\t\tclass=\"so-widget-sow-editor so-widget-sow-editor-base\"\n\t\t\t\n\t\t>\n<div class=\"siteorigin-widget-tinymce textwidget\">\n\t<h1 style=\"line-height: 12px; color: #fff; font-size: 36px;\">Estrutura Administrativa<\/h1>\n<p><span style=\"font-weight: 300;color: #fff;font-size: 18px;line-height: 28px;\">Unidade InovaAgro - Tecnologias para a Agricultura<\/span><\/p>\n<\/div>\n<\/div><\/div><\/div><\/div><\/div><div id=\"pg-281-1\"  class=\"panel-grid panel-no-style\" ><div id=\"pgc-281-1-0\"  class=\"panel-grid-cell\" ><div id=\"panel-281-1-0-0\" class=\"so-panel widget widget_sow-image panel-first-child\" data-index=\"1\" ><div\n\t\t\t\n\t\t\tclass=\"so-widget-sow-image so-widget-sow-image-default-8b5b6f678277-281\"\n\t\t\t\n\t\t>\n<div class=\"sow-image-container\">\n\t\t<img \n\tsrc=\"https:\/\/wp.ufpel.edu.br\/embrapii\/files\/2022\/06\/0-mauricio.jpg\" width=\"300\" height=\"400\" sizes=\"(max-width: 300px) 100vw, 300px\" alt=\"\" \t\tclass=\"so-widget-image\"\/>\n\t<\/div>\n\n<\/div><\/div><div id=\"panel-281-1-0-1\" class=\"so-panel widget widget_sow-editor panel-last-child\" data-index=\"2\" ><div\n\t\t\t\n\t\t\tclass=\"so-widget-sow-editor so-widget-sow-editor-base\"\n\t\t\t\n\t\t>\n<div class=\"siteorigin-widget-tinymce textwidget\">\n\t<h3 style=\"text-align: left;\">Maur\u00edcio de Oliveira<\/h3>\n<div style=\"font-size: 15px;\">\n<div style=\"font-size: 15px;\">\n<div style=\"font-size: 15px;\">\n<p>Presidente do Comit\u00ea e Diretor Geral<\/p>\n<div style=\"font-size: 15px;\">\n<div style=\"font-size: 15px;\">\n<div style=\"font-size: 15px;\">\n<p><strong><span style=\"font-size: 12pt;\">Tel: (53) 98144-2370<\/span><\/strong><br \/>\n<strong><span style=\"font-size: 12pt;\">E-mail: <span style=\"color: #339966;\"><a style=\"color: #339966;\" href=\"mailto:mauricio@labgraos.com.br\">mauricio@labgraos.com.br<\/a><\/span><\/span><\/strong><\/p>\n<\/div>\n<\/div>\n<\/div>\n<\/div>\n<div style=\"font-size: 15px;\">\n<p>&nbsp;<\/p>\n<\/div>\n<\/div>\n<p><span style=\"color: #339966;\"><a style=\"color: #339966;\" href=\"https:\/\/buscatextual.cnpq.br\/buscatextual\/visualizacv.do\"><strong style=\"font-size: 15px;\"><span style=\"font-size: 12pt;\">Lattes<\/span><\/strong><\/a><\/span><span style=\"color: #000000;\"><strong style=\"font-size: 15px;\"><span style=\"font-size: 12pt;\"> |\u00a0<span style=\"color: #339966;\"><a style=\"color: #339966;\" href=\"https:\/\/orcid.org\/0000-0003-0816-5216\">Orcid<\/a><\/span><\/span><\/strong><\/span><\/p>\n<\/div>\n<div style=\"font-size: 15px;\">\n<p>&nbsp;<\/p>\n<\/div>\n<\/div>\n<\/div><\/div><\/div><div id=\"pgc-281-1-1\"  class=\"panel-grid-cell\" ><div id=\"panel-281-1-1-0\" class=\"so-panel widget widget_sow-image panel-first-child\" data-index=\"3\" ><div\n\t\t\t\n\t\t\tclass=\"so-widget-sow-image so-widget-sow-image-default-8b5b6f678277-281\"\n\t\t\t\n\t\t>\n<div class=\"sow-image-container\">\n\t\t<img \n\tsrc=\"https:\/\/wp.ufpel.edu.br\/embrapii\/files\/2024\/07\/Untitled-design-1.png\" width=\"300\" height=\"400\" sizes=\"(max-width: 300px) 100vw, 300px\" title=\"Untitled design (1)\" alt=\"\" \t\tclass=\"so-widget-image\"\/>\n\t<\/div>\n\n<\/div><\/div><div id=\"panel-281-1-1-1\" class=\"so-panel widget widget_sow-editor panel-last-child\" data-index=\"4\" ><div\n\t\t\t\n\t\t\tclass=\"so-widget-sow-editor so-widget-sow-editor-base\"\n\t\t\t\n\t\t>\n<div class=\"siteorigin-widget-tinymce textwidget\">\n\t<h3>Edinalvo Rabaioli Camargo<\/h3>\n<div style=\"font-size: 15px;\">\n<p>Vice-diretor e Coordenador de Comunica\u00e7\u00e3o e Marketing<\/p>\n<div style=\"font-size: 15px;\">\n<div style=\"font-size: 15px;\">\n<p><strong><span style=\"font-size: 12pt;\">Tel:\u00a0(53) 3275-7383<\/span><\/strong><br \/>\n<strong><span style=\"font-size: 12pt;\">E-mail: <span style=\"color: #339966;\"><a style=\"color: #339966;\" href=\"mailto:edinalvo.camargo@gmail.com\">edinalvo.camargo@gmail.com<\/a><\/span><\/span><\/strong><\/p>\n<\/div>\n<div style=\"font-size: 15px;\">\n<p>&nbsp;<\/p>\n<\/div>\n<\/div>\n<p style=\"font-size: 15px;\"><span style=\"color: #339966;\"><strong><span style=\"font-size: 12pt;\"><a style=\"color: #339966;\" href=\"http:\/\/lattes.cnpq.br\/1423135119732932\" target=\"_blank\" rel=\"noopener\">Lattes<\/a> <\/span><\/strong><\/span><strong><span style=\"font-size: 12pt;\">| <\/span><\/strong><span style=\"color: #339966;\"><strong><span style=\"font-size: 12pt;\"><a style=\"color: #339966;\" href=\"https:\/\/orcid.org\/0000-0001-8025-1042\" target=\"_blank\" rel=\"noopener\">Orcid<\/a> <\/span><\/strong><\/span><strong><span style=\"font-size: 12pt;\">| <\/span><\/strong><span style=\"color: #339966;\"><strong><span style=\"font-size: 12pt;\"><a style=\"color: #339966;\" href=\"https:\/\/scholar.google.com.br\/citations?user=xIqTRGsAAAAJ&amp;hl=pt-PT\" target=\"_blank\" rel=\"noopener\">Scholar<\/a> <\/span><\/strong><\/span><strong><span style=\"font-size: 12pt;\">| <\/span><\/strong><span style=\"color: #339966;\"><strong><span style=\"font-size: 12pt;\"><b><a style=\"color: #339966;\" href=\"https:\/\/www.instagram.com\/ceherb.ufpel?utm_source=ig_web_button_share_sheet&amp;igsh=ZDNlZDc0MzIxNw==\">Instagram<\/a><\/b><\/span><\/strong><\/span><\/p>\n<\/div>\n<p>&nbsp;<\/p>\n<p>&nbsp;<\/p>\n<\/div>\n<\/div><\/div><\/div><div id=\"pgc-281-1-2\"  class=\"panel-grid-cell\" ><div id=\"panel-281-1-2-0\" class=\"so-panel widget widget_sow-image panel-first-child\" data-index=\"5\" ><div\n\t\t\t\n\t\t\tclass=\"so-widget-sow-image so-widget-sow-image-default-8b5b6f678277-281\"\n\t\t\t\n\t\t>\n<div class=\"sow-image-container\">\n\t\t<img \n\tsrc=\"https:\/\/wp.ufpel.edu.br\/embrapii\/files\/2024\/10\/Design-sem-nome.png\" width=\"300\" height=\"400\" sizes=\"(max-width: 300px) 100vw, 300px\" title=\"Design sem nome\" alt=\"\" \t\tclass=\"so-widget-image\"\/>\n\t<\/div>\n\n<\/div><\/div><div id=\"panel-281-1-2-1\" class=\"so-panel widget widget_sow-editor panel-last-child\" data-index=\"6\" ><div\n\t\t\t\n\t\t\tclass=\"so-widget-sow-editor so-widget-sow-editor-base\"\n\t\t\t\n\t\t>\n<div class=\"siteorigin-widget-tinymce textwidget\">\n\t<h3 style=\"text-align: left;\">Crislaine Alves Barcellos de Lima<\/h3>\n<div style=\"font-size: 15px;\">\n<div style=\"font-size: 15px;\">\n<div style=\"font-size: 15px;\">\n<p>Gestora de Neg\u00f3cios<\/p>\n<div style=\"font-size: 15px;\">\n<div style=\"font-size: 15px;\">\n<div style=\"font-size: 15px;\">\n<p><strong><span style=\"font-size: 12pt;\">Tel: (53) 99165-9636<\/span><\/strong><br \/>\n<strong><span style=\"font-size: 12pt;\">E-mail: <span style=\"color: #339966;\"><a style=\"color: #339966;\" href=\"mailto:crislainebarcellos@hotmail.com\">crislainebarcellos@hotmail.com<\/a><\/span><\/span><\/strong><\/p>\n<\/div>\n<\/div>\n<\/div>\n<\/div>\n<div style=\"font-size: 15px;\">\n<p>&nbsp;<\/p>\n<\/div>\n<\/div>\n<p><span style=\"color: #339966;\"><a style=\"color: #339966;\" href=\"https:\/\/buscatextual.cnpq.br\/buscatextual\/visualizacv.do;jsessionid=CBF5CE20AAEB130256A0D802B9838A5B.buscatextual_0\"><strong style=\"font-size: 15px;\"><span style=\"font-size: 12pt;\">Lattes<\/span><\/strong><\/a><span style=\"color: #000000;\"><strong style=\"font-size: 15px;\"><span style=\"font-size: 12pt;\"> |\u00a0<span style=\"color: #339966;\"><a href=\"https:\/\/orcid.org\/0000-0002-3189-1243\"><span style=\"color: #339966;\">Orcid<\/span><\/a><\/span><\/span><\/strong><\/span><\/span><\/p>\n<\/div>\n<div style=\"font-size: 15px;\">\n<p>&nbsp;<\/p>\n<\/div>\n<\/div>\n<\/div><\/div><\/div><\/div><div id=\"pg-281-2\"  class=\"panel-grid panel-has-style\" ><div class=\"panel-row-style panel-row-style-for-281-2\" ><div id=\"pgc-281-2-0\"  class=\"panel-grid-cell\" ><div id=\"panel-281-2-0-0\" class=\"so-panel widget widget_sow-image panel-first-child\" data-index=\"7\" ><div\n\t\t\t\n\t\t\tclass=\"so-widget-sow-image so-widget-sow-image-default-8b5b6f678277-281\"\n\t\t\t\n\t\t>\n<div class=\"sow-image-container\">\n\t\t<img \n\tsrc=\"https:\/\/wp.ufpel.edu.br\/embrapii\/files\/2024\/09\/fotos-da-equipe-3x4-7.png\" width=\"300\" height=\"400\" sizes=\"(max-width: 300px) 100vw, 300px\" title=\"fotos da equipe 3&#215;4 (7)\" alt=\"\" \t\tclass=\"so-widget-image\"\/>\n\t<\/div>\n\n<\/div><\/div><div id=\"panel-281-2-0-1\" class=\"so-panel widget widget_sow-editor panel-last-child\" data-index=\"8\" ><div\n\t\t\t\n\t\t\tclass=\"so-widget-sow-editor so-widget-sow-editor-base\"\n\t\t\t\n\t\t>\n<div class=\"siteorigin-widget-tinymce textwidget\">\n\t<h3 style=\"text-align: left;\">Geri Eduardo Meneghello<\/h3>\n<div style=\"font-size: 15px;\">\n<div style=\"font-size: 15px;\">\n<div style=\"font-size: 15px;\">\n<p>Coordenador de Prospec\u00e7\u00e3o de Neg\u00f3cios<\/p>\n<div style=\"font-size: 15px;\">\n<div style=\"font-size: 15px;\">\n<div style=\"font-size: 15px;\">\n<p><strong><span style=\"font-size: 12pt;\">Tel: (53) 99136-0852<\/span><\/strong><br \/>\n<strong><span style=\"font-size: 12pt;\">E-mail: <a href=\"mailto:gmeneghello@gmail.com\"><span style=\"color: #339966;\">gmeneghello@gmail.com<\/span><\/a><\/span><\/strong><\/p>\n<\/div>\n<\/div>\n<\/div>\n<\/div>\n<div style=\"font-size: 15px;\">\n<p>&nbsp;<\/p>\n<\/div>\n<\/div>\n<p><a href=\"http:\/\/lattes.cnpq.br\/4588786382435715\"><span style=\"color: #339966;\"><strong style=\"font-size: 15px;\"><span style=\"font-size: 12pt;\"><span style=\"color: #339966;\">Lattes<\/span><\/span><\/strong><\/span><\/a><span style=\"color: #339966;\"><strong style=\"font-size: 15px;\"><span style=\"font-size: 12pt;\"><span style=\"color: #339966;\">\u00a0<span style=\"color: #000000;\">| <a href=\"https:\/\/orcid.org\/0000-0002-6215-0966\"><span style=\"color: #339966;\">Orcid<\/span><\/a><span style=\"color: #339966;\">\u00a0<span style=\"color: #000000;\">|<\/span> <a style=\"color: #339966;\" href=\"https:\/\/scholar.google.com.br\/citations?user=ypqut_oAAAAJ&amp;hl=pt-BR\">Scholar<\/a><\/span><\/span><\/span><\/span><\/strong><\/span><\/p>\n<\/div>\n<div style=\"font-size: 15px;\">\n<p>&nbsp;<\/p>\n<\/div>\n<\/div>\n<\/div><\/div><\/div><div id=\"pgc-281-2-1\"  class=\"panel-grid-cell\" ><div id=\"panel-281-2-1-0\" class=\"so-panel widget widget_sow-image panel-first-child\" data-index=\"9\" ><div\n\t\t\t\n\t\t\tclass=\"so-widget-sow-image so-widget-sow-image-default-8b5b6f678277-281\"\n\t\t\t\n\t\t>\n<div class=\"sow-image-container\">\n\t\t<img \n\tsrc=\"https:\/\/wp.ufpel.edu.br\/embrapii\/files\/2024\/10\/fotos-da-equipe-3x4-1.png\" width=\"300\" height=\"400\" sizes=\"(max-width: 300px) 100vw, 300px\" title=\"fotos da equipe 3&#215;4\" alt=\"\" \t\tclass=\"so-widget-image\"\/>\n\t<\/div>\n\n<\/div><\/div><div id=\"panel-281-2-1-1\" class=\"so-panel widget widget_sow-editor panel-last-child\" data-index=\"10\" ><div\n\t\t\t\n\t\t\tclass=\"so-widget-sow-editor so-widget-sow-editor-base\"\n\t\t\t\n\t\t>\n<div class=\"siteorigin-widget-tinymce textwidget\">\n\t<h3 style=\"text-align: left;\">Bruna Christofari Ceolin<\/h3>\n<div style=\"font-size: 15px;\">\n<div style=\"font-size: 15px;\">\n<div style=\"font-size: 15px;\">\n<p>Gestora de Prospec\u00e7\u00e3o<\/p>\n<div style=\"font-size: 15px;\">\n<div style=\"font-size: 15px;\">\n<div style=\"font-size: 15px;\">\n<p><strong><span style=\"font-size: 12pt;\">Tel: (53) 99958-7988<\/span><\/strong><br \/>\n<strong><span style=\"font-size: 12pt;\">E-mail: <span style=\"color: #339966;\"><a style=\"color: #339966;\" href=\"mailto:brunacceolin@gmail.com\">brunacceolin@gmail.com<\/a><\/span><\/span><\/strong><\/p>\n<\/div>\n<\/div>\n<\/div>\n<\/div>\n<div style=\"font-size: 15px;\">\n<p>&nbsp;<\/p>\n<\/div>\n<\/div>\n<p><span style=\"color: #339966;\"><a style=\"color: #339966;\" href=\"http:\/\/lattes.cnpq.br\/9175817196827405\"><strong style=\"font-size: 15px;\"><span style=\"font-size: 12pt;\">Lattes<\/span><\/strong><\/a><strong style=\"font-size: 15px;\"><span style=\"font-size: 12pt;\"><span style=\"color: #339966;\">\u00a0<span style=\"color: #000000;\">| <a href=\"https:\/\/orcid.org\/0000-0001-7878-2522\"><span style=\"color: #339966;\">Orcid<\/span><\/a><\/span><\/span><\/span><\/strong><\/span><\/p>\n<\/div>\n<div style=\"font-size: 15px;\">\n<p>&nbsp;<\/p>\n<\/div>\n<\/div>\n<\/div><\/div><\/div><div id=\"pgc-281-2-2\"  class=\"panel-grid-cell\" ><div id=\"panel-281-2-2-0\" class=\"so-panel widget widget_sow-image panel-first-child\" data-index=\"11\" ><div\n\t\t\t\n\t\t\tclass=\"so-widget-sow-image so-widget-sow-image-default-8b5b6f678277-281\"\n\t\t\t\n\t\t>\n<div class=\"sow-image-container\">\n\t\t<img \n\tsrc=\"https:\/\/wp.ufpel.edu.br\/embrapii\/files\/2024\/09\/fotos-da-equipe-3x4-6.png\" width=\"300\" height=\"400\" sizes=\"(max-width: 300px) 100vw, 300px\" title=\"fotos da equipe 3&#215;4 (6)\" alt=\"\" \t\tclass=\"so-widget-image\"\/>\n\t<\/div>\n\n<\/div><\/div><div id=\"panel-281-2-2-1\" class=\"so-panel widget widget_sow-editor panel-last-child\" data-index=\"12\" ><div\n\t\t\t\n\t\t\tclass=\"so-widget-sow-editor so-widget-sow-editor-base\"\n\t\t\t\n\t\t>\n<div class=\"siteorigin-widget-tinymce textwidget\">\n\t<h3 style=\"text-align: left;\">Gabrielito Rauter Menezes<\/h3>\n<div style=\"font-size: 15px;\">\n<div style=\"font-size: 15px;\">\n<div style=\"font-size: 15px;\">\n<p>Coordenador de Maturidade Operacional<\/p>\n<div style=\"font-size: 15px;\">\n<div style=\"font-size: 15px;\">\n<div style=\"font-size: 15px;\">\n<p><strong><span style=\"font-size: 12pt;\">Tel: (51) 98197-1670<\/span><\/strong><br \/>\n<strong><span style=\"font-size: 12pt;\">E-mail: <span style=\"color: #339966;\"><a style=\"color: #339966;\" href=\"mailto:gabrielitorm@gmail.com\">gabrielitorm@gmail.com<\/a><\/span><\/span><\/strong><\/p>\n<\/div>\n<\/div>\n<\/div>\n<\/div>\n<div style=\"font-size: 15px;\">\n<p>&nbsp;<\/p>\n<\/div>\n<\/div>\n<p><span style=\"color: #339966;\"><strong style=\"font-size: 15px;\"><span style=\"font-size: 12pt;\"><span style=\"color: #339966;\"><a style=\"color: #339966;\" href=\"http:\/\/lattes.cnpq.br\/7693830866855994\">Lattes<\/a><\/span><\/span><\/strong><\/span><\/p>\n<\/div>\n<div style=\"font-size: 15px;\">\n<p>&nbsp;<\/p>\n<\/div>\n<\/div>\n<\/div><\/div><\/div><\/div><\/div><div id=\"pg-281-3\"  class=\"panel-grid panel-no-style\" ><div id=\"pgc-281-3-0\"  class=\"panel-grid-cell\" ><div id=\"panel-281-3-0-0\" class=\"so-panel widget widget_sow-image panel-first-child\" data-index=\"13\" ><div\n\t\t\t\n\t\t\tclass=\"so-widget-sow-image so-widget-sow-image-default-8b5b6f678277-281\"\n\t\t\t\n\t\t>\n<div class=\"sow-image-container\">\n\t\t<img \n\tsrc=\"https:\/\/wp.ufpel.edu.br\/embrapii\/files\/2024\/12\/fotos-da-equipe-3x4-1.png\" width=\"300\" height=\"400\" sizes=\"(max-width: 300px) 100vw, 300px\" title=\"fotos da equipe 3&#215;4\" alt=\"\" \t\tclass=\"so-widget-image\"\/>\n\t<\/div>\n\n<\/div><\/div><div id=\"panel-281-3-0-1\" class=\"so-panel widget widget_sow-editor panel-last-child\" data-index=\"14\" ><div\n\t\t\t\n\t\t\tclass=\"so-widget-sow-editor so-widget-sow-editor-base\"\n\t\t\t\n\t\t>\n<div class=\"siteorigin-widget-tinymce textwidget\">\n\t<h3 style=\"text-align: left;\">Glenio do Couto Pinto Junior<\/h3>\n<div style=\"font-size: 15px;\">\n<div style=\"font-size: 15px;\">\n<div style=\"font-size: 15px;\">\n<p>Coordenador de Propriedade Intelectual<\/p>\n<div style=\"font-size: 15px;\">\n<div style=\"font-size: 15px;\">\n<div style=\"font-size: 15px;\">\n<p><strong><span style=\"font-size: 12pt;\">Tel: (53) 98114-1787<\/span><\/strong><br \/>\n<strong><span style=\"font-size: 12pt;\">E-mail: <span style=\"color: #339966;\"><a style=\"color: #339966;\" href=\"mailto:gleniocoutopinto@gmail.com\">gleniocoutopinto@gmail.com<\/a><\/span><\/span><\/strong><\/p>\n<\/div>\n<\/div>\n<\/div>\n<\/div>\n<div style=\"font-size: 15px;\">\n<p>&nbsp;<\/p>\n<\/div>\n<\/div>\n<p><span style=\"color: #339966;\"><strong style=\"font-size: 15px;\"><span style=\"font-size: 12pt;\"><span style=\"color: #339966;\"><a style=\"color: #339966;\" href=\"http:\/\/lattes.cnpq.br\/1329111179637849\">Lattes<\/a><\/span><\/span><\/strong><\/span><\/p>\n<\/div>\n<div style=\"font-size: 15px;\">\n<p>&nbsp;<\/p>\n<\/div>\n<\/div>\n<\/div><\/div><\/div><div id=\"pgc-281-3-1\"  class=\"panel-grid-cell\" ><div id=\"panel-281-3-1-0\" class=\"so-panel widget widget_sow-image panel-first-child\" data-index=\"15\" ><div\n\t\t\t\n\t\t\tclass=\"so-widget-sow-image so-widget-sow-image-default-8b5b6f678277-281\"\n\t\t\t\n\t\t>\n<div class=\"sow-image-container\">\n\t\t<img \n\tsrc=\"https:\/\/wp.ufpel.edu.br\/embrapii\/files\/2025\/06\/fotos-da-equipe-3x4-1.png\" width=\"300\" height=\"400\" sizes=\"(max-width: 300px) 100vw, 300px\" title=\"fotos da equipe 3&#215;4\" alt=\"\" \t\tclass=\"so-widget-image\"\/>\n\t<\/div>\n\n<\/div><\/div><div id=\"panel-281-3-1-1\" class=\"so-panel widget widget_sow-editor panel-last-child\" data-index=\"16\" ><div\n\t\t\t\n\t\t\tclass=\"so-widget-sow-editor so-widget-sow-editor-base\"\n\t\t\t\n\t\t><h3 class=\"widget-title\"> <\/h3>\n<div class=\"siteorigin-widget-tinymce textwidget\">\n\t<h3 style=\"text-align: left;\">S\u00edglia Pimentel H\u00f6her Camargo<\/h3>\n<div style=\"font-size: 15px;\">\n<div style=\"font-size: 15px;\">\n<div style=\"font-size: 15px;\">\n<p>Gestora de Recursos Humanos<\/p>\n<div style=\"font-size: 15px;\">\n<div style=\"font-size: 15px;\">\n<div style=\"font-size: 15px;\">\n<p><strong><span style=\"font-size: 12pt;\">Tel: (53) 98118-5535<\/span><\/strong><br \/>\n<strong><span style=\"font-size: 12pt;\">E-mail: <a href=\"mailto:rh.inovaagro@gmail.com\"><span style=\"color: #339966;\">rh.inovaagro@gmail.com<\/span><\/a><\/span><\/strong><\/p>\n<\/div>\n<\/div>\n<\/div>\n<\/div>\n<div style=\"font-size: 15px;\">\n<p>&nbsp;<\/p>\n<\/div>\n<\/div>\n<p><span style=\"color: #339966;\"><strong style=\"font-size: 15px;\"><span style=\"font-size: 12pt;\"><span style=\"color: #339966;\"><a style=\"color: #339966;\" href=\"http:\/\/lattes.cnpq.br\/1925189093877793\">Lattes<\/a>\u00a0<\/span><\/span><\/strong><span style=\"font-size: 12pt;\"><span style=\"color: #339966;\"><span style=\"color: #000000;\">| <\/span><\/span><\/span><strong><span style=\"font-size: 12pt;\"><span style=\"color: #339966;\"><span style=\"color: #000000;\"><span style=\"color: #339966;\"><a style=\"color: #339966;\" href=\"https:\/\/orcid.org\/0000-0001-7058-6519\">Orcid<\/a> <\/span><\/span><\/span><\/span><\/strong><span style=\"font-size: 12pt;\"><span style=\"color: #339966;\"><span style=\"color: #000000;\">|<\/span><\/span><\/span><strong><span style=\"font-size: 12pt;\"><span style=\"color: #339966;\"><span style=\"color: #000000;\"><strong style=\"font-size: 15px;\"> <span style=\"color: #339966;\"><a style=\"color: #339966;\" href=\"https:\/\/scholar.google.com.br\/citations?hl=pt-BR&amp;user=s1PKPJUAAAAJ&amp;view_op=list_works&amp;gmla=AH8HC4xcqxS-veVHMHl8eQuwdb-XPODXlaq-tTcJzeLJdfwimdkxc_-ZH1zSKfZtEXsUnCJeORGveU91gKhTTosplLY\">Scholar<\/a><\/span><\/strong><\/span><\/span><\/span><\/strong><\/span><\/p>\n<\/div>\n<div style=\"font-size: 15px;\">\n<p>&nbsp;<\/p>\n<\/div>\n<\/div>\n<\/div><\/div><\/div><div id=\"pgc-281-3-2\"  class=\"panel-grid-cell\" ><div id=\"panel-281-3-2-0\" class=\"so-panel widget widget_sow-image panel-first-child\" data-index=\"17\" ><div\n\t\t\t\n\t\t\tclass=\"so-widget-sow-image so-widget-sow-image-default-8b5b6f678277-281\"\n\t\t\t\n\t\t>\n<div class=\"sow-image-container\">\n\t\t<img \n\tsrc=\"https:\/\/wp.ufpel.edu.br\/embrapii\/files\/2024\/09\/fotos-da-equipe-3x4-8.png\" width=\"300\" height=\"400\" sizes=\"(max-width: 300px) 100vw, 300px\" title=\"fotos da equipe 3&#215;4 (8)\" alt=\"\" \t\tclass=\"so-widget-image\"\/>\n\t<\/div>\n\n<\/div><\/div><div id=\"panel-281-3-2-1\" class=\"so-panel widget widget_sow-editor panel-last-child\" data-index=\"18\" ><div\n\t\t\t\n\t\t\tclass=\"so-widget-sow-editor so-widget-sow-editor-base\"\n\t\t\t\n\t\t>\n<div class=\"siteorigin-widget-tinymce textwidget\">\n\t<h3 style=\"text-align: left;\">Rosana da Rosa Portella Tondolo<\/h3>\n<div style=\"font-size: 15px;\">\n<div style=\"font-size: 15px;\">\n<div style=\"font-size: 15px;\">\n<p>Coordenadora de Gest\u00e3o de Projetos<\/p>\n<div style=\"font-size: 15px;\">\n<div style=\"font-size: 15px;\">\n<div style=\"font-size: 15px;\">\n<p><strong><span style=\"font-size: 12pt;\">Tel: (53) 99105-3041<\/span><\/strong><br \/>\n<strong><span style=\"font-size: 12pt;\">E-mail: <a href=\"mailto:projetos.inovaagro@ufpel.edu.br\"><span style=\"color: #339966;\">projetos.inovaagro@ufpel.edu.br<\/span><\/a><\/span><\/strong><\/p>\n<\/div>\n<\/div>\n<\/div>\n<\/div>\n<div style=\"font-size: 15px;\">\n<p>&nbsp;<\/p>\n<\/div>\n<\/div>\n<p><a href=\"http:\/\/lattes.cnpq.br\/6462987344863578\"><span style=\"color: #339966;\"><strong style=\"font-size: 15px;\"><span style=\"font-size: 12pt;\"><span style=\"color: #339966;\">Lattes<\/span><\/span><\/strong><\/span><\/a><span style=\"color: #000000;\"><strong style=\"font-size: 15px;\"><span style=\"font-size: 12pt;\"> |\u00a0<span style=\"color: #339966;\"><a style=\"color: #339966;\" href=\"https:\/\/orcid.org\/0000-0002-2410-8038\">Orcid<\/a>\u00a0<span style=\"color: #000000;\">|<\/span> <a style=\"color: #339966;\" href=\"https:\/\/scholar.google.pt\/citations?hl=pt-BR&amp;pli=1&amp;user=AZfqVKkAAAAJ\">Scholar<\/a><\/span><\/span><\/strong><\/span><\/p>\n<\/div>\n<div style=\"font-size: 15px;\">\n<p>&nbsp;<\/p>\n<\/div>\n<\/div>\n<\/div><\/div><\/div><\/div><div id=\"pg-281-4\"  class=\"panel-grid panel-no-style\" ><div id=\"pgc-281-4-0\"  class=\"panel-grid-cell panel-grid-cell-empty panel-grid-cell-mobile-last\" ><\/div><div id=\"pgc-281-4-1\"  class=\"panel-grid-cell panel-grid-cell-empty\" ><\/div><\/div><\/div>","protected":false},"excerpt":{"rendered":"<p>Estrutura Administrativa Unidade InovaAgro &#8211; Tecnologias para a Agricultura Maur\u00edcio de Oliveira Presidente do Comit\u00ea e Diretor Geral Tel: (53) 98144-2370 E-mail: mauricio@labgraos.com.br &nbsp; Lattes |\u00a0Orcid &nbsp; Edinalvo Rabaioli Camargo Vice-diretor e Coordenador de Comunica\u00e7\u00e3o e Marketing Tel:\u00a0(53) 3275-7383 E-mail: edinalvo.camargo@gmail.com &nbsp; Lattes | Orcid | Scholar | Instagram &nbsp; &nbsp; Crislaine Alves Barcellos de [&hellip;]<\/p>\n","protected":false},"author":1172,"featured_media":0,"parent":23,"menu_order":0,"comment_status":"closed","ping_status":"closed","template":"","meta":{"footnotes":""},"class_list":["post-281","page","type-page","status-publish","hentry","post"],"_links":{"self":[{"href":"https:\/\/wp.ufpel.edu.br\/embrapii\/wp-json\/wp\/v2\/pages\/281","targetHints":{"allow":["GET"]}}],"collection":[{"href":"https:\/\/wp.ufpel.edu.br\/embrapii\/wp-json\/wp\/v2\/pages"}],"about":[{"href":"https:\/\/wp.ufpel.edu.br\/embrapii\/wp-json\/wp\/v2\/types\/page"}],"author":[{"embeddable":true,"href":"https:\/\/wp.ufpel.edu.br\/embrapii\/wp-json\/wp\/v2\/users\/1172"}],"replies":[{"embeddable":true,"href":"https:\/\/wp.ufpel.edu.br\/embrapii\/wp-json\/wp\/v2\/comments?post=281"}],"version-history":[{"count":101,"href":"https:\/\/wp.ufpel.edu.br\/embrapii\/wp-json\/wp\/v2\/pages\/281\/revisions"}],"predecessor-version":[{"id":293,"href":"https:\/\/wp.ufpel.edu.br\/embrapii\/wp-json\/wp\/v2\/pages\/281\/revisions\/293"}],"up":[{"embeddable":true,"href":"https:\/\/wp.ufpel.edu.br\/embrapii\/wp-json\/wp\/v2\/pages\/23"}],"wp:attachment":[{"href":"https:\/\/wp.ufpel.edu.br\/embrapii\/wp-json\/wp\/v2\/media?parent=281"}],"curies":[{"name":"wp","href":"https:\/\/api.w.org\/{rel}","templated":true}]}}