{"id":276,"date":"2022-06-22T10:01:52","date_gmt":"2022-06-22T13:01:52","guid":{"rendered":"https:\/\/wp.ufpel.edu.br\/embrapii\/?page_id=276"},"modified":"2022-06-23T14:18:56","modified_gmt":"2022-06-23T17:18:56","slug":"infraestrutura","status":"publish","type":"page","link":"https:\/\/wp.ufpel.edu.br\/embrapii\/quem-somos\/infraestrutura\/","title":{"rendered":"Infraestrutura"},"content":{"rendered":"<div id=\"pl-276\"  class=\"panel-layout\" ><div id=\"pg-276-0\"  class=\"panel-grid panel-has-style\" ><div class=\"siteorigin-panels-stretch panel-row-style panel-row-style-for-276-0\" data-stretch-type=\"full\" ><div id=\"pgc-276-0-0\"  class=\"panel-grid-cell\" ><div id=\"panel-276-0-0-0\" class=\"so-panel widget widget_sow-editor panel-first-child panel-last-child\" data-index=\"0\" ><div\n\t\t\t\n\t\t\tclass=\"so-widget-sow-editor so-widget-sow-editor-base\"\n\t\t\t\n\t\t>\n<div class=\"siteorigin-widget-tinymce textwidget\">\n\t<h1 style=\"line-height: 12px; color: #fff; font-size: 36px;\">Infraestrutura<\/h1>\n<p><span style=\"font-weight: 300;color: #fff;font-size: 18px;line-height: 28px;\">Unidade InovaAgro - Tecnologias para a Agricultura<\/span><\/p>\n<\/div>\n<\/div><\/div><\/div><\/div><\/div><div id=\"pg-276-1\"  class=\"panel-grid panel-no-style\" ><div id=\"pgc-276-1-0\"  class=\"panel-grid-cell\" ><div id=\"panel-276-1-0-0\" class=\"so-panel widget widget_sow-editor panel-first-child panel-last-child\" data-index=\"1\" ><div\n\t\t\t\n\t\t\tclass=\"so-widget-sow-editor so-widget-sow-editor-base\"\n\t\t\t\n\t\t>\n<div class=\"siteorigin-widget-tinymce textwidget\">\n\t<p><span style=\"font-size: 22px; color: #066636; font-weight: bold;\">Possui uma estrutura moderna e qualificada, da qual destacam-se<\/span><\/p>\n<div style=\"font-weight: 400; font-size: 18px; line-height: 28px;\">\n<p><i class=\"icon-default-style fa fa-check extra-color-3\"><\/i>Centro de Herbologia<\/p>\n<p><i class=\"icon-default-style fa fa-check extra-color-3\"><\/i>Centro de Gen\u00f4mica e Fitomelhoramento<\/p>\n<p><i class=\"icon-default-style fa fa-check extra-color-3\"><\/i>Departamento de solos e nutri\u00e7\u00e3o de plantas,<\/p>\n<p><i class=\"icon-default-style fa fa-check extra-color-3\"><\/i>Laborat\u00f3rios integrados em P\u00f3s-colheita de gr\u00e3os<\/p>\n<p><i class=\"icon-default-style fa fa-check extra-color-3\"><\/i>Laborat\u00f3rio de Cogni\u00e7\u00e3o e Eletrofisiologia Vegetal<\/p>\n<p><i class=\"icon-default-style fa fa-check extra-color-3\"><\/i>Laborat\u00f3rio de M\u00e1quinas Agr\u00edcolas e prot\u00f3tipos<\/p>\n<p><i class=\"icon-default-style fa fa-check extra-color-3\"><\/i>Laborat\u00f3rios do Centro de Ci\u00eancia e Tecnologia de Sementes<\/p>\n<p><i class=\"icon-default-style fa fa-check extra-color-3\"><\/i>Central Anal\u00edtica Multiusu\u00e1rios<\/p>\n<\/div>\n<\/div>\n<\/div><\/div><\/div><\/div><div id=\"pg-276-2\"  class=\"panel-grid panel-no-style\" ><div id=\"pgc-276-2-0\"  class=\"panel-grid-cell\" ><div id=\"panel-276-2-0-0\" class=\"so-panel widget widget_sow-editor panel-first-child panel-last-child\" data-index=\"2\" ><div\n\t\t\t\n\t\t\tclass=\"so-widget-sow-editor so-widget-sow-editor-base\"\n\t\t\t\n\t\t>\n<div class=\"siteorigin-widget-tinymce textwidget\">\n\t<hr \/>\n<\/div>\n<\/div><\/div><\/div><\/div><div id=\"pg-276-3\"  class=\"panel-grid panel-has-style\" ><div class=\"panel-row-style panel-row-style-for-276-3\" ><div id=\"pgc-276-3-0\"  class=\"panel-grid-cell\" ><div id=\"panel-276-3-0-0\" class=\"so-panel widget widget_sow-editor panel-first-child panel-last-child\" data-index=\"3\" ><div\n\t\t\t\n\t\t\tclass=\"so-widget-sow-editor so-widget-sow-editor-base\"\n\t\t\t\n\t\t>\n<div class=\"siteorigin-widget-tinymce textwidget\">\n\t<p><span style=\"font-size: 22px;color: #066636;font-weight: 700;\">Unidade InovaAgro \u2013 Tecnologias para a Agricultura<\/span><\/p>\n<div style=\"font-size: 18px;\"><strong>Telefone<\/strong>: (53) 99933-0417<br \/>\n<strong>E-mail<\/strong>: inovaagro.embrapii@ufpel.edu.br<br \/>\n<strong>Endere\u00e7o<\/strong>: Universidade Federal de Pelotas, Campus Universit\u00e1rio do Cap\u00e3o do Le\u00e3o SN<br \/>\n<strong>CEP<\/strong>: 96.160-000<br \/>\n<strong>Cidade<\/strong>: Cap\u00e3o do Le\u00e3o<br \/>\n<strong>Estado<\/strong>: Rio Grande do Sul<\/div>\n<div style=\"font-size: 18px;\"><a href=\"https:\/\/maps.google.com\/maps?ll=-31.801453,-52.415079&amp;z=5&amp;t=m&amp;hl=pt-BR&amp;gl=BR&amp;mapclient=embed&amp;cid=15917766222124883574\" target=\"_blank\" rel=\"noopener\">Como chegar?<\/a><\/div>\n<\/div>\n<\/div><\/div><\/div><div id=\"pgc-276-3-1\"  class=\"panel-grid-cell\" ><div id=\"panel-276-3-1-0\" class=\"so-panel widget widget_sow-editor panel-first-child panel-last-child\" data-index=\"4\" ><div\n\t\t\t\n\t\t\tclass=\"so-widget-sow-editor so-widget-sow-editor-base\"\n\t\t\t\n\t\t>\n<div class=\"siteorigin-widget-tinymce textwidget\">\n\t<p><img loading=\"lazy\" decoding=\"async\" class=\"wp-image-273 size-large alignleft\" src=\"https:\/\/wp.ufpel.edu.br\/embrapii\/files\/2022\/06\/sede-1024x575.jpg\" alt=\"\" width=\"720\" height=\"404\" srcset=\"https:\/\/wp.ufpel.edu.br\/embrapii\/files\/2022\/06\/sede-1024x575.jpg 1024w, https:\/\/wp.ufpel.edu.br\/embrapii\/files\/2022\/06\/sede-400x225.jpg 400w, https:\/\/wp.ufpel.edu.br\/embrapii\/files\/2022\/06\/sede-768x431.jpg 768w, https:\/\/wp.ufpel.edu.br\/embrapii\/files\/2022\/06\/sede.jpg 1280w\" sizes=\"auto, (max-width: 720px) 100vw, 720px\" \/><\/p>\n<\/div>\n<\/div><\/div><\/div><\/div><\/div><\/div>","protected":false},"excerpt":{"rendered":"<p>Infraestrutura Unidade InovaAgro &#8211; Tecnologias para a Agricultura Possui uma estrutura moderna e qualificada, da qual destacam-se Centro de Herbologia Centro de Gen\u00f4mica e Fitomelhoramento Departamento de solos e nutri\u00e7\u00e3o de plantas, Laborat\u00f3rios integrados em P\u00f3s-colheita de gr\u00e3os Laborat\u00f3rio de Cogni\u00e7\u00e3o e Eletrofisiologia Vegetal Laborat\u00f3rio de M\u00e1quinas Agr\u00edcolas e prot\u00f3tipos Laborat\u00f3rios do Centro de Ci\u00eancia [&hellip;]<\/p>\n","protected":false},"author":1172,"featured_media":0,"parent":23,"menu_order":0,"comment_status":"closed","ping_status":"closed","template":"","meta":{"footnotes":""},"class_list":["post-276","page","type-page","status-publish","hentry","post"],"_links":{"self":[{"href":"https:\/\/wp.ufpel.edu.br\/embrapii\/wp-json\/wp\/v2\/pages\/276","targetHints":{"allow":["GET"]}}],"collection":[{"href":"https:\/\/wp.ufpel.edu.br\/embrapii\/wp-json\/wp\/v2\/pages"}],"about":[{"href":"https:\/\/wp.ufpel.edu.br\/embrapii\/wp-json\/wp\/v2\/types\/page"}],"author":[{"embeddable":true,"href":"https:\/\/wp.ufpel.edu.br\/embrapii\/wp-json\/wp\/v2\/users\/1172"}],"replies":[{"embeddable":true,"href":"https:\/\/wp.ufpel.edu.br\/embrapii\/wp-json\/wp\/v2\/comments?post=276"}],"version-history":[{"count":16,"href":"https:\/\/wp.ufpel.edu.br\/embrapii\/wp-json\/wp\/v2\/pages\/276\/revisions"}],"predecessor-version":[{"id":453,"href":"https:\/\/wp.ufpel.edu.br\/embrapii\/wp-json\/wp\/v2\/pages\/276\/revisions\/453"}],"up":[{"embeddable":true,"href":"https:\/\/wp.ufpel.edu.br\/embrapii\/wp-json\/wp\/v2\/pages\/23"}],"wp:attachment":[{"href":"https:\/\/wp.ufpel.edu.br\/embrapii\/wp-json\/wp\/v2\/media?parent=276"}],"curies":[{"name":"wp","href":"https:\/\/api.w.org\/{rel}","templated":true}]}}