{"id":266,"date":"2022-06-22T09:57:55","date_gmt":"2022-06-22T12:57:55","guid":{"rendered":"https:\/\/wp.ufpel.edu.br\/embrapii\/?page_id=266"},"modified":"2025-04-25T18:03:34","modified_gmt":"2025-04-25T21:03:34","slug":"unidade","status":"publish","type":"page","link":"https:\/\/wp.ufpel.edu.br\/embrapii\/quem-somos\/unidade\/","title":{"rendered":"A Unidade"},"content":{"rendered":"<div id=\"pl-266\"  class=\"panel-layout\" ><div id=\"pg-266-0\"  class=\"panel-grid panel-has-style\" ><div class=\"siteorigin-panels-stretch panel-row-style panel-row-style-for-266-0\" data-stretch-type=\"full\" ><div id=\"pgc-266-0-0\"  class=\"panel-grid-cell\" ><div id=\"panel-266-0-0-0\" class=\"so-panel widget widget_sow-editor panel-first-child panel-last-child\" data-index=\"0\" ><div\n\t\t\t\n\t\t\tclass=\"so-widget-sow-editor so-widget-sow-editor-base\"\n\t\t\t\n\t\t>\n<div class=\"siteorigin-widget-tinymce textwidget\">\n\t<h1 style=\"line-height: 12px; color: #fff; font-size: 36px;\">Sobre a Unidade<\/h1>\n<p><span style=\"font-weight: 300;color: #fff;font-size: 18px;line-height: 28px;\">Unidade InovaAgro - Tecnologias para a Agricultura<\/span><\/p>\n<\/div>\n<\/div><\/div><\/div><\/div><\/div><div id=\"pg-266-1\"  class=\"panel-grid panel-no-style\" ><div id=\"pgc-266-1-0\"  class=\"panel-grid-cell\" ><div id=\"panel-266-1-0-0\" class=\"so-panel widget widget_sow-editor panel-first-child panel-last-child\" data-index=\"1\" ><div\n\t\t\t\n\t\t\tclass=\"so-widget-sow-editor so-widget-sow-editor-base\"\n\t\t\t\n\t\t>\n<div class=\"siteorigin-widget-tinymce textwidget\">\n\t<p style=\"font-size: 18px;\">A unidade InovaAgro \u2013 Tecnologias para a Agricultura est\u00e1 focada no setor do agroneg\u00f3cio que \u00e9 um dos propulsores da economia brasileira, respons\u00e1vel por uma fra\u00e7\u00e3o de cerca de 25% do PIB. A agricultura brasileira tem como desafio evoluir de forma competitiva e sustent\u00e1vel para suprir a demanda crescente de fornecimento de produtos agr\u00edcolas, bem como de atender \u00e0s exig\u00eancias do mercado quanto \u00e0 qualidade dos produtos.<\/p>\n<p style=\"font-size: 18px;\">A UFPel atrav\u00e9s da Faculdade de Agronomia Eliseu Maciel (FAEM) vem h\u00e1 mais de 141 anos desenvolvendo tecnologias para a agricultura. Al\u00e9m da compet\u00eancia hist\u00f3rica na \u00e1rea proposta, a UFPel possui a Incubadora de empresas Conectar (<a href=\"https:\/\/wp.ufpel.edu.br\/conectar\/\">https:\/\/wp.ufpel.edu.br\/conectar\/<\/a>) sediada no Parque Tecnol\u00f3gico de Pelotas (<a href=\"http:\/\/pelotasparquetecnologico.com.br\/\">http:\/\/pelotasparquetecnologico.com.br<\/a>), o Polo de Inova\u00e7\u00e3o em Alimentos da Regi\u00e3o Sul, e atua tamb\u00e9m no APL Alimentos.<\/p>\n<p><img loading=\"lazy\" decoding=\"async\" class=\"aligncenter size-full wp-image-272\" src=\"https:\/\/wp.ufpel.edu.br\/embrapii\/files\/2022\/06\/folder-1.png\" alt=\"\" width=\"540\" height=\"786\" srcset=\"https:\/\/wp.ufpel.edu.br\/embrapii\/files\/2022\/06\/folder-1.png 540w, https:\/\/wp.ufpel.edu.br\/embrapii\/files\/2022\/06\/folder-1-275x400.png 275w\" sizes=\"auto, (max-width: 540px) 100vw, 540px\" \/><\/p>\n<\/div>\n<\/div><\/div><\/div><\/div><div id=\"pg-266-2\"  class=\"panel-grid panel-no-style\" ><div id=\"pgc-266-2-0\"  class=\"panel-grid-cell\" ><div id=\"panel-266-2-0-0\" class=\"so-panel widget widget_sow-editor panel-first-child panel-last-child\" data-index=\"2\" ><div\n\t\t\t\n\t\t\tclass=\"so-widget-sow-editor so-widget-sow-editor-base\"\n\t\t\t\n\t\t>\n<div class=\"siteorigin-widget-tinymce textwidget\">\n\t<hr \/>\n<\/div>\n<\/div><\/div><\/div><\/div><div id=\"pg-266-3\"  class=\"panel-grid panel-has-style\" ><div class=\"panel-row-style panel-row-style-for-266-3\" ><div id=\"pgc-266-3-0\"  class=\"panel-grid-cell\" ><div id=\"panel-266-3-0-0\" class=\"so-panel widget widget_sow-editor panel-first-child panel-last-child\" data-index=\"3\" ><div\n\t\t\t\n\t\t\tclass=\"so-widget-sow-editor so-widget-sow-editor-base\"\n\t\t\t\n\t\t>\n<div class=\"siteorigin-widget-tinymce textwidget\">\n\t<p><span style=\"font-size: 22px;color: #066636;font-weight: 700;\">Unidade InovaAgro \u2013 Tecnologias para a Agricultura<\/span><\/p>\n<div style=\"font-size: 18px;\"><strong>Telefone<\/strong>: (53) 99933-0417<br \/>\n<strong>E-mail<\/strong>: inovaagro.embrapii@ufpel.edu.br<br \/>\n<strong>Endere\u00e7o<\/strong>: Universidade Federal de Pelotas, Campus Universit\u00e1rio do Cap\u00e3o do Le\u00e3o SN<br \/>\n<strong>CEP<\/strong>: 96.160-000<br \/>\n<strong>Cidade<\/strong>: Cap\u00e3o do Le\u00e3o<br \/>\n<strong>Estado<\/strong>: Rio Grande do Sul<\/div>\n<div style=\"font-size: 18px;\"><a href=\"https:\/\/maps.google.com\/maps?ll=-31.801453,-52.415079&amp;z=5&amp;t=m&amp;hl=pt-BR&amp;gl=BR&amp;mapclient=embed&amp;cid=15917766222124883574\" target=\"_blank\" rel=\"noopener\">Como chegar?<\/a><\/div>\n<\/div>\n<\/div><\/div><\/div><div id=\"pgc-266-3-1\"  class=\"panel-grid-cell\" ><div id=\"panel-266-3-1-0\" class=\"so-panel widget widget_sow-editor panel-first-child panel-last-child\" data-index=\"4\" ><div\n\t\t\t\n\t\t\tclass=\"so-widget-sow-editor so-widget-sow-editor-base\"\n\t\t\t\n\t\t>\n<div class=\"siteorigin-widget-tinymce textwidget\">\n\t<p><img loading=\"lazy\" decoding=\"async\" class=\"wp-image-273 size-large alignleft\" src=\"https:\/\/wp.ufpel.edu.br\/embrapii\/files\/2022\/06\/sede-1024x575.jpg\" alt=\"\" width=\"720\" height=\"404\" srcset=\"https:\/\/wp.ufpel.edu.br\/embrapii\/files\/2022\/06\/sede-1024x575.jpg 1024w, https:\/\/wp.ufpel.edu.br\/embrapii\/files\/2022\/06\/sede-400x225.jpg 400w, https:\/\/wp.ufpel.edu.br\/embrapii\/files\/2022\/06\/sede-768x431.jpg 768w, https:\/\/wp.ufpel.edu.br\/embrapii\/files\/2022\/06\/sede.jpg 1280w\" sizes=\"auto, (max-width: 720px) 100vw, 720px\" \/><\/p>\n<\/div>\n<\/div><\/div><\/div><\/div><\/div><\/div>","protected":false},"excerpt":{"rendered":"<p>Sobre a Unidade Unidade InovaAgro &#8211; Tecnologias para a Agricultura A unidade InovaAgro \u2013 Tecnologias para a Agricultura est\u00e1 focada no setor do agroneg\u00f3cio que \u00e9 um dos propulsores da economia brasileira, respons\u00e1vel por uma fra\u00e7\u00e3o de cerca de 25% do PIB. A agricultura brasileira tem como desafio evoluir de forma competitiva e sustent\u00e1vel para [&hellip;]<\/p>\n","protected":false},"author":1172,"featured_media":0,"parent":23,"menu_order":0,"comment_status":"closed","ping_status":"closed","template":"","meta":{"footnotes":""},"class_list":["post-266","page","type-page","status-publish","hentry","post"],"_links":{"self":[{"href":"https:\/\/wp.ufpel.edu.br\/embrapii\/wp-json\/wp\/v2\/pages\/266","targetHints":{"allow":["GET"]}}],"collection":[{"href":"https:\/\/wp.ufpel.edu.br\/embrapii\/wp-json\/wp\/v2\/pages"}],"about":[{"href":"https:\/\/wp.ufpel.edu.br\/embrapii\/wp-json\/wp\/v2\/types\/page"}],"author":[{"embeddable":true,"href":"https:\/\/wp.ufpel.edu.br\/embrapii\/wp-json\/wp\/v2\/users\/1172"}],"replies":[{"embeddable":true,"href":"https:\/\/wp.ufpel.edu.br\/embrapii\/wp-json\/wp\/v2\/comments?post=266"}],"version-history":[{"count":17,"href":"https:\/\/wp.ufpel.edu.br\/embrapii\/wp-json\/wp\/v2\/pages\/266\/revisions"}],"predecessor-version":[{"id":1080,"href":"https:\/\/wp.ufpel.edu.br\/embrapii\/wp-json\/wp\/v2\/pages\/266\/revisions\/1080"}],"up":[{"embeddable":true,"href":"https:\/\/wp.ufpel.edu.br\/embrapii\/wp-json\/wp\/v2\/pages\/23"}],"wp:attachment":[{"href":"https:\/\/wp.ufpel.edu.br\/embrapii\/wp-json\/wp\/v2\/media?parent=266"}],"curies":[{"name":"wp","href":"https:\/\/api.w.org\/{rel}","templated":true}]}}