{"id":201,"date":"2022-06-21T16:31:45","date_gmt":"2022-06-21T19:31:45","guid":{"rendered":"https:\/\/wp.ufpel.edu.br\/embrapii\/?page_id=201"},"modified":"2024-10-01T15:38:02","modified_gmt":"2024-10-01T18:38:02","slug":"inicio","status":"publish","type":"page","link":"https:\/\/wp.ufpel.edu.br\/embrapii\/","title":{"rendered":"In\u00edcio"},"content":{"rendered":"<div id=\"pl-201\"  class=\"panel-layout\" ><div id=\"pg-201-0\"  class=\"panel-grid panel-has-style\" ><div class=\"siteorigin-panels-stretch panel-row-style panel-row-style-for-201-0\" data-stretch-type=\"full-width-stretch\" ><div id=\"pgc-201-0-0\"  class=\"panel-grid-cell\" ><div id=\"panel-201-0-0-0\" class=\"so-panel widget widget_sow-editor panel-first-child panel-last-child\" data-index=\"0\" ><div\n\t\t\t\n\t\t\tclass=\"so-widget-sow-editor so-widget-sow-editor-base\"\n\t\t\t\n\t\t>\n<div class=\"siteorigin-widget-tinymce textwidget\">\n\t<p><img loading=\"lazy\" decoding=\"async\" src=\"https:\/\/wp.ufpel.edu.br\/embrapii\/files\/2022\/06\/banner-inovagro.png\" alt=\"\" width=\"1920\" height=\"500\" \/><\/p>\n<\/div>\n<\/div><\/div><\/div><\/div><\/div><div id=\"pg-201-1\"  class=\"panel-grid panel-no-style\" ><div id=\"pgc-201-1-0\"  class=\"panel-grid-cell\" ><div id=\"panel-201-1-0-0\" class=\"so-panel widget widget_sow-editor panel-first-child panel-last-child\" data-index=\"1\" ><div\n\t\t\t\n\t\t\tclass=\"so-widget-sow-editor so-widget-sow-editor-base\"\n\t\t\t\n\t\t>\n<div class=\"siteorigin-widget-tinymce textwidget\">\n\t<p><span style=\"font-size: 32px; color: #066636; font-weight: bold;\">\u00c1reas de Atua\u00e7\u00e3o<\/span><\/p>\n<\/div>\n<\/div><\/div><\/div><\/div><div id=\"pg-201-2\"  class=\"panel-grid panel-no-style\" ><div id=\"pgc-201-2-0\"  class=\"panel-grid-cell\" ><div id=\"panel-201-2-0-0\" class=\"so-panel widget widget_sow-image panel-first-child panel-last-child\" data-index=\"2\" ><div\n\t\t\t\n\t\t\tclass=\"so-widget-sow-image so-widget-sow-image-default-89f16426b92c-201\"\n\t\t\t\n\t\t>\n<div class=\"sow-image-container\">\n\t\t\t<a href=\"https:\/\/wp.ufpel.edu.br\/embrapii\/areas-de-atuacao\/tecnologias-para-protecao-de-cultivos\/\"\n\t\t\t\t\t>\n\t\t\t<img \n\tsrc=\"https:\/\/wp.ufpel.edu.br\/embrapii\/files\/2022\/06\/0341.png\" width=\"385\" height=\"332\" sizes=\"(max-width: 385px) 100vw, 385px\" title=\"Tecnologias para prote\u00e7\u00e3o de cultivos\" alt=\"\" \t\tclass=\"so-widget-image\"\/>\n\t\t\t<\/a><\/div>\n\n<h3 class=\"widget-title\">Tecnologias para prote\u00e7\u00e3o de cultivos<\/h3><\/div><\/div><\/div><div id=\"pgc-201-2-1\"  class=\"panel-grid-cell\" ><div id=\"panel-201-2-1-0\" class=\"so-panel widget widget_sow-image panel-first-child panel-last-child\" data-index=\"3\" ><div\n\t\t\t\n\t\t\tclass=\"so-widget-sow-image so-widget-sow-image-default-89f16426b92c-201\"\n\t\t\t\n\t\t>\n<div class=\"sow-image-container\">\n\t\t\t<a href=\"https:\/\/wp.ufpel.edu.br\/embrapii\/areas-de-atuacao\/tecnologias-para-producao-agricola\/\"\n\t\t\t\t\t>\n\t\t\t<img \n\tsrc=\"https:\/\/wp.ufpel.edu.br\/embrapii\/files\/2022\/06\/01241.png\" width=\"385\" height=\"332\" sizes=\"(max-width: 385px) 100vw, 385px\" title=\"Tecnologias para produc\u0327a\u0303o agri\u0301cola\" alt=\"\" \t\tclass=\"so-widget-image\"\/>\n\t\t\t<\/a><\/div>\n\n<h3 class=\"widget-title\">Tecnologias para produc\u0327a\u0303o agri\u0301cola<\/h3><\/div><\/div><\/div><div id=\"pgc-201-2-2\"  class=\"panel-grid-cell\" ><div id=\"panel-201-2-2-0\" class=\"so-panel widget widget_sow-image panel-first-child panel-last-child\" data-index=\"4\" ><div\n\t\t\t\n\t\t\tclass=\"so-widget-sow-image so-widget-sow-image-default-89f16426b92c-201\"\n\t\t\t\n\t\t>\n<div class=\"sow-image-container\">\n\t\t\t<a href=\"https:\/\/wp.ufpel.edu.br\/embrapii\/areas-de-atuacao\/equipamentos-maquinas-agricolas-irrigacao\/\"\n\t\t\t\t\t>\n\t\t\t<img \n\tsrc=\"https:\/\/wp.ufpel.edu.br\/embrapii\/files\/2022\/06\/00342.png\" width=\"385\" height=\"332\" sizes=\"(max-width: 385px) 100vw, 385px\" title=\"Equipamentos, M\u00e1quinas Agr\u00edcolas e Irriga\u00e7\u00e3o\" alt=\"\" \t\tclass=\"so-widget-image\"\/>\n\t\t\t<\/a><\/div>\n\n<h3 class=\"widget-title\">Equipamentos, M\u00e1quinas Agr\u00edcolas e Irriga\u00e7\u00e3o<\/h3><\/div><\/div><\/div><div id=\"pgc-201-2-3\"  class=\"panel-grid-cell\" ><div id=\"panel-201-2-3-0\" class=\"so-panel widget widget_sow-image panel-first-child panel-last-child\" data-index=\"5\" ><div\n\t\t\t\n\t\t\tclass=\"so-widget-sow-image so-widget-sow-image-default-89f16426b92c-201\"\n\t\t\t\n\t\t>\n<div class=\"sow-image-container\">\n\t\t\t<a href=\"https:\/\/wp.ufpel.edu.br\/embrapii\/tecnologias-para-pos-colheita-agroindustria\/\"\n\t\t\t\t\t>\n\t\t\t<img \n\tsrc=\"https:\/\/wp.ufpel.edu.br\/embrapii\/files\/2024\/10\/Untitled-design-3.png\" width=\"385\" height=\"332\" sizes=\"(max-width: 385px) 100vw, 385px\" title=\"Tecnologias para po\u0301s-colheita e agroindu\u0301stria\" alt=\"\" \t\tclass=\"so-widget-image\"\/>\n\t\t\t<\/a><\/div>\n\n<h3 class=\"widget-title\">Tecnologias para po\u0301s-colheita e agroindu\u0301stria<\/h3><\/div><\/div><\/div><div id=\"pgc-201-2-4\"  class=\"panel-grid-cell\" ><div id=\"panel-201-2-4-0\" class=\"so-panel widget widget_sow-image panel-first-child panel-last-child\" data-index=\"6\" ><div\n\t\t\t\n\t\t\tclass=\"so-widget-sow-image so-widget-sow-image-default-89f16426b92c-201\"\n\t\t\t\n\t\t>\n<div class=\"sow-image-container\">\n\t\t\t<a href=\"https:\/\/wp.ufpel.edu.br\/embrapii\/bioeconomia-para-agricultura-agropecuaria\/\"\n\t\t\t\t\t>\n\t\t\t<img \n\tsrc=\"https:\/\/wp.ufpel.edu.br\/embrapii\/files\/2024\/10\/Untitled-design-4.png\" width=\"385\" height=\"332\" sizes=\"(max-width: 385px) 100vw, 385px\" title=\"Bioeconomia para agricultura e agropecua\u0301ria\" alt=\"\" \t\tclass=\"so-widget-image\"\/>\n\t\t\t<\/a><\/div>\n\n<h3 class=\"widget-title\">Bioeconomia para agricultura e agropecua\u0301ria<\/h3><\/div><\/div><\/div><\/div><div id=\"pg-201-3\"  class=\"panel-grid panel-has-style\" ><div class=\"siteorigin-panels-stretch panel-row-style panel-row-style-for-201-3\" data-stretch-type=\"full\" ><div id=\"pgc-201-3-0\"  class=\"panel-grid-cell\" ><div id=\"panel-201-3-0-0\" class=\"so-panel widget widget_sow-editor panel-first-child panel-last-child\" data-index=\"7\" ><div\n\t\t\t\n\t\t\tclass=\"so-widget-sow-editor so-widget-sow-editor-base\"\n\t\t\t\n\t\t>\n<div class=\"siteorigin-widget-tinymce textwidget\">\n\t<p><span style=\"text-align: left; font-family: helvetica, arial, sans-serif; font-weight: 900; font-style: normal; font-size: 32px; color: #ffffff;\">A unidade InovaAgro<\/span><\/p>\n<p><span style=\"text-align: left; font-family: helvetica, arial, sans-serif; font-weight: 400; font-style: normal; font-size: 16px; color: #ffffff;\">A unidade InovaAgro \u2013 Tecnologias para a Agricultura est\u00e1 focada no setor do agroneg\u00f3cio que \u00e9 um dos propulsores da economia brasileira, respons\u00e1vel por uma fra\u00e7\u00e3o de cerca de 25% do PIB. A agricultura brasileira tem como desafio evoluir de forma competitiva e sustent\u00e1vel para suprir a demanda crescente de fornecimento de produtos agr\u00edcolas, bem como de atender \u00e0s exig\u00eancias do mercado quanto \u00e0 qualidade dos produtos.<\/span><\/p>\n<\/div>\n<\/div><\/div><\/div><div id=\"pgc-201-3-1\"  class=\"panel-grid-cell\" ><div id=\"panel-201-3-1-0\" class=\"so-panel widget widget_sow-editor panel-first-child panel-last-child\" data-index=\"8\" ><div\n\t\t\t\n\t\t\tclass=\"so-widget-sow-editor so-widget-sow-editor-base\"\n\t\t\t\n\t\t>\n<div class=\"siteorigin-widget-tinymce textwidget\">\n\t<p><img loading=\"lazy\" decoding=\"async\" class=\"alignleft size-large wp-image-241\" src=\"https:\/\/wp.ufpel.edu.br\/embrapii\/files\/2022\/06\/IMG_5903-1024x575.jpg\" alt=\"\" width=\"720\" height=\"404\" srcset=\"https:\/\/wp.ufpel.edu.br\/embrapii\/files\/2022\/06\/IMG_5903-1024x575.jpg 1024w, https:\/\/wp.ufpel.edu.br\/embrapii\/files\/2022\/06\/IMG_5903-400x225.jpg 400w, https:\/\/wp.ufpel.edu.br\/embrapii\/files\/2022\/06\/IMG_5903-768x431.jpg 768w, https:\/\/wp.ufpel.edu.br\/embrapii\/files\/2022\/06\/IMG_5903.jpg 1280w\" sizes=\"auto, (max-width: 720px) 100vw, 720px\" \/><\/p>\n<\/div>\n<\/div><\/div><\/div><\/div><\/div><div id=\"pg-201-4\"  class=\"panel-grid panel-has-style\" ><div class=\"siteorigin-panels-stretch panel-row-style panel-row-style-for-201-4\" data-stretch-type=\"full\" ><div id=\"pgc-201-4-0\"  class=\"panel-grid-cell\" ><div id=\"panel-201-4-0-0\" class=\"so-panel widget widget_sow-editor panel-first-child panel-last-child\" data-index=\"9\" ><div\n\t\t\t\n\t\t\tclass=\"so-widget-sow-editor so-widget-sow-editor-base\"\n\t\t\t\n\t\t>\n<div class=\"siteorigin-widget-tinymce textwidget\">\n\t<p><img loading=\"lazy\" decoding=\"async\" class=\"aligncenter size-full wp-image-393\" src=\"https:\/\/wp.ufpel.edu.br\/embrapii\/files\/2022\/06\/box-01.png\" alt=\"\" width=\"584\" height=\"374\" srcset=\"https:\/\/wp.ufpel.edu.br\/embrapii\/files\/2022\/06\/box-01.png 584w, https:\/\/wp.ufpel.edu.br\/embrapii\/files\/2022\/06\/box-01-400x256.png 400w\" sizes=\"auto, (max-width: 584px) 100vw, 584px\" \/><\/p>\n<\/div>\n<\/div><\/div><\/div><div id=\"pgc-201-4-1\"  class=\"panel-grid-cell\" ><div id=\"panel-201-4-1-0\" class=\"so-panel widget widget_sow-editor panel-first-child panel-last-child\" data-index=\"10\" ><div\n\t\t\t\n\t\t\tclass=\"so-widget-sow-editor so-widget-sow-editor-base\"\n\t\t\t\n\t\t>\n<div class=\"siteorigin-widget-tinymce textwidget\">\n\t<p><span style=\"color: #000000; text-align: left; font-family: helvetica, arial, sans-serif; font-weight: 900; font-style: normal; font-size: 32px;\">Como sua empresa pode fazer parceria com a Unidade Embrapii?<\/span><\/p>\n<p><span style=\"color: #000000; text-align: left; font-family: helvetica, arial, sans-serif; font-weight: 400; font-style: normal; font-size: 16px;\">A unidade InovaAgro possui experi\u00eancia no desenvolvimento de projetos de Pesquisa, Desenvolvimento &amp; Inova\u00e7\u00e3o (P, D &amp; I) e solu\u00e7\u00f5es inovadoras \u00e0 produ\u00e7\u00e3o agr\u00edcola, j\u00e1 contando com um portf\u00f3lio incluindo diversas empresas do setor do agroneg\u00f3cio ligadas \u00e0s compet\u00eancias anteriormente descritas. Possui um grande hist\u00f3rico em processos desenvolvidos, patenteados e transferidos.<\/span><\/p>\n<p><span style=\"color: #000000; text-align: left; font-family: helvetica, arial, sans-serif; font-weight: 400; font-style: normal; font-size: 16px;\">A agricultura brasileira tem como desafio evoluir de forma competitiva e sustent\u00e1vel para suprir a demanda crescente de fornecimento de produtos agr\u00edcolas, bem como de atender \u00e0s exig\u00eancias do mercado quanto \u00e0 qualidade dos produtos.<\/span><\/p>\n<\/div>\n<\/div><\/div><\/div><\/div><\/div><div id=\"pg-201-5\"  class=\"panel-grid panel-no-style\" ><div id=\"pgc-201-5-0\"  class=\"panel-grid-cell\" ><div id=\"panel-201-5-0-0\" class=\"so-panel widget widget_sow-editor panel-first-child panel-last-child\" data-index=\"11\" ><div\n\t\t\t\n\t\t\tclass=\"so-widget-sow-editor so-widget-sow-editor-base\"\n\t\t\t\n\t\t>\n<div class=\"siteorigin-widget-tinymce textwidget\">\n\t<p><span style=\"font-size: 32px; color: #066636; font-weight: bold;\">Acesse<\/span><\/p>\n<\/div>\n<\/div><\/div><\/div><\/div><div id=\"pg-201-6\"  class=\"panel-grid panel-no-style\" ><div id=\"pgc-201-6-0\"  class=\"panel-grid-cell\" ><div id=\"panel-201-6-0-0\" class=\"so-panel widget widget_sow-image panel-first-child panel-last-child\" data-index=\"12\" ><div\n\t\t\t\n\t\t\tclass=\"so-widget-sow-image so-widget-sow-image-default-8b5b6f678277-201\"\n\t\t\t\n\t\t>\n<div class=\"sow-image-container\">\n\t\t\t<a href=\"https:\/\/wp.ufpel.edu.br\/embrapii\/quem-somos\/infraestrutura\/\"\n\t\t\t\t\t>\n\t\t\t<img \n\tsrc=\"https:\/\/wp.ufpel.edu.br\/embrapii\/files\/2022\/06\/box-1234.png\" width=\"395\" height=\"230\" sizes=\"(max-width: 395px) 100vw, 395px\" alt=\"\" \t\tclass=\"so-widget-image\"\/>\n\t\t\t<\/a><\/div>\n\n<\/div><\/div><\/div><div id=\"pgc-201-6-1\"  class=\"panel-grid-cell\" ><div id=\"panel-201-6-1-0\" class=\"so-panel widget widget_sow-image panel-first-child panel-last-child\" data-index=\"13\" ><div\n\t\t\t\n\t\t\tclass=\"so-widget-sow-image so-widget-sow-image-default-8b5b6f678277-201\"\n\t\t\t\n\t\t>\n<div class=\"sow-image-container\">\n\t\t\t<a href=\"https:\/\/wp.ufpel.edu.br\/embrapii\/quem-somos\/equipe-tecnica\/\"\n\t\t\t\t\t>\n\t\t\t<img \n\tsrc=\"https:\/\/wp.ufpel.edu.br\/embrapii\/files\/2022\/06\/box-1235.png\" width=\"395\" height=\"230\" sizes=\"(max-width: 395px) 100vw, 395px\" alt=\"\" \t\tclass=\"so-widget-image\"\/>\n\t\t\t<\/a><\/div>\n\n<\/div><\/div><\/div><div id=\"pgc-201-6-2\"  class=\"panel-grid-cell\" ><div id=\"panel-201-6-2-0\" class=\"so-panel widget widget_sow-image panel-first-child panel-last-child\" data-index=\"14\" ><div\n\t\t\t\n\t\t\tclass=\"so-widget-sow-image so-widget-sow-image-default-8b5b6f678277-201\"\n\t\t\t\n\t\t>\n<div class=\"sow-image-container\">\n\t\t\t<a href=\"https:\/\/wp.ufpel.edu.br\/embrapii\/expertise\/\"\n\t\t\t\t\t>\n\t\t\t<img \n\tsrc=\"https:\/\/wp.ufpel.edu.br\/embrapii\/files\/2022\/06\/box-1236.png\" width=\"395\" height=\"230\" sizes=\"(max-width: 395px) 100vw, 395px\" alt=\"\" \t\tclass=\"so-widget-image\"\/>\n\t\t\t<\/a><\/div>\n\n<\/div><\/div><\/div><\/div><div id=\"pg-201-7\"  class=\"panel-grid panel-has-style\" ><div class=\"siteorigin-panels-stretch panel-row-style panel-row-style-for-201-7\" data-stretch-type=\"full\" ><div id=\"pgc-201-7-0\"  class=\"panel-grid-cell\" ><div id=\"panel-201-7-0-0\" class=\"so-panel widget widget_sow-editor panel-first-child panel-last-child\" data-index=\"15\" ><div\n\t\t\t\n\t\t\tclass=\"so-widget-sow-editor so-widget-sow-editor-base\"\n\t\t\t\n\t\t>\n<div class=\"siteorigin-widget-tinymce textwidget\">\n\t<p><span style=\"text-align: left; font-family: helvetica, arial, sans-serif; font-weight: 900; font-style: normal; font-size: 32px; color: #ffffff;\">Quer fazer parceria com a Unidade Embrapii?<\/span><\/p>\n<p><span style=\"text-align: left; font-family: helvetica, arial, sans-serif; font-weight: 400; font-style: normal; font-size: 16px; color: #ffffff;\">A unidade InovaAgro \u2013 Tecnologias para a Agricultura est\u00e1 focada no setor do agroneg\u00f3cio que \u00e9 um dos propulsores da economia brasileira.<\/span><\/p>\n<\/div>\n<\/div><\/div><\/div><div id=\"pgc-201-7-1\"  class=\"panel-grid-cell\" ><div id=\"panel-201-7-1-0\" class=\"so-panel widget widget_sow-button panel-first-child panel-last-child\" data-index=\"16\" ><div\n\t\t\t\n\t\t\tclass=\"so-widget-sow-button so-widget-sow-button-flat-f54c0409268f-201\"\n\t\t\t\n\t\t><div class=\"ow-button-base ow-button-align-center\"\n>\n\t\t\t<a\n\t\t\t\t\thref=\"https:\/\/wp.ufpel.edu.br\/embrapii\/fale-conosco\/\"\n\t\t\t\t\tclass=\"sowb-button ow-icon-placement-left ow-button-hover\" \t>\n\t\t<span>\n\t\t\t\n\t\t\tENTRE EM CONTATO\t\t<\/span>\n\t\t\t<\/a>\n\t<\/div>\n<\/div><\/div><\/div><\/div><\/div><\/div>","protected":false},"excerpt":{"rendered":"<p>\u00c1reas de Atua\u00e7\u00e3o<\/p>\n","protected":false},"author":1172,"featured_media":0,"parent":0,"menu_order":0,"comment_status":"closed","ping_status":"closed","template":"templates\/template-full-notitle.php","meta":{"footnotes":""},"class_list":["post-201","page","type-page","status-publish","hentry","post"],"_links":{"self":[{"href":"https:\/\/wp.ufpel.edu.br\/embrapii\/wp-json\/wp\/v2\/pages\/201","targetHints":{"allow":["GET"]}}],"collection":[{"href":"https:\/\/wp.ufpel.edu.br\/embrapii\/wp-json\/wp\/v2\/pages"}],"about":[{"href":"https:\/\/wp.ufpel.edu.br\/embrapii\/wp-json\/wp\/v2\/types\/page"}],"author":[{"embeddable":true,"href":"https:\/\/wp.ufpel.edu.br\/embrapii\/wp-json\/wp\/v2\/users\/1172"}],"replies":[{"embeddable":true,"href":"https:\/\/wp.ufpel.edu.br\/embrapii\/wp-json\/wp\/v2\/comments?post=201"}],"version-history":[{"count":102,"href":"https:\/\/wp.ufpel.edu.br\/embrapii\/wp-json\/wp\/v2\/pages\/201\/revisions"}],"predecessor-version":[{"id":973,"href":"https:\/\/wp.ufpel.edu.br\/embrapii\/wp-json\/wp\/v2\/pages\/201\/revisions\/973"}],"wp:attachment":[{"href":"https:\/\/wp.ufpel.edu.br\/embrapii\/wp-json\/wp\/v2\/media?parent=201"}],"curies":[{"name":"wp","href":"https:\/\/api.w.org\/{rel}","templated":true}]}}