{"id":96,"date":"2012-09-12T10:19:51","date_gmt":"2012-09-12T13:19:51","guid":{"rendered":"https:\/\/wp.ufpel.edu.br\/emadjr\/?page_id=96"},"modified":"2017-04-27T10:18:14","modified_gmt":"2017-04-27T13:18:14","slug":"mej","status":"publish","type":"page","link":"https:\/\/wp.ufpel.edu.br\/emadjr\/aempresa\/mej\/","title":{"rendered":"MEJ"},"content":{"rendered":"<h1 style=\"text-align: justify\"><span style=\"font-size: 12pt\"><strong><span style=\"color: #005481;font-family: helvetica, arial, sans-serif\">Movimento Empresa J\u00fanior (MEJ)<\/span><\/strong><\/span><\/h1>\n<p style=\"text-align: justify\"><span style=\"font-size: 12pt;font-family: helvetica, arial, sans-serif\">\u00a0 \u00a0 \u00a0 \u00a0 \u00a0 \u00a0 \u00a0 \u00a0 Empresas J\u00faniores (EJ) s\u00e3o empresas compostas e geridas por acad\u00eamicos que realizam projetos em suas \u00e1reas de gradua\u00e7\u00e3o, principalmente para micro e pequenas empresas. Caracterizam-se pela presta\u00e7\u00e3o de servi\u00e7os com custos diferenciados e de alta qualidade; t\u00eam a finalidade de proporcionar viv\u00eancias pr\u00e1ticas organizacionais aos empres\u00e1rios juniores. Tal atitude coloca a exist\u00eancia de uma EJ como sendo uma importante ferramenta que atua no desenvolvimento de uma regi\u00e3o, seja fomentando o crescimento da economia ou agindo como redutora de desigualdades sociais.<\/span><\/p>\n<h2 style=\"text-align: justify\"><span style=\"font-size: 12pt\"><strong><span style=\"color: #005481;font-family: helvetica, arial, sans-serif\">HIST\u00d3RICO<\/span><\/strong><\/span><\/h2>\n<h3 style=\"text-align: justify\"><span style=\"font-size: 12pt\"><strong><span style=\"color: #005481;font-family: helvetica, arial, sans-serif\">Internacional<\/span><\/strong><\/span><\/h3>\n<p style=\"text-align: justify\"><span style=\"font-size: 12pt;font-family: helvetica, arial, sans-serif\">\u00a0 \u00a0 \u00a0 \u00a0 \u00a0 \u00a0 \u00a0 \u00a0 \u00a0A primeira Empresa J\u00fanior surgiu na ESSEC (<em>L&#8217;Ecole Sup\u00e9rieure des Sciences Economiques et Commerciales de Paris<\/em>) no ano de 1967, em Paris na Fran\u00e7a. Os alunos criaram a <em>Junior<\/em>\u00a0<em>Entrerprise<\/em>, uma associa\u00e7\u00e3o que proporcionasse uma realidade empresarial e prestasse servi\u00e7os de consultoria para empresas de mercado. O conceito depois se espalhou entre as escolas de engenharia e administra\u00e7\u00e3o da Fran\u00e7a, em seguida pelas escolas de comunica\u00e7\u00e3o, agronomia e outras.<\/span><\/p>\n<h3 style=\"text-align: justify\"><span style=\"font-size: 12pt\"><strong><span style=\"color: #005481;font-family: helvetica, arial, sans-serif\">Nacional<\/span><\/strong><\/span><\/h3>\n<p style=\"text-align: justify\"><span style=\"font-size: 12pt;font-family: helvetica, arial, sans-serif\">\u00a0 \u00a0 \u00a0 \u00a0 \u00a0 \u00a0 \u00a0 \u00a0 \u00a0No Brasil, o conceito de Empresa J\u00fanior chega em 1988, atrav\u00e9s da C\u00e2mara e Com\u00e9rcio Franco-Brasileira. As duas primeiras Empresas Juniores foram criadas: Empresa J\u00fanior \u2013 FGV e J\u00fanior FAAP, respectivamente na Funda\u00e7\u00e3o Get\u00falio Vargas e na Funda\u00e7\u00e3o Armando \u00c1lvares Penteado. Em 1990, j\u00e1 existiam sete Empresas Juniores, que se uniram para fundar, no m\u00eas de junho, a FEJESP (Federa\u00e7\u00e3o das Empresas Juniores do Estado de S\u00e3o Paulo). Os seus principais objetivos eram: representar as Empresas Juniores Federadas, manter as Empresas fi\u00e9is e coerentes ao conceito inicial e garantir a unidade do Movimento. Em 1993, foi realizado o 1\u00ba Encontro Nacional de Empresas Juniores (ENEJ), na cidade de S\u00e3o Paulo. A partir de ent\u00e3o, diversas Federa\u00e7\u00f5es foram gradativamente criadas. Dentre elas a FEJERS (Federa\u00e7\u00e3o das Empresas Juniores do Estado do Rio Grande do Sul).<\/span><\/p>\n<h1 style=\"text-align: justify\"><span style=\"font-size: 12pt\"><strong><span style=\"color: #005481;font-family: helvetica, arial, sans-serif\">FEJERS<\/span><\/strong><\/span><\/h1>\n<p style=\"text-align: justify\"><span style=\"font-size: 12pt;font-family: helvetica, arial, sans-serif\">\u00a0 \u00a0 \u00a0 \u00a0 \u00a0 \u00a0 \u00a0 \u00a0O crescimento do Movimento J\u00fanior no Estado do Rio Grande do Sul, levou a cria\u00e7\u00e3o de uma entidade que representasse as Empresas Juniores; cabendo a fun\u00e7\u00e3o de coordenar e regulamentar as atividades das v\u00e1rias empresas existentes. Sendo assim, em 11 de novembro de 2000, foi fundada a FEJERS, Federa\u00e7\u00e3o das Empresas Juniores do Estado do Rio Grande do Sul, que representa uma vit\u00f3ria ao MEJ. A federa\u00e7\u00e3o vem a atuar junto a \u00f3rg\u00e3os p\u00fablicos e privados, sociedade em geral e autoridades governamentais para divulgar a ascens\u00e3o e o trabalho realizado pelas nossas Empresas Juniores em suas diferentes \u00e1reas de atua\u00e7\u00e3o.<\/span><\/p>\n<h1 style=\"text-align: justify\"><span style=\"font-size: 12pt\"><strong><span style=\"color: #005481;font-family: helvetica, arial, sans-serif\">Brasil J\u00fanior<\/span><\/strong><\/span><\/h1>\n<p style=\"text-align: justify\"><span style=\"font-size: 12pt;font-family: helvetica, arial, sans-serif\">\u00a0 \u00a0 \u00a0 \u00a0 \u00a0 \u00a0 \u00a0 \u00a0A Confedera\u00e7\u00e3o Brasileira de Empresas Juniores, tamb\u00e9m designada por Brasil J\u00fanior, \u00e9 a inst\u00e2ncia representativa do Movimento Empresa J\u00fanior do Brasil e foi fundada no dia 01 de agosto de 2003. \u00c9 uma pessoa jur\u00eddica de direito privado, associa\u00e7\u00e3o civil, sem fins econ\u00f4micos, com sede e foro na cidade de Bras\u00edlia, Distrito Federal.<\/span><br \/>\n<span style=\"font-size: 12pt;font-family: helvetica, arial, sans-serif\"> Maiores informa\u00e7\u00f5es:<span style=\"text-decoration: underline\"><span style=\"color: #0000ff;text-decoration: underline\">\u00a0<a href=\"http:\/\/www.brasiljunior.org.br\/\" target=\"_blank\" rel=\"noopener noreferrer\"><span style=\"color: #0000ff;text-decoration: underline\">www.brasiljunior.org.br<\/span><\/a><\/span><\/span><\/span><\/p>\n","protected":false},"excerpt":{"rendered":"<p>Movimento Empresa J\u00fanior (MEJ) \u00a0 \u00a0 \u00a0 \u00a0 \u00a0 \u00a0 \u00a0 \u00a0 Empresas J\u00faniores (EJ) s\u00e3o empresas compostas e geridas por acad\u00eamicos que realizam projetos em suas \u00e1reas de gradua\u00e7\u00e3o, principalmente para micro e pequenas empresas. Caracterizam-se pela presta\u00e7\u00e3o de servi\u00e7os com custos diferenciados e de alta qualidade; t\u00eam a finalidade de proporcionar viv\u00eancias pr\u00e1ticas &hellip; <\/p>\n<p class=\"link-more\"><a href=\"https:\/\/wp.ufpel.edu.br\/emadjr\/aempresa\/mej\/\" class=\"more-link\">Continue lendo<span class=\"screen-reader-text\"> &#8220;MEJ&#8221;<\/span><\/a><\/p>\n","protected":false},"author":208,"featured_media":0,"parent":2,"menu_order":3,"comment_status":"closed","ping_status":"closed","template":"","meta":{"jetpack_post_was_ever_published":false,"footnotes":""},"class_list":["post-96","page","type-page","status-publish","hentry"],"jetpack_sharing_enabled":true,"jetpack_shortlink":"https:\/\/wp.me\/P4EAiV-1y","publishpress_future_action":{"enabled":false,"date":"2026-05-17 22:26:19","action":"change-status","newStatus":"draft","terms":[],"taxonomy":"","extraData":[]},"publishpress_future_workflow_manual_trigger":{"enabledWorkflows":[]},"_links":{"self":[{"href":"https:\/\/wp.ufpel.edu.br\/emadjr\/wp-json\/wp\/v2\/pages\/96","targetHints":{"allow":["GET"]}}],"collection":[{"href":"https:\/\/wp.ufpel.edu.br\/emadjr\/wp-json\/wp\/v2\/pages"}],"about":[{"href":"https:\/\/wp.ufpel.edu.br\/emadjr\/wp-json\/wp\/v2\/types\/page"}],"author":[{"embeddable":true,"href":"https:\/\/wp.ufpel.edu.br\/emadjr\/wp-json\/wp\/v2\/users\/208"}],"replies":[{"embeddable":true,"href":"https:\/\/wp.ufpel.edu.br\/emadjr\/wp-json\/wp\/v2\/comments?post=96"}],"version-history":[{"count":11,"href":"https:\/\/wp.ufpel.edu.br\/emadjr\/wp-json\/wp\/v2\/pages\/96\/revisions"}],"predecessor-version":[{"id":947,"href":"https:\/\/wp.ufpel.edu.br\/emadjr\/wp-json\/wp\/v2\/pages\/96\/revisions\/947"}],"up":[{"embeddable":true,"href":"https:\/\/wp.ufpel.edu.br\/emadjr\/wp-json\/wp\/v2\/pages\/2"}],"wp:attachment":[{"href":"https:\/\/wp.ufpel.edu.br\/emadjr\/wp-json\/wp\/v2\/media?parent=96"}],"curies":[{"name":"wp","href":"https:\/\/api.w.org\/{rel}","templated":true}]}}