{"id":69,"date":"2012-09-12T09:56:28","date_gmt":"2012-09-12T12:56:28","guid":{"rendered":"https:\/\/wp.ufpel.edu.br\/emadjr\/?page_id=69"},"modified":"2017-12-05T10:05:37","modified_gmt":"2017-12-05T12:05:37","slug":"historia","status":"publish","type":"page","link":"https:\/\/wp.ufpel.edu.br\/emadjr\/aempresa\/historia\/","title":{"rendered":"Hist\u00f3ria"},"content":{"rendered":"<p style=\"text-align: justify\"><span style=\"font-size: 12pt;font-family: helvetica, arial, sans-serif\">\u00a0 \u00a0 \u00a0 \u00a0 \u00a0 \u00a0 \u00a0 \u00a0\u00a0A Empresa J\u00fanior do Curso de Administra\u00e7\u00e3o da UFPel \u2013 Emad Jr. foi criada no ano de 1999 na cidade de Pelotas. Na sua cria\u00e7\u00e3o tinha como nome ENE JR (Empresa de Novos Empreendedores), por\u00e9m, com a finalidade de definir claramente a sua \u00e1rea de atua\u00e7\u00e3o, o nome foi trocado para o que \u00e9 hoje: Emad Jr.<\/span><\/p>\n<p style=\"text-align: justify\"><span style=\"font-size: 12pt;font-family: helvetica, arial, sans-serif\">\u00a0 \u00a0 \u00a0 \u00a0 \u00a0 \u00a0 \u00a0 \u00a0 Logo no princ\u00edpio, come\u00e7ou a prestar servi\u00e7os para a Universidade e Comunidade de Pelotas e regi\u00e3o, crescendo muito rapidamente. Desde sua funda\u00e7\u00e3o a Emad Jr. participa ativamente do MEJ (Movimento Empresa Jr.), marcando presen\u00e7a nos encontros regionais e nacionais realizados, sempre com o intuito de buscar novas tecnologias e trocar experi\u00eancias com outras Empresas Juniores, objetivando a cont\u00ednua melhoria de seus servi\u00e7os prestados.<\/span><\/p>\n<p><a href=\"https:\/\/wp.ufpel.edu.br\/emadjr\/files\/2017\/12\/Hist\u00f3rico.png\"><img loading=\"lazy\" decoding=\"async\" class=\"aligncenter size-full wp-image-1135\" src=\"https:\/\/wp.ufpel.edu.br\/emadjr\/files\/2017\/12\/Hist\u00f3rico.png\" alt=\"\" width=\"1357\" height=\"300\" srcset=\"https:\/\/wp.ufpel.edu.br\/emadjr\/files\/2017\/12\/Hist\u00f3rico.png 1357w, https:\/\/wp.ufpel.edu.br\/emadjr\/files\/2017\/12\/Hist\u00f3rico-212x47.png 212w, https:\/\/wp.ufpel.edu.br\/emadjr\/files\/2017\/12\/Hist\u00f3rico-424x94.png 424w, https:\/\/wp.ufpel.edu.br\/emadjr\/files\/2017\/12\/Hist\u00f3rico-768x170.png 768w\" sizes=\"auto, (max-width: 706px) 89vw, (max-width: 767px) 82vw, 740px\" \/><\/a><\/p>\n<p style=\"text-align: justify\"><span style=\"font-size: 12pt;font-family: helvetica, arial, sans-serif\">\u00a0<\/span><\/p>\n","protected":false},"excerpt":{"rendered":"<p>\u00a0 \u00a0 \u00a0 \u00a0 \u00a0 \u00a0 \u00a0 \u00a0\u00a0A Empresa J\u00fanior do Curso de Administra\u00e7\u00e3o da UFPel \u2013 Emad Jr. foi criada no ano de 1999 na cidade de Pelotas. Na sua cria\u00e7\u00e3o tinha como nome ENE JR (Empresa de Novos Empreendedores), por\u00e9m, com a finalidade de definir claramente a sua \u00e1rea de atua\u00e7\u00e3o, o nome &hellip; <\/p>\n<p class=\"link-more\"><a href=\"https:\/\/wp.ufpel.edu.br\/emadjr\/aempresa\/historia\/\" class=\"more-link\">Continue lendo<span class=\"screen-reader-text\"> &#8220;Hist\u00f3ria&#8221;<\/span><\/a><\/p>\n","protected":false},"author":208,"featured_media":0,"parent":2,"menu_order":0,"comment_status":"closed","ping_status":"closed","template":"","meta":{"jetpack_post_was_ever_published":false,"footnotes":""},"class_list":["post-69","page","type-page","status-publish","hentry"],"jetpack_sharing_enabled":true,"jetpack_shortlink":"https:\/\/wp.me\/P4EAiV-17","publishpress_future_action":{"enabled":false,"date":"2026-05-16 03:03:02","action":"change-status","newStatus":"draft","terms":[],"taxonomy":"","extraData":[]},"publishpress_future_workflow_manual_trigger":{"enabledWorkflows":[]},"_links":{"self":[{"href":"https:\/\/wp.ufpel.edu.br\/emadjr\/wp-json\/wp\/v2\/pages\/69","targetHints":{"allow":["GET"]}}],"collection":[{"href":"https:\/\/wp.ufpel.edu.br\/emadjr\/wp-json\/wp\/v2\/pages"}],"about":[{"href":"https:\/\/wp.ufpel.edu.br\/emadjr\/wp-json\/wp\/v2\/types\/page"}],"author":[{"embeddable":true,"href":"https:\/\/wp.ufpel.edu.br\/emadjr\/wp-json\/wp\/v2\/users\/208"}],"replies":[{"embeddable":true,"href":"https:\/\/wp.ufpel.edu.br\/emadjr\/wp-json\/wp\/v2\/comments?post=69"}],"version-history":[{"count":12,"href":"https:\/\/wp.ufpel.edu.br\/emadjr\/wp-json\/wp\/v2\/pages\/69\/revisions"}],"predecessor-version":[{"id":1136,"href":"https:\/\/wp.ufpel.edu.br\/emadjr\/wp-json\/wp\/v2\/pages\/69\/revisions\/1136"}],"up":[{"embeddable":true,"href":"https:\/\/wp.ufpel.edu.br\/emadjr\/wp-json\/wp\/v2\/pages\/2"}],"wp:attachment":[{"href":"https:\/\/wp.ufpel.edu.br\/emadjr\/wp-json\/wp\/v2\/media?parent=69"}],"curies":[{"name":"wp","href":"https:\/\/api.w.org\/{rel}","templated":true}]}}