{"id":613,"date":"2014-07-29T19:29:18","date_gmt":"2014-07-29T22:29:18","guid":{"rendered":"https:\/\/wp.ufpel.edu.br\/emadjr\/?page_id=613"},"modified":"2018-04-18T09:50:49","modified_gmt":"2018-04-18T12:50:49","slug":"processo-seletivo","status":"publish","type":"page","link":"https:\/\/wp.ufpel.edu.br\/emadjr\/processo-seletivo\/","title":{"rendered":"Processo Seletivo"},"content":{"rendered":"<p><a href=\"https:\/\/wp.ufpel.edu.br\/emadjr\/files\/2018\/03\/Cartaz-PS-RGB-MULHER.jpg\"><img loading=\"lazy\" decoding=\"async\" class=\"aligncenter wp-image-1187 size-full\" src=\"https:\/\/wp.ufpel.edu.br\/emadjr\/files\/2018\/03\/Cartaz-PS-RGB-MULHER.jpg\" alt=\"\" width=\"3508\" height=\"4961\" \/><\/a>J\u00e1 estamos \u00e0 procura de novos consultores! Inscreva-se no Processo Seletivo Emad Jr.<\/p>\n<p>Buscamos pessoas dedicadas e dispostas a fazer a diferen\u00e7a em nossos projetos e consultorias! H\u00e1 vagas nas \u00e1reas de Finan\u00e7as, Gest\u00e3o de Pessoas e Marketing.<\/p>\n<p>Para participar do Processo Seletivo \u00e9 necess\u00e1rio estar regularmente matriculado nos cursos de Administra\u00e7\u00e3o, Gest\u00e3o P\u00fablica, Processos Gerenciais ou Turismo da UFPel.<\/p>\n<p>As inscri\u00e7\u00f5es come\u00e7am no dia 2<strong>0 e v\u00e3o at\u00e9 o dia 13\/04.<\/strong><\/p>\n<p>Surgiu alguma d\u00favida? Sinta-se a vontade para entrar em contato atrav\u00e9s do e-mail rh@emadjr.com.br.<\/p>\n<p><span style=\"color: #000080;font-size: 12pt\"><strong><a href=\"https:\/\/docs.google.com\/forms\/d\/e\/1FAIpQLSdD0PJQDk60O3EgFh6fuxRXQBi_lrHF4UZw3wa95Cdiv9duRg\/viewform\" target=\"_blank\" rel=\"noopener\">Clique aqui<\/a> <span style=\"color: #003366\">e inscreva-se!<\/span><\/strong><\/span><\/p>\n<p>&nbsp;<\/p>\n","protected":false},"excerpt":{"rendered":"<p>J\u00e1 estamos \u00e0 procura de novos consultores! Inscreva-se no Processo Seletivo Emad Jr. Buscamos pessoas dedicadas e dispostas a fazer a diferen\u00e7a em nossos projetos e consultorias! H\u00e1 vagas nas \u00e1reas de Finan\u00e7as, Gest\u00e3o de Pessoas e Marketing. Para participar do Processo Seletivo \u00e9 necess\u00e1rio estar regularmente matriculado nos cursos de Administra\u00e7\u00e3o, Gest\u00e3o P\u00fablica, Processos &hellip; <\/p>\n<p class=\"link-more\"><a href=\"https:\/\/wp.ufpel.edu.br\/emadjr\/processo-seletivo\/\" class=\"more-link\">Continue lendo<span class=\"screen-reader-text\"> &#8220;Processo Seletivo&#8221;<\/span><\/a><\/p>\n","protected":false},"author":208,"featured_media":0,"parent":0,"menu_order":12,"comment_status":"closed","ping_status":"closed","template":"","meta":{"jetpack_post_was_ever_published":false,"footnotes":""},"class_list":["post-613","page","type-page","status-publish","hentry"],"jetpack_sharing_enabled":true,"jetpack_shortlink":"https:\/\/wp.me\/P4EAiV-9T","publishpress_future_action":{"enabled":false,"date":"2026-04-23 01:01:58","action":"change-status","newStatus":"draft","terms":[],"taxonomy":"","extraData":[]},"publishpress_future_workflow_manual_trigger":{"enabledWorkflows":[]},"_links":{"self":[{"href":"https:\/\/wp.ufpel.edu.br\/emadjr\/wp-json\/wp\/v2\/pages\/613","targetHints":{"allow":["GET"]}}],"collection":[{"href":"https:\/\/wp.ufpel.edu.br\/emadjr\/wp-json\/wp\/v2\/pages"}],"about":[{"href":"https:\/\/wp.ufpel.edu.br\/emadjr\/wp-json\/wp\/v2\/types\/page"}],"author":[{"embeddable":true,"href":"https:\/\/wp.ufpel.edu.br\/emadjr\/wp-json\/wp\/v2\/users\/208"}],"replies":[{"embeddable":true,"href":"https:\/\/wp.ufpel.edu.br\/emadjr\/wp-json\/wp\/v2\/comments?post=613"}],"version-history":[{"count":28,"href":"https:\/\/wp.ufpel.edu.br\/emadjr\/wp-json\/wp\/v2\/pages\/613\/revisions"}],"predecessor-version":[{"id":1194,"href":"https:\/\/wp.ufpel.edu.br\/emadjr\/wp-json\/wp\/v2\/pages\/613\/revisions\/1194"}],"wp:attachment":[{"href":"https:\/\/wp.ufpel.edu.br\/emadjr\/wp-json\/wp\/v2\/media?parent=613"}],"curies":[{"name":"wp","href":"https:\/\/api.w.org\/{rel}","templated":true}]}}