{"id":407,"date":"2014-05-19T17:44:12","date_gmt":"2014-05-19T20:44:12","guid":{"rendered":"https:\/\/wp.ufpel.edu.br\/emadjr\/?page_id=407"},"modified":"2025-09-09T16:32:00","modified_gmt":"2025-09-09T19:32:00","slug":"home","status":"publish","type":"page","link":"https:\/\/wp.ufpel.edu.br\/emadjr\/","title":{"rendered":"Sobre N\u00f3s"},"content":{"rendered":"<p>&nbsp;<\/p>\n<p style=\"text-align: left;\"><strong><span style=\"font-size: 24pt; color: #032633;\">Somos a Emad Jr.<\/span><\/strong><\/p>\n<p style=\"text-align: justify;\">A Emad Jr. \u00e9 uma empresa j\u00fanior de consultoria empresarial formada por acad\u00eamicos dos cursos de Administra\u00e7\u00e3o, Gest\u00e3o P\u00fablica, Processos Gerenciais, Economia e Turismo da Universidade Federal de Pelotas. Desde 1999, oferecemos servi\u00e7os que visam solu\u00e7\u00f5es empresariais inteligentes para pequenas empresas de Pelotas e regi\u00e3o com custos diferenciados, sob a orienta\u00e7\u00e3o e apoio de docentes e profissionais especializados.\u00a0\u00a0Nosso objetivo \u00e9 construir um ambiente de trabalho moderno e flex\u00edvel que revele a originalidade e o talento dos nossos associados.<\/p>\n<p style=\"text-align: justify;\"><a href=\"https:\/\/wp.ufpel.edu.br\/emadjr\/files\/2025\/02\/cropped-SaveClip.App_470425210_18387748783103373_7626768971066524556_n.jpg\"><img loading=\"lazy\" decoding=\"async\" class=\"wp-image-1976\" src=\"https:\/\/wp.ufpel.edu.br\/emadjr\/files\/2025\/02\/cropped-SaveClip.App_470425210_18387748783103373_7626768971066524556_n.jpg\" alt=\"\" width=\"616\" height=\"370\" srcset=\"https:\/\/wp.ufpel.edu.br\/emadjr\/files\/2025\/02\/cropped-SaveClip.App_470425210_18387748783103373_7626768971066524556_n.jpg 2000w, https:\/\/wp.ufpel.edu.br\/emadjr\/files\/2025\/02\/cropped-SaveClip.App_470425210_18387748783103373_7626768971066524556_n-400x240.jpg 400w, https:\/\/wp.ufpel.edu.br\/emadjr\/files\/2025\/02\/cropped-SaveClip.App_470425210_18387748783103373_7626768971066524556_n-1024x614.jpg 1024w, https:\/\/wp.ufpel.edu.br\/emadjr\/files\/2025\/02\/cropped-SaveClip.App_470425210_18387748783103373_7626768971066524556_n-768x461.jpg 768w, https:\/\/wp.ufpel.edu.br\/emadjr\/files\/2025\/02\/cropped-SaveClip.App_470425210_18387748783103373_7626768971066524556_n-1536x922.jpg 1536w\" sizes=\"auto, (max-width: 616px) 100vw, 616px\" \/><\/a><\/p>\n<p>&nbsp;<\/p>\n","protected":false},"excerpt":{"rendered":"<p>&nbsp; Somos a Emad Jr. A Emad Jr. \u00e9 uma empresa j\u00fanior de consultoria empresarial formada por acad\u00eamicos dos cursos de Administra\u00e7\u00e3o, Gest\u00e3o P\u00fablica, Processos Gerenciais, Economia e Turismo da Universidade Federal de Pelotas. Desde 1999, oferecemos servi\u00e7os que visam solu\u00e7\u00f5es empresariais inteligentes para pequenas empresas de Pelotas e regi\u00e3o com custos diferenciados, sob a &hellip; <\/p>\n<p class=\"link-more\"><a href=\"https:\/\/wp.ufpel.edu.br\/emadjr\/\" class=\"more-link\">Continue lendo<span class=\"screen-reader-text\"> &#8220;Sobre N\u00f3s&#8221;<\/span><\/a><\/p>\n","protected":false},"author":208,"featured_media":0,"parent":0,"menu_order":0,"comment_status":"closed","ping_status":"closed","template":"","meta":{"jetpack_post_was_ever_published":false,"footnotes":""},"class_list":["post-407","page","type-page","status-publish","hentry"],"jetpack_sharing_enabled":true,"jetpack_shortlink":"https:\/\/wp.me\/P4EAiV-6z","publishpress_future_action":{"enabled":false,"date":"2026-04-24 02:37:21","action":"change-status","newStatus":"draft","terms":[],"taxonomy":"","extraData":[]},"publishpress_future_workflow_manual_trigger":{"enabledWorkflows":[]},"_links":{"self":[{"href":"https:\/\/wp.ufpel.edu.br\/emadjr\/wp-json\/wp\/v2\/pages\/407","targetHints":{"allow":["GET"]}}],"collection":[{"href":"https:\/\/wp.ufpel.edu.br\/emadjr\/wp-json\/wp\/v2\/pages"}],"about":[{"href":"https:\/\/wp.ufpel.edu.br\/emadjr\/wp-json\/wp\/v2\/types\/page"}],"author":[{"embeddable":true,"href":"https:\/\/wp.ufpel.edu.br\/emadjr\/wp-json\/wp\/v2\/users\/208"}],"replies":[{"embeddable":true,"href":"https:\/\/wp.ufpel.edu.br\/emadjr\/wp-json\/wp\/v2\/comments?post=407"}],"version-history":[{"count":3,"href":"https:\/\/wp.ufpel.edu.br\/emadjr\/wp-json\/wp\/v2\/pages\/407\/revisions"}],"predecessor-version":[{"id":2187,"href":"https:\/\/wp.ufpel.edu.br\/emadjr\/wp-json\/wp\/v2\/pages\/407\/revisions\/2187"}],"wp:attachment":[{"href":"https:\/\/wp.ufpel.edu.br\/emadjr\/wp-json\/wp\/v2\/media?parent=407"}],"curies":[{"name":"wp","href":"https:\/\/api.w.org\/{rel}","templated":true}]}}