{"id":73,"date":"2020-06-09T19:31:29","date_gmt":"2020-06-09T22:31:29","guid":{"rendered":"https:\/\/wp.ufpel.edu.br\/eleeko\/?page_id=73"},"modified":"2021-07-27T00:23:21","modified_gmt":"2021-07-27T03:23:21","slug":"eventos","status":"publish","type":"page","link":"https:\/\/wp.ufpel.edu.br\/eleeko\/eventos\/","title":{"rendered":"Eventos\/Cursos"},"content":{"rendered":"<h2>Redes Intelectuais: Epistemologias e Metodologias Negras, Descoloniais e Antirracistas<\/h2>\n<p><strong>Per\u00edodo de realiza\u00e7\u00e3o:<\/strong> de 25 de agosto a 01 de dezembro &#8211; todas as quartas-feiras<\/p>\n<p><strong>Hor\u00e1rio:<\/strong> das 18h30 \u00e0s 20h30<\/p>\n<p><strong>Per\u00edodo das inscri\u00e7\u00f5es:<\/strong> de 11 a 25 a agosto<\/p>\n<p><strong>Local:<\/strong> canal no <a href=\"https:\/\/www.youtube.com\/channel\/UCiZAp7vJONWwU1ck6Jqtbmw\">You Tube do \u00c9&#8217;l\u00e9\u00e9k\u00f2<\/a><\/p>\n<p><strong>Acesso o formul\u00e1rio e se inscreva:<\/strong> https:\/\/forms.gle\/H5poiAZN7YJCRE6cA<\/p>\n<h3><img class=\"alignnone size-medium wp-image-502\" src=\"https:\/\/wp.ufpel.edu.br\/eleeko\/files\/2021\/07\/card-1-400x400.jpeg\" alt=\"\" width=\"400\" height=\"400\" srcset=\"https:\/\/wp.ufpel.edu.br\/eleeko\/files\/2021\/07\/card-1-400x400.jpeg 400w, https:\/\/wp.ufpel.edu.br\/eleeko\/files\/2021\/07\/card-1-1024x1024.jpeg 1024w, https:\/\/wp.ufpel.edu.br\/eleeko\/files\/2021\/07\/card-1-200x200.jpeg 200w, https:\/\/wp.ufpel.edu.br\/eleeko\/files\/2021\/07\/card-1-768x768.jpeg 768w, https:\/\/wp.ufpel.edu.br\/eleeko\/files\/2021\/07\/card-1.jpeg 1280w\" sizes=\"(max-width: 400px) 100vw, 400px\" \/><\/h3>\n<p>&nbsp;<\/p>\n<h2>OL\u00d9\u1e62\u1ecc\u0301 \u2013 Guardi\u00e3s do Povo de Terreiro<\/h2>\n<p><strong>Per\u00edodo de realiza\u00e7\u00e3o:<\/strong>\u00a0de 5 de agosto a 11 de novembro de 2021, todas as quintas-feiras, das 17h \u00e0s 19h.<\/p>\n<p><strong>Carga hor\u00e1ria:<\/strong>\u00a060 horas\/aula na modalidade remota. As aulas ser\u00e3o realizadas de forma s\u00edncrona e ass\u00edncrona.<\/p>\n<p><strong>Per\u00edodo das inscri\u00e7\u00f5es:<\/strong>\u00a0de 02 de Julho a 15 de Julho.<\/p>\n<p><strong>Acesse o formul\u00e1rio e se inscreva:<\/strong>\u00a0<a href=\"https:\/\/forms.gle\/rr1js1bpD351YDyK7\">https:\/\/forms.gle\/rr1js1bpD351YDyK7<\/a><\/p>\n<p><img class=\"alignnone wp-image-389\" src=\"https:\/\/wp.ufpel.edu.br\/eleeko\/files\/2021\/07\/card-01-400x400.jpeg\" alt=\"\" width=\"324\" height=\"324\" srcset=\"https:\/\/wp.ufpel.edu.br\/eleeko\/files\/2021\/07\/card-01-400x400.jpeg 400w, https:\/\/wp.ufpel.edu.br\/eleeko\/files\/2021\/07\/card-01-1024x1024.jpeg 1024w, https:\/\/wp.ufpel.edu.br\/eleeko\/files\/2021\/07\/card-01-200x200.jpeg 200w, https:\/\/wp.ufpel.edu.br\/eleeko\/files\/2021\/07\/card-01-768x768.jpeg 768w, https:\/\/wp.ufpel.edu.br\/eleeko\/files\/2021\/07\/card-01.jpeg 1280w\" sizes=\"(max-width: 324px) 100vw, 324px\" \/>\u00a0 \u00a0 <img class=\"alignnone wp-image-391\" src=\"https:\/\/wp.ufpel.edu.br\/eleeko\/files\/2021\/07\/organizadoras-400x400.jpeg\" alt=\"\" width=\"324\" height=\"324\" srcset=\"https:\/\/wp.ufpel.edu.br\/eleeko\/files\/2021\/07\/organizadoras-400x400.jpeg 400w, https:\/\/wp.ufpel.edu.br\/eleeko\/files\/2021\/07\/organizadoras-1024x1024.jpeg 1024w, https:\/\/wp.ufpel.edu.br\/eleeko\/files\/2021\/07\/organizadoras-200x200.jpeg 200w, https:\/\/wp.ufpel.edu.br\/eleeko\/files\/2021\/07\/organizadoras-768x768.jpeg 768w, https:\/\/wp.ufpel.edu.br\/eleeko\/files\/2021\/07\/organizadoras.jpeg 1280w\" sizes=\"(max-width: 324px) 100vw, 324px\" \/><\/p>\n<h3><\/h3>\n<h2>A Matriz Africana: Epistemologias e Metodologias Negras, Descoloniais e Antirracistas<\/h2>\n<p>Data: de 22\/04\/2021 a 01\/07\/2021<\/p>\n<p>Hor\u00e1rio: 19h \u00e0s 21h<\/p>\n<p><img class=\"alignnone size-medium wp-image-355\" src=\"https:\/\/wp.ufpel.edu.br\/eleeko\/files\/2021\/06\/programacao-curso-2-400x224.jpg\" alt=\"\" width=\"400\" height=\"224\" srcset=\"https:\/\/wp.ufpel.edu.br\/eleeko\/files\/2021\/06\/programacao-curso-2-400x224.jpg 400w, https:\/\/wp.ufpel.edu.br\/eleeko\/files\/2021\/06\/programacao-curso-2-1024x574.jpg 1024w, https:\/\/wp.ufpel.edu.br\/eleeko\/files\/2021\/06\/programacao-curso-2-768x430.jpg 768w, https:\/\/wp.ufpel.edu.br\/eleeko\/files\/2021\/06\/programacao-curso-2-1536x861.jpg 1536w, https:\/\/wp.ufpel.edu.br\/eleeko\/files\/2021\/06\/programacao-curso-2-2048x1148.jpg 2048w\" sizes=\"(max-width: 400px) 100vw, 400px\" \/><\/p>\n<p>&nbsp;<\/p>\n<h2>Ciclo de Debates: O enfrentamento ao racismo religioso e o papel das delegacias especializadas em crimes raciais e de intoler\u00e2ncia<\/h2>\n<p>Data: 31\/03\/2021<\/p>\n<p>Hor\u00e1rio: 19h<\/p>\n<p>Local: <a href=\"https:\/\/www.youtube.com\/channel\/UCjHvhQjU2A90UIra4P0va3w\">YouTube RENAFRO Sa\u00fade Nacional<\/a><\/p>\n<p><img class=\"alignnone size-medium wp-image-354\" src=\"https:\/\/wp.ufpel.edu.br\/eleeko\/files\/2021\/06\/21-dias-de-ativismo-RENAFRO-2-400x400.jpeg\" alt=\"\" width=\"400\" height=\"400\" srcset=\"https:\/\/wp.ufpel.edu.br\/eleeko\/files\/2021\/06\/21-dias-de-ativismo-RENAFRO-2-400x400.jpeg 400w, https:\/\/wp.ufpel.edu.br\/eleeko\/files\/2021\/06\/21-dias-de-ativismo-RENAFRO-2-1024x1024.jpeg 1024w, https:\/\/wp.ufpel.edu.br\/eleeko\/files\/2021\/06\/21-dias-de-ativismo-RENAFRO-2-200x200.jpeg 200w, https:\/\/wp.ufpel.edu.br\/eleeko\/files\/2021\/06\/21-dias-de-ativismo-RENAFRO-2-768x768.jpeg 768w, https:\/\/wp.ufpel.edu.br\/eleeko\/files\/2021\/06\/21-dias-de-ativismo-RENAFRO-2.jpeg 1080w\" sizes=\"(max-width: 400px) 100vw, 400px\" \/><\/p>\n<h3><\/h3>\n<h2><strong>Ciclo de Debates: <\/strong><strong>Matriarcado, o lugar social das Mulheres de Ax\u00e9 e a luta do 8 de Mar\u00e7o<\/strong><\/h2>\n<p>Data: 12\/03\/2021<\/p>\n<p>Hor\u00e1rio: 19h<\/p>\n<p>Local: <a href=\"https:\/\/www.youtube.com\/channel\/UCjHvhQjU2A90UIra4P0va3w\">YouTube RENAFRO Sa\u00fade Nacional<\/a><\/p>\n<p><img class=\"alignnone size-medium wp-image-331\" src=\"https:\/\/wp.ufpel.edu.br\/eleeko\/files\/2021\/03\/CARD-RENAFRO-8M-2021--400x400.jpeg\" alt=\"\" width=\"400\" height=\"400\" srcset=\"https:\/\/wp.ufpel.edu.br\/eleeko\/files\/2021\/03\/CARD-RENAFRO-8M-2021--400x400.jpeg 400w, https:\/\/wp.ufpel.edu.br\/eleeko\/files\/2021\/03\/CARD-RENAFRO-8M-2021--1024x1024.jpeg 1024w, https:\/\/wp.ufpel.edu.br\/eleeko\/files\/2021\/03\/CARD-RENAFRO-8M-2021--200x200.jpeg 200w, https:\/\/wp.ufpel.edu.br\/eleeko\/files\/2021\/03\/CARD-RENAFRO-8M-2021--768x768.jpeg 768w, https:\/\/wp.ufpel.edu.br\/eleeko\/files\/2021\/03\/CARD-RENAFRO-8M-2021-.jpeg 1080w\" sizes=\"(max-width: 400px) 100vw, 400px\" \/><\/p>\n<p>&nbsp;<\/p>\n<h2><strong>Ciclo de Debates: <\/strong><strong>Vacina para Todes! RENAFRO Sa\u00fade &#8211; Cuidar \u00e9 nossa Tradi\u00e7\u00e3o!<\/strong><\/h2>\n<p>Data: 12\/03\/2021<\/p>\n<p>Hor\u00e1rio: 19h<\/p>\n<p>Local: <a href=\"https:\/\/www.youtube.com\/channel\/UCjHvhQjU2A90UIra4P0va3w\">YouTube RENAFRO Sa\u00fade Nacional<\/a><\/p>\n<p><img class=\"alignnone size-medium wp-image-338\" src=\"https:\/\/wp.ufpel.edu.br\/eleeko\/files\/2021\/03\/CARD-VACINA-PARA-TODES-400x400.jpg\" alt=\"\" width=\"400\" height=\"400\" srcset=\"https:\/\/wp.ufpel.edu.br\/eleeko\/files\/2021\/03\/CARD-VACINA-PARA-TODES-400x400.jpg 400w, https:\/\/wp.ufpel.edu.br\/eleeko\/files\/2021\/03\/CARD-VACINA-PARA-TODES-1024x1024.jpg 1024w, https:\/\/wp.ufpel.edu.br\/eleeko\/files\/2021\/03\/CARD-VACINA-PARA-TODES-200x200.jpg 200w, https:\/\/wp.ufpel.edu.br\/eleeko\/files\/2021\/03\/CARD-VACINA-PARA-TODES-768x768.jpg 768w, https:\/\/wp.ufpel.edu.br\/eleeko\/files\/2021\/03\/CARD-VACINA-PARA-TODES.jpg 1080w\" sizes=\"(max-width: 400px) 100vw, 400px\" \/><\/p>\n<p>&nbsp;<\/p>\n<h2><strong>IV Jornada do N\u00facleo de Estudos e Pesquisas \u00c9\u2019L\u00c9\u00c9KO: <\/strong><strong>Di\u00e1logos Pluriversos e as Encruzilhadas de (Re)Exist\u00eancias<\/strong><\/h2>\n<div>Data:\u00a0 02, 03, 09 e 10 de dezembro de 2020.<\/div>\n<div><\/div>\n<div>Inscri\u00e7\u00f5es: <a href=\"https:\/\/docs.google.com\/forms\/d\/e\/1FAIpQLSeneYVYRT5LmJPuyi5Hi_BrOox5rJMKUBp4NseLZ3jBvRmCjQ\/viewform\" target=\"_blank\" rel=\"noopener noreferrer\">Clica aqui<\/a><\/div>\n<div><\/div>\n<div>Confira a<a href=\"https:\/\/wp.ufpel.edu.br\/eleeko\/2020\/11\/30\/inscricoes-para-a-iv-jornada-do-nucleo-de-estudos-e-pesquisas-eleeko\/\" target=\"_blank\" rel=\"noopener noreferrer\"> programa\u00e7\u00e3o completa aqui<\/a>.<\/div>\n<div><img class=\"alignnone size-medium wp-image-293\" src=\"https:\/\/wp.ufpel.edu.br\/eleeko\/files\/2020\/11\/1-2-400x400.jpg\" alt=\"\" width=\"400\" height=\"400\" srcset=\"https:\/\/wp.ufpel.edu.br\/eleeko\/files\/2020\/11\/1-2-400x400.jpg 400w, https:\/\/wp.ufpel.edu.br\/eleeko\/files\/2020\/11\/1-2-200x200.jpg 200w, https:\/\/wp.ufpel.edu.br\/eleeko\/files\/2020\/11\/1-2.jpg 720w\" sizes=\"(max-width: 400px) 100vw, 400px\" \/><\/div>\n<div><\/div>\n<div><\/div>\n<div>&#8230;&#8230;&#8230;&#8230;&#8230;&#8230;&#8230;&#8230;&#8230;&#8230;&#8230;&#8230;&#8230;&#8230;&#8230;&#8230;&#8230;&#8230;&#8230;&#8230;&#8230;&#8230;&#8230;&#8230;&#8230;&#8230;&#8230;&#8230;&#8230;&#8230;&#8230;&#8230;&#8230;&#8230;&#8230;&#8230;&#8230;&#8230;&#8230;&#8230;&#8230;&#8230;&#8230;&#8230;&#8230;&#8230;&#8230;&#8230;&#8230;&#8230;&#8230;&#8230;&#8230;&#8230;&#8230;&#8230;&#8230;&#8230;&#8230;&#8230;&#8230;&#8230;&#8230;&#8230;&#8230;&#8230;&#8230;&#8230;&#8230;&#8230;&#8230;&#8230;&#8230;&#8230;&#8230;&#8230;..<\/div>\n<p>&nbsp;<\/p>\n<h2>Curso reflex\u00f5es na Pandemia: Metodologias e Epistemologias Negras, Descoloniais e Antirracistas<\/h2>\n<p>Data: de 25 de junho a 10 de setembro de 2020<\/p>\n<p>Inscri\u00e7\u00f5es at\u00e9 dia 23\/06 pelo link: <a href=\"https:\/\/forms.gle\/casMDRgXR9wCgq9j6\" target=\"_blank\" rel=\"noopener noreferrer\">https:\/\/forms.gle\/casMDRgXR9wCgq9j6<\/a><\/p>\n<p><img class=\"alignnone size-medium wp-image-321\" src=\"https:\/\/wp.ufpel.edu.br\/eleeko\/files\/2020\/12\/divulgacao-curso-Epistemologias-e-metodologias-negras-400x218.jpg\" alt=\"\" width=\"400\" height=\"218\" srcset=\"https:\/\/wp.ufpel.edu.br\/eleeko\/files\/2020\/12\/divulgacao-curso-Epistemologias-e-metodologias-negras-400x218.jpg 400w, https:\/\/wp.ufpel.edu.br\/eleeko\/files\/2020\/12\/divulgacao-curso-Epistemologias-e-metodologias-negras-1024x558.jpg 1024w, https:\/\/wp.ufpel.edu.br\/eleeko\/files\/2020\/12\/divulgacao-curso-Epistemologias-e-metodologias-negras-768x419.jpg 768w, https:\/\/wp.ufpel.edu.br\/eleeko\/files\/2020\/12\/divulgacao-curso-Epistemologias-e-metodologias-negras.jpg 1502w\" sizes=\"(max-width: 400px) 100vw, 400px\" \/><\/p>\n","protected":false},"excerpt":{"rendered":"<p>Redes Intelectuais: Epistemologias e Metodologias Negras, Descoloniais e Antirracistas Per\u00edodo de realiza\u00e7\u00e3o: de 25 de agosto a 01 de dezembro &#8211; todas as quartas-feiras Hor\u00e1rio: das 18h30 \u00e0s 20h30 Per\u00edodo das inscri\u00e7\u00f5es: de 11 a 25 a agosto Local: canal no You Tube do \u00c9&#8217;l\u00e9\u00e9k\u00f2 Acesso o formul\u00e1rio e se inscreva: https:\/\/forms.gle\/H5poiAZN7YJCRE6cA &nbsp; OL\u00d9\u1e62\u1ecc\u0301 \u2013 [&hellip;]<\/p>\n","protected":false},"author":1018,"featured_media":0,"parent":0,"menu_order":8,"comment_status":"closed","ping_status":"closed","template":"","meta":{"footnotes":""},"class_list":["post-73","page","type-page","status-publish","hentry"],"_links":{"self":[{"href":"https:\/\/wp.ufpel.edu.br\/eleeko\/wp-json\/wp\/v2\/pages\/73","targetHints":{"allow":["GET"]}}],"collection":[{"href":"https:\/\/wp.ufpel.edu.br\/eleeko\/wp-json\/wp\/v2\/pages"}],"about":[{"href":"https:\/\/wp.ufpel.edu.br\/eleeko\/wp-json\/wp\/v2\/types\/page"}],"author":[{"embeddable":true,"href":"https:\/\/wp.ufpel.edu.br\/eleeko\/wp-json\/wp\/v2\/users\/1018"}],"replies":[{"embeddable":true,"href":"https:\/\/wp.ufpel.edu.br\/eleeko\/wp-json\/wp\/v2\/comments?post=73"}],"version-history":[{"count":20,"href":"https:\/\/wp.ufpel.edu.br\/eleeko\/wp-json\/wp\/v2\/pages\/73\/revisions"}],"predecessor-version":[{"id":509,"href":"https:\/\/wp.ufpel.edu.br\/eleeko\/wp-json\/wp\/v2\/pages\/73\/revisions\/509"}],"wp:attachment":[{"href":"https:\/\/wp.ufpel.edu.br\/eleeko\/wp-json\/wp\/v2\/media?parent=73"}],"curies":[{"name":"wp","href":"https:\/\/api.w.org\/{rel}","templated":true}]}}