{"id":69,"date":"2020-06-09T19:30:23","date_gmt":"2020-06-09T22:30:23","guid":{"rendered":"https:\/\/wp.ufpel.edu.br\/eleeko\/?page_id=69"},"modified":"2021-07-03T03:07:24","modified_gmt":"2021-07-03T06:07:24","slug":"publicacoes","status":"publish","type":"page","link":"https:\/\/wp.ufpel.edu.br\/eleeko\/publicacoes\/","title":{"rendered":"Publica\u00e7\u00f5es"},"content":{"rendered":"<p>AVES, M\u00edriam Cristiane; COSTA, Eliane Silvia; CASTELAR, Marilda. Psicologias Antirracistas: Desafios Epistemol\u00f3gicos, Metodol\u00f3gicos e \u00c9tico-Pol\u00edticos. Psicologia: Ci\u00eancia e Profiss\u00e3o, 40 (Spe), 2020. Dispon\u00edvel em: <a href=\"https:\/\/www.scielo.br\/j\/pcp\/a\/qRJvQ7tSyvhYbgjHvD6dMBB\/?lang=pt\">https:\/\/www.scielo.br\/j\/pcp\/a\/qRJvQ7tSyvhYbgjHvD6dMBB\/?lang=pt<\/a><\/p>\n<p>ROSA, Evellyn Gon\u00e7alves da; ALVES, M\u00edriam Cristiane. Estilha\u00e7ando a M\u00e1scara do Silenciamento: Movimentos de (Re)Exist\u00eancia de Estudantes Negros\/Negras. Psicologia: Ci\u00eancia e Profiss\u00e3o, 40 (Spe), 2020. Dispon\u00edvel em: <a href=\"https:\/\/www.scielo.br\/j\/pcp\/a\/d5kWsM4mt5fPmjmPMPRYJKS\/?lang=pt#\">https:\/\/www.scielo.br\/j\/pcp\/a\/d5kWsM4mt5fPmjmPMPRYJKS\/?lang=pt#<\/a><\/p>\n<p>ALVES, M\u00edriam Cristiane; JESUS, Olorode \u00d2g\u00ecy\u00e1n K\u00e1l\u00e0f\u00f3 Jayro Pereira de (Orgs). A Matriz Africana: Epistemologias e metodologias negras, descoloniais e antirracistas (S\u00e9rie Pensamento Negro Descolonial).\u00a0 Porto Alegre: Rede UNIDA; 2020.\u00a0 216 p. Dispon\u00edvel em: <a href=\"https:\/\/editora.redeunida.org.br\/project\/a-matriz-africana-epistemologias-e-metodologias-negras-descoloniais-e-antirracistas\/\">https:\/\/editora.redeunida.org.br\/project\/a-matriz-africana-epistemologias-e-metodologias-negras-descoloniais-e-antirracistas\/<\/a><\/p>\n<p>ALVES, M\u00edriam Cristiane; ALVES, Alcione Correa Alves (Orgs). Epistemologias e metodologias negras, descoloniais e antirracistas (S\u00e9rie Pensamento Negro Descolonial).\u00a0 Porto Alegre: Rede UNIDA; 2020.\u00a0 213 p. Dispon\u00edvel em:\u00a0 <a href=\"https:\/\/editora.redeunida.org.br\/project\/epistemologias-e-metodologias-negras-descoloniais-e-antirracistas\/\" target=\"_blank\" rel=\"noopener noreferrer\">https:\/\/editora.redeunida.org.br\/project\/epistemologias-e-metodologias-negras-descoloniais-e-antirracistas\/<\/a><\/p>\n<p>ALVES, Miriam Cristiane. Sa\u00fade Mental da Popula\u00e7\u00e3o Negra: Reflex\u00f5es sobre uma Cl\u00ednica Pol\u00edtica Antirracista, Descolonial e Antimanicomial. In: M\u00e1rcio Mariath Belloc; K\u00e1rol Veiga Cabral; Ana Carolina Rios Simoni; Paula Em\u00edlia Adamy; Simone Alves de Almeida. (Org.). Sa\u00fade mental em campo: da Lei da reforma psiqui\u00e1trica ao cotidiano do cuidado. 1ed. Porto Alegre: Rede Unida, 2019, v. 1, p. 221-232. Dispon\u00edvel em: <a href=\"https:\/\/editora.redeunida.org.br\/project\/saude-mental-em-campo-da-lei-da-reforma-ao-cotidiano-do-cuidado\/\" target=\"_blank\" rel=\"noopener noreferrer\">https:\/\/editora.redeunida.org.br\/project\/saude-mental-em-campo-da-lei-da-reforma-ao-cotidiano-do-cuidado\/<\/a><\/p>\n<p>CLASEN, Suelen Lemons ;\u00a0ALVES, Miriam Cristiane . Mulheres que vivenciam o aprisionamento institucional: problematiza\u00e7\u00f5es sobre modos de (re)exist\u00eancia e de subvers\u00e3o \u00e0 colonialidade. In: N\u00facleo de Rela\u00e7\u00f5es Raciais, Conselho Regional de Psicologia do Rio Grande do Sul. (Org.). N\u00facleo de Rela\u00e7\u00f5es Raciais: percursos, hist\u00f3rias e movimentos. 1ed.Porto Alegre: CRPRS, 2019, v. 1, p. 119-128. Dispon\u00edvel em: <a href=\"http:\/\/www.crprs.org.br\/publicacoes\/nucleo-de-relacoes-raciais-percursos-historias-e-movimentos\" target=\"_blank\" rel=\"noopener noreferrer\">http:\/\/www.crprs.org.br\/publicacoes\/nucleo-de-relacoes-raciais-percursos-historias-e-movimentos<\/a><\/p>\n<p>AMARO, Tain\u00e1 Valente ;\u00a0ALVES, Miriam Cristiane ; MOLON, Susana In\u00eas . Trajet\u00f3rias e (re)exist\u00eancias de mulheres pretas psic\u00f3logas. In: N\u00facleo de Rela\u00e7\u00f5es Raciais, Conselho Regional de Psicologia do Rio Grande do Sul. (Org.). N\u00facleo de Rela\u00e7\u00f5es Raciais: percursos, hist\u00f3rias e movimentos. 1ed.Porto Alegre: CRPRS, 2019, v. 1, p. 28-48. Dispon\u00edvel em: <a href=\"http:\/\/www.crprs.org.br\/publicacoes\/nucleo-de-relacoes-raciais-percursos-historias-e-movimentos\" target=\"_blank\" rel=\"noopener noreferrer\">http:\/\/www.crprs.org.br\/publicacoes\/nucleo-de-relacoes-raciais-percursos-historias-e-movimentos<\/a><\/p>\n<p>ALVES, Miriam Cristiane; SEMINOTTI, Nedio\u00a0 JESUS, Jayro Pereira de. Produ\u00e7\u00e3o de Sa\u00fade em uma Comunidade Tradicional de Terreiro de Matriz Africana: o sujeito bio-m\u00edtico-social. Revista ABPN, v. 9, p. 194-222, 2017. Dispon\u00edvel em: <a href=\"http:\/\/guaiaca.ufpel.edu.br:8080\/handle\/prefix\/7349\">http:\/\/guaiaca.ufpel.edu.br:8080\/handle\/prefix\/7349<\/a><\/p>\n<p>ALVES, M\u00edriam Cristiane; JESUS, Jayro Pereira de; DIAZ, Luis Alberto Ferreira. Autodeclara\u00e7\u00e3o da Ra\u00e7a\/Cor no SUS: reflex\u00f5es conceituais a partir da campanha realizada pelo estado do Rio Grande do Sul. IDENTIDADE!, v. 22, p. 5-15, 2017. Dispon\u00edvel em: <a href=\"http:\/\/periodicos.est.edu.br\/index.php\/identidade\/article\/view\/3025\">http:\/\/periodicos.est.edu.br\/index.php\/identidade\/article\/view\/3025<\/a><\/p>\n<p>ALVES, M\u00edriam Cristiane; JESUS, Jayro Pereira de; SCHOLZ, Danielle. Paradigma da afrocentricidade e uma nova concep\u00e7\u00e3o de humanidade em sa\u00fade coletiva: reflex\u00f5es sobre a rela\u00e7\u00e3o entre sa\u00fade mental e racismo. SA\u00daDE EM DEBATE, v. 39, p. 869-880, 2015. Dispon\u00edvel em: <a href=\"https:\/\/www.scielo.br\/j\/sdeb\/a\/p9xtSXnTRfNXn4c8nFsRbpb\/abstract\/?lang=pt\">https:\/\/www.scielo.br\/j\/sdeb\/a\/p9xtSXnTRfNXn4c8nFsRbpb\/abstract\/?lang=pt<\/a><\/p>\n<p>&nbsp;<\/p>\n<p>&nbsp;<\/p>\n<p>&nbsp;<\/p>\n","protected":false},"excerpt":{"rendered":"<p>AVES, M\u00edriam Cristiane; COSTA, Eliane Silvia; CASTELAR, Marilda. Psicologias Antirracistas: Desafios Epistemol\u00f3gicos, Metodol\u00f3gicos e \u00c9tico-Pol\u00edticos. Psicologia: Ci\u00eancia e Profiss\u00e3o, 40 (Spe), 2020. Dispon\u00edvel em: https:\/\/www.scielo.br\/j\/pcp\/a\/qRJvQ7tSyvhYbgjHvD6dMBB\/?lang=pt ROSA, Evellyn Gon\u00e7alves da; ALVES, M\u00edriam Cristiane. Estilha\u00e7ando a M\u00e1scara do Silenciamento: Movimentos de (Re)Exist\u00eancia de Estudantes Negros\/Negras. Psicologia: Ci\u00eancia e Profiss\u00e3o, 40 (Spe), 2020. Dispon\u00edvel em: https:\/\/www.scielo.br\/j\/pcp\/a\/d5kWsM4mt5fPmjmPMPRYJKS\/?lang=pt# ALVES, M\u00edriam [&hellip;]<\/p>\n","protected":false},"author":1018,"featured_media":0,"parent":0,"menu_order":7,"comment_status":"closed","ping_status":"closed","template":"","meta":{"footnotes":""},"class_list":["post-69","page","type-page","status-publish","hentry"],"_links":{"self":[{"href":"https:\/\/wp.ufpel.edu.br\/eleeko\/wp-json\/wp\/v2\/pages\/69","targetHints":{"allow":["GET"]}}],"collection":[{"href":"https:\/\/wp.ufpel.edu.br\/eleeko\/wp-json\/wp\/v2\/pages"}],"about":[{"href":"https:\/\/wp.ufpel.edu.br\/eleeko\/wp-json\/wp\/v2\/types\/page"}],"author":[{"embeddable":true,"href":"https:\/\/wp.ufpel.edu.br\/eleeko\/wp-json\/wp\/v2\/users\/1018"}],"replies":[{"embeddable":true,"href":"https:\/\/wp.ufpel.edu.br\/eleeko\/wp-json\/wp\/v2\/comments?post=69"}],"version-history":[{"count":17,"href":"https:\/\/wp.ufpel.edu.br\/eleeko\/wp-json\/wp\/v2\/pages\/69\/revisions"}],"predecessor-version":[{"id":363,"href":"https:\/\/wp.ufpel.edu.br\/eleeko\/wp-json\/wp\/v2\/pages\/69\/revisions\/363"}],"wp:attachment":[{"href":"https:\/\/wp.ufpel.edu.br\/eleeko\/wp-json\/wp\/v2\/media?parent=69"}],"curies":[{"name":"wp","href":"https:\/\/api.w.org\/{rel}","templated":true}]}}