{"id":66,"date":"2020-06-09T19:27:43","date_gmt":"2020-06-09T22:27:43","guid":{"rendered":"https:\/\/wp.ufpel.edu.br\/eleeko\/?page_id=66"},"modified":"2021-07-03T03:23:27","modified_gmt":"2021-07-03T06:23:27","slug":"projetos","status":"publish","type":"page","link":"https:\/\/wp.ufpel.edu.br\/eleeko\/projetos\/","title":{"rendered":"Extens\u00e3o: Diz A\u00ed"},"content":{"rendered":"<h1>Diz A\u00ed: Cl\u00ednica Feminista e Antirracista<\/h1>\n<p>O projeto de extens\u00e3o \u201cDiz A\u00ed: Cl\u00ednica Feminista e Antirracista\u201d est\u00e1 sendo realizado em parceria com a Servi\u00e7o Escola de Psicologia da UFPel (SEP) e com o N\u00facleo de Apoio Psicopedag\u00f3gico (NUPAD) da Pr\u00f3-Reitoria de Assuntos Estudantis. Sua equipe \u00e9 formada pela professora coordenadora, por uma psic\u00f3loga da PRAE e por dois estudantes extensionistas volunt\u00e1rias\/os do curso de Psicologia.<\/p>\n<p>Desde 2017 o \u201cDiz A\u00ed\u201d vem se desafiado na constru\u00e7\u00e3o de uma Cl\u00ednica Feminista e Antirracista, por meio da qualifica\u00e7\u00e3o da escuta cl\u00ednica, da elabora\u00e7\u00e3o de estudos de casos e da constru\u00e7\u00e3o de estrat\u00e9gias de interven\u00e7\u00e3o e de cuidado desenvolvidas por estudantes do curso de Psicologia da UFPel junto ao p\u00fablico atendido: usu\u00e1rias\/os do Sistema \u00danico de Sa\u00fade (SUS) e estudantes de gradua\u00e7\u00e3o e p\u00f3s-gradua\u00e7\u00e3o vinculados \u00e0 universidade.<\/p>\n<p>O projeto tem contribu\u00eddo com o aprimoramento da escuta cl\u00ednica, frente ao racismo, sexismo e LGBTIA+fobia, enquanto elemento fundamental da pr\u00e1tica profissional em Psicologia; e tem possibilitado a produ\u00e7\u00e3o de conhecimentos sobre as viol\u00eancias no contempor\u00e2neo, sobretudo neste contexto de pandemia da COVID-19.<\/p>\n<p>O impacto social do projeto est\u00e1 na forma\u00e7\u00e3o t\u00e9cnico-cient\u00edfica, pessoal e social das\/dos estudantes do curso de Psicologia da UFPel e, sobretudo, no cuidado em sa\u00fade mental dispensado \u00e0 comunidade acad\u00eamica e \u00e0 comunidade pelotense enquanto espa\u00e7o diferenciado de escuta e acolhimento.<\/p>\n<p>Mais informa\u00e7\u00f5es, fale conosco pelo e-mail: <strong>grupoterapeutico.diz.ai@gmail.com<\/strong><\/p>\n<p>Conhe\u00e7a nossos grupos:<\/p>\n<h2><\/h2>\n<h2 style=\"text-align: left\">Grupo Terap\u00eautico: conversando sobre ra\u00e7a, g\u00eanero e Sexualidade<\/h2>\n<p style=\"text-align: center\"><img class=\"size-medium wp-image-416 alignleft\" src=\"https:\/\/wp.ufpel.edu.br\/eleeko\/files\/2021\/07\/diz-ai-p1-png-283x400.png\" alt=\"\" width=\"283\" height=\"400\" srcset=\"https:\/\/wp.ufpel.edu.br\/eleeko\/files\/2021\/07\/diz-ai-p1-png-283x400.png 283w, https:\/\/wp.ufpel.edu.br\/eleeko\/files\/2021\/07\/diz-ai-p1-png-724x1024.png 724w, https:\/\/wp.ufpel.edu.br\/eleeko\/files\/2021\/07\/diz-ai-p1-png-768x1086.png 768w, https:\/\/wp.ufpel.edu.br\/eleeko\/files\/2021\/07\/diz-ai-p1-png-1086x1536.png 1086w, https:\/\/wp.ufpel.edu.br\/eleeko\/files\/2021\/07\/diz-ai-p1-png-1448x2048.png 1448w\" sizes=\"(max-width: 283px) 100vw, 283px\" \/><\/p>\n<p style=\"text-align: center\">\u00a0 \u00a0 <img class=\"size-medium wp-image-417 alignleft\" src=\"https:\/\/wp.ufpel.edu.br\/eleeko\/files\/2021\/07\/diz-ai-p2-png-283x400.png\" alt=\"\" width=\"283\" height=\"400\" srcset=\"https:\/\/wp.ufpel.edu.br\/eleeko\/files\/2021\/07\/diz-ai-p2-png-283x400.png 283w, https:\/\/wp.ufpel.edu.br\/eleeko\/files\/2021\/07\/diz-ai-p2-png-724x1024.png 724w, https:\/\/wp.ufpel.edu.br\/eleeko\/files\/2021\/07\/diz-ai-p2-png-768x1086.png 768w, https:\/\/wp.ufpel.edu.br\/eleeko\/files\/2021\/07\/diz-ai-p2-png-1086x1536.png 1086w, https:\/\/wp.ufpel.edu.br\/eleeko\/files\/2021\/07\/diz-ai-p2-png-1448x2048.png 1448w\" sizes=\"(max-width: 283px) 100vw, 283px\" \/><\/p>\n<p>&nbsp;<\/p>\n<p>&nbsp;<\/p>\n<p>&nbsp;<\/p>\n<p>&nbsp;<\/p>\n<p>&nbsp;<\/p>\n<p>&nbsp;<\/p>\n<h2><\/h2>\n<h2><\/h2>\n<h2><\/h2>\n<h2>&#8230;&#8230;&#8230;&#8230;&#8230;&#8230;&#8230;&#8230;&#8230;&#8230;&#8230;&#8230;&#8230;&#8230;&#8230;&#8230;&#8230;&#8230;&#8230;&#8230;&#8230;&#8230;&#8230;&#8230;.<\/h2>\n<p>&nbsp;<\/p>\n<h2 style=\"text-align: left\">Rodas de Escuta e Autocuidado<\/h2>\n<p><img class=\"alignnone size-medium wp-image-418 alignleft\" src=\"https:\/\/wp.ufpel.edu.br\/eleeko\/files\/2021\/07\/card-diz-ai-rodas-de-autocuidado-400x400.jpeg\" alt=\"\" width=\"400\" height=\"400\" srcset=\"https:\/\/wp.ufpel.edu.br\/eleeko\/files\/2021\/07\/card-diz-ai-rodas-de-autocuidado-400x400.jpeg 400w, https:\/\/wp.ufpel.edu.br\/eleeko\/files\/2021\/07\/card-diz-ai-rodas-de-autocuidado-200x200.jpeg 200w, https:\/\/wp.ufpel.edu.br\/eleeko\/files\/2021\/07\/card-diz-ai-rodas-de-autocuidado-768x768.jpeg 768w, https:\/\/wp.ufpel.edu.br\/eleeko\/files\/2021\/07\/card-diz-ai-rodas-de-autocuidado.jpeg 1000w\" sizes=\"(max-width: 400px) 100vw, 400px\" \/><\/p>\n","protected":false},"excerpt":{"rendered":"<p>Diz A\u00ed: Cl\u00ednica Feminista e Antirracista O projeto de extens\u00e3o \u201cDiz A\u00ed: Cl\u00ednica Feminista e Antirracista\u201d est\u00e1 sendo realizado em parceria com a Servi\u00e7o Escola de Psicologia da UFPel (SEP) e com o N\u00facleo de Apoio Psicopedag\u00f3gico (NUPAD) da Pr\u00f3-Reitoria de Assuntos Estudantis. Sua equipe \u00e9 formada pela professora coordenadora, por uma psic\u00f3loga da PRAE [&hellip;]<\/p>\n","protected":false},"author":1018,"featured_media":0,"parent":0,"menu_order":5,"comment_status":"closed","ping_status":"closed","template":"","meta":{"footnotes":""},"class_list":["post-66","page","type-page","status-publish","hentry"],"_links":{"self":[{"href":"https:\/\/wp.ufpel.edu.br\/eleeko\/wp-json\/wp\/v2\/pages\/66","targetHints":{"allow":["GET"]}}],"collection":[{"href":"https:\/\/wp.ufpel.edu.br\/eleeko\/wp-json\/wp\/v2\/pages"}],"about":[{"href":"https:\/\/wp.ufpel.edu.br\/eleeko\/wp-json\/wp\/v2\/types\/page"}],"author":[{"embeddable":true,"href":"https:\/\/wp.ufpel.edu.br\/eleeko\/wp-json\/wp\/v2\/users\/1018"}],"replies":[{"embeddable":true,"href":"https:\/\/wp.ufpel.edu.br\/eleeko\/wp-json\/wp\/v2\/comments?post=66"}],"version-history":[{"count":11,"href":"https:\/\/wp.ufpel.edu.br\/eleeko\/wp-json\/wp\/v2\/pages\/66\/revisions"}],"predecessor-version":[{"id":423,"href":"https:\/\/wp.ufpel.edu.br\/eleeko\/wp-json\/wp\/v2\/pages\/66\/revisions\/423"}],"wp:attachment":[{"href":"https:\/\/wp.ufpel.edu.br\/eleeko\/wp-json\/wp\/v2\/media?parent=66"}],"curies":[{"name":"wp","href":"https:\/\/api.w.org\/{rel}","templated":true}]}}