{"id":56,"date":"2020-06-09T19:19:44","date_gmt":"2020-06-09T22:19:44","guid":{"rendered":"https:\/\/wp.ufpel.edu.br\/eleeko\/?page_id=56"},"modified":"2021-07-22T08:55:11","modified_gmt":"2021-07-22T11:55:11","slug":"discentes","status":"publish","type":"page","link":"https:\/\/wp.ufpel.edu.br\/eleeko\/discentes\/","title":{"rendered":"Estudantes"},"content":{"rendered":"<h4 style=\"text-align: left\"><strong>MAIARA SCHEILA FREITAS SANTOS<\/strong><\/h4>\n<p><img class=\"size-full wp-image-489 alignleft\" src=\"https:\/\/wp.ufpel.edu.br\/eleeko\/files\/2021\/07\/maiara.png\" alt=\"\" width=\"244\" height=\"220\" \/><\/p>\n<p>&nbsp;<\/p>\n<p style=\"text-align: left\">Acad\u00eamica de Psicologia pela UFPel. Projeto de Ensino &#8220;N\u00facleo de Estudos e Pesquisas \u00c9&#8217;L\u00c9\u00c9KO &#8211; Agenciamentos Epist\u00eamicos Antirracistas e Descoloniais&#8221;<\/p>\n<p style=\"text-align: left\">E-mail: mayscheila@gmail.com<\/p>\n<p>&nbsp;<\/p>\n<h4><\/h4>\n<h4><\/h4>\n<p>&nbsp;<\/p>\n<h4 style=\"text-align: left\"><strong>KIZZY LESSA COUTINHO VIT\u00d3RIA<\/strong><\/h4>\n<p><img class=\"size-full wp-image-478 alignleft\" src=\"https:\/\/wp.ufpel.edu.br\/eleeko\/files\/2021\/07\/kizzy.png\" alt=\"\" width=\"244\" height=\"220\" \/><\/p>\n<p>&nbsp;<\/p>\n<p style=\"text-align: left\">Acad\u00eamica de Psicologia pela UFPel. Projeto de Pesquisa\u00a0 &#8220;<span style=\"font-weight: 400\">Necropol\u00edtica e Popula\u00e7\u00e3o Negra: problematiza\u00e7\u00f5es sobre racismo e antirracismo e seus desdobramentos em tempos de pandemia e p\u00f3s-pandemia da COVID-19&#8243;<\/span><\/p>\n<p style=\"text-align: left\">E-mail: kcoutinhovitoria@gmail.com<\/p>\n<p>&nbsp;<\/p>\n<p>&nbsp;<\/p>\n<h4 style=\"text-align: left\"><strong>GEOVANA DA ROSA MACHADO<\/strong><\/h4>\n<p><img class=\"size-full wp-image-479 alignleft\" src=\"https:\/\/wp.ufpel.edu.br\/eleeko\/files\/2021\/07\/geovana.png\" alt=\"\" width=\"244\" height=\"220\" \/><\/p>\n<p>&nbsp;<\/p>\n<p style=\"text-align: left\">Acad\u00eamica de Psicologia pela UFPel. Projeto de Pesquisa\u00a0 &#8220;<span style=\"font-weight: 400\">Necropol\u00edtica e Popula\u00e7\u00e3o Negra: problematiza\u00e7\u00f5es sobre racismo e antirracismo e seus desdobramentos em tempos de pandemia e p\u00f3s-pandemia da COVID-19&#8243;<\/span><\/p>\n<p style=\"text-align: left\">E-mail: geovanadarosamachado@gmail.com<\/p>\n<p>&nbsp;<\/p>\n<p>&nbsp;<\/p>\n<h4 style=\"text-align: left\"><a href=\"http:\/\/lattes.cnpq.br\/9780686851621643\"><strong>PRISCILLA PINHEIRO LAMPAZZI<\/strong><\/a><\/h4>\n<p><img class=\"size-full wp-image-477 alignleft\" src=\"https:\/\/wp.ufpel.edu.br\/eleeko\/files\/2021\/07\/eu.png\" alt=\"\" width=\"244\" height=\"220\" \/><\/p>\n<p>&nbsp;<\/p>\n<p style=\"text-align: left\">Acad\u00eamica de Artes Visuais Licenciatura pela UFPel. Projeto de Extens\u00e3o &#8220;Programa de forma\u00e7\u00e3o para o enfrentamento ao Racismo Religioso&#8221;<\/p>\n<p style=\"text-align: left\">E-mail: priscillapinheiro@hotmail.com<\/p>\n<p>&nbsp;<\/p>\n<p>&nbsp;<\/p>\n<p>&nbsp;<\/p>\n<h4><strong>CRISTIANA VIGORITO<\/strong><\/h4>\n<p><img class=\"size-full wp-image-476 alignleft\" src=\"https:\/\/wp.ufpel.edu.br\/eleeko\/files\/2021\/07\/cris.png\" alt=\"\" width=\"244\" height=\"220\" \/><\/p>\n<p>&nbsp;<\/p>\n<p>Acad\u00eamica de Psicologia pela UFPel. Projeto de Extens\u00e3o &#8220;Programa de forma\u00e7\u00e3o para o enfrentamento ao Racismo Religioso&#8221;<\/p>\n<p>E-mail: vigoritocris@hotmail.com<\/p>\n<p>&nbsp;<\/p>\n<p>&nbsp;<\/p>\n<p>&nbsp;<\/p>\n<h4 style=\"text-align: left\"><a href=\"http:\/\/lattes.cnpq.br\/1704311688486069\"><strong>HELEN CARVALHO GOMES SOARES<\/strong><\/a><\/h4>\n<p><img class=\"size-full wp-image-490 alignleft\" src=\"https:\/\/wp.ufpel.edu.br\/eleeko\/files\/2021\/07\/helen.png\" alt=\"\" width=\"244\" height=\"220\" \/><\/p>\n<p>&nbsp;<\/p>\n<p style=\"text-align: left\">Acad\u00eamica de Psicologia pela UFPel. Projeto de Extens\u00e3o &#8220;Diz A\u00ed: Cl\u00ednica Feminista e Antirracista&#8221;<\/p>\n<p style=\"text-align: left\">E-mail: heelensoares@gmail.com<\/p>\n<p>&nbsp;<\/p>\n<h4><\/h4>\n<h4><\/h4>\n<p>&nbsp;<\/p>\n<h4 style=\"text-align: left\"><a href=\"http:\/\/lattes.cnpq.br\/5254622260391304\"><strong>DIEGO PORTELLA VIANA<\/strong><\/a><\/h4>\n<p style=\"text-align: left\"><img class=\"size-full wp-image-475 alignleft\" src=\"https:\/\/wp.ufpel.edu.br\/eleeko\/files\/2021\/07\/diego.png\" alt=\"\" width=\"244\" height=\"220\" \/><\/p>\n<p>&nbsp;<\/p>\n<p style=\"text-align: left\">Acad\u00eamico de Psicologia pela UFPel. Projeto de Extens\u00e3o &#8220;Diz A\u00ed: Cl\u00ednica Feminista e Antirracista&#8221;<\/p>\n<p style=\"text-align: left\">E-mail: diegoportella@gmail.com<\/p>\n<p>&nbsp;<\/p>\n","protected":false},"excerpt":{"rendered":"<p>MAIARA SCHEILA FREITAS SANTOS &nbsp; Acad\u00eamica de Psicologia pela UFPel. Projeto de Ensino &#8220;N\u00facleo de Estudos e Pesquisas \u00c9&#8217;L\u00c9\u00c9KO &#8211; Agenciamentos Epist\u00eamicos Antirracistas e Descoloniais&#8221; E-mail: mayscheila@gmail.com &nbsp; &nbsp; KIZZY LESSA COUTINHO VIT\u00d3RIA &nbsp; Acad\u00eamica de Psicologia pela UFPel. Projeto de Pesquisa\u00a0 &#8220;Necropol\u00edtica e Popula\u00e7\u00e3o Negra: problematiza\u00e7\u00f5es sobre racismo e antirracismo e seus desdobramentos em [&hellip;]<\/p>\n","protected":false},"author":1018,"featured_media":0,"parent":0,"menu_order":4,"comment_status":"closed","ping_status":"closed","template":"","meta":{"footnotes":""},"class_list":["post-56","page","type-page","status-publish","hentry"],"_links":{"self":[{"href":"https:\/\/wp.ufpel.edu.br\/eleeko\/wp-json\/wp\/v2\/pages\/56","targetHints":{"allow":["GET"]}}],"collection":[{"href":"https:\/\/wp.ufpel.edu.br\/eleeko\/wp-json\/wp\/v2\/pages"}],"about":[{"href":"https:\/\/wp.ufpel.edu.br\/eleeko\/wp-json\/wp\/v2\/types\/page"}],"author":[{"embeddable":true,"href":"https:\/\/wp.ufpel.edu.br\/eleeko\/wp-json\/wp\/v2\/users\/1018"}],"replies":[{"embeddable":true,"href":"https:\/\/wp.ufpel.edu.br\/eleeko\/wp-json\/wp\/v2\/comments?post=56"}],"version-history":[{"count":19,"href":"https:\/\/wp.ufpel.edu.br\/eleeko\/wp-json\/wp\/v2\/pages\/56\/revisions"}],"predecessor-version":[{"id":498,"href":"https:\/\/wp.ufpel.edu.br\/eleeko\/wp-json\/wp\/v2\/pages\/56\/revisions\/498"}],"wp:attachment":[{"href":"https:\/\/wp.ufpel.edu.br\/eleeko\/wp-json\/wp\/v2\/media?parent=56"}],"curies":[{"name":"wp","href":"https:\/\/api.w.org\/{rel}","templated":true}]}}