{"id":49,"date":"2020-06-09T19:17:17","date_gmt":"2020-06-09T22:17:17","guid":{"rendered":"https:\/\/wp.ufpel.edu.br\/eleeko\/?page_id=49"},"modified":"2021-07-03T03:28:16","modified_gmt":"2021-07-03T06:28:16","slug":"sobre-o-eleeko","status":"publish","type":"page","link":"https:\/\/wp.ufpel.edu.br\/eleeko\/sobre-o-eleeko\/","title":{"rendered":"O \u00c9&#8217;L\u00c9\u00c9KO"},"content":{"rendered":"<h1 style=\"text-align: center\"><strong>Bem-vindes ao site do <\/strong><\/h1>\n<h1 style=\"text-align: center\"><strong>N\u00facleo de Estudos e Pesquisas \u00c9&#8217;L\u00c9\u00c9KO!<\/strong><\/h1>\n<p>&nbsp;<\/p>\n<p style=\"text-align: center\"><strong><em>Essa p\u00e1gin<\/em><\/strong><strong><em>a tem o objetivo de divulgar as atividades desenvolvidas pelo N\u00facleo \u00c9&#8217;L\u00c9\u00c9KO, vinculado ao curso de Psicologia da UFPel e ao Programa de P\u00f3s-Gradua\u00e7\u00e3o em Psicologia Social e Institucional da UFRGS.<\/em><\/strong><\/p>\n<p>&nbsp;<\/p>\n<p style=\"text-align: justify\">O N\u00facleo de Estudos e Pesquisas \u00c9\u2019L\u00c9\u00c9KO objetiva conhecer, discutir e problematizar diferentes perspectivas te\u00f3ricas e pol\u00edticas em torno do antirracismo; estimular reflex\u00f5es sobre usos e interpreta\u00e7\u00f5es de matrizes do pensamento negro; provocar novos aquilombamentos intelectuais na produ\u00e7\u00e3o do conhecimento; integrar estudantes de gradua\u00e7\u00e3o e p\u00f3s grada\u00e7\u00e3o da UFPel e da UFRGS, bem como comunidade em geral a partir do tema antirracismo.<\/p>\n<p style=\"text-align: justify\">Se voc\u00ea quer participar de nossos encontros de estudos, se tens interesse em elaborar seu Trabalho de Conclus\u00e3o de Curso, Disserta\u00e7\u00e3o ou Tese a partir de nossas discuss\u00f5es, ou gostaria de mais informa\u00e7\u00f5es que n\u00e3o estejam na p\u00e1gina, basta comunicar-se pelo e-mail <strong>grupoeleeko@gmail.com<\/strong>.<\/p>\n<p style=\"text-align: justify\">Nossos encontros de estudos acontecem semanalmente, todas as ter\u00e7as feiras, em ambiente virtual, das 18h30 \u00e0s 20h00.<\/p>\n<p>&nbsp;<\/p>\n<h2>Nossa Hist\u00f3ria<\/h2>\n<p style=\"text-align: justify\">Criado em 2017, nas depend\u00eancias do curso de Psicologia da Universidade Federal de Pelotas (UFPel), o N\u00facleo de Estudos e Pesquisas \u00c9\u2019L\u00c9\u00c9KO passou a integrar o Programa de P\u00f3s Gradua\u00e7\u00e3o em Psicologia Social e Institucional da Universidade Federal do Rio Grande do Sul (UFRGS) em 2019. Atua em parceria com o Projeto de Pesquisa Teseu abrigado pelo NEABI Ifarad\u00e1, da Universidade Federal do Piau\u00ed (UFPI) e tem discutido, problematizado, teorizado, produzido interven\u00e7\u00f5es sobre epistemologias, metodologias e subjetividades negras no campo das ci\u00eancias humanas e da sa\u00fade, a partir do que vem chamado de Pensamento Negro Descolonial. Objetiva promover um espa\u00e7o de discuss\u00e3o e reflex\u00e3o que re\u00fana diferentes perspectivas te\u00f3ricas e pol\u00edticas em torno do antirracismo, cujos deslocamentos, desdobramentos e agenciamentos epist\u00eamicos t\u00eam o intuito de estimular reflex\u00f5es sobre nossos usos e interpreta\u00e7\u00f5es de matrizes do pensamento negro, assim como sobre a necessidade de forma\u00e7\u00e3o de novas redes intelectuais na produ\u00e7\u00e3o do conhecimento. O N\u00facleo \u00c9&#8217;L\u00c9\u00c9KO tem como pressuposto a ideia de que o lugar importa, considerando, por exemplo, o pensamento de \u00c9douard Glissant, Hill Collins, bell rooks, L\u00e9lia Gonzalez e Silvia Cusicanqui. Ou seja, o lugar desde o qual produzimos e difundimos conhecimento, o lugar desde o qual compreendemos e enunciamos o mundo, assim como o lugar desde o qual escutamos e apre(e)ndemos os diferentes lugares deste mesmo mundo.<\/p>\n<p style=\"text-align: justify\">Acompanhe nossa p\u00e1gina no <a href=\"https:\/\/www.facebook.com\/grupoeleeko\/\" target=\"_blank\" rel=\"noopener noreferrer\">facebook<\/a>.<\/p>\n<p style=\"text-align: justify\">Acompanhe nossa canal no <a href=\"https:\/\/www.youtube.com\/channel\/UCiZAp7vJONWwU1ck6Jqtbmw\">YouTube.<\/a><\/p>\n<p style=\"text-align: center\"><img class=\"alignnone wp-image-233\" src=\"https:\/\/wp.ufpel.edu.br\/eleeko\/files\/2020\/11\/logos-eleeko-ufpel-e-ufrgs-1-400x67.png\" alt=\"\" width=\"501\" height=\"84\" srcset=\"https:\/\/wp.ufpel.edu.br\/eleeko\/files\/2020\/11\/logos-eleeko-ufpel-e-ufrgs-1-400x67.png 400w, https:\/\/wp.ufpel.edu.br\/eleeko\/files\/2020\/11\/logos-eleeko-ufpel-e-ufrgs-1-1024x173.png 1024w, https:\/\/wp.ufpel.edu.br\/eleeko\/files\/2020\/11\/logos-eleeko-ufpel-e-ufrgs-1-768x129.png 768w, https:\/\/wp.ufpel.edu.br\/eleeko\/files\/2020\/11\/logos-eleeko-ufpel-e-ufrgs-1-1536x259.png 1536w, https:\/\/wp.ufpel.edu.br\/eleeko\/files\/2020\/11\/logos-eleeko-ufpel-e-ufrgs-1-600x101.png 600w, https:\/\/wp.ufpel.edu.br\/eleeko\/files\/2020\/11\/logos-eleeko-ufpel-e-ufrgs-1.png 1578w\" sizes=\"(max-width: 501px) 100vw, 501px\" \/><\/p>\n","protected":false},"excerpt":{"rendered":"<p>Bem-vindes ao site do N\u00facleo de Estudos e Pesquisas \u00c9&#8217;L\u00c9\u00c9KO! &nbsp; Essa p\u00e1gina tem o objetivo de divulgar as atividades desenvolvidas pelo N\u00facleo \u00c9&#8217;L\u00c9\u00c9KO, vinculado ao curso de Psicologia da UFPel e ao Programa de P\u00f3s-Gradua\u00e7\u00e3o em Psicologia Social e Institucional da UFRGS. &nbsp; O N\u00facleo de Estudos e Pesquisas \u00c9\u2019L\u00c9\u00c9KO objetiva conhecer, discutir e [&hellip;]<\/p>\n","protected":false},"author":1018,"featured_media":0,"parent":0,"menu_order":1,"comment_status":"closed","ping_status":"closed","template":"","meta":{"footnotes":""},"class_list":["post-49","page","type-page","status-publish","hentry"],"_links":{"self":[{"href":"https:\/\/wp.ufpel.edu.br\/eleeko\/wp-json\/wp\/v2\/pages\/49","targetHints":{"allow":["GET"]}}],"collection":[{"href":"https:\/\/wp.ufpel.edu.br\/eleeko\/wp-json\/wp\/v2\/pages"}],"about":[{"href":"https:\/\/wp.ufpel.edu.br\/eleeko\/wp-json\/wp\/v2\/types\/page"}],"author":[{"embeddable":true,"href":"https:\/\/wp.ufpel.edu.br\/eleeko\/wp-json\/wp\/v2\/users\/1018"}],"replies":[{"embeddable":true,"href":"https:\/\/wp.ufpel.edu.br\/eleeko\/wp-json\/wp\/v2\/comments?post=49"}],"version-history":[{"count":23,"href":"https:\/\/wp.ufpel.edu.br\/eleeko\/wp-json\/wp\/v2\/pages\/49\/revisions"}],"predecessor-version":[{"id":424,"href":"https:\/\/wp.ufpel.edu.br\/eleeko\/wp-json\/wp\/v2\/pages\/49\/revisions\/424"}],"wp:attachment":[{"href":"https:\/\/wp.ufpel.edu.br\/eleeko\/wp-json\/wp\/v2\/media?parent=49"}],"curies":[{"name":"wp","href":"https:\/\/api.w.org\/{rel}","templated":true}]}}