{"id":428,"date":"2021-07-08T11:19:30","date_gmt":"2021-07-08T14:19:30","guid":{"rendered":"https:\/\/wp.ufpel.edu.br\/eleeko\/?page_id=428"},"modified":"2021-07-08T11:19:30","modified_gmt":"2021-07-08T14:19:30","slug":"olu%e1%b9%a3o","status":"publish","type":"page","link":"https:\/\/wp.ufpel.edu.br\/eleeko\/olu%e1%b9%a3o\/","title":{"rendered":"OL\u00d9\u1e62\u1ecc\u0301"},"content":{"rendered":"<p><strong>OL\u00d9\u1e62\u1ecc\u0301 \u2013 Guardi\u00e3s do Povo de Terreiro <\/strong>\u00e9 um curso que integra o projeto de extens\u00e3o \u201cPrograma de forma\u00e7\u00e3o para o enfrentamento ao Racismo Religioso\u201d que nasce da necessidade de constru\u00e7\u00e3o de a\u00e7\u00f5es de forma\u00e7\u00e3o, de cuidado e de seguran\u00e7a do Povo de Terreiro para MULHERES DE AX\u00c9, haja vista o crescente n\u00famero de casos de viola\u00e7\u00e3o de direitos nas comunidades tradicionais de matriz africana.<\/p>\n<p>Trata-se de um projeto inovador com vistas a forma\u00e7\u00e3o de agentes multiplicadoras em seus territ\u00f3rios, promovido pela Rede Nacional de Religi\u00f5es Afro-Brasileiras e Sa\u00fade (RENAFRO Sa\u00fade), N\u00facleo de Estudos e Pesquisas E\u2019l\u00e9\u00e9k\u00f2 da UFPel\/UFRGS, Il\u00ea Omolu e Oxum (RJ) e Il\u00e9 \u00c0\u1e63\u1eb9 Iyem\u1ecdnj\u00e0 Omi Ol\u00f3d\u00f2 (RS), com apoio do Fundo Elas.<\/p>\n<p>A primeira edi\u00e7\u00e3o do curso de extens\u00e3o, OL\u00d9\u1e62\u1ecc\u0301 \u2013 Guardi\u00e3s do Povo de Terreiro, tem como foco mulheres cisg\u00eaneras e transg\u00eaneras vivenciadoras de alguma das tradi\u00e7\u00f5es de matriz africana no Brasil.<\/p>\n<p>Saiba mais acessando o site do Projeto: <a href=\"https:\/\/wp.ufpel.edu.br\/oluso\/\">https:\/\/wp.ufpel.edu.br\/oluso\/<\/a><\/p>\n","protected":false},"excerpt":{"rendered":"<p>OL\u00d9\u1e62\u1ecc\u0301 \u2013 Guardi\u00e3s do Povo de Terreiro \u00e9 um curso que integra o projeto de extens\u00e3o \u201cPrograma de forma\u00e7\u00e3o para o enfrentamento ao Racismo Religioso\u201d que nasce da necessidade de constru\u00e7\u00e3o de a\u00e7\u00f5es de forma\u00e7\u00e3o, de cuidado e de seguran\u00e7a do Povo de Terreiro para MULHERES DE AX\u00c9, haja vista o crescente n\u00famero de casos [&hellip;]<\/p>\n","protected":false},"author":1018,"featured_media":0,"parent":0,"menu_order":0,"comment_status":"closed","ping_status":"closed","template":"","meta":{"footnotes":""},"class_list":["post-428","page","type-page","status-publish","hentry"],"_links":{"self":[{"href":"https:\/\/wp.ufpel.edu.br\/eleeko\/wp-json\/wp\/v2\/pages\/428","targetHints":{"allow":["GET"]}}],"collection":[{"href":"https:\/\/wp.ufpel.edu.br\/eleeko\/wp-json\/wp\/v2\/pages"}],"about":[{"href":"https:\/\/wp.ufpel.edu.br\/eleeko\/wp-json\/wp\/v2\/types\/page"}],"author":[{"embeddable":true,"href":"https:\/\/wp.ufpel.edu.br\/eleeko\/wp-json\/wp\/v2\/users\/1018"}],"replies":[{"embeddable":true,"href":"https:\/\/wp.ufpel.edu.br\/eleeko\/wp-json\/wp\/v2\/comments?post=428"}],"version-history":[{"count":1,"href":"https:\/\/wp.ufpel.edu.br\/eleeko\/wp-json\/wp\/v2\/pages\/428\/revisions"}],"predecessor-version":[{"id":430,"href":"https:\/\/wp.ufpel.edu.br\/eleeko\/wp-json\/wp\/v2\/pages\/428\/revisions\/430"}],"wp:attachment":[{"href":"https:\/\/wp.ufpel.edu.br\/eleeko\/wp-json\/wp\/v2\/media?parent=428"}],"curies":[{"name":"wp","href":"https:\/\/api.w.org\/{rel}","templated":true}]}}