{"id":31,"date":"2019-07-29T17:45:24","date_gmt":"2019-07-29T20:45:24","guid":{"rendered":"https:\/\/wp.ufpel.edu.br\/elasnaciencia\/?page_id=31"},"modified":"2019-09-25T09:13:50","modified_gmt":"2019-09-25T12:13:50","slug":"programa-do-evento","status":"publish","type":"page","link":"https:\/\/wp.ufpel.edu.br\/elasnaciencia\/programa-do-evento\/","title":{"rendered":"Programa do evento"},"content":{"rendered":"<p style=\"text-align: justify\"><span style=\"color: #333333;font-family: georgia,palatino,serif;font-size: 12pt\"><strong>Quarta-feira, 25 de setembro &#8211; Bibliotheca P\u00fablica Pelotense<\/strong><\/span><\/p>\n<p style=\"text-align: justify\"><span style=\"color: #333333;font-family: georgia,palatino,serif;font-size: 12pt\"><em>Tarde\/Noite<\/em><\/span><\/p>\n<p><span style=\"color: #333333;font-family: georgia,palatino,serif;font-size: 12pt\">18h00 &#8211; 18h45 \u00a0 \u00a0 \u00a0 Credenciamento e entrega do material.<\/span><\/p>\n<p style=\"text-align: justify\"><span style=\"color: #333333;font-family: georgia,palatino,serif;font-size: 12pt\">19h00 &#8211; 19h15 \u00a0 \u00a0 \u00a0 Cerim\u00f4nia de abertura.<\/span><\/p>\n<p style=\"text-align: justify\"><span style=\"color: #333333;font-family: georgia,palatino,serif;font-size: 12pt\">19h15 &#8211; 20h15 \u00a0 \u00a0 \u00a0 Palestra de abertura: <em>\u201cElas na ci\u00eancia: desafios e perspectivas para a inclus\u00e3o de novos talentos\u201d<\/em>. Prof<sup>a<\/sup>. Dr<sup>a<\/sup>. M\u00e1rcia Barbosa (UFRGS).<\/span><\/p>\n<p style=\"text-align: justify\"><span style=\"color: #333333;font-family: georgia,palatino,serif;font-size: 12pt\">20h30 &#8211; 22h00\u00a0 \u00a0 \u00a0Coquetel de abertura.<\/span><\/p>\n<p style=\"text-align: justify\"><span style=\"color: #333333;font-family: georgia,palatino,serif;font-size: 12pt\"><strong>Quinta-feira, 26 de setembro &#8211; Audit\u00f3rio da Faculdade de Agronomia Eliseu Maciel (FAEM) &#8211; Campus Cap\u00e3o do Le\u00e3o, UFPel<\/strong><\/span><\/p>\n<p style=\"text-align: justify\"><span style=\"color: #333333;font-family: georgia,palatino,serif;font-size: 12pt\"><em>Manh\u00e3<\/em><\/span><\/p>\n<p style=\"text-align: justify\"><span style=\"color: #333333;font-family: georgia,palatino,serif;font-size: 12pt\">09h00 &#8211; 10h45\u00a0 \u00a0 \u00a0 Mesa redonda (1): <em>\u201cA\u00e7\u00f5es institucionais no contexto da inclus\u00e3o de g\u00eanero\u201d<\/em>. <span style=\"margin: 0px;line-height: 115%\">Prof. Dr. Fl\u00e1vio Demarco (Pr\u00f3-Reitor de Pesquisa e P\u00f3s-Gradua\u00e7\u00e3o &#8211; PRPPGI &#8211; UFPel); Prof<sup>a<\/sup>. Dr<sup>a<\/sup>. M\u00e1rcia Barbosa (Diretora da Academia Brasileira de Ci\u00eancias); Prof<sup>a<\/sup>. Dr<sup>a<\/sup>. Maysa Furlan (Coordenadora Adjunta da \u00c1rea de Qu\u00edmica\/ CAPES); Prof. Dr. Odir Dellagostin (Diretor Presidente da FAPERGS).<\/span><\/span><\/p>\n<p style=\"text-align: justify\"><span style=\"color: #333333;font-family: georgia,palatino,serif;font-size: 12pt\">10h45 &#8211; 11h00\u00a0 \u00a0 \u00a0 <em>Coffee Break.<\/em><\/span><\/p>\n<p style=\"text-align: justify\"><span style=\"color: #333333;font-family: georgia,palatino,serif;font-size: 12pt\">11h00 &#8211; 11h40\u00a0 \u00a0 \u00a0 \u00a0Mesa redonda (2): \u201c<em>Para mulheres na ci\u00eancia: impacto da premia\u00e7\u00e3o na carreira cient\u00edfica<\/em>\u201d. <span style=\"margin: 0px;line-height: 115%\">Prof<sup>a<\/sup>. Dr<sup>a<\/sup>. Ethel Wilhelm; Prof<sup>a<\/sup>. Dr<sup>a<\/sup>. Lucielli Savegnago; Prof<sup>a<\/sup>. Dr<sup>a<\/sup>. M\u00e1rcia Mesko; Prof<sup>a<\/sup>. Dr<sup>a<\/sup>. Mariana Vieira; Prof<sup>a<\/sup>. Dr<sup>a<\/sup>. Ros\u00e9lia Spanevello (UFPel).<\/span><\/span><\/p>\n<p style=\"text-align: justify\"><span style=\"color: #333333;font-family: georgia,palatino,serif;font-size: 12pt\">11h40 &#8211; 14h00\u00a0 \u00a0 \u00a0 \u00a0Intervalo para almo\u00e7o.<\/span><\/p>\n<p style=\"text-align: justify\"><span style=\"color: #333333;font-family: georgia,palatino,serif;font-size: 12pt\"><em>Tarde<\/em><\/span><\/p>\n<p style=\"text-align: justify\"><span style=\"color: #333333;font-family: georgia,palatino,serif;font-size: 12pt\">14h00 &#8211; 16h00\u00a0 \u00a0 \u00a0Mesa redonda (3): <em>\u201cEquidade de g\u00eanero na ci\u00eancia: desafios e perspectivas\u201d<\/em>. <span style=\"margin: 0px;line-height: 115%\">Prof<sup>a<\/sup>. Dr<sup>a<\/sup>. Cristina Nogueira (UFSM); Prof\u00aa. Dr\u00aa. Eliana Badiale Furlong (FURG); Prof<sup>a<\/sup>. Dr<sup>a<\/sup>. Laura Fonseca (UFSM); Prof<sup>a<\/sup>. Dr<sup>a<\/sup>. Vanderlan Bolzani (UNESP\/Araraquara).<\/span><\/span><\/p>\n<p style=\"text-align: justify\"><span style=\"color: #333333;font-family: georgia,palatino,serif;font-size: 12pt\">16h00 &#8211; 16h30\u00a0 \u00a0 \u00a0Palestra: \u201c<em>Parent in science: a maternidade e carreira cient\u00edfica<\/em>\u201d &#8211; Prof<sup>a<\/sup>. Dr<sup>a<\/sup>. Fernanda Staniscuaski (UFRGS)<\/span><\/p>\n<p style=\"text-align: justify\"><span style=\"color: #333333;font-family: georgia,palatino,serif;font-size: 12pt\">16h30 &#8211; 17h00\u00a0 \u00a0 \u00a0 <i>Coffee<\/i><i> Break.<\/i><\/span><\/p>\n<p style=\"text-align: justify\"><span style=\"color: #333333;font-family: georgia,palatino,serif;font-size: 12pt\">17h00 &#8211; 18h30\u00a0 \u00a0 \u00a0Mesa redonda (4): <em>\u201cJovens Cientistas da Regi\u00e3o Sul: desafios no contexto das ci\u00eancias da vida e exatas\u201d.<\/em> Prof<sup>a<\/sup>. Dr<sup>a<\/sup>. Hellen Stulzer (UFSC); Prof<sup>a<\/sup>. Dr<sup>a<\/sup>. Marina Prigol (UNIPAMPA); Prof<sup>a<\/sup>. Dr<sup>a<\/sup>. Paola Mello (UFSM); Prof<sup>a<\/sup>. Dr<sup>a<\/sup>.Marina Trevisan (UFRGS).<\/span><\/p>\n<p style=\"text-align: justify\"><span style=\"color: #333333;font-family: georgia,palatino,serif;font-size: 12pt\">18h30 &#8211; 18h45\u00a0 \u00a0 \u00a0Encerramento<\/span><\/p>\n","protected":false},"excerpt":{"rendered":"<p>Quarta-feira, 25 de setembro &#8211; Bibliotheca P\u00fablica Pelotense Tarde\/Noite 18h00 &#8211; 18h45 \u00a0 \u00a0 \u00a0 Credenciamento e entrega do material. 19h00 &#8211; 19h15 \u00a0 \u00a0 \u00a0 Cerim\u00f4nia&hellip; <span class=\"read-more\"><a class=\"more-link\" href=\"https:\/\/wp.ufpel.edu.br\/elasnaciencia\/programa-do-evento\/\" rel=\"bookmark\">Leia Mais <span class=\"screen-reader-text\">&#8220;Programa do evento&#8221;<\/span><\/a><\/span><\/p>\n","protected":false},"author":862,"featured_media":0,"parent":0,"menu_order":0,"comment_status":"closed","ping_status":"closed","template":"","meta":{"footnotes":""},"class_list":["post-31","page","type-page","status-publish","hentry"],"_links":{"self":[{"href":"https:\/\/wp.ufpel.edu.br\/elasnaciencia\/wp-json\/wp\/v2\/pages\/31","targetHints":{"allow":["GET"]}}],"collection":[{"href":"https:\/\/wp.ufpel.edu.br\/elasnaciencia\/wp-json\/wp\/v2\/pages"}],"about":[{"href":"https:\/\/wp.ufpel.edu.br\/elasnaciencia\/wp-json\/wp\/v2\/types\/page"}],"author":[{"embeddable":true,"href":"https:\/\/wp.ufpel.edu.br\/elasnaciencia\/wp-json\/wp\/v2\/users\/862"}],"replies":[{"embeddable":true,"href":"https:\/\/wp.ufpel.edu.br\/elasnaciencia\/wp-json\/wp\/v2\/comments?post=31"}],"version-history":[{"count":16,"href":"https:\/\/wp.ufpel.edu.br\/elasnaciencia\/wp-json\/wp\/v2\/pages\/31\/revisions"}],"predecessor-version":[{"id":270,"href":"https:\/\/wp.ufpel.edu.br\/elasnaciencia\/wp-json\/wp\/v2\/pages\/31\/revisions\/270"}],"wp:attachment":[{"href":"https:\/\/wp.ufpel.edu.br\/elasnaciencia\/wp-json\/wp\/v2\/media?parent=31"}],"curies":[{"name":"wp","href":"https:\/\/api.w.org\/{rel}","templated":true}]}}