{"id":14,"date":"2019-07-29T15:29:52","date_gmt":"2019-07-29T18:29:52","guid":{"rendered":"https:\/\/wp.ufpel.edu.br\/elasnaciencia\/?page_id=14"},"modified":"2019-10-24T18:14:43","modified_gmt":"2019-10-24T21:14:43","slug":"comites","status":"publish","type":"page","link":"https:\/\/wp.ufpel.edu.br\/elasnaciencia\/comites\/","title":{"rendered":"Comit\u00eas"},"content":{"rendered":"<p><strong>Coordena\u00e7\u00e3o:<\/strong><\/p>\n<p><a href=\"https:\/\/wp.ufpel.edu.br\/elasnaciencia\/files\/2019\/08\/marcia-827x1024.png\"><img loading=\"lazy\" decoding=\"async\" class=\"alignleft size-pique-logo wp-image-77\" src=\"https:\/\/wp.ufpel.edu.br\/elasnaciencia\/files\/2019\/08\/marcia-827x1024-162x200.png\" alt=\"\" width=\"162\" height=\"200\" srcset=\"https:\/\/wp.ufpel.edu.br\/elasnaciencia\/files\/2019\/08\/marcia-827x1024-162x200.png 162w, https:\/\/wp.ufpel.edu.br\/elasnaciencia\/files\/2019\/08\/marcia-827x1024-323x400.png 323w, https:\/\/wp.ufpel.edu.br\/elasnaciencia\/files\/2019\/08\/marcia-827x1024-768x951.png 768w, https:\/\/wp.ufpel.edu.br\/elasnaciencia\/files\/2019\/08\/marcia-827x1024.png 827w\" sizes=\"auto, (max-width: 162px) 100vw, 162px\" \/><\/a><\/p>\n<p><span style=\"color: #000000\">Prof.\u00aa Dr.\u00aa M\u00e1rcia Foster Mesko<\/span><\/p>\n<p><span style=\"color: #000000\">email: marciamesko@yahoo.com.br<\/span><\/p>\n<p><span style=\"color: #333333\"><a style=\"color: #333333\" href=\"http:\/\/lattes.cnpq.br\/2461255030745891\" target=\"_blank\" rel=\"noopener noreferrer\">Curr\u00edculo Lattes<\/a><\/span><\/p>\n<p>&nbsp;<\/p>\n<p>&nbsp;<\/p>\n<p>&nbsp;<\/p>\n<p><a href=\"https:\/\/wp.ufpel.edu.br\/elasnaciencia\/files\/2019\/08\/ethel-1.jpg\"><img loading=\"lazy\" decoding=\"async\" class=\"alignleft size-pique-logo wp-image-80\" src=\"https:\/\/wp.ufpel.edu.br\/elasnaciencia\/files\/2019\/08\/ethel-1-161x200.jpg\" alt=\"\" width=\"161\" height=\"200\" \/><\/a><\/p>\n<p><span style=\"color: #000000\">Prof.\u00aa Dr.\u00aa Ethel Antunes Wilhelm<\/span><\/p>\n<p><span style=\"color: #000000\">email: ethelwilhelm@yahoo.com.br<\/span><\/p>\n<p><span style=\"color: #333333\"><a style=\"color: #333333\" href=\"http:\/\/lattes.cnpq.br\/2247558205680051\" target=\"_blank\" rel=\"noopener noreferrer\">Curr\u00edculo Lattes<\/a><\/span><\/p>\n<p>&nbsp;<\/p>\n<p>&nbsp;<\/p>\n<p>&nbsp;<\/p>\n<p><a href=\"https:\/\/wp.ufpel.edu.br\/elasnaciencia\/files\/2019\/08\/pri-1.jpg\"><img loading=\"lazy\" decoding=\"async\" class=\"alignleft size-pique-logo wp-image-81\" src=\"https:\/\/wp.ufpel.edu.br\/elasnaciencia\/files\/2019\/08\/pri-1-161x200.jpg\" alt=\"\" width=\"161\" height=\"200\" srcset=\"https:\/\/wp.ufpel.edu.br\/elasnaciencia\/files\/2019\/08\/pri-1-161x200.jpg 161w, https:\/\/wp.ufpel.edu.br\/elasnaciencia\/files\/2019\/08\/pri-1-323x400.jpg 323w, https:\/\/wp.ufpel.edu.br\/elasnaciencia\/files\/2019\/08\/pri-1.jpg 581w\" sizes=\"auto, (max-width: 161px) 100vw, 161px\" \/><\/a><span style=\"color: #000000\">Dr.\u00aa Priscila Tessmer Scaglioni<\/span><\/p>\n<p><span style=\"color: #000000\">email: priscilascaglioni@gmail.com<\/span><\/p>\n<p><span style=\"color: #333333\"><a style=\"color: #333333\" href=\"http:\/\/lattes.cnpq.br\/6539033058330101\" target=\"_blank\" rel=\"noopener noreferrer\">Curr\u00edculo Lattes<\/a><\/span><\/p>\n<p>&nbsp;<\/p>\n<p>&nbsp;<\/p>\n<p>&nbsp;<\/p>\n<p>&nbsp;<\/p>\n<p><strong>Comiss\u00e3o organizadora:<\/strong><\/p>\n<p>Professoras:<\/p>\n<p><a href=\"https:\/\/wp.ufpel.edu.br\/elasnaciencia\/files\/2019\/09\/Cristiani-bortolatto-e1568035424489.jpg\"><img loading=\"lazy\" decoding=\"async\" class=\"alignleft size-thumbnail wp-image-168\" src=\"https:\/\/wp.ufpel.edu.br\/elasnaciencia\/files\/2019\/09\/Cristiani-bortolatto-e1568035424489-200x200.jpg\" alt=\"\" width=\"200\" height=\"200\" srcset=\"https:\/\/wp.ufpel.edu.br\/elasnaciencia\/files\/2019\/09\/Cristiani-bortolatto-e1568035424489-200x200.jpg 200w, https:\/\/wp.ufpel.edu.br\/elasnaciencia\/files\/2019\/09\/Cristiani-bortolatto-e1568035424489-280x280.jpg 280w, https:\/\/wp.ufpel.edu.br\/elasnaciencia\/files\/2019\/09\/Cristiani-bortolatto-e1568035424489-100x100.jpg 100w\" sizes=\"auto, (max-width: 200px) 100vw, 200px\" \/><\/a>Prof.\u00aa Dr.\u00aa Cristiani Folharini Bortolatto<\/p>\n<p><a href=\"http:\/\/lattes.cnpq.br\/8879481124489885\">Curr\u00edculo Lattes<\/a><\/p>\n<p>&nbsp;<\/p>\n<p>&nbsp;<\/p>\n<p>&nbsp;<\/p>\n<p>&nbsp;<\/p>\n<p><a href=\"https:\/\/wp.ufpel.edu.br\/elasnaciencia\/files\/2019\/09\/roselia-spanevello3.png\"><img loading=\"lazy\" decoding=\"async\" class=\"alignleft size-thumbnail wp-image-141\" src=\"https:\/\/wp.ufpel.edu.br\/elasnaciencia\/files\/2019\/09\/roselia-spanevello3-200x200.png\" alt=\"\" width=\"200\" height=\"200\" srcset=\"https:\/\/wp.ufpel.edu.br\/elasnaciencia\/files\/2019\/09\/roselia-spanevello3-200x200.png 200w, https:\/\/wp.ufpel.edu.br\/elasnaciencia\/files\/2019\/09\/roselia-spanevello3-100x100.png 100w\" sizes=\"auto, (max-width: 200px) 100vw, 200px\" \/><\/a>Prof.\u00aa Dr.\u00aa Roselia Maria Spanevello<\/p>\n<p><a href=\"http:\/\/lattes.cnpq.br\/3446031341157893\">Curr\u00edculo Lattes<\/a><\/p>\n<p>&nbsp;<\/p>\n<p>&nbsp;<\/p>\n<p>&nbsp;<\/p>\n<p>&nbsp;<\/p>\n<p>Alunas(os) de doutorado:<\/p>\n<p><a href=\"https:\/\/wp.ufpel.edu.br\/elasnaciencia\/files\/2019\/09\/angelica-reis.jpg\"><img loading=\"lazy\" decoding=\"async\" class=\"alignleft size-thumbnail wp-image-178\" src=\"https:\/\/wp.ufpel.edu.br\/elasnaciencia\/files\/2019\/09\/angelica-reis-200x200.jpg\" alt=\"\" width=\"200\" height=\"200\" srcset=\"https:\/\/wp.ufpel.edu.br\/elasnaciencia\/files\/2019\/09\/angelica-reis-200x200.jpg 200w, https:\/\/wp.ufpel.edu.br\/elasnaciencia\/files\/2019\/09\/angelica-reis-100x100.jpg 100w\" sizes=\"auto, (max-width: 200px) 100vw, 200px\" \/><\/a>MSc. Ang\u00e9lica Schiavom dos Reis<\/p>\n<p><a href=\"http:\/\/lattes.cnpq.br\/2552577806175093\">Curr\u00edculo Lattes<\/a><\/p>\n<p>&nbsp;<\/p>\n<p>&nbsp;<\/p>\n<p>&nbsp;<\/p>\n<p>&nbsp;<\/p>\n<p><a href=\"https:\/\/wp.ufpel.edu.br\/elasnaciencia\/files\/2019\/09\/carolina-martins-e1568040078366.jpg\"><img loading=\"lazy\" decoding=\"async\" class=\"alignleft wp-image-175\" src=\"https:\/\/wp.ufpel.edu.br\/elasnaciencia\/files\/2019\/09\/carolina-martins-e1568040078366.jpg\" alt=\"\" width=\"193\" height=\"210\" \/><\/a><\/p>\n<p>MSc. Carolina Crist\u00f3v\u00e3o Martins<\/p>\n<p><a href=\"http:\/\/lattes.cnpq.br\/6212104164789452\">Curr\u00edculo Lattes<\/a><\/p>\n<p>&nbsp;<\/p>\n<p>&nbsp;<\/p>\n<p>&nbsp;<\/p>\n<p>&nbsp;<\/p>\n<p><a href=\"https:\/\/wp.ufpel.edu.br\/elasnaciencia\/files\/2019\/09\/julia-mello.png\"><img loading=\"lazy\" decoding=\"async\" class=\"alignleft size-thumbnail wp-image-158\" src=\"https:\/\/wp.ufpel.edu.br\/elasnaciencia\/files\/2019\/09\/julia-mello-200x200.png\" alt=\"\" width=\"200\" height=\"200\" srcset=\"https:\/\/wp.ufpel.edu.br\/elasnaciencia\/files\/2019\/09\/julia-mello-200x200.png 200w, https:\/\/wp.ufpel.edu.br\/elasnaciencia\/files\/2019\/09\/julia-mello-280x280.png 280w, https:\/\/wp.ufpel.edu.br\/elasnaciencia\/files\/2019\/09\/julia-mello-100x100.png 100w\" sizes=\"auto, (max-width: 200px) 100vw, 200px\" \/><\/a>MSc. Julia Eisenhardt de Mello<\/p>\n<p><a href=\"http:\/\/lattes.cnpq.br\/2271536005202373\">Curr\u00edculo Lattes<\/a><\/p>\n<p>&nbsp;<\/p>\n<p>&nbsp;<\/p>\n<p>&nbsp;<\/p>\n<p>&nbsp;<\/p>\n<p><a href=\"https:\/\/wp.ufpel.edu.br\/elasnaciencia\/files\/2019\/09\/juliane-cardoso.png\"><img loading=\"lazy\" decoding=\"async\" class=\"alignleft size-thumbnail wp-image-159\" src=\"https:\/\/wp.ufpel.edu.br\/elasnaciencia\/files\/2019\/09\/juliane-cardoso-200x200.png\" alt=\"\" width=\"200\" height=\"200\" srcset=\"https:\/\/wp.ufpel.edu.br\/elasnaciencia\/files\/2019\/09\/juliane-cardoso-200x200.png 200w, https:\/\/wp.ufpel.edu.br\/elasnaciencia\/files\/2019\/09\/juliane-cardoso-280x280.png 280w, https:\/\/wp.ufpel.edu.br\/elasnaciencia\/files\/2019\/09\/juliane-cardoso-100x100.png 100w\" sizes=\"auto, (max-width: 200px) 100vw, 200px\" \/><\/a><\/p>\n<p>MSc. Juliane de Souza Cardoso<\/p>\n<p><a href=\"http:\/\/lattes.cnpq.br\/1462396393870584\">Curr\u00edculo Lattes<\/a><\/p>\n<p>&nbsp;<\/p>\n<p>&nbsp;<\/p>\n<p>&nbsp;<\/p>\n<p>&nbsp;<\/p>\n<p><a href=\"https:\/\/wp.ufpel.edu.br\/elasnaciencia\/files\/2019\/09\/renata-oliveira.png\"><img loading=\"lazy\" decoding=\"async\" class=\"alignleft size-thumbnail wp-image-160\" src=\"https:\/\/wp.ufpel.edu.br\/elasnaciencia\/files\/2019\/09\/renata-oliveira-200x200.png\" alt=\"\" width=\"200\" height=\"200\" srcset=\"https:\/\/wp.ufpel.edu.br\/elasnaciencia\/files\/2019\/09\/renata-oliveira-200x200.png 200w, https:\/\/wp.ufpel.edu.br\/elasnaciencia\/files\/2019\/09\/renata-oliveira-400x400.png 400w, https:\/\/wp.ufpel.edu.br\/elasnaciencia\/files\/2019\/09\/renata-oliveira-768x768.png 768w, https:\/\/wp.ufpel.edu.br\/elasnaciencia\/files\/2019\/09\/renata-oliveira-280x280.png 280w, https:\/\/wp.ufpel.edu.br\/elasnaciencia\/files\/2019\/09\/renata-oliveira-100x100.png 100w, https:\/\/wp.ufpel.edu.br\/elasnaciencia\/files\/2019\/09\/renata-oliveira.png 960w\" sizes=\"auto, (max-width: 200px) 100vw, 200px\" \/><\/a>MSc. Renata Leivas de Oliveira<\/p>\n<p><a href=\"http:\/\/lattes.cnpq.br\/1898414452881911\">Curr\u00edculo Lattes<\/a><\/p>\n<p>&nbsp;<\/p>\n<p>&nbsp;<\/p>\n<p>&nbsp;<\/p>\n<p>&nbsp;<\/p>\n<p><a href=\"https:\/\/wp.ufpel.edu.br\/elasnaciencia\/files\/2019\/09\/guilherme-voss-e1567708553714.png\"><img loading=\"lazy\" decoding=\"async\" class=\"alignleft size-thumbnail wp-image-157\" src=\"https:\/\/wp.ufpel.edu.br\/elasnaciencia\/files\/2019\/09\/guilherme-voss-e1567708553714-200x200.png\" alt=\"\" width=\"200\" height=\"200\" srcset=\"https:\/\/wp.ufpel.edu.br\/elasnaciencia\/files\/2019\/09\/guilherme-voss-e1567708553714-200x200.png 200w, https:\/\/wp.ufpel.edu.br\/elasnaciencia\/files\/2019\/09\/guilherme-voss-e1567708553714-280x280.png 280w, https:\/\/wp.ufpel.edu.br\/elasnaciencia\/files\/2019\/09\/guilherme-voss-e1567708553714-100x100.png 100w\" sizes=\"auto, (max-width: 200px) 100vw, 200px\" \/><\/a>MSc. Guilherme Teixeira Voss<\/p>\n<p><a href=\"http:\/\/lattes.cnpq.br\/1547545515254751\">Curr\u00edculo Lattes<\/a><\/p>\n<p>&nbsp;<\/p>\n<p>&nbsp;<\/p>\n<p>&nbsp;<\/p>\n<p>&nbsp;<\/p>\n<p>Alunas de mestrado:<\/p>\n<p><a href=\"https:\/\/wp.ufpel.edu.br\/elasnaciencia\/files\/2019\/09\/fernanda-balbinot-e1567708703675.png\"><img loading=\"lazy\" decoding=\"async\" class=\"alignleft size-thumbnail wp-image-156\" src=\"https:\/\/wp.ufpel.edu.br\/elasnaciencia\/files\/2019\/09\/fernanda-balbinot-e1567708703675-200x200.png\" alt=\"\" width=\"200\" height=\"200\" srcset=\"https:\/\/wp.ufpel.edu.br\/elasnaciencia\/files\/2019\/09\/fernanda-balbinot-e1567708703675-200x200.png 200w, https:\/\/wp.ufpel.edu.br\/elasnaciencia\/files\/2019\/09\/fernanda-balbinot-e1567708703675-280x280.png 280w, https:\/\/wp.ufpel.edu.br\/elasnaciencia\/files\/2019\/09\/fernanda-balbinot-e1567708703675-100x100.png 100w\" sizes=\"auto, (max-width: 200px) 100vw, 200px\" \/><\/a>Fernanda Pitt Balbinot<\/p>\n<p><a href=\"http:\/\/lattes.cnpq.br\/1260204237221536\">Curr\u00edculo Lattes<\/a><\/p>\n<p>&nbsp;<\/p>\n<p>&nbsp;<\/p>\n<p>&nbsp;<\/p>\n<p>&nbsp;<\/p>\n<p><a href=\"https:\/\/wp.ufpel.edu.br\/elasnaciencia\/files\/2019\/09\/ta\u00eds-rech.png\"><img loading=\"lazy\" decoding=\"async\" class=\"alignleft size-thumbnail wp-image-161\" src=\"https:\/\/wp.ufpel.edu.br\/elasnaciencia\/files\/2019\/09\/ta\u00eds-rech-200x200.png\" alt=\"\" width=\"200\" height=\"200\" srcset=\"https:\/\/wp.ufpel.edu.br\/elasnaciencia\/files\/2019\/09\/ta\u00eds-rech-200x200.png 200w, https:\/\/wp.ufpel.edu.br\/elasnaciencia\/files\/2019\/09\/ta\u00eds-rech-280x280.png 280w, https:\/\/wp.ufpel.edu.br\/elasnaciencia\/files\/2019\/09\/ta\u00eds-rech-100x100.png 100w\" sizes=\"auto, (max-width: 200px) 100vw, 200px\" \/><\/a>Ta\u00eds da Silva Teixeira Rech<\/p>\n<p><a href=\"http:\/\/lattes.cnpq.br\/6458633095193774\">Curr\u00edculo Lattes<\/a><\/p>\n<p>&nbsp;<\/p>\n<p>&nbsp;<\/p>\n<p>&nbsp;<\/p>\n<p>&nbsp;<\/p>\n<p>Alunas de gradua\u00e7\u00e3o:<\/p>\n<p><a href=\"https:\/\/wp.ufpel.edu.br\/elasnaciencia\/files\/2019\/09\/amalia-e1568035463690.jpg\"><img loading=\"lazy\" decoding=\"async\" class=\"alignleft size-thumbnail wp-image-167\" src=\"https:\/\/wp.ufpel.edu.br\/elasnaciencia\/files\/2019\/09\/amalia-e1568035463690-200x200.jpg\" alt=\"\" width=\"200\" height=\"200\" srcset=\"https:\/\/wp.ufpel.edu.br\/elasnaciencia\/files\/2019\/09\/amalia-e1568035463690-200x200.jpg 200w, https:\/\/wp.ufpel.edu.br\/elasnaciencia\/files\/2019\/09\/amalia-e1568035463690-100x100.jpg 100w\" sizes=\"auto, (max-width: 200px) 100vw, 200px\" \/><\/a>Am\u00e1lia Gon\u00e7alves Alves<\/p>\n<p><a href=\"http:\/\/lattes.cnpq.br\/6340739564238891\">Curr\u00edculo Lattes<\/a><\/p>\n<p>&nbsp;<\/p>\n<p>&nbsp;<\/p>\n<p>&nbsp;<\/p>\n<p>&nbsp;<\/p>\n<p><a href=\"https:\/\/wp.ufpel.edu.br\/elasnaciencia\/files\/2019\/09\/briana-lemos.jpg\"><img loading=\"lazy\" decoding=\"async\" class=\"alignleft size-thumbnail wp-image-174\" src=\"https:\/\/wp.ufpel.edu.br\/elasnaciencia\/files\/2019\/09\/briana-lemos-200x200.jpg\" alt=\"\" width=\"200\" height=\"200\" srcset=\"https:\/\/wp.ufpel.edu.br\/elasnaciencia\/files\/2019\/09\/briana-lemos-200x200.jpg 200w, https:\/\/wp.ufpel.edu.br\/elasnaciencia\/files\/2019\/09\/briana-lemos-280x280.jpg 280w, https:\/\/wp.ufpel.edu.br\/elasnaciencia\/files\/2019\/09\/briana-lemos-100x100.jpg 100w\" sizes=\"auto, (max-width: 200px) 100vw, 200px\" \/><\/a>Briana Barros Lemos<\/p>\n<p><a href=\"http:\/\/lattes.cnpq.br\/8806372475631181\">Curr\u00edculo Lattes<\/a><\/p>\n<p>&nbsp;<\/p>\n<p>&nbsp;<\/p>\n<p>&nbsp;<\/p>\n<p>&nbsp;<\/p>\n<p><a href=\"https:\/\/wp.ufpel.edu.br\/elasnaciencia\/files\/2019\/09\/ketlyn-motta.jpg\"><img loading=\"lazy\" decoding=\"async\" class=\"alignleft size-thumbnail wp-image-176\" src=\"https:\/\/wp.ufpel.edu.br\/elasnaciencia\/files\/2019\/09\/ketlyn-motta-200x200.jpg\" alt=\"\" width=\"200\" height=\"200\" srcset=\"https:\/\/wp.ufpel.edu.br\/elasnaciencia\/files\/2019\/09\/ketlyn-motta-200x200.jpg 200w, https:\/\/wp.ufpel.edu.br\/elasnaciencia\/files\/2019\/09\/ketlyn-motta-280x280.jpg 280w, https:\/\/wp.ufpel.edu.br\/elasnaciencia\/files\/2019\/09\/ketlyn-motta-100x100.jpg 100w\" sizes=\"auto, (max-width: 200px) 100vw, 200px\" \/><\/a>Ketlyn Pereira da Motta<\/p>\n<p><a href=\"http:\/\/lattes.cnpq.br\/5540289353706823\">Curr\u00edculo Lattes<\/a><\/p>\n","protected":false},"excerpt":{"rendered":"<p>Coordena\u00e7\u00e3o: Prof.\u00aa Dr.\u00aa M\u00e1rcia Foster Mesko email: marciamesko@yahoo.com.br Curr\u00edculo Lattes &nbsp; &nbsp; &nbsp; Prof.\u00aa Dr.\u00aa Ethel Antunes Wilhelm email: ethelwilhelm@yahoo.com.br Curr\u00edculo Lattes &nbsp; &nbsp; &nbsp; Dr.\u00aa Priscila&hellip; <span class=\"read-more\"><a class=\"more-link\" href=\"https:\/\/wp.ufpel.edu.br\/elasnaciencia\/comites\/\" rel=\"bookmark\">Leia Mais <span class=\"screen-reader-text\">&#8220;Comit\u00eas&#8221;<\/span><\/a><\/span><\/p>\n","protected":false},"author":862,"featured_media":0,"parent":0,"menu_order":0,"comment_status":"closed","ping_status":"closed","template":"","meta":{"footnotes":""},"class_list":["post-14","page","type-page","status-publish","hentry"],"_links":{"self":[{"href":"https:\/\/wp.ufpel.edu.br\/elasnaciencia\/wp-json\/wp\/v2\/pages\/14","targetHints":{"allow":["GET"]}}],"collection":[{"href":"https:\/\/wp.ufpel.edu.br\/elasnaciencia\/wp-json\/wp\/v2\/pages"}],"about":[{"href":"https:\/\/wp.ufpel.edu.br\/elasnaciencia\/wp-json\/wp\/v2\/types\/page"}],"author":[{"embeddable":true,"href":"https:\/\/wp.ufpel.edu.br\/elasnaciencia\/wp-json\/wp\/v2\/users\/862"}],"replies":[{"embeddable":true,"href":"https:\/\/wp.ufpel.edu.br\/elasnaciencia\/wp-json\/wp\/v2\/comments?post=14"}],"version-history":[{"count":16,"href":"https:\/\/wp.ufpel.edu.br\/elasnaciencia\/wp-json\/wp\/v2\/pages\/14\/revisions"}],"predecessor-version":[{"id":902,"href":"https:\/\/wp.ufpel.edu.br\/elasnaciencia\/wp-json\/wp\/v2\/pages\/14\/revisions\/902"}],"wp:attachment":[{"href":"https:\/\/wp.ufpel.edu.br\/elasnaciencia\/wp-json\/wp\/v2\/media?parent=14"}],"curies":[{"name":"wp","href":"https:\/\/api.w.org\/{rel}","templated":true}]}}