{"id":98,"date":"2021-07-01T19:55:27","date_gmt":"2021-07-01T22:55:27","guid":{"rendered":"https:\/\/wp.ufpel.edu.br\/eifionline\/?page_id=98"},"modified":"2021-07-01T20:03:38","modified_gmt":"2021-07-01T23:03:38","slug":"st-3-cultura-historica-sentidos-e-usos-do-conhecimento-historico","status":"publish","type":"page","link":"https:\/\/wp.ufpel.edu.br\/eifionline\/st-3-cultura-historica-sentidos-e-usos-do-conhecimento-historico\/","title":{"rendered":"ST 3: CULTURA HIST\u00d3RICA: SENTIDOS E USOS DO CONHECIMENTO HIST\u00d3RICO"},"content":{"rendered":"<p class=\"p1\">Prof. Dr. Jo\u00e3o Paulo Gama Oliveira (UFS)<br \/>\nProf\u00aa. Dr\u00aa. Lisiane Sias Manke (UFPel)<br \/>\nProfa. Dr. Rafael Saddi Texeira (UFG)<br \/>\nProfa. Dra. Renata Braz Gon\u00e7alves (FURG)<\/p>\n<p class=\"p2\" style=\"text-align: justify\">Este Simp\u00f3sio Tem\u00e1tico tem como objetivo refletir sobre as especificidades que envolvem a produ\u00e7\u00e3o do conhecimento hist\u00f3rico, a apropria\u00e7\u00e3o e os sentidos da hist\u00f3ria para indiv\u00edduos e institui\u00e7\u00f5es. Assim, prop\u00f5e congregar pesquisadores que investigam as fun\u00e7\u00f5es e os usos p\u00fablicos da hist\u00f3ria, nos diferentes espa\u00e7os, como a universidade, o museu, a escola, a biblioteca, a m\u00eddia, a fam\u00edlia, a igreja, e\/ou espa\u00e7os p\u00fablicos. Busca, a partir de abordagens te\u00f3ricas culturais, reunir pesquisas advindas do campo do Ensino de Hist\u00f3ria, da Did\u00e1tica da Hist\u00f3ria e da Educa\u00e7\u00e3o Patrimonial. Contempla tamb\u00e9m a Hist\u00f3ria do Livro, no que tange aos impressos ou digitais, que fazem circular o conhecimento hist\u00f3rico (livros did\u00e1ticos, revistas especializadas, livros liter\u00e1rios, sites, v\u00eddeo aulas de hist\u00f3ria, outros), e a Hist\u00f3ria da Leitura, considerando as pr\u00e1ticas de leitura e apropria\u00e7\u00f5es de textos hist\u00f3ricos, em diferentes formatos e g\u00eaneros, promovidas em institui\u00e7\u00f5es escolares ou n\u00e3o. Assim, espera-se que o simp\u00f3sio permita problematizar diversos elementos do processo vivo e din\u00e2mico que constitui a cultura hist\u00f3rica.<\/p>\n","protected":false},"excerpt":{"rendered":"<p>Prof. Dr. Jo\u00e3o Paulo Gama Oliveira (UFS) Prof\u00aa. Dr\u00aa. Lisiane Sias Manke (UFPel) Profa. Dr. Rafael Saddi Texeira (UFG) Profa. Dra. Renata Braz Gon\u00e7alves (FURG) Este Simp\u00f3sio Tem\u00e1tico tem como objetivo refletir sobre as especificidades que envolvem a produ\u00e7\u00e3o do conhecimento hist\u00f3rico, a apropria\u00e7\u00e3o e os sentidos da hist\u00f3ria para indiv\u00edduos e institui\u00e7\u00f5es. Assim, prop\u00f5e &hellip; <\/p>\n<p class=\"link-more\"><a href=\"https:\/\/wp.ufpel.edu.br\/eifionline\/st-3-cultura-historica-sentidos-e-usos-do-conhecimento-historico\/\" class=\"more-link\">Continue lendo<span class=\"screen-reader-text\"> &#8220;ST 3: CULTURA HIST\u00d3RICA: SENTIDOS E USOS DO CONHECIMENTO HIST\u00d3RICO&#8221;<\/span><\/a><\/p>\n","protected":false},"author":1007,"featured_media":0,"parent":0,"menu_order":0,"comment_status":"closed","ping_status":"closed","template":"","meta":{"footnotes":""},"class_list":["post-98","page","type-page","status-publish","hentry"],"_links":{"self":[{"href":"https:\/\/wp.ufpel.edu.br\/eifionline\/wp-json\/wp\/v2\/pages\/98","targetHints":{"allow":["GET"]}}],"collection":[{"href":"https:\/\/wp.ufpel.edu.br\/eifionline\/wp-json\/wp\/v2\/pages"}],"about":[{"href":"https:\/\/wp.ufpel.edu.br\/eifionline\/wp-json\/wp\/v2\/types\/page"}],"author":[{"embeddable":true,"href":"https:\/\/wp.ufpel.edu.br\/eifionline\/wp-json\/wp\/v2\/users\/1007"}],"replies":[{"embeddable":true,"href":"https:\/\/wp.ufpel.edu.br\/eifionline\/wp-json\/wp\/v2\/comments?post=98"}],"version-history":[{"count":2,"href":"https:\/\/wp.ufpel.edu.br\/eifionline\/wp-json\/wp\/v2\/pages\/98\/revisions"}],"predecessor-version":[{"id":134,"href":"https:\/\/wp.ufpel.edu.br\/eifionline\/wp-json\/wp\/v2\/pages\/98\/revisions\/134"}],"wp:attachment":[{"href":"https:\/\/wp.ufpel.edu.br\/eifionline\/wp-json\/wp\/v2\/media?parent=98"}],"curies":[{"name":"wp","href":"https:\/\/api.w.org\/{rel}","templated":true}]}}