{"id":97,"date":"2021-07-01T19:55:27","date_gmt":"2021-07-01T22:55:27","guid":{"rendered":"https:\/\/wp.ufpel.edu.br\/eifionline\/?page_id=97"},"modified":"2021-07-01T20:03:04","modified_gmt":"2021-07-01T23:03:04","slug":"st-2-estudos-sobre-trajetorias-identidades-memorias-e-conflito-social","status":"publish","type":"page","link":"https:\/\/wp.ufpel.edu.br\/eifionline\/st-2-estudos-sobre-trajetorias-identidades-memorias-e-conflito-social\/","title":{"rendered":"ST 2: ESTUDOS SOBRE TRAJET\u00d3RIAS, IDENTIDADES, MEM\u00d3RIAS E CONFLITO SOCIAL"},"content":{"rendered":"<p class=\"p1\">Prof\u00aa Dr\u00aa M\u00e1rcia Espig (UFPel)<br \/>\nProf\u00aa Dr\u00aa Ana Mar\u00eda Sosa Gonz\u00e1lez (UFPel)<br \/>\nProf\u00aa Dr\u00aa Clarice Speranza (UFRGS)<br \/>\nProf. Dr. Paulo Pinheiro Machado (UFSC)<br \/>\nProf. Dr. Darlan de Mamann Marchi (UFPel)<br \/>\nProf. Dr. Enrique Coraza ( Colegio de la Frontera Sur, M\u00e9xico)<\/p>\n<p class=\"p2\" style=\"text-align: justify\">Esse Simp\u00f3sio Tem\u00e1tico ir\u00e1 privilegiar estudos sobre diferentes experi\u00eancias e viv\u00eancias dos agentes hist\u00f3ricos, com \u00eanfase no processo de constru\u00e7\u00e3o dos sujeitos individuais ou coletivos, em constante di\u00e1logo com suas identidades sociais. Percebe-se tais experi\u00eancias em interlocu\u00e7\u00e3o com diferentes contextos, em uma dial\u00e9tica permanente de subordina\u00e7\u00e3o e resist\u00eancia na constru\u00e7\u00e3o das trajet\u00f3rias individuais, da estrutura social, das rela\u00e7\u00f5es de trabalho e da significa\u00e7\u00e3o cultural. Ser\u00e3o aceitos ainda trabalhos que tenham por objeto as fronteiras socioculturais entre classes, grupos ou setores e seus mecanismos de integra\u00e7\u00e3o e afirma\u00e7\u00e3o social e do indiv\u00edduo. Nesse mesmo escopo, estimula-se tamb\u00e9m a reflex\u00e3o acerca da rela\u00e7\u00e3o entre o historiador e suas fontes, seja lan\u00e7ando olhares diferenciados sobre documenta\u00e7\u00f5es consideradas tradicionais ou incorporando materiais considerados inovadores no fazer historiogr\u00e1fico.<\/p>\n","protected":false},"excerpt":{"rendered":"<p>Prof\u00aa Dr\u00aa M\u00e1rcia Espig (UFPel) Prof\u00aa Dr\u00aa Ana Mar\u00eda Sosa Gonz\u00e1lez (UFPel) Prof\u00aa Dr\u00aa Clarice Speranza (UFRGS) Prof. Dr. Paulo Pinheiro Machado (UFSC) Prof. Dr. Darlan de Mamann Marchi (UFPel) Prof. Dr. Enrique Coraza ( Colegio de la Frontera Sur, M\u00e9xico) Esse Simp\u00f3sio Tem\u00e1tico ir\u00e1 privilegiar estudos sobre diferentes experi\u00eancias e viv\u00eancias dos agentes hist\u00f3ricos, &hellip; <\/p>\n<p class=\"link-more\"><a href=\"https:\/\/wp.ufpel.edu.br\/eifionline\/st-2-estudos-sobre-trajetorias-identidades-memorias-e-conflito-social\/\" class=\"more-link\">Continue lendo<span class=\"screen-reader-text\"> &#8220;ST 2: ESTUDOS SOBRE TRAJET\u00d3RIAS, IDENTIDADES, MEM\u00d3RIAS E CONFLITO SOCIAL&#8221;<\/span><\/a><\/p>\n","protected":false},"author":1007,"featured_media":0,"parent":0,"menu_order":0,"comment_status":"closed","ping_status":"closed","template":"","meta":{"footnotes":""},"class_list":["post-97","page","type-page","status-publish","hentry"],"_links":{"self":[{"href":"https:\/\/wp.ufpel.edu.br\/eifionline\/wp-json\/wp\/v2\/pages\/97","targetHints":{"allow":["GET"]}}],"collection":[{"href":"https:\/\/wp.ufpel.edu.br\/eifionline\/wp-json\/wp\/v2\/pages"}],"about":[{"href":"https:\/\/wp.ufpel.edu.br\/eifionline\/wp-json\/wp\/v2\/types\/page"}],"author":[{"embeddable":true,"href":"https:\/\/wp.ufpel.edu.br\/eifionline\/wp-json\/wp\/v2\/users\/1007"}],"replies":[{"embeddable":true,"href":"https:\/\/wp.ufpel.edu.br\/eifionline\/wp-json\/wp\/v2\/comments?post=97"}],"version-history":[{"count":2,"href":"https:\/\/wp.ufpel.edu.br\/eifionline\/wp-json\/wp\/v2\/pages\/97\/revisions"}],"predecessor-version":[{"id":133,"href":"https:\/\/wp.ufpel.edu.br\/eifionline\/wp-json\/wp\/v2\/pages\/97\/revisions\/133"}],"wp:attachment":[{"href":"https:\/\/wp.ufpel.edu.br\/eifionline\/wp-json\/wp\/v2\/media?parent=97"}],"curies":[{"name":"wp","href":"https:\/\/api.w.org\/{rel}","templated":true}]}}