{"id":93,"date":"2021-07-01T19:50:36","date_gmt":"2021-07-01T22:50:36","guid":{"rendered":"https:\/\/wp.ufpel.edu.br\/eifionline\/?page_id=93"},"modified":"2021-07-01T20:01:51","modified_gmt":"2021-07-01T23:01:51","slug":"st-1","status":"publish","type":"page","link":"https:\/\/wp.ufpel.edu.br\/eifionline\/st-1\/","title":{"rendered":"ST 1: ENFERMIDADES, EPIDEMIAS E PANDEMIAS NA HIST\u00d3RIA"},"content":{"rendered":"<p class=\"p1\">Prof\u00aa Dr\u00aa Lorena Almeida Gill (UFPel)<br \/>\nProf\u00aa Dr\u00aa Beatriz Teixeira Weber (UFSM)<br \/>\nProf\u00aa Dr\u00aa T\u00e2nia Salgado Pimenta (FIOCRUZ)<\/p>\n<p class=\"p1\" style=\"text-align: justify\">O simp\u00f3sio tem a inten\u00e7\u00e3o de discutir a sa\u00fade e a doen\u00e7a como processos hist\u00f3ricos. Especialmente no momento que vivemos uma pandemia de covid-19, a pretens\u00e3o \u00e9 a de se analisar as experi\u00eancias trazidas com o adoecimento e a morte, al\u00e9m de outros aspectos relacionados como o estigma, a solid\u00e3o e o luto. Pretende-se discutir enfermidades em especial, bem como epidemias e pandemias, em um recorte temporal que abrange desde o s\u00e9culo XVIII at\u00e9 o s\u00e9culo XXI. Um aspecto relevante tamb\u00e9m interessa ao grupo que \u00e9 justamente as diferentes formas de curar, apresentadas pela sociedade, para as doen\u00e7as, no decorrer do tempo.<\/p>\n","protected":false},"excerpt":{"rendered":"<p>Prof\u00aa Dr\u00aa Lorena Almeida Gill (UFPel) Prof\u00aa Dr\u00aa Beatriz Teixeira Weber (UFSM) Prof\u00aa Dr\u00aa T\u00e2nia Salgado Pimenta (FIOCRUZ) O simp\u00f3sio tem a inten\u00e7\u00e3o de discutir a sa\u00fade e a doen\u00e7a como processos hist\u00f3ricos. Especialmente no momento que vivemos uma pandemia de covid-19, a pretens\u00e3o \u00e9 a de se analisar as experi\u00eancias trazidas com o adoecimento &hellip; <\/p>\n<p class=\"link-more\"><a href=\"https:\/\/wp.ufpel.edu.br\/eifionline\/st-1\/\" class=\"more-link\">Continue lendo<span class=\"screen-reader-text\"> &#8220;ST 1: ENFERMIDADES, EPIDEMIAS E PANDEMIAS NA HIST\u00d3RIA&#8221;<\/span><\/a><\/p>\n","protected":false},"author":1007,"featured_media":0,"parent":0,"menu_order":0,"comment_status":"closed","ping_status":"closed","template":"","meta":{"footnotes":""},"class_list":["post-93","page","type-page","status-publish","hentry"],"_links":{"self":[{"href":"https:\/\/wp.ufpel.edu.br\/eifionline\/wp-json\/wp\/v2\/pages\/93","targetHints":{"allow":["GET"]}}],"collection":[{"href":"https:\/\/wp.ufpel.edu.br\/eifionline\/wp-json\/wp\/v2\/pages"}],"about":[{"href":"https:\/\/wp.ufpel.edu.br\/eifionline\/wp-json\/wp\/v2\/types\/page"}],"author":[{"embeddable":true,"href":"https:\/\/wp.ufpel.edu.br\/eifionline\/wp-json\/wp\/v2\/users\/1007"}],"replies":[{"embeddable":true,"href":"https:\/\/wp.ufpel.edu.br\/eifionline\/wp-json\/wp\/v2\/comments?post=93"}],"version-history":[{"count":2,"href":"https:\/\/wp.ufpel.edu.br\/eifionline\/wp-json\/wp\/v2\/pages\/93\/revisions"}],"predecessor-version":[{"id":132,"href":"https:\/\/wp.ufpel.edu.br\/eifionline\/wp-json\/wp\/v2\/pages\/93\/revisions\/132"}],"wp:attachment":[{"href":"https:\/\/wp.ufpel.edu.br\/eifionline\/wp-json\/wp\/v2\/media?parent=93"}],"curies":[{"name":"wp","href":"https:\/\/api.w.org\/{rel}","templated":true}]}}