{"id":74,"date":"2021-07-01T19:25:37","date_gmt":"2021-07-01T22:25:37","guid":{"rendered":"https:\/\/wp.ufpel.edu.br\/eifionline\/?page_id=74"},"modified":"2021-07-01T22:08:48","modified_gmt":"2021-07-02T01:08:48","slug":"simposios-tematicos","status":"publish","type":"page","link":"https:\/\/wp.ufpel.edu.br\/eifionline\/simposios-tematicos\/","title":{"rendered":"Simp\u00f3sios Tem\u00e1ticos"},"content":{"rendered":"<p style=\"text-align: justify\">O V EIFI contar\u00e1 com 12 Simp\u00f3sios tem\u00e1ticos, sendo quatro deles direcionados aos jovens pesquisadores, exclusivos para discentes de gradua\u00e7\u00e3o. Confira a lista dos Simp\u00f3sios Tem\u00e1ticos.<\/p>\n","protected":false},"excerpt":{"rendered":"<p>O V EIFI contar\u00e1 com 12 Simp\u00f3sios tem\u00e1ticos, sendo quatro deles direcionados aos jovens pesquisadores, exclusivos para discentes de gradua\u00e7\u00e3o. Confira a lista dos Simp\u00f3sios Tem\u00e1ticos.<\/p>\n","protected":false},"author":1007,"featured_media":0,"parent":0,"menu_order":0,"comment_status":"closed","ping_status":"closed","template":"","meta":{"footnotes":""},"class_list":["post-74","page","type-page","status-publish","hentry"],"_links":{"self":[{"href":"https:\/\/wp.ufpel.edu.br\/eifionline\/wp-json\/wp\/v2\/pages\/74","targetHints":{"allow":["GET"]}}],"collection":[{"href":"https:\/\/wp.ufpel.edu.br\/eifionline\/wp-json\/wp\/v2\/pages"}],"about":[{"href":"https:\/\/wp.ufpel.edu.br\/eifionline\/wp-json\/wp\/v2\/types\/page"}],"author":[{"embeddable":true,"href":"https:\/\/wp.ufpel.edu.br\/eifionline\/wp-json\/wp\/v2\/users\/1007"}],"replies":[{"embeddable":true,"href":"https:\/\/wp.ufpel.edu.br\/eifionline\/wp-json\/wp\/v2\/comments?post=74"}],"version-history":[{"count":5,"href":"https:\/\/wp.ufpel.edu.br\/eifionline\/wp-json\/wp\/v2\/pages\/74\/revisions"}],"predecessor-version":[{"id":151,"href":"https:\/\/wp.ufpel.edu.br\/eifionline\/wp-json\/wp\/v2\/pages\/74\/revisions\/151"}],"wp:attachment":[{"href":"https:\/\/wp.ufpel.edu.br\/eifionline\/wp-json\/wp\/v2\/media?parent=74"}],"curies":[{"name":"wp","href":"https:\/\/api.w.org\/{rel}","templated":true}]}}