{"id":220,"date":"2021-07-24T14:44:17","date_gmt":"2021-07-24T17:44:17","guid":{"rendered":"https:\/\/wp.ufpel.edu.br\/eifionline\/?page_id=220"},"modified":"2021-07-24T15:01:22","modified_gmt":"2021-07-24T18:01:22","slug":"informacoes-para-envio-do-texto-completo","status":"publish","type":"page","link":"https:\/\/wp.ufpel.edu.br\/eifionline\/informacoes-para-envio-do-texto-completo\/","title":{"rendered":"Informa\u00e7\u00f5es para envio do texto completo"},"content":{"rendered":"<p class=\"p1\" style=\"text-align: justify\">Aos comunicadores\/comunicadoras que desejarem enviar texto completo, seguem algumas informa\u00e7\u00f5es:<\/p>\n<p class=\"p1\" style=\"text-align: justify\">1. Aos comunicadores dos STs 1 a 8 ser\u00e1 facultada a possibilidade de optar pela publica\u00e7\u00e3o em <i>e-book<\/i>, e n\u00e3o em Anais.<br \/>\n&#8211; Essa alternativa se apresentar\u00e1 apenas aos autores\/as dos textos previamente selecionados pelos coordenadores\/as dos STs 1 a 8.<br \/>\n&#8211; Os\/As autores\/as dos textos selecionados para opcionalmente serem publicados em e-book ser\u00e3o avisados por <i>e-mail<\/i>.<\/p>\n<p class=\"p1\" style=\"text-align: justify\">2. Os textos completos dos STs 9 a 12 ser\u00e3o publicados exclusivamente nos Anais.<\/p>\n<p class=\"p1\" style=\"text-align: justify\">3. O trabalho dever\u00e1 ser enviado diretamente para o <i>e-mail<\/i>: <a href=\"mailto:eifi.2021.ufpel@gmail.com\"><span class=\"s1\">eifi.2021.ufpel@gmail.com<\/span><\/a><\/p>\n<p class=\"p1\" style=\"text-align: justify\">4. Prazo para envio do texto: 20\/11\/2021.<\/p>\n<p class=\"p1\" style=\"text-align: justify\">5. Prazo para a publica\u00e7\u00e3o dos Anais e dos <i>e-books<\/i>: mar\u00e7o de 2022 (com data de 2021).<\/p>\n<p class=\"p1\" style=\"text-align: justify\">6. Somente textos de comunicadores que, de fato, apresentarem seus trabalhos ser\u00e3o publicados.<\/p>\n<p class=\"p2\" style=\"text-align: justify\"><span class=\"s2\">7. O texto dever\u00e1 seguir os seguintes par\u00e2metros:<span class=\"Apple-converted-space\">\u00a0<\/span><\/span><i><span class=\"Apple-converted-space\"><br \/>\n<\/span><\/i>a)\u00a0 \u00a0 T\u00edtulo: No m\u00e1ximo duas linhas.<br \/>\nb) Autoria: Nome completo, trazendo, em nota de rodap\u00e9 refer\u00eancias (institui\u00e7\u00e3o de origem, titula\u00e7\u00e3o, programa de p\u00f3s-gradua\u00e7\u00e3o a que est\u00e1 ligado e ag\u00eancia financiadora, quando for o caso, e <i>e-mail<\/i> para contato).<br \/>\nc) Extens\u00e3o: no m\u00ednimo oito p\u00e1ginas e, no m\u00e1ximo, 12 p\u00e1ginas, inclu\u00eddas imagens, tabelas, quadros e refer\u00eancias bibliogr\u00e1ficas.<span class=\"Apple-converted-space\"><br \/>\n<\/span>d)\u00a0 \u00a0Fonte Times New Roman, 12, espa\u00e7o 1,5.<br \/>\ne)\u00a0 Cita\u00e7\u00f5es com mais tr\u00eas linhas devem ser recuadas em 4 cm, com fonte 11, espa\u00e7o simples.<br \/>\nf)\u00a0 As refer\u00eancias das mesmas devem constar no corpo do texto (e n\u00e3o em nota de rodap\u00e9 ou nota de fim), entre par\u00eanteses, no modelo autor-data, indicando sobrenome do autor, data de publica\u00e7\u00e3o e p\u00e1ginas citadas, por exemplo: (LONER, 2010, p. 15).<br \/>\n<strong>Notas de rodap\u00e9<\/strong>:<b>\u00a0<\/b>Quando necess\u00e1rias, devem ter apenas car\u00e1ter explicativo e\/ou aditivo. Devem ser numeradas sequencialmente em espa\u00e7o simples, Times New Roman,<i>\u00a0<\/i>9. Caso nas notas de rodap\u00e9 houver refer\u00eancias bibliogr\u00e1ficas estas devem seguir o modelo autor-data.<br \/>\n<strong>Tabelas<\/strong>: No caso de utiliza\u00e7\u00e3o de tabelas, elas devem ser digitadas seguindo a formata\u00e7\u00e3o de <i>Tabela\u00a0<\/i>do\u00a0<i>Word<\/i>.<br \/>\n<strong>Imagens<\/strong>:\u00a0 As imagens devem ser anexadas no corpo do texto, respeitado o local de sua inser\u00e7\u00e3o pelo autor. Devem estar em formato JPEG ou TIF, escaneadas em 300 DPI.<span class=\"Apple-converted-space\"><br \/>\n<\/span><span class=\"Apple-converted-space\">g) <\/span>O texto enviado\u00a0deve ser in\u00e9dito no pa\u00eds e sua remessa indica que o autor\/a concorda com a cess\u00e3o dos direitos autorais para a publica\u00e7\u00e3o.<br \/>\nh) O texto dever\u00e1 ser enviado no formato .doc<br \/>\ni) Solicita-se aos autores uma criteriosa revis\u00e3o de portugu\u00eas.<span class=\"Apple-converted-space\"><br \/>\n<\/span>j) Refer\u00eancias Bibliogr\u00e1ficas conforme ABNT, seguindo os seguintes modelos:<br \/>\n<strong>Cap\u00edtulos de livros<\/strong>:\u00a0SOBRENOME, Nome. T\u00edtulo do cap\u00edtulo. <i>In<\/i>: SOBRENOME, Nome.\u00a0<i>T\u00edtulo do livro<\/i>.\u00a0Subt\u00edtulo. Tradu\u00e7\u00e3o, se houver. Cidade: Editora, Ano, n\u00famero inicial e n\u00famero final das p\u00e1ginas do cap\u00edtulo.<br \/>\n<strong>Artigos<\/strong>:\u00a0SOBRENOME, Nome. T\u00edtulo do artigo.\u00a0<i>Nome do peri\u00f3dico.<\/i>\u00a0Cidade: editora, volume, n\u00famero, m\u00eas(es), n\u00famero inicial e n\u00famero final das p\u00e1ginas do artigo, ano.<br \/>\n<strong><i>Sites<\/i><\/strong>:\u00a0Autor e t\u00edtulo (se houver). Dispon\u00edvel em: www&#8230; Acessado em dd\/mm\/aaaa.<br \/>\nDemais refer\u00eancias devem seguir estritamente as normas da ABNT para trabalhos cient\u00edficos.<span class=\"Apple-converted-space\">\u00a0<\/span><\/p>\n<p class=\"p1\" style=\"text-align: justify\">8. Os trabalhos selecionados para o <i>e-book<\/i> N\u00c3O ser\u00e3o publicados nos Anais.<\/p>\n<p class=\"p1\" style=\"text-align: justify\">9. Os\/As autores\/as selecionados\/as dever\u00e3o contribuir com o pagamento de um valor, diretamente \u00e0 editora, para a publica\u00e7\u00e3o do <i>e-book<\/i>. Esse valor ser\u00e1 informado posteriormente e somente aos autores\/autoras dos trabalhos selecionados, pois os custos depender\u00e3o do volume de artigos.<\/p>\n<p class=\"p1\" style=\"text-align: justify\">10. Se o\/a autor\/a do trabalho selecionado para compor o <i>e-book<\/i>, porventura, optar por manter a publica\u00e7\u00e3o nos Anais, dever\u00e1 avisar a organiza\u00e7\u00e3o do evento pelo <i>e-mail<\/i> <a href=\"mailto:eifi.2021.ufpel@gmail.com\"><span class=\"s1\">eifi.2021.ufpel@gmail.com<\/span><\/a><\/p>\n","protected":false},"excerpt":{"rendered":"<p>Aos comunicadores\/comunicadoras que desejarem enviar texto completo, seguem algumas informa\u00e7\u00f5es: 1. Aos comunicadores dos STs 1 a 8 ser\u00e1 facultada a possibilidade de optar pela publica\u00e7\u00e3o em e-book, e n\u00e3o em Anais. &#8211; Essa alternativa se apresentar\u00e1 apenas aos autores\/as dos textos previamente selecionados pelos coordenadores\/as dos STs 1 a 8. &#8211; Os\/As autores\/as dos &hellip; <\/p>\n<p class=\"link-more\"><a href=\"https:\/\/wp.ufpel.edu.br\/eifionline\/informacoes-para-envio-do-texto-completo\/\" class=\"more-link\">Continue lendo<span class=\"screen-reader-text\"> &#8220;Informa\u00e7\u00f5es para envio do texto completo&#8221;<\/span><\/a><\/p>\n","protected":false},"author":1007,"featured_media":0,"parent":0,"menu_order":0,"comment_status":"closed","ping_status":"closed","template":"","meta":{"footnotes":""},"class_list":["post-220","page","type-page","status-publish","hentry"],"_links":{"self":[{"href":"https:\/\/wp.ufpel.edu.br\/eifionline\/wp-json\/wp\/v2\/pages\/220","targetHints":{"allow":["GET"]}}],"collection":[{"href":"https:\/\/wp.ufpel.edu.br\/eifionline\/wp-json\/wp\/v2\/pages"}],"about":[{"href":"https:\/\/wp.ufpel.edu.br\/eifionline\/wp-json\/wp\/v2\/types\/page"}],"author":[{"embeddable":true,"href":"https:\/\/wp.ufpel.edu.br\/eifionline\/wp-json\/wp\/v2\/users\/1007"}],"replies":[{"embeddable":true,"href":"https:\/\/wp.ufpel.edu.br\/eifionline\/wp-json\/wp\/v2\/comments?post=220"}],"version-history":[{"count":7,"href":"https:\/\/wp.ufpel.edu.br\/eifionline\/wp-json\/wp\/v2\/pages\/220\/revisions"}],"predecessor-version":[{"id":230,"href":"https:\/\/wp.ufpel.edu.br\/eifionline\/wp-json\/wp\/v2\/pages\/220\/revisions\/230"}],"wp:attachment":[{"href":"https:\/\/wp.ufpel.edu.br\/eifionline\/wp-json\/wp\/v2\/media?parent=220"}],"curies":[{"name":"wp","href":"https:\/\/api.w.org\/{rel}","templated":true}]}}