{"id":195,"date":"2021-07-09T14:26:59","date_gmt":"2021-07-09T17:26:59","guid":{"rendered":"https:\/\/wp.ufpel.edu.br\/eifionline\/?page_id=195"},"modified":"2021-07-09T14:58:04","modified_gmt":"2021-07-09T17:58:04","slug":"instrucoes-para-envio-da-proposta","status":"publish","type":"page","link":"https:\/\/wp.ufpel.edu.br\/eifionline\/instrucoes-para-envio-da-proposta\/","title":{"rendered":"Instru\u00e7\u00f5es para envio da proposta"},"content":{"rendered":"<p>Para inscrever trabalho no Simp\u00f3sio Tem\u00e1tico o proponente dever\u00e1<br \/>\npreencher o formul\u00e1rio que consta em \u201cApresenta\u00e7\u00e3o de trabalho\u201d da aba \u201cinscri\u00e7\u00f5es\u201d, informando:<\/p>\n<p>1. Nome completo e sem abrevia\u00e7\u00f5es.<br \/>\n2. Forma\u00e7\u00e3o atual.<br \/>\n3. V\u00ednculo institucional e \u00e1rea de atua\u00e7\u00e3o<br \/>\n4. Nacionalidade<br \/>\n5. E-mail (preferencialmente do gmail)<br \/>\n6. Telefone (whatsapp).<br \/>\n7. Marcar o Simp\u00f3sio Tem\u00e1tico escolhido.<br \/>\n8. T\u00edtulo do trabalho.<br \/>\n9. Resumo (resumo entre 10 e 15 linhas)<br \/>\n10. Tr\u00eas palavras-chave.<br \/>\n11.\u00a0Os resumos poder\u00e3o estar em portugu\u00eas, ingl\u00eas, espanhol ou franc\u00eas.<\/p>\n<p>Em caso de trabalhos em co-autoria, cada autor dever\u00e1 enviar um formul\u00e1rio<br \/>\nseparadamente.<\/p>\n","protected":false},"excerpt":{"rendered":"<p>Para inscrever trabalho no Simp\u00f3sio Tem\u00e1tico o proponente dever\u00e1 preencher o formul\u00e1rio que consta em \u201cApresenta\u00e7\u00e3o de trabalho\u201d da aba \u201cinscri\u00e7\u00f5es\u201d, informando: 1. Nome completo e sem abrevia\u00e7\u00f5es. 2. Forma\u00e7\u00e3o atual. 3. V\u00ednculo institucional e \u00e1rea de atua\u00e7\u00e3o 4. Nacionalidade 5. E-mail (preferencialmente do gmail) 6. Telefone (whatsapp). 7. Marcar o Simp\u00f3sio Tem\u00e1tico escolhido. 8. &hellip; <\/p>\n<p class=\"link-more\"><a href=\"https:\/\/wp.ufpel.edu.br\/eifionline\/instrucoes-para-envio-da-proposta\/\" class=\"more-link\">Continue lendo<span class=\"screen-reader-text\"> &#8220;Instru\u00e7\u00f5es para envio da proposta&#8221;<\/span><\/a><\/p>\n","protected":false},"author":1007,"featured_media":0,"parent":0,"menu_order":0,"comment_status":"closed","ping_status":"closed","template":"","meta":{"footnotes":""},"class_list":["post-195","page","type-page","status-publish","hentry"],"_links":{"self":[{"href":"https:\/\/wp.ufpel.edu.br\/eifionline\/wp-json\/wp\/v2\/pages\/195","targetHints":{"allow":["GET"]}}],"collection":[{"href":"https:\/\/wp.ufpel.edu.br\/eifionline\/wp-json\/wp\/v2\/pages"}],"about":[{"href":"https:\/\/wp.ufpel.edu.br\/eifionline\/wp-json\/wp\/v2\/types\/page"}],"author":[{"embeddable":true,"href":"https:\/\/wp.ufpel.edu.br\/eifionline\/wp-json\/wp\/v2\/users\/1007"}],"replies":[{"embeddable":true,"href":"https:\/\/wp.ufpel.edu.br\/eifionline\/wp-json\/wp\/v2\/comments?post=195"}],"version-history":[{"count":5,"href":"https:\/\/wp.ufpel.edu.br\/eifionline\/wp-json\/wp\/v2\/pages\/195\/revisions"}],"predecessor-version":[{"id":210,"href":"https:\/\/wp.ufpel.edu.br\/eifionline\/wp-json\/wp\/v2\/pages\/195\/revisions\/210"}],"wp:attachment":[{"href":"https:\/\/wp.ufpel.edu.br\/eifionline\/wp-json\/wp\/v2\/media?parent=195"}],"curies":[{"name":"wp","href":"https:\/\/api.w.org\/{rel}","templated":true}]}}