{"id":113,"date":"2021-07-01T20:00:09","date_gmt":"2021-07-01T23:00:09","guid":{"rendered":"https:\/\/wp.ufpel.edu.br\/eifionline\/?page_id=113"},"modified":"2021-07-01T20:27:02","modified_gmt":"2021-07-01T23:27:02","slug":"st-12-jovens-pesquisadores-discussoes-sobre-historia-da-educacao-e-ensino-de-historia","status":"publish","type":"page","link":"https:\/\/wp.ufpel.edu.br\/eifionline\/st-12-jovens-pesquisadores-discussoes-sobre-historia-da-educacao-e-ensino-de-historia\/","title":{"rendered":"ST 12: JOVENS PESQUISADORES: DISCUSS\u00d5ES SOBRE HIST\u00d3RIA DA EDUCA\u00c7\u00c3O E ENSINO DE HIST\u00d3RIA"},"content":{"rendered":"<p class=\"p1\" style=\"text-align: justify\">Discentes da linha de pesquisa: Culturas: entre ensino, forma\u00e7\u00e3o de sentidos e linguagens Este Simp\u00f3sio Tem\u00e1tico est\u00e1 situado entre as fronteiras da Hist\u00f3ria da Educa\u00e7\u00e3o e do Ensino de Hist\u00f3ria, ambos sendo percebidos aqui como fios condutores de discuss\u00f5es complexas que envolvem n\u00e3o somente os ambientes escolares e acad\u00eamicos, mas a sociedade como um todo. Sendo assim, o objetivo deste simp\u00f3sio \u00e9 propiciar espa\u00e7o para escuta e troca de experi\u00eancias acerca de discuss\u00f5es e produ\u00e7\u00f5es relacionadas \u00e0 forma\u00e7\u00e3o na Educa\u00e7\u00e3o B\u00e1sica, suas matrizes epistemol\u00f3gicas e curriculares, assim como forma\u00e7\u00e3o de professores, processo de ensino-aprendizagem, espa\u00e7os sociais, leitura e ensino remoto.<\/p>\n","protected":false},"excerpt":{"rendered":"<p>Discentes da linha de pesquisa: Culturas: entre ensino, forma\u00e7\u00e3o de sentidos e linguagens Este Simp\u00f3sio Tem\u00e1tico est\u00e1 situado entre as fronteiras da Hist\u00f3ria da Educa\u00e7\u00e3o e do Ensino de Hist\u00f3ria, ambos sendo percebidos aqui como fios condutores de discuss\u00f5es complexas que envolvem n\u00e3o somente os ambientes escolares e acad\u00eamicos, mas a sociedade como um todo. &hellip; <\/p>\n<p class=\"link-more\"><a href=\"https:\/\/wp.ufpel.edu.br\/eifionline\/st-12-jovens-pesquisadores-discussoes-sobre-historia-da-educacao-e-ensino-de-historia\/\" class=\"more-link\">Continue lendo<span class=\"screen-reader-text\"> &#8220;ST 12: JOVENS PESQUISADORES: DISCUSS\u00d5ES SOBRE HIST\u00d3RIA DA EDUCA\u00c7\u00c3O E ENSINO DE HIST\u00d3RIA&#8221;<\/span><\/a><\/p>\n","protected":false},"author":1007,"featured_media":0,"parent":0,"menu_order":0,"comment_status":"closed","ping_status":"closed","template":"","meta":{"footnotes":""},"class_list":["post-113","page","type-page","status-publish","hentry"],"_links":{"self":[{"href":"https:\/\/wp.ufpel.edu.br\/eifionline\/wp-json\/wp\/v2\/pages\/113","targetHints":{"allow":["GET"]}}],"collection":[{"href":"https:\/\/wp.ufpel.edu.br\/eifionline\/wp-json\/wp\/v2\/pages"}],"about":[{"href":"https:\/\/wp.ufpel.edu.br\/eifionline\/wp-json\/wp\/v2\/types\/page"}],"author":[{"embeddable":true,"href":"https:\/\/wp.ufpel.edu.br\/eifionline\/wp-json\/wp\/v2\/users\/1007"}],"replies":[{"embeddable":true,"href":"https:\/\/wp.ufpel.edu.br\/eifionline\/wp-json\/wp\/v2\/comments?post=113"}],"version-history":[{"count":2,"href":"https:\/\/wp.ufpel.edu.br\/eifionline\/wp-json\/wp\/v2\/pages\/113\/revisions"}],"predecessor-version":[{"id":144,"href":"https:\/\/wp.ufpel.edu.br\/eifionline\/wp-json\/wp\/v2\/pages\/113\/revisions\/144"}],"wp:attachment":[{"href":"https:\/\/wp.ufpel.edu.br\/eifionline\/wp-json\/wp\/v2\/media?parent=113"}],"curies":[{"name":"wp","href":"https:\/\/api.w.org\/{rel}","templated":true}]}}