{"id":112,"date":"2021-07-01T20:00:09","date_gmt":"2021-07-01T23:00:09","guid":{"rendered":"https:\/\/wp.ufpel.edu.br\/eifionline\/?page_id=112"},"modified":"2021-07-01T20:12:04","modified_gmt":"2021-07-01T23:12:04","slug":"st-11-jovens-pesquisadores-vivencias-experiencias-tensoes-sociais-e-resistencias-do-mundo-rural-ou-periferico-aos-grandes-centros-urbanos","status":"publish","type":"page","link":"https:\/\/wp.ufpel.edu.br\/eifionline\/st-11-jovens-pesquisadores-vivencias-experiencias-tensoes-sociais-e-resistencias-do-mundo-rural-ou-periferico-aos-grandes-centros-urbanos\/","title":{"rendered":"ST 11: JOVENS PESQUISADORES: VIV\u00caNCIAS, EXPERI\u00caNCIAS, TENS\u00d5ES SOCIAIS E RESIST\u00caNCIAS DO MUNDO RURAL OU PERIF\u00c9RICO AOS GRANDES CENTROS URBANOS"},"content":{"rendered":"<p class=\"p1\" style=\"text-align: justify\">Discentes da linha de pesquisa: Estado: entre poder, tens\u00f5es e autoritarismo Este grupo de trabalho voltado para Jovens Pesquisadores tem como principal objetivo refletir sobre a produ\u00e7\u00e3o do conhecimento hist\u00f3rico atrav\u00e9s de pesquisas desenvolvidas na gradua\u00e7\u00e3o. Com abertura para distintos recortes temporais e espaciais, este ST se volta para reflex\u00f5es sobre as rela\u00e7\u00f5es de poder, enfatizando estudos que envolvem o Estado e diferentes setores da sociedade civil, organizada ou n\u00e3o, destacando viv\u00eancias, experi\u00eancias, tens\u00f5es sociais e resist\u00eancias nas cidades de interior, no campo, nas periferias e nos grandes centros. Espera-se reflex\u00f5es que partam de enfoques variados, que possam abranger, entre outros, os estudos biogr\u00e1ficos e prosopogr\u00e1ficos, a hist\u00f3ria dos conceitos e das ideias pol\u00edticas, o ensino de Hist\u00f3ria e suas dimens\u00f5es socioespaciais, as pol\u00edticas de mem\u00f3ria e as identidades, hist\u00f3ria oral, os usos p\u00fablicos do passado, traumas, m\u00eddias, ra\u00e7a, g\u00eanero, movimentos campesinos, espa\u00e7os fronteiri\u00e7os, negacionismos ou silenciamentos, hist\u00f3ria do crime e da justi\u00e7a, hist\u00f3ria do tempo presente e culturas pol\u00edticas diversas.<\/p>\n","protected":false},"excerpt":{"rendered":"<p>Discentes da linha de pesquisa: Estado: entre poder, tens\u00f5es e autoritarismo Este grupo de trabalho voltado para Jovens Pesquisadores tem como principal objetivo refletir sobre a produ\u00e7\u00e3o do conhecimento hist\u00f3rico atrav\u00e9s de pesquisas desenvolvidas na gradua\u00e7\u00e3o. Com abertura para distintos recortes temporais e espaciais, este ST se volta para reflex\u00f5es sobre as rela\u00e7\u00f5es de poder, &hellip; <\/p>\n<p class=\"link-more\"><a href=\"https:\/\/wp.ufpel.edu.br\/eifionline\/st-11-jovens-pesquisadores-vivencias-experiencias-tensoes-sociais-e-resistencias-do-mundo-rural-ou-periferico-aos-grandes-centros-urbanos\/\" class=\"more-link\">Continue lendo<span class=\"screen-reader-text\"> &#8220;ST 11: JOVENS PESQUISADORES: VIV\u00caNCIAS, EXPERI\u00caNCIAS, TENS\u00d5ES SOCIAIS E RESIST\u00caNCIAS DO MUNDO RURAL OU PERIF\u00c9RICO AOS GRANDES CENTROS URBANOS&#8221;<\/span><\/a><\/p>\n","protected":false},"author":1007,"featured_media":0,"parent":0,"menu_order":0,"comment_status":"closed","ping_status":"closed","template":"","meta":{"footnotes":""},"class_list":["post-112","page","type-page","status-publish","hentry"],"_links":{"self":[{"href":"https:\/\/wp.ufpel.edu.br\/eifionline\/wp-json\/wp\/v2\/pages\/112","targetHints":{"allow":["GET"]}}],"collection":[{"href":"https:\/\/wp.ufpel.edu.br\/eifionline\/wp-json\/wp\/v2\/pages"}],"about":[{"href":"https:\/\/wp.ufpel.edu.br\/eifionline\/wp-json\/wp\/v2\/types\/page"}],"author":[{"embeddable":true,"href":"https:\/\/wp.ufpel.edu.br\/eifionline\/wp-json\/wp\/v2\/users\/1007"}],"replies":[{"embeddable":true,"href":"https:\/\/wp.ufpel.edu.br\/eifionline\/wp-json\/wp\/v2\/comments?post=112"}],"version-history":[{"count":2,"href":"https:\/\/wp.ufpel.edu.br\/eifionline\/wp-json\/wp\/v2\/pages\/112\/revisions"}],"predecessor-version":[{"id":143,"href":"https:\/\/wp.ufpel.edu.br\/eifionline\/wp-json\/wp\/v2\/pages\/112\/revisions\/143"}],"wp:attachment":[{"href":"https:\/\/wp.ufpel.edu.br\/eifionline\/wp-json\/wp\/v2\/media?parent=112"}],"curies":[{"name":"wp","href":"https:\/\/api.w.org\/{rel}","templated":true}]}}