{"id":111,"date":"2021-07-01T20:00:09","date_gmt":"2021-07-01T23:00:09","guid":{"rendered":"https:\/\/wp.ufpel.edu.br\/eifionline\/?page_id=111"},"modified":"2021-07-01T20:10:52","modified_gmt":"2021-07-01T23:10:52","slug":"st-10-jovens-pesquisadores-vivencias-entre-historia-memoria-fronteiras-e-identidades","status":"publish","type":"page","link":"https:\/\/wp.ufpel.edu.br\/eifionline\/st-10-jovens-pesquisadores-vivencias-entre-historia-memoria-fronteiras-e-identidades\/","title":{"rendered":"ST 10: JOVENS PESQUISADORES: VIV\u00caNCIAS: ENTRE HIST\u00d3RIA, MEM\u00d3RIA, FRONTEIRAS E IDENTIDADES"},"content":{"rendered":"<p class=\"p1\" style=\"text-align: justify\">Discentes da linha de pesquisa: Trajet\u00f3rias: entre identidades, mem\u00f3ria e conflito social O objetivo deste Simp\u00f3sio Tem\u00e1tico \u00e9 reunir trabalhos que contemplem discuss\u00f5es sobre as m\u00faltiplas experi\u00eancias, interpreta\u00e7\u00f5es e constru\u00e7\u00f5es simb\u00f3licas que perpassam a trajet\u00f3ria hist\u00f3rica dos diferentes grupos humanos. A proposta compreende pesquisas que envolvam debates sobre hist\u00f3ria, mem\u00f3ria, fronteiras e identidades de forma abrangente. Possibilita a interconex\u00e3o desses campos e a inser\u00e7\u00e3o de temas direcionados aos estudos das migra\u00e7\u00f5es, religiosidades, patrim\u00f4nio cultural, trajet\u00f3rias individuais e coletivas.<\/p>\n","protected":false},"excerpt":{"rendered":"<p>Discentes da linha de pesquisa: Trajet\u00f3rias: entre identidades, mem\u00f3ria e conflito social O objetivo deste Simp\u00f3sio Tem\u00e1tico \u00e9 reunir trabalhos que contemplem discuss\u00f5es sobre as m\u00faltiplas experi\u00eancias, interpreta\u00e7\u00f5es e constru\u00e7\u00f5es simb\u00f3licas que perpassam a trajet\u00f3ria hist\u00f3rica dos diferentes grupos humanos. A proposta compreende pesquisas que envolvam debates sobre hist\u00f3ria, mem\u00f3ria, fronteiras e identidades de forma &hellip; <\/p>\n<p class=\"link-more\"><a href=\"https:\/\/wp.ufpel.edu.br\/eifionline\/st-10-jovens-pesquisadores-vivencias-entre-historia-memoria-fronteiras-e-identidades\/\" class=\"more-link\">Continue lendo<span class=\"screen-reader-text\"> &#8220;ST 10: JOVENS PESQUISADORES: VIV\u00caNCIAS: ENTRE HIST\u00d3RIA, MEM\u00d3RIA, FRONTEIRAS E IDENTIDADES&#8221;<\/span><\/a><\/p>\n","protected":false},"author":1007,"featured_media":0,"parent":0,"menu_order":0,"comment_status":"closed","ping_status":"closed","template":"","meta":{"footnotes":""},"class_list":["post-111","page","type-page","status-publish","hentry"],"_links":{"self":[{"href":"https:\/\/wp.ufpel.edu.br\/eifionline\/wp-json\/wp\/v2\/pages\/111","targetHints":{"allow":["GET"]}}],"collection":[{"href":"https:\/\/wp.ufpel.edu.br\/eifionline\/wp-json\/wp\/v2\/pages"}],"about":[{"href":"https:\/\/wp.ufpel.edu.br\/eifionline\/wp-json\/wp\/v2\/types\/page"}],"author":[{"embeddable":true,"href":"https:\/\/wp.ufpel.edu.br\/eifionline\/wp-json\/wp\/v2\/users\/1007"}],"replies":[{"embeddable":true,"href":"https:\/\/wp.ufpel.edu.br\/eifionline\/wp-json\/wp\/v2\/comments?post=111"}],"version-history":[{"count":2,"href":"https:\/\/wp.ufpel.edu.br\/eifionline\/wp-json\/wp\/v2\/pages\/111\/revisions"}],"predecessor-version":[{"id":142,"href":"https:\/\/wp.ufpel.edu.br\/eifionline\/wp-json\/wp\/v2\/pages\/111\/revisions\/142"}],"wp:attachment":[{"href":"https:\/\/wp.ufpel.edu.br\/eifionline\/wp-json\/wp\/v2\/media?parent=111"}],"curies":[{"name":"wp","href":"https:\/\/api.w.org\/{rel}","templated":true}]}}