{"id":110,"date":"2021-07-01T20:00:09","date_gmt":"2021-07-01T23:00:09","guid":{"rendered":"https:\/\/wp.ufpel.edu.br\/eifionline\/?page_id=110"},"modified":"2021-07-01T20:08:15","modified_gmt":"2021-07-01T23:08:15","slug":"st-9-jovens-pesquisadores-historia-e-midias-audiovisuais","status":"publish","type":"page","link":"https:\/\/wp.ufpel.edu.br\/eifionline\/st-9-jovens-pesquisadores-historia-e-midias-audiovisuais\/","title":{"rendered":"ST 9: JOVENS PESQUISADORES: HIST\u00d3RIA E M\u00cdDIAS AUDIOVISUAIS"},"content":{"rendered":"<p class=\"p1\" style=\"text-align: justify\">Discentes da linha de pesquisa Imagens: entre iconografia, cultura visual e intermidialidade A significativa presen\u00e7a das m\u00eddias audiovisuais difundidas em nosso cotidiano nos convida a pensarmos as possibilidades de ensino e aprendizagem acerca de seus significados e representa\u00e7\u00f5es. O objetivo deste Simp\u00f3sio Tem\u00e1tico \u00e9 a divulga\u00e7\u00e3o de trabalhos com \u00eanfase na rela\u00e7\u00e3o entre a Hist\u00f3ria e as m\u00eddias audiovisuais em seus diversos formatos (como exemplos: cinema, m\u00fasica, artes visuais, videogames, r\u00e1dio, jornais, hist\u00f3rias em quadrinhos, entre outras) que debatam seus horizontes de pesquisa. As diversas tem\u00e1ticas encontradas dentro do campo das m\u00eddias ser\u00e3o organizadas nos dias a serem apresentados de acordo com a proximidade dos trabalhos inscritos.<\/p>\n","protected":false},"excerpt":{"rendered":"<p>Discentes da linha de pesquisa Imagens: entre iconografia, cultura visual e intermidialidade A significativa presen\u00e7a das m\u00eddias audiovisuais difundidas em nosso cotidiano nos convida a pensarmos as possibilidades de ensino e aprendizagem acerca de seus significados e representa\u00e7\u00f5es. O objetivo deste Simp\u00f3sio Tem\u00e1tico \u00e9 a divulga\u00e7\u00e3o de trabalhos com \u00eanfase na rela\u00e7\u00e3o entre a Hist\u00f3ria &hellip; <\/p>\n<p class=\"link-more\"><a href=\"https:\/\/wp.ufpel.edu.br\/eifionline\/st-9-jovens-pesquisadores-historia-e-midias-audiovisuais\/\" class=\"more-link\">Continue lendo<span class=\"screen-reader-text\"> &#8220;ST 9: JOVENS PESQUISADORES: HIST\u00d3RIA E M\u00cdDIAS AUDIOVISUAIS&#8221;<\/span><\/a><\/p>\n","protected":false},"author":1007,"featured_media":0,"parent":0,"menu_order":0,"comment_status":"closed","ping_status":"closed","template":"","meta":{"footnotes":""},"class_list":["post-110","page","type-page","status-publish","hentry"],"_links":{"self":[{"href":"https:\/\/wp.ufpel.edu.br\/eifionline\/wp-json\/wp\/v2\/pages\/110","targetHints":{"allow":["GET"]}}],"collection":[{"href":"https:\/\/wp.ufpel.edu.br\/eifionline\/wp-json\/wp\/v2\/pages"}],"about":[{"href":"https:\/\/wp.ufpel.edu.br\/eifionline\/wp-json\/wp\/v2\/types\/page"}],"author":[{"embeddable":true,"href":"https:\/\/wp.ufpel.edu.br\/eifionline\/wp-json\/wp\/v2\/users\/1007"}],"replies":[{"embeddable":true,"href":"https:\/\/wp.ufpel.edu.br\/eifionline\/wp-json\/wp\/v2\/comments?post=110"}],"version-history":[{"count":2,"href":"https:\/\/wp.ufpel.edu.br\/eifionline\/wp-json\/wp\/v2\/pages\/110\/revisions"}],"predecessor-version":[{"id":141,"href":"https:\/\/wp.ufpel.edu.br\/eifionline\/wp-json\/wp\/v2\/pages\/110\/revisions\/141"}],"wp:attachment":[{"href":"https:\/\/wp.ufpel.edu.br\/eifionline\/wp-json\/wp\/v2\/media?parent=110"}],"curies":[{"name":"wp","href":"https:\/\/api.w.org\/{rel}","templated":true}]}}