{"id":109,"date":"2021-07-01T20:00:09","date_gmt":"2021-07-01T23:00:09","guid":{"rendered":"https:\/\/wp.ufpel.edu.br\/eifionline\/?page_id=109"},"modified":"2021-07-09T14:13:14","modified_gmt":"2021-07-09T17:13:14","slug":"st-8-historia-arte-e-cultura-perspectivas-e-possibilidades-inter-transdisciplinares","status":"publish","type":"page","link":"https:\/\/wp.ufpel.edu.br\/eifionline\/st-8-historia-arte-e-cultura-perspectivas-e-possibilidades-inter-transdisciplinares\/","title":{"rendered":"ST 8: HIST\u00d3RIA, ARTE E CULTURA: PERSPECTIVAS E POSSIBILIDADES INTER\/TRANSDISCIPLINARES"},"content":{"rendered":"<p class=\"p1\" style=\"text-align: justify\">Prof\u00aa Dra. Larissa Patron Chaves (UFPel)<br \/>\nProf\u00ba Dr. Thiago Silva de Amorim Jesus (UFPel)<br \/>\nProf\u00aa Dra. Ros\u00e2ngela Medeiros Fachel (UFPel)<\/p>\n<p style=\"text-align: justify\">Partindo de reflex\u00f5es que envolvam os campos da Hist\u00f3ria, Cultura e Arte, o presente simp\u00f3sio tem\u00e1tico tem por objetivo propor o debate sobre as rela\u00e7\u00f5es entre diferentes manifesta\u00e7\u00f5es art\u00edsticas e\/ ou culturais em sociedade, articulando-se com os conceitos de fronteiras e identidades. Tal escopo entende-se a partir de uma perspectiva decolonial e engloba a necessidade de problematizar o impacto das rela\u00e7\u00f5es entre culturas e contextos, discutindo a forma\u00e7\u00e3o de identidades e ou quest\u00f5es que envolvem fronteiras em suas m\u00faltiplas acep\u00e7\u00f5es simb\u00f3licas. Nesse sentido, este simp\u00f3sio pretende abarcar discuss\u00f5es e produ\u00e7\u00f5es, finalizadas e em andamento, que se desdobrem de interesses individuais e ou coletivos, e que englobam interven\u00e7\u00f5es, experimenta\u00e7\u00f5es, proposi\u00e7\u00f5es e cria\u00e7\u00e3o de acervos, estudo de performances que envolvam quest\u00f5es culturais, dentre outros.<\/p>\n","protected":false},"excerpt":{"rendered":"<p>Prof\u00aa Dra. Larissa Patron Chaves (UFPel) Prof\u00ba Dr. Thiago Silva de Amorim Jesus (UFPel) Prof\u00aa Dra. Ros\u00e2ngela Medeiros Fachel (UFPel) Partindo de reflex\u00f5es que envolvam os campos da Hist\u00f3ria, Cultura e Arte, o presente simp\u00f3sio tem\u00e1tico tem por objetivo propor o debate sobre as rela\u00e7\u00f5es entre diferentes manifesta\u00e7\u00f5es art\u00edsticas e\/ ou culturais em sociedade, articulando-se &hellip; <\/p>\n<p class=\"link-more\"><a href=\"https:\/\/wp.ufpel.edu.br\/eifionline\/st-8-historia-arte-e-cultura-perspectivas-e-possibilidades-inter-transdisciplinares\/\" class=\"more-link\">Continue lendo<span class=\"screen-reader-text\"> &#8220;ST 8: HIST\u00d3RIA, ARTE E CULTURA: PERSPECTIVAS E POSSIBILIDADES INTER\/TRANSDISCIPLINARES&#8221;<\/span><\/a><\/p>\n","protected":false},"author":1007,"featured_media":0,"parent":0,"menu_order":0,"comment_status":"closed","ping_status":"closed","template":"","meta":{"footnotes":""},"class_list":["post-109","page","type-page","status-publish","hentry"],"_links":{"self":[{"href":"https:\/\/wp.ufpel.edu.br\/eifionline\/wp-json\/wp\/v2\/pages\/109","targetHints":{"allow":["GET"]}}],"collection":[{"href":"https:\/\/wp.ufpel.edu.br\/eifionline\/wp-json\/wp\/v2\/pages"}],"about":[{"href":"https:\/\/wp.ufpel.edu.br\/eifionline\/wp-json\/wp\/v2\/types\/page"}],"author":[{"embeddable":true,"href":"https:\/\/wp.ufpel.edu.br\/eifionline\/wp-json\/wp\/v2\/users\/1007"}],"replies":[{"embeddable":true,"href":"https:\/\/wp.ufpel.edu.br\/eifionline\/wp-json\/wp\/v2\/comments?post=109"}],"version-history":[{"count":3,"href":"https:\/\/wp.ufpel.edu.br\/eifionline\/wp-json\/wp\/v2\/pages\/109\/revisions"}],"predecessor-version":[{"id":194,"href":"https:\/\/wp.ufpel.edu.br\/eifionline\/wp-json\/wp\/v2\/pages\/109\/revisions\/194"}],"wp:attachment":[{"href":"https:\/\/wp.ufpel.edu.br\/eifionline\/wp-json\/wp\/v2\/media?parent=109"}],"curies":[{"name":"wp","href":"https:\/\/api.w.org\/{rel}","templated":true}]}}