{"id":107,"date":"2021-07-01T20:00:09","date_gmt":"2021-07-01T23:00:09","guid":{"rendered":"https:\/\/wp.ufpel.edu.br\/eifionline\/?page_id=107"},"modified":"2021-07-09T14:13:08","modified_gmt":"2021-07-09T17:13:08","slug":"st-7-estado-poder-e-autoritarismo-na-america-latina-percepcoes-atuais","status":"publish","type":"page","link":"https:\/\/wp.ufpel.edu.br\/eifionline\/st-7-estado-poder-e-autoritarismo-na-america-latina-percepcoes-atuais\/","title":{"rendered":"ST 7: ESTADO, PODER E AUTORITARISMO NA AM\u00c9RICA LATINA: PERCEP\u00c7\u00d5ES ATUAIS"},"content":{"rendered":"<p class=\"p1\" style=\"text-align: justify\">Prof. Dr. Charles Pereira Penaforte (UFPel)<br \/>\nProf. Dr. Edgar \u00c1vila Gandra (UFPel)<br \/>\nProf\u00aa. Dr\u00aa. Tatyana Maia (PUCRS)<\/p>\n<p style=\"text-align: justify\">O presente Simp\u00f3sio Tem\u00e1tico, procura destacar aspectos importantes da hist\u00f3ria contempor\u00e2nea da Am\u00e9rica Latina referente aos processos que levaram \u00e0s rupturas democr\u00e1ticas em diversos pa\u00edses e, por esta raz\u00e3o, efetivaram persegui\u00e7\u00f5es e repress\u00f5es em regimes autorit\u00e1rios. Desvelar, nesse cen\u00e1rio, mem\u00f3rias, aspectos, grupos que vivenciaram esse momento \u00e9 fundamental para ressignificar proficuamente o nosso passado recente e ampliar nosso conhecimento hist\u00f3rico sobre esse rico mosaico. Ampliando o debate no sentido de abarcar an\u00e1lises que tenham como foco a participa\u00e7\u00e3o ampla de trabalhadores, militares, pol\u00edticos e demais sujeitos hist\u00f3ricos que vivenciaram esse momento tensionado da hist\u00f3rica da Am\u00e9rica Latina torna-se fundamental para uma reflex\u00e3o mais aprofundada da realidade contempor\u00e2nea, sobretudo para refletir sobre a pr\u00f3pria constru\u00e7\u00e3o dessas mem\u00f3rias ainda em processo de disputa na sociedade.<\/p>\n","protected":false},"excerpt":{"rendered":"<p>Prof. Dr. Charles Pereira Penaforte (UFPel) Prof. Dr. Edgar \u00c1vila Gandra (UFPel) Prof\u00aa. Dr\u00aa. Tatyana Maia (PUCRS) O presente Simp\u00f3sio Tem\u00e1tico, procura destacar aspectos importantes da hist\u00f3ria contempor\u00e2nea da Am\u00e9rica Latina referente aos processos que levaram \u00e0s rupturas democr\u00e1ticas em diversos pa\u00edses e, por esta raz\u00e3o, efetivaram persegui\u00e7\u00f5es e repress\u00f5es em regimes autorit\u00e1rios. Desvelar, nesse &hellip; <\/p>\n<p class=\"link-more\"><a href=\"https:\/\/wp.ufpel.edu.br\/eifionline\/st-7-estado-poder-e-autoritarismo-na-america-latina-percepcoes-atuais\/\" class=\"more-link\">Continue lendo<span class=\"screen-reader-text\"> &#8220;ST 7: ESTADO, PODER E AUTORITARISMO NA AM\u00c9RICA LATINA: PERCEP\u00c7\u00d5ES ATUAIS&#8221;<\/span><\/a><\/p>\n","protected":false},"author":1007,"featured_media":0,"parent":0,"menu_order":0,"comment_status":"closed","ping_status":"closed","template":"","meta":{"footnotes":""},"class_list":["post-107","page","type-page","status-publish","hentry"],"_links":{"self":[{"href":"https:\/\/wp.ufpel.edu.br\/eifionline\/wp-json\/wp\/v2\/pages\/107","targetHints":{"allow":["GET"]}}],"collection":[{"href":"https:\/\/wp.ufpel.edu.br\/eifionline\/wp-json\/wp\/v2\/pages"}],"about":[{"href":"https:\/\/wp.ufpel.edu.br\/eifionline\/wp-json\/wp\/v2\/types\/page"}],"author":[{"embeddable":true,"href":"https:\/\/wp.ufpel.edu.br\/eifionline\/wp-json\/wp\/v2\/users\/1007"}],"replies":[{"embeddable":true,"href":"https:\/\/wp.ufpel.edu.br\/eifionline\/wp-json\/wp\/v2\/comments?post=107"}],"version-history":[{"count":3,"href":"https:\/\/wp.ufpel.edu.br\/eifionline\/wp-json\/wp\/v2\/pages\/107\/revisions"}],"predecessor-version":[{"id":193,"href":"https:\/\/wp.ufpel.edu.br\/eifionline\/wp-json\/wp\/v2\/pages\/107\/revisions\/193"}],"wp:attachment":[{"href":"https:\/\/wp.ufpel.edu.br\/eifionline\/wp-json\/wp\/v2\/media?parent=107"}],"curies":[{"name":"wp","href":"https:\/\/api.w.org\/{rel}","templated":true}]}}