{"id":106,"date":"2021-07-01T20:00:09","date_gmt":"2021-07-01T23:00:09","guid":{"rendered":"https:\/\/wp.ufpel.edu.br\/eifionline\/?page_id=106"},"modified":"2021-07-09T14:13:01","modified_gmt":"2021-07-09T17:13:01","slug":"st-6-terra-e-poder-as-relacoes-de-dominacao-e-resistencia-no-campo-brasileiro-seculos-xix-ao-xxi","status":"publish","type":"page","link":"https:\/\/wp.ufpel.edu.br\/eifionline\/st-6-terra-e-poder-as-relacoes-de-dominacao-e-resistencia-no-campo-brasileiro-seculos-xix-ao-xxi\/","title":{"rendered":"ST 6: TERRA E PODER: AS RELA\u00c7\u00d5ES DE DOMINA\u00c7\u00c3O E RESIST\u00caNCIA NO CAMPO BRASILEIRO (S\u00c9CULOS XIX AO XXI)"},"content":{"rendered":"<p class=\"p1\" style=\"text-align: justify\">Prof\u00aa. Dr\u00aa. Alessandra Gasparotto (UFPel)<br \/>\nProf. Dr. Jonas Moreira Vargas (UFPel)<br \/>\nProf\u00aa. Dr\u00aa.Graciela Bonassa Garcia (UFRRJ)<br \/>\nProf. Dr.Marcio Both (UNIOESTE)<\/p>\n<p style=\"text-align: justify\">O presente Simp\u00f3sio Tem\u00e1tico busca oportunizar espa\u00e7os de reflex\u00e3o e discuss\u00e3o para pesquisas que estudem tem\u00e1ticas vinculadas \u00e0s rela\u00e7\u00f5es entre terra e poder, em uma perspectiva hist\u00f3rica de longa dura\u00e7\u00e3o. Ser\u00e3o aceitos trabalhos que tratem de temas como: as rela\u00e7\u00f5es de domina\u00e7\u00e3o e resist\u00eancia no campo; a forma\u00e7\u00e3o de elites rurais; as legisla\u00e7\u00f5es agr\u00e1rias e seus impactos ambientais, sociais e econ\u00f4micos; as lutas das popula\u00e7\u00f5es do campo e os movimentos sociais; a atua\u00e7\u00e3o do patronato rural e suas entidades representativas; o sindicalismo rural; conflitos ambientais; a educa\u00e7\u00e3o do campo e a viol\u00eancia e impunidade no campo brasileiro. O Simp\u00f3sio tamb\u00e9m tem o objetivo de contemplar reflex\u00f5es que buscam problematizar as rela\u00e7\u00f5es entre agroneg\u00f3cio, capitalismo e pandemias.<\/p>\n","protected":false},"excerpt":{"rendered":"<p>Prof\u00aa. Dr\u00aa. Alessandra Gasparotto (UFPel) Prof. Dr. Jonas Moreira Vargas (UFPel) Prof\u00aa. Dr\u00aa.Graciela Bonassa Garcia (UFRRJ) Prof. Dr.Marcio Both (UNIOESTE) O presente Simp\u00f3sio Tem\u00e1tico busca oportunizar espa\u00e7os de reflex\u00e3o e discuss\u00e3o para pesquisas que estudem tem\u00e1ticas vinculadas \u00e0s rela\u00e7\u00f5es entre terra e poder, em uma perspectiva hist\u00f3rica de longa dura\u00e7\u00e3o. Ser\u00e3o aceitos trabalhos que tratem &hellip; <\/p>\n<p class=\"link-more\"><a href=\"https:\/\/wp.ufpel.edu.br\/eifionline\/st-6-terra-e-poder-as-relacoes-de-dominacao-e-resistencia-no-campo-brasileiro-seculos-xix-ao-xxi\/\" class=\"more-link\">Continue lendo<span class=\"screen-reader-text\"> &#8220;ST 6: TERRA E PODER: AS RELA\u00c7\u00d5ES DE DOMINA\u00c7\u00c3O E RESIST\u00caNCIA NO CAMPO BRASILEIRO (S\u00c9CULOS XIX AO XXI)&#8221;<\/span><\/a><\/p>\n","protected":false},"author":1007,"featured_media":0,"parent":0,"menu_order":0,"comment_status":"closed","ping_status":"closed","template":"","meta":{"footnotes":""},"class_list":["post-106","page","type-page","status-publish","hentry"],"_links":{"self":[{"href":"https:\/\/wp.ufpel.edu.br\/eifionline\/wp-json\/wp\/v2\/pages\/106","targetHints":{"allow":["GET"]}}],"collection":[{"href":"https:\/\/wp.ufpel.edu.br\/eifionline\/wp-json\/wp\/v2\/pages"}],"about":[{"href":"https:\/\/wp.ufpel.edu.br\/eifionline\/wp-json\/wp\/v2\/types\/page"}],"author":[{"embeddable":true,"href":"https:\/\/wp.ufpel.edu.br\/eifionline\/wp-json\/wp\/v2\/users\/1007"}],"replies":[{"embeddable":true,"href":"https:\/\/wp.ufpel.edu.br\/eifionline\/wp-json\/wp\/v2\/comments?post=106"}],"version-history":[{"count":4,"href":"https:\/\/wp.ufpel.edu.br\/eifionline\/wp-json\/wp\/v2\/pages\/106\/revisions"}],"predecessor-version":[{"id":192,"href":"https:\/\/wp.ufpel.edu.br\/eifionline\/wp-json\/wp\/v2\/pages\/106\/revisions\/192"}],"wp:attachment":[{"href":"https:\/\/wp.ufpel.edu.br\/eifionline\/wp-json\/wp\/v2\/media?parent=106"}],"curies":[{"name":"wp","href":"https:\/\/api.w.org\/{rel}","templated":true}]}}