{"id":104,"date":"2021-07-01T20:00:09","date_gmt":"2021-07-01T23:00:09","guid":{"rendered":"https:\/\/wp.ufpel.edu.br\/eifionline\/?page_id=104"},"modified":"2021-07-01T20:04:19","modified_gmt":"2021-07-01T23:04:19","slug":"st-4-historia-imagens-e-midias","status":"publish","type":"page","link":"https:\/\/wp.ufpel.edu.br\/eifionline\/st-4-historia-imagens-e-midias\/","title":{"rendered":"ST 4: HIST\u00d3RIA, IMAGENS E M\u00cdDIAS"},"content":{"rendered":"<p class=\"p1\">Prof\u00aa. Dr\u00aa. Daniele Gallindo Gon\u00e7alves (UFPel)<br \/>\nProf. Dr. Aristeu Elisandro Machado Lopes (UFPel)<br \/>\nProf. Dr. Vinicius C\u00e9sar Dreger de Ara\u00fajo (UNIMONTES)<\/p>\n<p class=\"p1\" style=\"text-align: justify\">Este simp\u00f3sio tem\u00e1tico tem por objetivo proporcionar um di\u00e1logo com, e entre, autores que desenvolvem pesquisas relacionadas \u00e0s imagens e \u00e0s m\u00eddias em suas conex\u00f5es com a hist\u00f3ria. Ser\u00e3o bem-vindos trabalhos que abordam as mais variadas imagens como gravuras, pinturas, esculturas, fotografias, entre outras; m\u00eddias diversificadas como imprensa, televis\u00e3o, r\u00e1dio, cinema, desenhos animados, jogos eletr\u00f4nicos, hist\u00f3rias em quadrinhos entre outros elementos da cultura midi\u00e1tica.<\/p>\n","protected":false},"excerpt":{"rendered":"<p>Prof\u00aa. Dr\u00aa. Daniele Gallindo Gon\u00e7alves (UFPel) Prof. Dr. Aristeu Elisandro Machado Lopes (UFPel) Prof. Dr. Vinicius C\u00e9sar Dreger de Ara\u00fajo (UNIMONTES) Este simp\u00f3sio tem\u00e1tico tem por objetivo proporcionar um di\u00e1logo com, e entre, autores que desenvolvem pesquisas relacionadas \u00e0s imagens e \u00e0s m\u00eddias em suas conex\u00f5es com a hist\u00f3ria. Ser\u00e3o bem-vindos trabalhos que abordam as &hellip; <\/p>\n<p class=\"link-more\"><a href=\"https:\/\/wp.ufpel.edu.br\/eifionline\/st-4-historia-imagens-e-midias\/\" class=\"more-link\">Continue lendo<span class=\"screen-reader-text\"> &#8220;ST 4: HIST\u00d3RIA, IMAGENS E M\u00cdDIAS&#8221;<\/span><\/a><\/p>\n","protected":false},"author":1007,"featured_media":0,"parent":0,"menu_order":0,"comment_status":"closed","ping_status":"closed","template":"","meta":{"footnotes":""},"class_list":["post-104","page","type-page","status-publish","hentry"],"_links":{"self":[{"href":"https:\/\/wp.ufpel.edu.br\/eifionline\/wp-json\/wp\/v2\/pages\/104","targetHints":{"allow":["GET"]}}],"collection":[{"href":"https:\/\/wp.ufpel.edu.br\/eifionline\/wp-json\/wp\/v2\/pages"}],"about":[{"href":"https:\/\/wp.ufpel.edu.br\/eifionline\/wp-json\/wp\/v2\/types\/page"}],"author":[{"embeddable":true,"href":"https:\/\/wp.ufpel.edu.br\/eifionline\/wp-json\/wp\/v2\/users\/1007"}],"replies":[{"embeddable":true,"href":"https:\/\/wp.ufpel.edu.br\/eifionline\/wp-json\/wp\/v2\/comments?post=104"}],"version-history":[{"count":2,"href":"https:\/\/wp.ufpel.edu.br\/eifionline\/wp-json\/wp\/v2\/pages\/104\/revisions"}],"predecessor-version":[{"id":135,"href":"https:\/\/wp.ufpel.edu.br\/eifionline\/wp-json\/wp\/v2\/pages\/104\/revisions\/135"}],"wp:attachment":[{"href":"https:\/\/wp.ufpel.edu.br\/eifionline\/wp-json\/wp\/v2\/media?parent=104"}],"curies":[{"name":"wp","href":"https:\/\/api.w.org\/{rel}","templated":true}]}}