{"id":57,"date":"2017-09-14T19:58:09","date_gmt":"2017-09-14T22:58:09","guid":{"rendered":"https:\/\/wp.ufpel.edu.br\/eifi\/?page_id=57"},"modified":"2017-09-14T20:34:22","modified_gmt":"2017-09-14T23:34:22","slug":"i-eifi-2012","status":"publish","type":"page","link":"https:\/\/wp.ufpel.edu.br\/eifi\/i-eifi-2012\/","title":{"rendered":"I EIFI- 2012"},"content":{"rendered":"<p>O Programa de P\u00f3s-Gradua\u00e7\u00e3o em Hist\u00f3ria da Universidade Federal de Pelotas realizou, em parceria com o N\u00facleo de Documenta\u00e7\u00e3o Hist\u00f3ria da UFPel, o I Encontro Internacional Fronteiras e Identidades em setembro de 2012. Naquela ocasi\u00e3o, se reuniram em Pelotas pesquisadores internacionais e nacionais que participaram das confer\u00eancias, das mesas redondas e dos 18 simp\u00f3sios tem\u00e1ticos realizados nos quatro dias do I EIFI; al\u00e9m dos graduandos que tiveram a oportunidade de apresentar seus trabalhos em p\u00f4steres. Aproximadamente 400 pessoas participaram da primeira edi\u00e7\u00e3o, entre elas 260 comunicadores.<\/p>\n<p>O evento contou com \u00a0professores como Sidney Chalhoub (UNICAMP), Yobenj Aucardo Chicangana-Bayona (Universidad Nacional de Colombia, sede Medell\u00edn), Fernando Dores Costa (CEHC \u2013 Instituto Universit\u00e1rio de Lisboa), Lea Geller (Universidad de Buenos Aires) e Ronaldo Vainfas (UFF).<\/p>\n<p>O evento \u00a0inaugurou uma nova tradi\u00e7\u00e3o, pois foi o primeiro evento a chamar-se:\u00a0<strong>I Encontro Internacional Fronteiras e Identidades (I EIFI).<\/strong><\/p>\n<p>A primeira edi\u00e7\u00e3o do evento contou com o financiamento da FAPERGS e da CAPES.<\/p>\n<p><a href=\"http:\/\/www2.ufpel.edu.br\/ich\/eifi\/old\/inscricoes.htm\">Site do evento<\/a><\/p>\n","protected":false},"excerpt":{"rendered":"<p>O Programa de P\u00f3s-Gradua\u00e7\u00e3o em Hist\u00f3ria da Universidade Federal de Pelotas realizou, em parceria com o N\u00facleo de Documenta\u00e7\u00e3o Hist\u00f3ria da UFPel, o I Encontro Internacional Fronteiras e Identidades em setembro de 2012. Naquela ocasi\u00e3o, se reuniram em Pelotas pesquisadores internacionais e nacionais que participaram das confer\u00eancias, das mesas redondas e dos 18 simp\u00f3sios tem\u00e1ticos [&hellip;]<\/p>\n","protected":false},"author":784,"featured_media":0,"parent":0,"menu_order":0,"comment_status":"closed","ping_status":"closed","template":"","meta":{"footnotes":""},"class_list":["post-57","page","type-page","status-publish","hentry"],"_links":{"self":[{"href":"https:\/\/wp.ufpel.edu.br\/eifi\/wp-json\/wp\/v2\/pages\/57","targetHints":{"allow":["GET"]}}],"collection":[{"href":"https:\/\/wp.ufpel.edu.br\/eifi\/wp-json\/wp\/v2\/pages"}],"about":[{"href":"https:\/\/wp.ufpel.edu.br\/eifi\/wp-json\/wp\/v2\/types\/page"}],"author":[{"embeddable":true,"href":"https:\/\/wp.ufpel.edu.br\/eifi\/wp-json\/wp\/v2\/users\/784"}],"replies":[{"embeddable":true,"href":"https:\/\/wp.ufpel.edu.br\/eifi\/wp-json\/wp\/v2\/comments?post=57"}],"version-history":[{"count":4,"href":"https:\/\/wp.ufpel.edu.br\/eifi\/wp-json\/wp\/v2\/pages\/57\/revisions"}],"predecessor-version":[{"id":74,"href":"https:\/\/wp.ufpel.edu.br\/eifi\/wp-json\/wp\/v2\/pages\/57\/revisions\/74"}],"wp:attachment":[{"href":"https:\/\/wp.ufpel.edu.br\/eifi\/wp-json\/wp\/v2\/media?parent=57"}],"curies":[{"name":"wp","href":"https:\/\/api.w.org\/{rel}","templated":true}]}}