{"id":54,"date":"2017-09-14T19:57:45","date_gmt":"2017-09-14T22:57:45","guid":{"rendered":"https:\/\/wp.ufpel.edu.br\/eifi\/?page_id=54"},"modified":"2017-09-14T20:24:30","modified_gmt":"2017-09-14T23:24:30","slug":"ii-eifi-2014","status":"publish","type":"page","link":"https:\/\/wp.ufpel.edu.br\/eifi\/ii-eifi-2014\/","title":{"rendered":"II EIFI-2014"},"content":{"rendered":"<p>O evento promovido pelo programa de P\u00f3s Gradua\u00e7\u00e3o em Hist\u00f3ria, em parceria com o N\u00facleo de Documenta\u00e7\u00e3o Hist\u00f3rica do Instituto de Ci\u00eancias Humanas reuniu conferencistas de renome internacional na \u00e1rea. Ocorreu de 16 a 18 de setembro do ano de 2014.<\/p>\n<p>Em 2014 o PPGH\/UFPel, novamente com o NDH\/UFPel, preparou a segunda edi\u00e7\u00e3o do encontro, que ocorreu entre os dias \u00a016 a 18 de setembro. O evento contou com a participa\u00e7\u00f5es de conferencistas, nacionais e internacionais: Prof\u00aa Dr\u00aa Laura Vazquez (Universidad de Buenos Aires\/Argentina),\u00a0Prof\u00aa Dr\u00aa Maria de Deus Manso (Universidade de \u00c9vora\/Portugal), Prof. Dr. Juan Carlos Garavaglia (Universitat Pompeu Fabra\/Barcelona-Espanha e Directeur d\u2019Etudes honnoraire, EHESS\/Paris-Fran\u00e7a), Prof\u00aa Dr\u00aa Martha Abreu (Universidade Federal Fluminense) e Prof\u00aa Dr\u00aa Maria Aparecida de Souza Lopes (California State University, Fresno-EUA).<br \/>\nContou com 12 Simp\u00f3sios Tem\u00e1ticos e com um Simp\u00f3sio de Novos Pesquisadores, reunindo pesquisas de alunos de gradua\u00e7\u00e3o, no qual os trabalhos foram apresentados no formato de comunica\u00e7\u00e3o com publica\u00e7\u00e3o dos resumos e textos.<\/p>\n<p>A segunda edi\u00e7\u00e3o do evento contou com o financiamento da FAPERGS \u00a0e com o apoio da Coordena\u00e7\u00e3o de Aperfei\u00e7oamento de Pessoal de N\u00edvel Superior (CAPES).<\/p>\n<p>Comiss\u00e3o Organizadora<\/p>\n<p class=\"text12\">Prof\u00aa Dra Larissa Patron Chaves<br \/>\nProf\u00ba Dra. Clarice Speranza<br \/>\nProf\u00ba Dr. Aristeu Elizandro Lopes<br \/>\nProf\u00aa Dra. Carolina Kesser<br \/>\nProf\u00ba Dr. Jo\u00e3o J\u00falio Gomes dos Santos Jr.<br \/>\nProf\u00ba Dr. Alexandre Karsburg<br \/>\nProf.\u00aa Dra. Caroline Bauer<br \/>\nProf.\u00aa Dra. Mariana Flores da Cunha Thompson Flores<br \/>\nBiane Jacques<\/p>\n<p><a href=\"http:\/\/www2.ufpel.edu.br\/ich\/eifi\/index.htm\">Site do evento<\/a><\/p>\n<p class=\"text12\">\n","protected":false},"excerpt":{"rendered":"<p>O evento promovido pelo programa de P\u00f3s Gradua\u00e7\u00e3o em Hist\u00f3ria, em parceria com o N\u00facleo de Documenta\u00e7\u00e3o Hist\u00f3rica do Instituto de Ci\u00eancias Humanas reuniu conferencistas de renome internacional na \u00e1rea. Ocorreu de 16 a 18 de setembro do ano de 2014. Em 2014 o PPGH\/UFPel, novamente com o NDH\/UFPel, preparou a segunda edi\u00e7\u00e3o do encontro, [&hellip;]<\/p>\n","protected":false},"author":784,"featured_media":0,"parent":0,"menu_order":0,"comment_status":"closed","ping_status":"closed","template":"","meta":{"footnotes":""},"class_list":["post-54","page","type-page","status-publish","hentry"],"_links":{"self":[{"href":"https:\/\/wp.ufpel.edu.br\/eifi\/wp-json\/wp\/v2\/pages\/54","targetHints":{"allow":["GET"]}}],"collection":[{"href":"https:\/\/wp.ufpel.edu.br\/eifi\/wp-json\/wp\/v2\/pages"}],"about":[{"href":"https:\/\/wp.ufpel.edu.br\/eifi\/wp-json\/wp\/v2\/types\/page"}],"author":[{"embeddable":true,"href":"https:\/\/wp.ufpel.edu.br\/eifi\/wp-json\/wp\/v2\/users\/784"}],"replies":[{"embeddable":true,"href":"https:\/\/wp.ufpel.edu.br\/eifi\/wp-json\/wp\/v2\/comments?post=54"}],"version-history":[{"count":5,"href":"https:\/\/wp.ufpel.edu.br\/eifi\/wp-json\/wp\/v2\/pages\/54\/revisions"}],"predecessor-version":[{"id":71,"href":"https:\/\/wp.ufpel.edu.br\/eifi\/wp-json\/wp\/v2\/pages\/54\/revisions\/71"}],"wp:attachment":[{"href":"https:\/\/wp.ufpel.edu.br\/eifi\/wp-json\/wp\/v2\/media?parent=54"}],"curies":[{"name":"wp","href":"https:\/\/api.w.org\/{rel}","templated":true}]}}