{"id":51,"date":"2017-09-14T19:57:25","date_gmt":"2017-09-14T22:57:25","guid":{"rendered":"https:\/\/wp.ufpel.edu.br\/eifi\/?page_id=51"},"modified":"2017-09-14T20:05:54","modified_gmt":"2017-09-14T23:05:54","slug":"iii-eifi-2016","status":"publish","type":"page","link":"https:\/\/wp.ufpel.edu.br\/eifi\/iii-eifi-2016\/","title":{"rendered":"III EIFI-2016"},"content":{"rendered":"<p>O III Encontro Internacional Fronteiras e Identidades contou com 17 Simp\u00f3sios Tem\u00e1ticos, 3 mini-cursos e 2 mesas-redondas, que foram palco de muitos debates e discuss\u00f5es a respeito das inova\u00e7\u00f5es historiogr\u00e1ficas e de como as mesmas v\u00eam sendo trabalhadas por autores nacionais e estrangeiros. Al\u00e9m disso, esta edi\u00e7\u00e3o teve a honra de receber, como conferencistas, historiadores internacionalmente consagrados, como Jos\u00e9 Murilo de Carvalho, Hendrik Kraay e Claudio Batalha.<\/p>\n<p>No total, o evento reuniu mais de 400 participantes entre ouvintes e comunicadores. Confirmando os resultados do I EIFI, em 2012, e do II EIFI, em 2014, o III Encontro foi um grande sucesso de p\u00fablico e apresenta-se como um evento mais do que consolidado na comunidade historiogr\u00e1fica do sul do pa\u00eds. O III Encontro Internacional Fronteiras e Identidades contou com 17 Simp\u00f3sios Tem\u00e1ticos, 3 mini-cursos e 2 mesas-redondas, que foram palco de muitos debates e discuss\u00f5es a respeito das inova\u00e7\u00f5es historiogr\u00e1ficas e de como as mesmas v\u00eam sendo trabalhadas por autores nacionais e estrangeiros.<\/p>\n<p>O evento promovido pelo Programa de P\u00f3s-Gradua\u00e7\u00e3o em Hist\u00f3ria, do Instituto de Ci\u00eancias Humanas da Universidade Federal de Pelotas, contou em sua terceira edi\u00e7\u00e3o com o financiamento da CAPES e da FAPERGS.<\/p>\n<p>&nbsp;<\/p>\n<p>Comiss\u00e3o Organizadora<\/p>\n<p class=\"font_7\"><a href=\"http:\/\/lattes.cnpq.br\/2989154064310451\" target=\"_blank\" rel=\"noopener\">Dr. Alisson Droppa<\/a><span class=\"wixGuard\">\u200b<\/span><\/p>\n<p class=\"font_7\"><a href=\"http:\/\/lattes.cnpq.br\/4044102026178120\" target=\"_blank\" rel=\"noopener\">Mestranda Amanda Basilio Santos<\/a><\/p>\n<p class=\"font_7\"><a href=\"http:\/\/lattes.cnpq.br\/1927341823687401\" target=\"_blank\" rel=\"noopener\">Dr. \u00aa Carolina Kesser Barcellos Dias<\/a><\/p>\n<p class=\"font_7\"><a href=\"http:\/\/lattes.cnpq.br\/8747056053837544\" target=\"_blank\" rel=\"noopener\">Dr. \u00aa Clarice Gontarski Speranza<\/a><span class=\"wixGuard\">\u200b<\/span><\/p>\n<p class=\"font_7\"><a href=\"http:\/\/lattes.cnpq.br\/3530480602109979\" target=\"_blank\" rel=\"noopener\">Dr. Edgar \u00c1vila Gandra<\/a><\/p>\n<p class=\"font_7\"><a href=\"http:\/\/lattes.cnpq.br\/6365699903494182\" target=\"_blank\" rel=\"noopener\">Dr.\u00aa Elisabete da Costa Leal<\/a><\/p>\n<p class=\"font_7\"><a href=\"http:\/\/lattes.cnpq.br\/5901727444406445\" target=\"_blank\" rel=\"noopener\">Dr. F\u00e1bio Vergara Cerqueira<\/a><\/p>\n<p class=\"font_7\"><a href=\"http:\/\/lattes.cnpq.br\/6511913807881617\" target=\"_blank\" rel=\"noopener\">Dr. Jonas Moreira Vargas<\/a><\/p>\n<p class=\"font_7\"><a href=\"http:\/\/lattes.cnpq.br\/3858201697400054\" target=\"_blank\" rel=\"noopener\">Dr.\u00aa Larissa Patron Chaves<\/a><span class=\"wixGuard\">\u200b<\/span><\/p>\n<p class=\"font_7\"><a href=\"http:\/\/lattes.cnpq.br\/1053674171258943\" target=\"_blank\" rel=\"noopener\">Mestranda Laura Giordani<\/a><\/p>\n<p class=\"font_7\"><span class=\"wixGuard\">\u200b<\/span><\/p>\n<p><a href=\"http:\/\/fronteiraseidentid.wixsite.com\/iiieifi\">Site do evento\u00a0<\/a><\/p>\n","protected":false},"excerpt":{"rendered":"<p>O III Encontro Internacional Fronteiras e Identidades contou com 17 Simp\u00f3sios Tem\u00e1ticos, 3 mini-cursos e 2 mesas-redondas, que foram palco de muitos debates e discuss\u00f5es a respeito das inova\u00e7\u00f5es historiogr\u00e1ficas e de como as mesmas v\u00eam sendo trabalhadas por autores nacionais e estrangeiros. Al\u00e9m disso, esta edi\u00e7\u00e3o teve a honra de receber, como conferencistas, historiadores [&hellip;]<\/p>\n","protected":false},"author":784,"featured_media":0,"parent":0,"menu_order":0,"comment_status":"closed","ping_status":"closed","template":"","meta":{"footnotes":""},"class_list":["post-51","page","type-page","status-publish","hentry"],"_links":{"self":[{"href":"https:\/\/wp.ufpel.edu.br\/eifi\/wp-json\/wp\/v2\/pages\/51","targetHints":{"allow":["GET"]}}],"collection":[{"href":"https:\/\/wp.ufpel.edu.br\/eifi\/wp-json\/wp\/v2\/pages"}],"about":[{"href":"https:\/\/wp.ufpel.edu.br\/eifi\/wp-json\/wp\/v2\/types\/page"}],"author":[{"embeddable":true,"href":"https:\/\/wp.ufpel.edu.br\/eifi\/wp-json\/wp\/v2\/users\/784"}],"replies":[{"embeddable":true,"href":"https:\/\/wp.ufpel.edu.br\/eifi\/wp-json\/wp\/v2\/comments?post=51"}],"version-history":[{"count":3,"href":"https:\/\/wp.ufpel.edu.br\/eifi\/wp-json\/wp\/v2\/pages\/51\/revisions"}],"predecessor-version":[{"id":67,"href":"https:\/\/wp.ufpel.edu.br\/eifi\/wp-json\/wp\/v2\/pages\/51\/revisions\/67"}],"wp:attachment":[{"href":"https:\/\/wp.ufpel.edu.br\/eifi\/wp-json\/wp\/v2\/media?parent=51"}],"curies":[{"name":"wp","href":"https:\/\/api.w.org\/{rel}","templated":true}]}}