{"id":289,"date":"2018-05-27T18:00:35","date_gmt":"2018-05-27T21:00:35","guid":{"rendered":"https:\/\/wp.ufpel.edu.br\/eifi\/?page_id=289"},"modified":"2018-09-04T14:25:07","modified_gmt":"2018-09-04T17:25:07","slug":"abordagens-geopoliticas-contemporaneas","status":"publish","type":"page","link":"https:\/\/wp.ufpel.edu.br\/eifi\/abordagens-geopoliticas-contemporaneas\/","title":{"rendered":"Abordagens Geopol\u00edticas Contempor\u00e2neas***"},"content":{"rendered":"<p style=\"text-align: right\"><strong>Prof. Dr. Charles Pennaforte<\/strong> (UFPel) | <strong>Mdo.\u00a0Everton Bonow<\/strong> (PPGH-UFPel)<\/p>\n<p style=\"text-align: justify\">O mundo passa por grandes transforma\u00e7\u00f5es geopol\u00edticas na atualidade por meio de rearranjos\u00a0 de poder.\u00a0 A China e a R\u00fassia deslocam-se para o centro da disputa de poder em meio\u00a0 ao enfraquecimento\/decl\u00ednio da hegemonia estadunidense. Como as na\u00e7\u00f5es devem compreender e\u00a0 atuar dentro deste cen\u00e1rio? Qual o papel da Am\u00e9rica Latina? O Simp\u00f3sio Tem\u00e1tico tem como objetivo agregar e proporcionar a discuss\u00e3o de pesquisas relacionadas a import\u00e2ncia da Geopol\u00edtica (e de \u00e1reas correlatas) como ferramenta para a explica\u00e7\u00e3o dos grandes fen\u00f4menos internacionais em desenvolvimento.<\/p>\n<p>&nbsp;<\/p>\n<h2>***ATEN\u00c7\u00c3O:<\/h2>\n<h4>O presente Simp\u00f3sio Tem\u00e1tico n\u00e3o teve o n\u00famero de inscri\u00e7\u00f5es necess\u00e1rias para sua realiza\u00e7\u00e3o.<\/h4>\n<h6 style=\"text-align: right\"><em><strong>Para Inscrever-se enviar o resumo, conforme orienta\u00e7\u00f5es<br \/>\n<\/strong><\/em><em><strong>constantes na \u201caba orienta\u00e7\u00f5es\u201d,\u00a0para o e-mail<br \/>\ncharlespennaforte@gmail.com<\/strong><\/em><\/h6>\n<h2 style=\"text-align: right\">Abordagens Geopol\u00edticas Contempor\u00e2neas<\/h2>\n","protected":false},"excerpt":{"rendered":"<p>Prof. Dr. Charles Pennaforte (UFPel) | Mdo.\u00a0Everton Bonow (PPGH-UFPel) O mundo passa por grandes transforma\u00e7\u00f5es geopol\u00edticas na atualidade por meio de rearranjos\u00a0 de poder.\u00a0 A China e a R\u00fassia deslocam-se para o centro da disputa de poder em meio\u00a0 ao enfraquecimento\/decl\u00ednio da hegemonia estadunidense. Como as na\u00e7\u00f5es devem compreender e\u00a0 atuar dentro deste cen\u00e1rio? Qual [&hellip;]<\/p>\n","protected":false},"author":784,"featured_media":0,"parent":0,"menu_order":0,"comment_status":"closed","ping_status":"closed","template":"","meta":{"footnotes":""},"class_list":["post-289","page","type-page","status-publish","hentry"],"_links":{"self":[{"href":"https:\/\/wp.ufpel.edu.br\/eifi\/wp-json\/wp\/v2\/pages\/289","targetHints":{"allow":["GET"]}}],"collection":[{"href":"https:\/\/wp.ufpel.edu.br\/eifi\/wp-json\/wp\/v2\/pages"}],"about":[{"href":"https:\/\/wp.ufpel.edu.br\/eifi\/wp-json\/wp\/v2\/types\/page"}],"author":[{"embeddable":true,"href":"https:\/\/wp.ufpel.edu.br\/eifi\/wp-json\/wp\/v2\/users\/784"}],"replies":[{"embeddable":true,"href":"https:\/\/wp.ufpel.edu.br\/eifi\/wp-json\/wp\/v2\/comments?post=289"}],"version-history":[{"count":4,"href":"https:\/\/wp.ufpel.edu.br\/eifi\/wp-json\/wp\/v2\/pages\/289\/revisions"}],"predecessor-version":[{"id":409,"href":"https:\/\/wp.ufpel.edu.br\/eifi\/wp-json\/wp\/v2\/pages\/289\/revisions\/409"}],"wp:attachment":[{"href":"https:\/\/wp.ufpel.edu.br\/eifi\/wp-json\/wp\/v2\/media?parent=289"}],"curies":[{"name":"wp","href":"https:\/\/api.w.org\/{rel}","templated":true}]}}