{"id":26,"date":"2017-09-14T19:11:33","date_gmt":"2017-09-14T22:11:33","guid":{"rendered":"https:\/\/wp.ufpel.edu.br\/eifi\/?page_id=26"},"modified":"2017-09-14T19:27:50","modified_gmt":"2017-09-14T22:27:50","slug":"anais-iii-eifi-2016","status":"publish","type":"page","link":"https:\/\/wp.ufpel.edu.br\/eifi\/anais-iii-eifi-2016\/","title":{"rendered":"Anais III EIFI 2016"},"content":{"rendered":"<p class=\"font_7\">Todas os trabalhos apresentados e enviados dentro das normas e em dentro dos prazos divulgados encontram-se publicados. Os anais do III EIFI \u00a0possuem ISBN:\u00a0978-85-922097-2-8<\/p>\n<p class=\"font_7\">Os artigos dos STs 5 e 8 n\u00e3o constam na publica\u00e7\u00e3o, pois os coordenadores est\u00e3o preparando suas pr\u00f3prias edi\u00e7\u00f5es.<\/p>\n<p>&nbsp;<\/p>\n<p><img loading=\"lazy\" decoding=\"async\" class=\"aligncenter wp-image-28 size-medium\" src=\"https:\/\/wp.ufpel.edu.br\/eifi\/files\/2017\/09\/REFERENCIAAR-III-EIFI-400x63.png\" alt=\"\" width=\"400\" height=\"63\" srcset=\"https:\/\/wp.ufpel.edu.br\/eifi\/files\/2017\/09\/REFERENCIAAR-III-EIFI-400x63.png 400w, https:\/\/wp.ufpel.edu.br\/eifi\/files\/2017\/09\/REFERENCIAAR-III-EIFI-768x120.png 768w, https:\/\/wp.ufpel.edu.br\/eifi\/files\/2017\/09\/REFERENCIAAR-III-EIFI.png 835w\" sizes=\"auto, (max-width: 400px) 100vw, 400px\" \/><\/p>\n<p><a href=\"https:\/\/wp.ufpel.edu.br\/eifi\/files\/2017\/09\/Anais-III-Eifi.pdf\">ANAIS III EIFI<\/a><\/p>\n<p><a href=\"https:\/\/wp.ufpel.edu.br\/eifi\/files\/2017\/09\/Caderno-de-Resumos-III-Eifi.pdf\">CADERNO DE RESUMOS III EIFI<\/a><\/p>\n","protected":false},"excerpt":{"rendered":"<p>Todas os trabalhos apresentados e enviados dentro das normas e em dentro dos prazos divulgados encontram-se publicados. Os anais do III EIFI \u00a0possuem ISBN:\u00a0978-85-922097-2-8 Os artigos dos STs 5 e 8 n\u00e3o constam na publica\u00e7\u00e3o, pois os coordenadores est\u00e3o preparando suas pr\u00f3prias edi\u00e7\u00f5es. &nbsp; ANAIS III EIFI CADERNO DE RESUMOS III EIFI<\/p>\n","protected":false},"author":784,"featured_media":0,"parent":0,"menu_order":0,"comment_status":"closed","ping_status":"closed","template":"","meta":{"footnotes":""},"class_list":["post-26","page","type-page","status-publish","hentry"],"_links":{"self":[{"href":"https:\/\/wp.ufpel.edu.br\/eifi\/wp-json\/wp\/v2\/pages\/26","targetHints":{"allow":["GET"]}}],"collection":[{"href":"https:\/\/wp.ufpel.edu.br\/eifi\/wp-json\/wp\/v2\/pages"}],"about":[{"href":"https:\/\/wp.ufpel.edu.br\/eifi\/wp-json\/wp\/v2\/types\/page"}],"author":[{"embeddable":true,"href":"https:\/\/wp.ufpel.edu.br\/eifi\/wp-json\/wp\/v2\/users\/784"}],"replies":[{"embeddable":true,"href":"https:\/\/wp.ufpel.edu.br\/eifi\/wp-json\/wp\/v2\/comments?post=26"}],"version-history":[{"count":3,"href":"https:\/\/wp.ufpel.edu.br\/eifi\/wp-json\/wp\/v2\/pages\/26\/revisions"}],"predecessor-version":[{"id":33,"href":"https:\/\/wp.ufpel.edu.br\/eifi\/wp-json\/wp\/v2\/pages\/26\/revisions\/33"}],"wp:attachment":[{"href":"https:\/\/wp.ufpel.edu.br\/eifi\/wp-json\/wp\/v2\/media?parent=26"}],"curies":[{"name":"wp","href":"https:\/\/api.w.org\/{rel}","templated":true}]}}