{"id":2,"date":"2017-07-25T08:25:18","date_gmt":"2017-07-25T11:25:18","guid":{"rendered":"https:\/\/wp.ufpel.edu.br\/eifi\/?page_id=2"},"modified":"2018-08-03T14:42:29","modified_gmt":"2018-08-03T17:42:29","slug":"apresentacao","status":"publish","type":"page","link":"https:\/\/wp.ufpel.edu.br\/eifi\/apresentacao\/","title":{"rendered":"Apresenta\u00e7\u00e3o"},"content":{"rendered":"<p style=\"text-align: justify\">O IV Encontro Internacional Fronteiras e Identidades prop\u00f5e o debate sobre quest\u00f5es associadas ao estudo das fronteiras geogr\u00e1ficas, identit\u00e1rias e disciplinares no \u00e2mbito das \u00e1reas da Hist\u00f3ria e seus desdobramentos na pol\u00edtica, cultura e sociedade na atualidade. Nesta edi\u00e7\u00e3o o evento ser\u00e1 dedicado a homenagear a obra da professora Beatriz Ana Loner, sendo focado, portanto, em discuss\u00f5es sobre classe oper\u00e1ria, p\u00f3s-aboli\u00e7\u00e3o e mundos do trabalho.<\/p>\n<p style=\"text-align: justify\">O evento ocorrer\u00e1 a partir de uma proposta que congrega simp\u00f3sios tem\u00e1ticos, confer\u00eancias e mesas\u00ad-redondas.<\/p>\n<p style=\"text-align: justify\">Dando continuidade aos eventos anteriores e buscando o mesmo sucesso acad\u00eamico alcan\u00e7ado anteriormente, o IV Encontro Internacional Fronteiras e Identidades congregar\u00e1, entre apresentadores e ouvintes, alunos de gradua\u00e7\u00e3o, p\u00f3s\u00ad-gradua\u00e7\u00e3o, professores acad\u00eamicos, al\u00e9m de outros pesquisadores, da Hist\u00f3ria e de outras \u00e1reas das Ci\u00eancias Humanas e comunidade em geral.<\/p>\n<p style=\"text-align: justify\">O encontro se configura num evento significativo e uma oportunidade para a circula\u00e7\u00e3o qualificada de trabalhos produzidos por pesquisadores do pa\u00eds, bem como internacionais, representando ainda um incentivo para novas pesquisas na \u00e1rea e formas de intera\u00e7\u00e3o com a comunidade, sobretudo do Conesul. O evento promover\u00e1 a apresenta\u00e7\u00e3o de trabalhos (conclu\u00eddos e em andamento) para cr\u00edtica e debate.<\/p>\n<p style=\"text-align: justify\">Est\u00e1 prevista a participa\u00e7\u00e3o de pesquisadores de importantes centros internacionais da pesquisa em Hist\u00f3ria, como a Universidade de Buenos Aires e de importantes institui\u00e7\u00f5es nacionais, como a UFF, a UFPR e a UFSC.<\/p>\n<p><img loading=\"lazy\" decoding=\"async\" class=\"alignnone size-large wp-image-327\" style=\"text-align: justify\" src=\"https:\/\/wp.ufpel.edu.br\/eifi\/files\/2018\/08\/rodap\u00e9-1024x95.png\" alt=\"\" width=\"660\" height=\"61\" srcset=\"https:\/\/wp.ufpel.edu.br\/eifi\/files\/2018\/08\/rodap\u00e9-1024x95.png 1024w, https:\/\/wp.ufpel.edu.br\/eifi\/files\/2018\/08\/rodap\u00e9-400x37.png 400w, https:\/\/wp.ufpel.edu.br\/eifi\/files\/2018\/08\/rodap\u00e9-768x71.png 768w, https:\/\/wp.ufpel.edu.br\/eifi\/files\/2018\/08\/rodap\u00e9-619x57.png 619w, https:\/\/wp.ufpel.edu.br\/eifi\/files\/2018\/08\/rodap\u00e9.png 1191w\" sizes=\"auto, (max-width: 660px) 100vw, 660px\" \/><\/p>\n","protected":false},"excerpt":{"rendered":"<p>O IV Encontro Internacional Fronteiras e Identidades prop\u00f5e o debate sobre quest\u00f5es associadas ao estudo das fronteiras geogr\u00e1ficas, identit\u00e1rias e disciplinares no \u00e2mbito das \u00e1reas da Hist\u00f3ria e seus desdobramentos na pol\u00edtica, cultura e sociedade na atualidade. Nesta edi\u00e7\u00e3o o evento ser\u00e1 dedicado a homenagear a obra da professora Beatriz Ana Loner, sendo focado, portanto, [&hellip;]<\/p>\n","protected":false},"author":784,"featured_media":0,"parent":0,"menu_order":0,"comment_status":"closed","ping_status":"closed","template":"","meta":{"footnotes":""},"class_list":["post-2","page","type-page","status-publish","hentry"],"_links":{"self":[{"href":"https:\/\/wp.ufpel.edu.br\/eifi\/wp-json\/wp\/v2\/pages\/2","targetHints":{"allow":["GET"]}}],"collection":[{"href":"https:\/\/wp.ufpel.edu.br\/eifi\/wp-json\/wp\/v2\/pages"}],"about":[{"href":"https:\/\/wp.ufpel.edu.br\/eifi\/wp-json\/wp\/v2\/types\/page"}],"author":[{"embeddable":true,"href":"https:\/\/wp.ufpel.edu.br\/eifi\/wp-json\/wp\/v2\/users\/784"}],"replies":[{"embeddable":true,"href":"https:\/\/wp.ufpel.edu.br\/eifi\/wp-json\/wp\/v2\/comments?post=2"}],"version-history":[{"count":8,"href":"https:\/\/wp.ufpel.edu.br\/eifi\/wp-json\/wp\/v2\/pages\/2\/revisions"}],"predecessor-version":[{"id":329,"href":"https:\/\/wp.ufpel.edu.br\/eifi\/wp-json\/wp\/v2\/pages\/2\/revisions\/329"}],"wp:attachment":[{"href":"https:\/\/wp.ufpel.edu.br\/eifi\/wp-json\/wp\/v2\/media?parent=2"}],"curies":[{"name":"wp","href":"https:\/\/api.w.org\/{rel}","templated":true}]}}