{"id":161,"date":"2018-05-15T18:23:28","date_gmt":"2018-05-15T21:23:28","guid":{"rendered":"https:\/\/wp.ufpel.edu.br\/eifi\/?page_id=161"},"modified":"2018-09-03T14:58:26","modified_gmt":"2018-09-03T17:58:26","slug":"a-idade-media-entre-fronteiras","status":"publish","type":"page","link":"https:\/\/wp.ufpel.edu.br\/eifi\/a-idade-media-entre-fronteiras\/","title":{"rendered":"A Idade M\u00e9dia entre Fronteiras"},"content":{"rendered":"<div style=\"text-align: right\"><strong>Daniele Gallindo G. Silva<\/strong> (UFPel) | <strong>Vinicius Cesar Dreger de Araujo<\/strong> (UNIMONTES)<\/div>\n<div><\/div>\n<div style=\"text-align: justify\">Esse simp\u00f3sio prop\u00f5e discutir quest\u00f5es referentes ao tema da fronteira e identidade no medievo nas suas mais diversas temporalidades e espacialidades. Para tanto, s\u00e3o bem-vindas discuss\u00f5es acerca de fronteiras enquanto linha e\/ou zona, fronteiras disciplinares e quest\u00f5es concernentes \u00e0s releituras de s\u00e9culos posteriores no que tange o medievo.<\/div>\n<p>&nbsp;<\/p>\n<h3 style=\"text-align: center\">Trabalhos Selecionados<\/h3>\n<p><strong>Sess\u00e3o 1 (26\/10\/2018)<\/strong><\/p>\n<p style=\"text-align: left\">SANTOS, Amanda Basilio. Universidade Federal do Rio Grande do Sul.\u00a0<em>A fronteira artificial e as rela\u00e7\u00f5es naturais: arquitetura rom\u00e2nica na regi\u00e3o da Marca Galesa.<\/em><\/p>\n<p style=\"text-align: left\">ROCHA, Augusto.\u00a0Universidade Federal do Rio Grande do Sul &#8211; QI Faculdades Integradas.\u00a0<em>Fontes Medievais como objeto de Estudo: O Caso da Legenda \u00e1urea.<\/em><\/p>\n<p style=\"text-align: left\">MARTELETE, Giovanna do Amaral. PUCRS &#8211; CAPES.\u00a0<em>Cultura hist\u00f3rica entre representa\u00e7\u00f5es e imagin\u00e1rios contempor\u00e2neos sobre o medievo.\u00a0<\/em><\/p>\n<div>\n<p>ALBUQUERQUE, Mauricio da Cunha. Universidade Federal de Pelotas &#8211; CAPES.\u00a0<em>\u201cEm Busca do Santo Graal \u2013 Entre Passados e Presentes\u201d: Estudo de Caso sobre a Recep\u00e7\u00e3o do Medievo na Cultura Pop Estadunidense.\u00a0\u00a0<\/em><\/p>\n<p>KREMER, Christian A. UFRGS &#8211; CNPq.\u00a0<em>As fronteiras entre judeus e crist\u00e3os: o caso de Col\u00f4nia na Idade M\u00e9dia Tardia.<\/em><\/p>\n<p>CUNHA, Vitor. PPGH\/UFRGS &#8211; CAPES.\u00a0<em>A inven\u00e7\u00e3o do conceito de feudalismo e suas limita\u00e7\u00f5es de aplicabilidade: o caso do \u201cReino\u201d Et\u00edope.<\/em><\/p>\n<p>CRUXEN, Edison. Universidade Federal do Pampa.\u00a0<em>O tratado imag\u00e9tico\u00a0Livro das Fortalezas (1509).<\/em><\/p>\n<p>MARQUES, Gabrielle.\u00a0Universidade Federal do Rio Grande do Sul.\u00a0<em>Autoria e misoginia: Uma an\u00e1lise sobre a autoria de Helo\u00edsa de Argenteuil na Correspond\u00eancia com Pedro Abelardo.<\/em><\/p>\n<p>ALVES, Alexandre Fernandes.\u00a0Universidade Federal do Rio Grande do Sul.\u00a0<em>Eram todos um s\u00f3? A configura\u00e7\u00e3o heterog\u00eanea da cavalaria inglesa no contexto da Terceira Cruzada (1188-1192).<\/em><\/p>\n<p>REIS, Gabriel Freitas. Universidade Federal de Santa Maria &#8211; CAPES.\u00a0<em>Fronteiras e negocia\u00e7\u00f5es nas representa\u00e7\u00f5es de b\u00e1rbaros, it\u00e1licos e galo-romanos no corpus documental de Sid\u00f4nio Apolin\u00e1rio (s\u00e9culo V EC).<\/em><\/p>\n<\/div>\n<div><\/div>\n<div><\/div>\n<div>\n<h6 style=\"text-align: right\"><em><strong>Para Inscrever-se enviar o resumo, conforme orienta\u00e7\u00f5es<br \/>\n<\/strong><\/em><em><strong>constantes na \u201caba orienta\u00e7\u00f5es\u201d,\u00a0para o e-mail<br \/>\ndanigallindo@yahoo.de<br \/>\n<\/strong><\/em><\/h6>\n<h2 style=\"text-align: right\">A Idade M\u00e9dia entre Fronteiras<\/h2>\n<\/div>\n","protected":false},"excerpt":{"rendered":"<p>Daniele Gallindo G. Silva (UFPel) | Vinicius Cesar Dreger de Araujo (UNIMONTES) Esse simp\u00f3sio prop\u00f5e discutir quest\u00f5es referentes ao tema da fronteira e identidade no medievo nas suas mais diversas temporalidades e espacialidades. Para tanto, s\u00e3o bem-vindas discuss\u00f5es acerca de fronteiras enquanto linha e\/ou zona, fronteiras disciplinares e quest\u00f5es concernentes \u00e0s releituras de s\u00e9culos posteriores [&hellip;]<\/p>\n","protected":false},"author":784,"featured_media":0,"parent":0,"menu_order":0,"comment_status":"closed","ping_status":"closed","template":"","meta":{"footnotes":""},"class_list":["post-161","page","type-page","status-publish","hentry"],"_links":{"self":[{"href":"https:\/\/wp.ufpel.edu.br\/eifi\/wp-json\/wp\/v2\/pages\/161","targetHints":{"allow":["GET"]}}],"collection":[{"href":"https:\/\/wp.ufpel.edu.br\/eifi\/wp-json\/wp\/v2\/pages"}],"about":[{"href":"https:\/\/wp.ufpel.edu.br\/eifi\/wp-json\/wp\/v2\/types\/page"}],"author":[{"embeddable":true,"href":"https:\/\/wp.ufpel.edu.br\/eifi\/wp-json\/wp\/v2\/users\/784"}],"replies":[{"embeddable":true,"href":"https:\/\/wp.ufpel.edu.br\/eifi\/wp-json\/wp\/v2\/comments?post=161"}],"version-history":[{"count":12,"href":"https:\/\/wp.ufpel.edu.br\/eifi\/wp-json\/wp\/v2\/pages\/161\/revisions"}],"predecessor-version":[{"id":403,"href":"https:\/\/wp.ufpel.edu.br\/eifi\/wp-json\/wp\/v2\/pages\/161\/revisions\/403"}],"wp:attachment":[{"href":"https:\/\/wp.ufpel.edu.br\/eifi\/wp-json\/wp\/v2\/media?parent=161"}],"curies":[{"name":"wp","href":"https:\/\/api.w.org\/{rel}","templated":true}]}}