{"id":150,"date":"2018-05-15T18:13:30","date_gmt":"2018-05-15T21:13:30","guid":{"rendered":"https:\/\/wp.ufpel.edu.br\/eifi\/?page_id=150"},"modified":"2018-08-30T15:15:27","modified_gmt":"2018-08-30T18:15:27","slug":"jovens-pesquisadores","status":"publish","type":"page","link":"https:\/\/wp.ufpel.edu.br\/eifi\/jovens-pesquisadores\/","title":{"rendered":"Jovens Pesquisadores"},"content":{"rendered":"<p>O simp\u00f3sio jovens pesquisadores abre espa\u00e7o para o debate sobre estudos que est\u00e3o sendo realizados por graduandos relacionados a trabalhos de conclus\u00e3o de curso, monografias ou inicia\u00e7\u00e3o cient\u00edfica.<\/p>\n<p>&nbsp;<\/p>\n<h3 style=\"text-align: center\">Trabalhos selecionados:<\/h3>\n<p><strong>Sess\u00e3o 1 (25\/10\/2018):\u00a0<\/strong><\/p>\n<p>FAUSTINO, Veiga Sinara.\u00a0Universidade Federal de Pelotas.\u00a0<em>A viv\u00eancia dos familiares de perseguidos pol\u00edticos durante a ditadura civil-militar.<\/em><\/p>\n<p>OLIVEIRA, Nath\u00e1lia.\u00a0Universidade Federal de Pelotas (UFPel).\u00a0<em>Uma breve considera\u00e7\u00e3o sobre os relatos orais dos sucessores da fam\u00edlia Silva Santos.<\/em><\/p>\n<p>SOUZA, Daniel Filipe Soares.\u00a0UNIPAMPA.\u00a0<em>Ilhados pela terra:\u00a0<\/em><em>pr\u00e1ticas de cercamento de terra na cidade de Uruguaiana, RS (1883).<\/em><\/p>\n<p>RANGEL, Amparo Danilo.\u00a0UFPel &#8211; FAPERGS.\u00a0VECCHIOLI, Virginia. UFSM. <em>O que deve ser preservado? A constru\u00e7\u00e3o da mem\u00f3ria na cidade de Santa Maria.<\/em><\/p>\n<p>LANDGRAF, L\u00eanin.\u00a0Universidade Federal do Rio Grande \u2013 FURG.\u00a0<em>1\u00b0 de maio de 1950 em Rio Grande: O Massacre da Linha do Parque e a disputa pela mem\u00f3ria.<\/em><\/p>\n<p>ELIA, B\u00e1rbara De La Rosa. UFPel. GASPAROTTO, Alessandra. UFPEL &#8211; CAPES. C<em>onsolidando o \u201cnunca mais\u201d: alguns apontamentos acerca de fontes referentes ao Movimento dos Agricultores Sem Terra no acervo do Projeto Brasil Nunca Mais.<\/em><\/p>\n<p>PIRES, Breadelyn Corr\u00eaa. Universidade Federal do Rio Grande \u2013 FURG.\u00a0<em>A imigra\u00e7\u00e3o japonesa na cidade de Rio Grande &#8211; RS.<\/em><\/p>\n<p>FRANCISCO, Rodrigo. UNIPAMPA. <em>Clube 24 de Agosto: Mem\u00f3rias negras.<\/em><\/p>\n<p><span class=\"fontstyle0\">CALDAS, Miguel. UFPel.\u00a0NOVO, Anita. UFPel.\u00a0<\/span><em><span class=\"fontstyle2\">Hist\u00f3ria, Mem\u00f3ria e Esquecimento de Tipiu: os relatos orais de um expedicion\u00e1rio boina azul\u00a0pelotense sobre o Conflito do Canal do Suez (1958-1960).<\/span><\/em><\/p>\n<p><strong>Sess\u00e3o 2 (25\/10\/2018):\u00a0<\/strong><\/p>\n<p>LOPES, J\u00e9ssica Bitencourt.\u00a0Universidade Federal de Pelotas.\u00a0BolsistaPROBIC\/FAPERGS.\u00a0<em>Os trabalhadores da ind\u00fastria A.J. Renner no acervo da Delegacia Regional do Trabalho do Rio Grande do Sul, 1933-1943.<\/em><\/p>\n<p>SILVA, Caroline Cardoso da.\u00a0Universidade Federal de Pelotas.\u00a0<em>Notas te\u00f3ricas sobre uma pesquisa de campo: entendendo algumas consequ\u00eancias do trabalho terceirizado.<\/em><\/p>\n<p>MARTINS, Martina. UFPel. GILL, Lorena Almeida. UFPel. <em>\u00c0 esquerda ou \u00e0 direita: tentando decifrar a identidade ideol\u00f3gica dos estudantes da FAT e do CENG.<\/em><\/p>\n<p>NUNES, Morgana. UFPel. GILL, Lorena Almeida. UFPel. <em>A trajet\u00f3ria dos (as) varredores (as) de rua da cidade de Pelotas.<\/em><\/p>\n<p>MOTTA, Kauane Vieira.\u00a0Universidade Federal de Pelotas.\u00a0<em>Sim\u00f5es Lopes Neto e uma representa\u00e7\u00e3o da sociedade rio-grandense a partir da obra os Contos Gauchescos.<\/em><\/p>\n<p>CARDOSO, Joyce Silva.\u00a0Universidade Federal do Rio Grande \u2013 FURG.\u00a0<em>Analise de possiveis identidades e culturas brasileiras no desenho animado &#8220;irm\u00e3o do jorel&#8221;.<\/em><\/p>\n<p>SILVA, Denise.\u00a0Universidade Federal de Pelotas.\u00a0<em>\u201cO Alienista\u201d: A constru\u00e7\u00e3o do perfil de serial killer naYork do s\u00e9culo XIX pela s\u00e9rie \u201cO Alienista\u201d.<\/em><\/p>\n<p><span class=\"fontstyle2\">OLIVEIRA, Franciele de Almeida de. Universidade de Caxias do Sul. <em>Sobre o sacrif\u00edcio: uma an\u00e1lise do ritual Mariwin dos Matis.<\/em><\/span><\/p>\n<p><span class=\"fontstyle0\">GON\u00c7ALVES, Darlise Gon\u00e7alves de.\u00a0Universidade Federal do Pampa- UNIPAMPA.\u00a0<\/span><em><span class=\"fontstyle2\">Travessia- o protagonismo da fronteira Jaguar\u00e3o-Brasil\/ Rio Branco-Uruguai na rota dos<br \/>\npassageiros da liberdade durante a ditadura civil-militar brasileira (1964-1973).<\/span> <\/em><\/p>\n<p><span class=\"fontstyle0\">VIANNA, Dienefer. Universidade Federal de Santa Maria.\u00a0PRESTES, Richard, Universidade Federal de Santa Maria.\u00a0<\/span><em><span class=\"fontstyle2\">Lazer, afirma\u00e7\u00e3o e resist\u00eancia: uma an\u00e1lise do perfil da torcida organizada Mar\u00e9 Vermelha.<\/span><\/em><\/p>\n<p><strong>Sess\u00e3o 3 (25\/10\/2018):\u00a0<\/strong><\/p>\n<p>ARAUJO, Sabrina.\u00a0Universidade Federal do Rio Grande \u2013 FURG.\u00a0<em>Hist\u00f3ria ambiental e comunidades rurais: um estudo na comunidade quilombola de \u201cTeixeiras\u201d.<\/em><\/p>\n<p>TROV\u00d3, Maur\u00edcio Martins &#8211; Universidade Federal da Fronteira Sul.\u00a0DUARTE JUNIOR, Paulo Alberto. Universidade Federal da Fronteira Sul. <em>Centro de Documenta\u00e7\u00e3o e Laborat\u00f3rio de Hist\u00f3ria Oral: experi\u00eancias na constru\u00e7\u00e3o de um espa\u00e7o de mem\u00f3ria.<\/em><\/p>\n<p>PERES, J\u00e9ssica Bandeira.\u00a0Universidade Federal de Pelotas.\u00a0<em>Propaganda Republicana na terra das charqueadas: algumas considera\u00e7\u00f5es sobre os republicanos pelotenses durante a crise da monarquia (1882-1889).<\/em><\/p>\n<p>ROMIG, Karen LaizKrause. Universidade Federal de Pelotas. <em>A manuten\u00e7\u00e3o da identidade e da mem\u00f3ria pomerana na Serra dos Tapes \u2013 RS.<\/em><\/p>\n<p>PINO, Samara Rodrigues. FURG.\u00a0<em>A percep\u00e7\u00e3o de g\u00eanero de alunos do ensino fundamental: Do livro did\u00e1tico ao espa\u00e7o escolar.<\/em><\/p>\n<p>AVILA, Cleoni Lima. UFPEL.\u00a0ROSA, Secundino Jos\u00e9. UFPEL.\u00a0<em>Organiza\u00e7\u00e3o do Acervo de Testamentos e Invent\u00e1rios da Secretaria da Fazenda de Pelotas (1864 a 1966).<\/em><\/p>\n<p>OLIVEIRA, \u00c9werton de Sousa.\u00a0Universidade Federal do Rio Grande (FURG).\u00a0<em>Maio de 68 e o movimento estudantil brasileiro.<\/em><\/p>\n<p>SOARES FERREIRA, Tamires.\u00a0Universidade Federal de Pelotas- UFPel.\u00a0<em>O acervo do Col\u00e9gio Municipal Pelotense: Organiza\u00e7\u00e3o e possibilidades de pesquisa.<\/em><\/p>\n<p>SOUSA, Felipe Severo Sabedra.\u00a0Universidade Federal de Pelotas.\u00a0<em>Ensino de Alunos Necessidades Educacionais Especiais na Universidade Federal de Pelotas: Observa\u00e7\u00e3o Participante da Tutoria Entre Pares.<\/em><\/p>\n<p>BARCELOS, Sarah Beatriz M. Universidade Federal de Pelotas.\u00a0<em>A import\u00e2ncia da qualidade no trato com arquivos hist\u00f3ricos: uma experi\u00eancia no Memorial da Associa\u00e7\u00e3o Comercial de Pelotas.<\/em><\/p>\n<h6 style=\"text-align: right\"><em><strong>Para Inscrever-se enviar o resumo, conforme orienta\u00e7\u00f5es<br \/>\n<\/strong><\/em><em><strong>constantes na \u201caba orienta\u00e7\u00f5es\u201d,\u00a0para o e-mail<br \/>\nlorenaalmeidagill@gmail.com<\/strong><\/em><\/h6>\n","protected":false},"excerpt":{"rendered":"<p>O simp\u00f3sio jovens pesquisadores abre espa\u00e7o para o debate sobre estudos que est\u00e3o sendo realizados por graduandos relacionados a trabalhos de conclus\u00e3o de curso, monografias ou inicia\u00e7\u00e3o cient\u00edfica. &nbsp; Trabalhos selecionados: Sess\u00e3o 1 (25\/10\/2018):\u00a0 FAUSTINO, Veiga Sinara.\u00a0Universidade Federal de Pelotas.\u00a0A viv\u00eancia dos familiares de perseguidos pol\u00edticos durante a ditadura civil-militar. OLIVEIRA, Nath\u00e1lia.\u00a0Universidade Federal de Pelotas [&hellip;]<\/p>\n","protected":false},"author":784,"featured_media":0,"parent":0,"menu_order":0,"comment_status":"closed","ping_status":"closed","template":"","meta":{"footnotes":""},"class_list":["post-150","page","type-page","status-publish","hentry"],"_links":{"self":[{"href":"https:\/\/wp.ufpel.edu.br\/eifi\/wp-json\/wp\/v2\/pages\/150","targetHints":{"allow":["GET"]}}],"collection":[{"href":"https:\/\/wp.ufpel.edu.br\/eifi\/wp-json\/wp\/v2\/pages"}],"about":[{"href":"https:\/\/wp.ufpel.edu.br\/eifi\/wp-json\/wp\/v2\/types\/page"}],"author":[{"embeddable":true,"href":"https:\/\/wp.ufpel.edu.br\/eifi\/wp-json\/wp\/v2\/users\/784"}],"replies":[{"embeddable":true,"href":"https:\/\/wp.ufpel.edu.br\/eifi\/wp-json\/wp\/v2\/comments?post=150"}],"version-history":[{"count":5,"href":"https:\/\/wp.ufpel.edu.br\/eifi\/wp-json\/wp\/v2\/pages\/150\/revisions"}],"predecessor-version":[{"id":355,"href":"https:\/\/wp.ufpel.edu.br\/eifi\/wp-json\/wp\/v2\/pages\/150\/revisions\/355"}],"wp:attachment":[{"href":"https:\/\/wp.ufpel.edu.br\/eifi\/wp-json\/wp\/v2\/media?parent=150"}],"curies":[{"name":"wp","href":"https:\/\/api.w.org\/{rel}","templated":true}]}}