{"id":144,"date":"2018-05-15T18:11:49","date_gmt":"2018-05-15T21:11:49","guid":{"rendered":"https:\/\/wp.ufpel.edu.br\/eifi\/?page_id=144"},"modified":"2018-10-10T18:06:02","modified_gmt":"2018-10-10T21:06:02","slug":"movimentos-sociais","status":"publish","type":"page","link":"https:\/\/wp.ufpel.edu.br\/eifi\/movimentos-sociais\/","title":{"rendered":"Movimentos Sociais"},"content":{"rendered":"<p style=\"text-align: right\"><strong>Edgar Gandra | Marcos Borges da Silveira<\/strong><\/p>\n<p style=\"text-align: justify\">O Simp\u00f3sio Movimentos sociais, resist\u00eancia e rebeldia na hist\u00f3ria do Brasil visa promover debates de natureza hist\u00f3ria e historiogr\u00e1fica sobre tem\u00e1ticas voltadas ao protagonismo dos agentes sociais subalternos da sociedade em suas dimens\u00f5es pol\u00edtica, social e cultural.<\/p>\n<p>&nbsp;<\/p>\n<h3 style=\"text-align: center\">Trabalhos Selecionados<\/h3>\n<p>&nbsp;<\/p>\n<p><strong>Sess\u00e3o 1(26\/10\/2018)<\/strong><\/p>\n<p>GUIMAR\u00c3ES, Luciano de Moura.\u00a0Col\u00e9gio Pedro II.\u00a0<em>Quem foi Eust\u00e1quio Marinho? Circula\u00e7\u00e3o geogr\u00e1fica e tr\u00e2nsito ideol\u00f3gico na trajet\u00f3ria de um militante oper\u00e1rio (quase) an\u00f4nimo.<\/em><\/p>\n<p>AQUINO, Ingrid Andresa Neles de. Universidade Federal Rural do Rio de Janeiro.\u00a0<em>Intelectualidade e resist\u00eancia atrav\u00e9s da imprensa negra paulista: a luta de descendentes de libertos por inser\u00e7\u00e3o social. (1915-1930).<\/em><\/p>\n<p>GOMES, Luisiane da Silveira.\u00a0UNISINOS &#8211; CAPES.\u00a0<em>A atua\u00e7\u00e3o feminina no movimento estudantil universit\u00e1rio durante o processo de redemocratiza\u00e7\u00e3o do Brasil (Pelotas\/RS: 1977-1985).<\/em><\/p>\n<p>CASTRO, Robert.\u00a0PUCRS \u2013 CAPES.\u00a0<em>Trabalhadores-soldados do mar: identifica\u00e7\u00e3o e resist\u00eancia no processo de mobiliza\u00e7\u00e3o de pra\u00e7as da Marinha brasileira (1962-1964).<\/em><\/p>\n<p>COSTA DA SILVA, R\u00f3ger.\u00a0UFRGS.\u00a0<em>Os crimes e as lutas pelos direitos escravos em Pelotas (1845-1880).<\/em><\/p>\n<p>MACEDO, Greice Adriana Neves. UFRGS &#8211; CNPq.\u00a0<em>Grupo Palmares (1971 &#8211; 1978): Luta e resist\u00eancia negra atrav\u00e9s da cultura em Porto Alegre.<\/em><\/p>\n<p>TORRES, Isadora. Universidade Federal de Pelotas. <em>Discursos\u00a0<\/em><em>Geracionais na Col\u00f4nia de Pescadores S\u00e3o Pedro, Pelotas\/RS.\u00a0<\/em><\/p>\n<p><span style=\"color: #212121\">MATTOS, Renata. UFRGS &#8211; CAPES.\u00a0<\/span><i><span style=\"color: #212121\">O \u201cApag\u00f3n cultural\u201d no Chile, a m\u00fasica e a resist\u00eancia \u00e0 ditadura Pinochet.\u00a0<\/span><\/i><\/p>\n<p>PORCIUNCULA, Pierri. FURG.\u00a0FERREIRA, Samuel Crisandro. FURG.\u00a0<em>Maio de 68 e primavera secundarista aproxima\u00e7\u00f5es e distanciamentos entre gera\u00e7\u00f5es.<\/em><\/p>\n<p>LISBOA, Roberto Borges. <em>Trotskismo(s) no Brasil (1930-1980).<\/em><\/p>\n<p>&nbsp;<\/p>\n<p style=\"text-align: right\"><em><strong>Para Inscrever-se enviar o resumo, conforme orienta\u00e7\u00f5es<br \/>\n<\/strong><\/em><em><strong>constantes na \u201caba orienta\u00e7\u00f5es\u201d,\u00a0para o e-mail<br \/>\nedgargandra@yahoo.com.br<br \/>\n<\/strong><\/em><\/p>\n<h2 style=\"text-align: right\">Movimentos Sociais, Resist\u00eancia e Rebeldia na Hist\u00f3ria do Brasil<\/h2>\n","protected":false},"excerpt":{"rendered":"<p>Edgar Gandra | Marcos Borges da Silveira O Simp\u00f3sio Movimentos sociais, resist\u00eancia e rebeldia na hist\u00f3ria do Brasil visa promover debates de natureza hist\u00f3ria e historiogr\u00e1fica sobre tem\u00e1ticas voltadas ao protagonismo dos agentes sociais subalternos da sociedade em suas dimens\u00f5es pol\u00edtica, social e cultural. &nbsp; Trabalhos Selecionados &nbsp; Sess\u00e3o 1(26\/10\/2018) GUIMAR\u00c3ES, Luciano de Moura.\u00a0Col\u00e9gio Pedro [&hellip;]<\/p>\n","protected":false},"author":784,"featured_media":0,"parent":0,"menu_order":0,"comment_status":"closed","ping_status":"closed","template":"","meta":{"footnotes":""},"class_list":["post-144","page","type-page","status-publish","hentry"],"_links":{"self":[{"href":"https:\/\/wp.ufpel.edu.br\/eifi\/wp-json\/wp\/v2\/pages\/144","targetHints":{"allow":["GET"]}}],"collection":[{"href":"https:\/\/wp.ufpel.edu.br\/eifi\/wp-json\/wp\/v2\/pages"}],"about":[{"href":"https:\/\/wp.ufpel.edu.br\/eifi\/wp-json\/wp\/v2\/types\/page"}],"author":[{"embeddable":true,"href":"https:\/\/wp.ufpel.edu.br\/eifi\/wp-json\/wp\/v2\/users\/784"}],"replies":[{"embeddable":true,"href":"https:\/\/wp.ufpel.edu.br\/eifi\/wp-json\/wp\/v2\/comments?post=144"}],"version-history":[{"count":6,"href":"https:\/\/wp.ufpel.edu.br\/eifi\/wp-json\/wp\/v2\/pages\/144\/revisions"}],"predecessor-version":[{"id":472,"href":"https:\/\/wp.ufpel.edu.br\/eifi\/wp-json\/wp\/v2\/pages\/144\/revisions\/472"}],"wp:attachment":[{"href":"https:\/\/wp.ufpel.edu.br\/eifi\/wp-json\/wp\/v2\/media?parent=144"}],"curies":[{"name":"wp","href":"https:\/\/api.w.org\/{rel}","templated":true}]}}