{"id":141,"date":"2018-05-15T18:10:11","date_gmt":"2018-05-15T21:10:11","guid":{"rendered":"https:\/\/wp.ufpel.edu.br\/eifi\/?page_id=141"},"modified":"2018-10-09T15:30:09","modified_gmt":"2018-10-09T18:30:09","slug":"associativismo-e-protagonismo-negro","status":"publish","type":"page","link":"https:\/\/wp.ufpel.edu.br\/eifi\/associativismo-e-protagonismo-negro\/","title":{"rendered":"Associativismo e Protagonismo Negro"},"content":{"rendered":"<p style=\"text-align: right\"><strong>Caiu\u00e1 Cardoso Al-Alam<\/strong> (UNIPAMPA) | <strong>Giane Vargas Escobar<\/strong> (UNIPAMPA)<\/p>\n<p style=\"text-align: justify\">Os estudos sobre as trajet\u00f3rias e experi\u00eancias de africanos\/as e seus\/suas descendentes no Rio Grande do Sul tem se ampliado nas duas \u00faltimas d\u00e9cadas. Fundamentalmente os estudos sobre escravid\u00e3o tem evidenciado um protagonismo importante n\u00e3o apenas nas charqueadas, mas tamb\u00e9m na lida campeira do Rio Grande do Sul. A fronteira e sua din\u00e2mica, relacionada a escravid\u00e3o e liberdade, principalmente em rela\u00e7\u00e3o ao Uruguai, tamb\u00e9m vem ganhando import\u00e2ncia nos \u00faltimos anos. Por outro lado, o p\u00f3s-aboli\u00e7\u00e3o tem sido destaque nos trabalhos sobre a presen\u00e7a das comunidades negras no sul do Brasil, evidenciada principalmente a partir das pr\u00e1ticas associativistas e recreacionistas, como os clubes sociais negros. Este simp\u00f3sio pretende discutir estas diferentes facetas do protagonismo negro no Rio Grande do Sul e suas regi\u00f5es de fronteira.<\/p>\n<p>&nbsp;<\/p>\n<h3 style=\"text-align: center\"><a href=\"https:\/\/wp.ufpel.edu.br\/eifi\/files\/2018\/10\/ST-Protagonismo-negro-eifi.pdf\" target=\"_blank\" rel=\"noopener\">Trabalhos Selecionados<\/a><\/h3>\n<p>&nbsp;<\/p>\n<p>&nbsp;<\/p>\n<h6 style=\"text-align: right\"><em><strong>Para Inscrever-se enviar o resumo, conforme orienta\u00e7\u00f5es<br \/>\n<\/strong><\/em><em><strong>constantes na \u201caba orienta\u00e7\u00f5es\u201d,\u00a0para o e-mail<br \/>\ncaiuaalam@gmail.com<br \/>\n<\/strong><\/em><\/h6>\n<h2 style=\"text-align: right\">Associativismo e Protagonismo Negro no Rio Grande do Sul e suas Regi\u00f5es de Fronteira<\/h2>\n","protected":false},"excerpt":{"rendered":"<p>Caiu\u00e1 Cardoso Al-Alam (UNIPAMPA) | Giane Vargas Escobar (UNIPAMPA) Os estudos sobre as trajet\u00f3rias e experi\u00eancias de africanos\/as e seus\/suas descendentes no Rio Grande do Sul tem se ampliado nas duas \u00faltimas d\u00e9cadas. Fundamentalmente os estudos sobre escravid\u00e3o tem evidenciado um protagonismo importante n\u00e3o apenas nas charqueadas, mas tamb\u00e9m na lida campeira do Rio Grande [&hellip;]<\/p>\n","protected":false},"author":784,"featured_media":0,"parent":0,"menu_order":0,"comment_status":"closed","ping_status":"closed","template":"","meta":{"footnotes":""},"class_list":["post-141","page","type-page","status-publish","hentry"],"_links":{"self":[{"href":"https:\/\/wp.ufpel.edu.br\/eifi\/wp-json\/wp\/v2\/pages\/141","targetHints":{"allow":["GET"]}}],"collection":[{"href":"https:\/\/wp.ufpel.edu.br\/eifi\/wp-json\/wp\/v2\/pages"}],"about":[{"href":"https:\/\/wp.ufpel.edu.br\/eifi\/wp-json\/wp\/v2\/types\/page"}],"author":[{"embeddable":true,"href":"https:\/\/wp.ufpel.edu.br\/eifi\/wp-json\/wp\/v2\/users\/784"}],"replies":[{"embeddable":true,"href":"https:\/\/wp.ufpel.edu.br\/eifi\/wp-json\/wp\/v2\/comments?post=141"}],"version-history":[{"count":7,"href":"https:\/\/wp.ufpel.edu.br\/eifi\/wp-json\/wp\/v2\/pages\/141\/revisions"}],"predecessor-version":[{"id":470,"href":"https:\/\/wp.ufpel.edu.br\/eifi\/wp-json\/wp\/v2\/pages\/141\/revisions\/470"}],"wp:attachment":[{"href":"https:\/\/wp.ufpel.edu.br\/eifi\/wp-json\/wp\/v2\/media?parent=141"}],"curies":[{"name":"wp","href":"https:\/\/api.w.org\/{rel}","templated":true}]}}