{"id":138,"date":"2018-05-15T18:08:46","date_gmt":"2018-05-15T21:08:46","guid":{"rendered":"https:\/\/wp.ufpel.edu.br\/eifi\/?page_id=138"},"modified":"2018-09-18T14:39:18","modified_gmt":"2018-09-18T17:39:18","slug":"genero-e-feminismos","status":"publish","type":"page","link":"https:\/\/wp.ufpel.edu.br\/eifi\/genero-e-feminismos\/","title":{"rendered":"G\u00eanero e Feminismos"},"content":{"rendered":"<p style=\"text-align: right\"><strong>M\u00e1rcia Alves da Silva<\/strong> [UFPel] |\u00a0<strong>Elisiane Medeiros Chaves<\/strong> [UFPel]<\/p>\n<p style=\"text-align: justify\">O termo identidades faz alus\u00e3o a toda uma diversidade de movimentos sociais de lutas\u00a0contra o patriarcado, assim como as diversas teoriza\u00e7\u00f5es acerca de pr\u00e1ticas em defesa\u00a0dos direitos das mulheres e tamb\u00e9m de outras identidades sexuais e de g\u00eanero. Neste\u00a0sentido, um desafio que a teoria feminista e de g\u00eanero possui \u00e9 fomentar a necess\u00e1ria\u00a0reflex\u00e3o cr\u00edtica sobre diversas situa\u00e7\u00f5es de opress\u00e3o, exclus\u00e3o e viol\u00eancia, muitas\u00a0vezes invisibilizadas no cotidiano social. A essa quest\u00e3o, soma-se a produ\u00e7\u00e3o\u00a0intelectual cr\u00edtica sobre os processos de colonialidade e sua influ\u00eancia sobre a hist\u00f3ria\u00a0e a cultura latino-americanas. Dessa forma, busca-se estrat\u00e9gias de enfrentamento do\u00a0processo de coloniza\u00e7\u00e3o europeu e androc\u00eantrico, e uma necess\u00e1ria constru\u00e7\u00e3o de\u00a0descolonialidade do conhecimento. E, para isso, nosso simp\u00f3sio tem\u00e1tico se alia a\u00a0frase da feminista e ativista boliviana Mar\u00eda Galindo \u201cn\u00e3o se pode descolonizar semdespatriarcalizar\u201d.<\/p>\n<p>&nbsp;<\/p>\n<h3 style=\"text-align: center\">Trabalhos Aprovados<\/h3>\n<p>&nbsp;<\/p>\n<p><strong>Sess\u00e3o 1 (25\/10\/2018)<\/strong><\/p>\n<p>ABELAIRA, Carolina.\u00a0UFPEL &#8211; CAPES ).\u00a0<em>(Des)construindo g\u00eanero, corpo e sexualidade : A Sexualidade na obra de\u00a0<\/em><em>Masters &amp; Johnson.<\/em><\/p>\n<p>CARDOSO, Adriana Lessa.\u00a0Universidade Federal de Pelotas &#8211; CAPES. SILVA, M\u00e1rcia Alves da. UFPel.\u00a0<em>Pelos direitos das mulheres: mem\u00f3rias de militantes feministas.<\/em><\/p>\n<p>DOMINGUES, Darcylene.\u00a0Universidade Federal do Rio Grande.\u00a0<em>Di\u00e1logo de mulheres e o filtro androc\u00eantrico.<\/em><\/p>\n<p>MAC GINITY, Eliane Goulart.\u00a0Universidade Federal do Rio Grande do Sul.\u00a0<em>Jarid Arraes: intelectual negra, feminista e artista.<\/em><\/p>\n<p>NEVES, Helena de Araujo. Universidade Federal de Pelotas.\u00a0GON\u00c7ALVES, Ingrid Fabiola. Universidade Federal de Pelotas.\u00a0<em>Olhares Femininos: um Projeto Editorial Feminista.<\/em><\/p>\n<p><em>LINCK, Ieda M\u00e1rcia Donati.\u00a0<\/em><em>Universidade de Cruz Alta\/<\/em><em>UFSM\/ Aveiro Portugal).\u00a0<\/em><em>OLIVEIRA, V\u00e2nia Maria Abreu de.\u00a0<\/em><em>Universidade de Cruz Alta.\u00a0<\/em><em>A constitui\u00e7\u00e3o do discurso sobre o imagin\u00e1rio de mulher: uma repeti\u00e7\u00e3o s\u00f3cio-hist\u00f3rica.<\/em><\/p>\n<p>GON\u00c7ALVES, Jussemar Weiss.\u00a0Universidade Federal do Rio Grande.\u00a0<em>Mam\u00e3e deixe-me casar: identidade feminina e filtro androcentrico.<\/em><\/p>\n<p>BIDIGARAY, Luana Costa.\u00a0Universidade Federal de Pelotas.\u00a0<em>Envelhecimento ativo: As mulheres aposentadas na Associa\u00e7\u00e3o Beneficente de aposentados e pensionistas de Pelotas.<\/em><\/p>\n<p>MARTINS, Larissa P. Universidade Federal do Rio Grande.\u00a0<em>Grupo de A\u00e7\u00e3o L\u00e9sbica Feminista: A necessidade de se fazer representar.<\/em><\/p>\n<p>&nbsp;<\/p>\n<p><strong>Sess\u00e3o 2 (26\/10\/2018)<\/strong><\/p>\n<p>CIOCHETTO, Paula Ribeiro.\u00a0Universidade Federal de Santa Maria.\u00a0<em>O Grupo Feminista Germinal e o Movimento de Mulheres Santa-marienses (1981-1995): uma proposta de pesquisa.<\/em><\/p>\n<p>NUNES, Caroline Atencio Medeiros.\u00a0Universidade Federal de Pelotas &#8211; CAPES.\u00a0<em>Entre tradi\u00e7\u00f5es e reinterpreta\u00e7\u00f5es: Considera\u00e7\u00f5es te\u00f3ricas sobre o feminismo Isl\u00e2mico.<\/em><\/p>\n<p>MARQUES, Gabrielle.\u00a0Universidade Federal do Rio Grande do Sul.\u00a0<em>As vozes femininas brancas e negras s\u00e3o ouvidas na mesma propor\u00e7\u00e3o? Uma reflex\u00e3o sobre teorias de g\u00eanero brancas e negras e seu uso na historiografia<\/em><\/p>\n<p>ROSA, Yasmin Pereira. UFPel &#8211; CAPES.\u00a0<em>Mulheres negras na Revista Veja: sexualiza\u00e7\u00e3o e racismo.<\/em><\/p>\n<p>VIDAL RODRIGUES, Solange do Carmo.\u00a0FURG.\u00a0<em>Fronteiras da Solid\u00e3o em Jane Eyre e Wide Sargasso Sea.<\/em><\/p>\n<p>SILVA, Claudielle Pav\u00e3o. UFRRJ.\u00a0<em>Flores Horizontais: a prostitui\u00e7\u00e3o na Zona do Mangue entre\u00a0os anos de 1960 e 1970.<\/em><\/p>\n<p>&nbsp;<\/p>\n<h6 style=\"text-align: right\"><em><strong>Para Inscrever-se enviar o resumo, conforme orienta\u00e7\u00f5es<br \/>\n<\/strong><\/em><em><strong>constantes na \u201caba orienta\u00e7\u00f5es\u201d,\u00a0para o e-mail<br \/>\nprof.marciaalves07@gmail.com<\/strong><\/em><\/h6>\n<h2 style=\"text-align: right\">G\u00eanero e Feminismos: Construindo Identidades entre Fronteiras Decoloniais<\/h2>\n","protected":false},"excerpt":{"rendered":"<p>M\u00e1rcia Alves da Silva [UFPel] |\u00a0Elisiane Medeiros Chaves [UFPel] O termo identidades faz alus\u00e3o a toda uma diversidade de movimentos sociais de lutas\u00a0contra o patriarcado, assim como as diversas teoriza\u00e7\u00f5es acerca de pr\u00e1ticas em defesa\u00a0dos direitos das mulheres e tamb\u00e9m de outras identidades sexuais e de g\u00eanero. Neste\u00a0sentido, um desafio que a teoria feminista e [&hellip;]<\/p>\n","protected":false},"author":784,"featured_media":0,"parent":0,"menu_order":0,"comment_status":"closed","ping_status":"closed","template":"","meta":{"footnotes":""},"class_list":["post-138","page","type-page","status-publish","hentry"],"_links":{"self":[{"href":"https:\/\/wp.ufpel.edu.br\/eifi\/wp-json\/wp\/v2\/pages\/138","targetHints":{"allow":["GET"]}}],"collection":[{"href":"https:\/\/wp.ufpel.edu.br\/eifi\/wp-json\/wp\/v2\/pages"}],"about":[{"href":"https:\/\/wp.ufpel.edu.br\/eifi\/wp-json\/wp\/v2\/types\/page"}],"author":[{"embeddable":true,"href":"https:\/\/wp.ufpel.edu.br\/eifi\/wp-json\/wp\/v2\/users\/784"}],"replies":[{"embeddable":true,"href":"https:\/\/wp.ufpel.edu.br\/eifi\/wp-json\/wp\/v2\/comments?post=138"}],"version-history":[{"count":9,"href":"https:\/\/wp.ufpel.edu.br\/eifi\/wp-json\/wp\/v2\/pages\/138\/revisions"}],"predecessor-version":[{"id":454,"href":"https:\/\/wp.ufpel.edu.br\/eifi\/wp-json\/wp\/v2\/pages\/138\/revisions\/454"}],"wp:attachment":[{"href":"https:\/\/wp.ufpel.edu.br\/eifi\/wp-json\/wp\/v2\/media?parent=138"}],"curies":[{"name":"wp","href":"https:\/\/api.w.org\/{rel}","templated":true}]}}