{"id":135,"date":"2018-05-15T18:06:47","date_gmt":"2018-05-15T21:06:47","guid":{"rendered":"https:\/\/wp.ufpel.edu.br\/eifi\/?page_id=135"},"modified":"2018-09-10T15:42:09","modified_gmt":"2018-09-10T18:42:09","slug":"historia-imagens-e-midias","status":"publish","type":"page","link":"https:\/\/wp.ufpel.edu.br\/eifi\/historia-imagens-e-midias\/","title":{"rendered":"Hist\u00f3ria, Imagens e M\u00eddias"},"content":{"rendered":"<p style=\"text-align: right\"><strong>Aristeu Elisandro Machado Lopes<\/strong> (UFPel) | <strong>Carolina\u00a0Martins Etcheverry<\/strong> (PUCRS)<\/p>\n<p style=\"text-align: justify\">Nos \u00faltimos anos as imagens e as m\u00eddias se tornaram importantes fontes para\u00a0a compreens\u00e3o de determinados aspectos da hist\u00f3ria. Dessa forma, quest\u00f5es\u00a0pol\u00edticas, sociais, econ\u00f4micas e culturais podem ser analisadas a partir de\u00a0recursos imag\u00e9ticos. Trabalhos sobre fotografia, cinema, imprensa ilustrada,\u00a0pinturas, hist\u00f3rias em quadrinhos, mang\u00e1s, televis\u00e3o, entre outros dom\u00ednios da\u00a0imagem e da m\u00eddia constituem o cerne do que este Simp\u00f3sio Tem\u00e1tico\u00a0pretende reunir. O objetivo \u00e9 agregar pesquisadores que trabalham com essas\u00a0imagens\/m\u00eddias nas mais diversificadas abordagens relacionadas com a Hist\u00f3ria.<\/p>\n<p>&nbsp;<\/p>\n<h3 style=\"text-align: center\">Trabalhos Selecionados*<\/h3>\n<p>&nbsp;<\/p>\n<p><strong>Sess\u00e3o 1 (25\/10\/2018)<\/strong><\/p>\n<p>SILVA, Franciane. UFPEL.\u00a0<em>Cinema japon\u00eas p\u00f3s-guerra e a emers\u00e3o do g\u00eanero Tokusatsu.<\/em><\/p>\n<p>ARAUJO, Tatiana Brand\u00e3o de. PUCRS.\u00a0GUARIENTI, Franciele Rodrigues. UFSC.\u00a0<em>Wakanda e as Fronteiras (in)vis\u00edveis em \u201cPantera Negra\u201d.<\/em><\/p>\n<p>BUNDCHEN, Vitor Bernardi. Universidade Federal de Pelotas.\u00a0<em>Cinema e Hist\u00f3ria: representa\u00e7\u00f5es e contexto pol\u00edtico em Scarface (1983).<\/em><\/p>\n<p>GUILH\u00c3O, Alexandre. PUCRS &#8211; CAPES.\u00a0<em>A batalha de Santa Clara: Triunfo e sacrif\u00edcio no Cinema cubano.<\/em><\/p>\n<p>OLIVEIRA, Maicon Alexandre Timm de.\u00a0Universidade Federal de Pelotas.\u00a0<em>De John Wayne a Silvestre Stallone, os atores hollywoodianos a servi\u00e7o da ideologia estadunidense.<\/em><\/p>\n<p>SANTOS, Amanda Basilio.\u00a0Universidade Federal do Rio Grande do Sul.\u00a0<em>Urdindo a Idade das Trevas: pensar o medievo por meio do filme Ca\u00e7a \u00e0s Bruxas.<\/em><\/p>\n<p>NETO, Mario Marcello.\u00a0UFRGS.\u00a0<em>Spoiler: a produ\u00e7\u00e3o de conhecimento hist\u00f3rico no Youtube \u2013 entre novas linguagens, hist\u00f3ria p\u00fablica e consumidores do passado.<\/em><\/p>\n<p>CHAVES, Rafael. Universidade Federal do Rio Grande do Sul. UFRGS. MORIGI, Valdir. UFRGS. <em>Reflex\u00f5es sobre a musealiza\u00e7\u00e3o Contempor\u00e2nea: Museus virtualizado<\/em>.<\/p>\n<p>&nbsp;<\/p>\n<p><strong>Sess\u00e3o 2 (26\/10\/2018)<\/strong><\/p>\n<p>FEIJ\u00d3, Luiz Carlos Coelho.\u00a0E.P.E.F Monteiro Lobato.\u00a0<em>Pelo imperador! Pelo Jap\u00e3o! O nacionalismo japon\u00eas na obra Gen p\u00e9s descal\u00e7os de Keiji Nakazawa.<\/em><\/p>\n<p>MOTTA, Lucas Marques Vilhena.\u00a0UFPel.\u00a0<em>\u201cSasaki Kojiro- A espada invenc\u00edvel\u201d: Uma an\u00e1lise do arco da personagem no mang\u00e1 Vagabond.<\/em><\/p>\n<p>CHICO, M\u00e1rcia. Universidade Federal de Pelotas.\u00a0<em>\u201cAssustada e fr\u00e1gil, do jeito que mulher tem que ser\u201d: um panorama da representa\u00e7\u00e3o do feminino nas hist\u00f3rias em quadrinhos<\/em>.<\/p>\n<p>GIORDANI, Laura.\u00a0<em>Criando um Her\u00f3i: A Constru\u00e7\u00e3o de Personagem de Dom Pedro I em \u201cIndepend\u00eancia ou Mortos\u201d.<\/em><\/p>\n<p>COLLARES, Marco Antonio.\u00a0Instituto Federal Sul Rio-grandense.\u00a0Universidade Federal do Rio Grande do Sul.\u00a0<em>Desbravando-se as fronteiras entre civilizados e b\u00e1rbaros em \u201cAl\u00e9m do Rio Negro\u201d, narrativa em HQ do personagem Conan, de Robert Howard.<\/em><\/p>\n<p>PERNAS, Rafael de Moura.\u00a0Universidade Federal de Pelotas &#8211;\u00a0CAPES.\u00a0<em>Perpassando significado pela emo\u00e7\u00e3o: Hellblade e a condi\u00e7\u00e3o da psicose.<\/em><\/p>\n<p>MEYRER, Marlise Regina. PUCRS.\u00a0<em>A Guerra Fria e a constru\u00e7\u00e3o da hegemonia norte-americana na Am\u00e9rica Latina atrav\u00e9s da imprensa: Life en Espa\u00f1ol \u2013 1953-1965.<\/em><\/p>\n<p>ETCHEVERRY, Carolina Martins. PUCRS, Bolsista PNPD\/Capes.\u00a0<em>Fotojornalistas no Rio Grande do Sul dos anos 1970: Jacqueline Joner e Eneida Serrano.<\/em><\/p>\n<p>CANSI, Lislaine Sirsi. UFPel.\u00a0AMARAL, Giana Lange do. UFPel.\u00a0<em>Revista Bravo!: um estudo sobre as fontes iconogr\u00e1ficas do exemplar n\u00ba 110\/2006.<\/em><\/p>\n<p>&nbsp;<\/p>\n<p><strong>Sess\u00e3o 3 (26\/10\/2018)<\/strong><\/p>\n<p>FRANA, Andrieli Paula. Universidade Federal de Pelotas.\u00a0<em>O erotismo feminino nas fotografias de capa do peri\u00f3dico carioca O Rio Nu (1908 \u2013 1909).<\/em><\/p>\n<p>LOPES, Aristeu. UFPel\/UFF.\u00a0<em>As fotografias 3&#215;4 das carteiras profissionais do Rio Grande do Sul e os trabalhadores de Pelotas, 1933-1944.<\/em><\/p>\n<p>HALLAL, Maria Clara.\u00a0UFPEL.\u00a0<em>Comunica\u00e7\u00e3o visual da cidade de S\u00e3o Paulo na d\u00e9cada de 1940: olhares e registros de Hildegard Rosenthal.<\/em><\/p>\n<p>SCHMITZ, Maira Eveline. Instituto Federal Farroupilha.\u00a0<em>A fotografia entre o p\u00fablico e privado: a constru\u00e7\u00e3o material e social da cidade a partir de cenas residenciais.<\/em><\/p>\n<p>MATEUS, S\u00edlvia Gon\u00e7alves.\u00a0Universidade Federal de Pelotas.\u00a0<em>Atualiza\u00e7\u00f5es e reformula\u00e7\u00f5es da mem\u00f3ria coletiva nas religi\u00f5es de matriz africana a partir de fotografias: um olhar batuqueiro sobre a imagem de si mesmo (Pelotas, Porto Alegre e Rio Grande \u2013 1970-2000).<\/em><\/p>\n<p>SILVA, Bruno Giovane da. UFPel.\u00a0<em>Da guerra para a prensa: a Guerra Franco-Prussiana nos peri\u00f3dicos A Com\u00e9dia Social eLe Monde Illustr\u00e9.(1870-1871).<\/em><\/p>\n<p>PAULA, D\u00e9bora Clasen de. UFFS\/Erechim.\u00a0<em>Gente de partido: notas de pesquisa sobre uma fam\u00edlia nas imprensas carioca e pelotense no final do s\u00e9culo XIX.<\/em><\/p>\n<p>DIAS, Vinicius Rodrigues. UFPel.\u00a0<em>A Conven\u00e7\u00e3o do PMDB Rondoniense de 1982 Retratada no Alto Madeira e no O Guapor\u00e9.<\/em><\/p>\n<p>OLIVEIRA, Jana\u00edna Quintana de. IFSUL.\u00a0DOMINGUES, Graciela \u2013 IFSUL.\u00a0<em>Identidades:a diversidade cultural e o autorreconhecimento atrav\u00e9s de pr\u00e1ticas na sala de aula.<\/em><\/p>\n<p>&nbsp;<\/p>\n<p style=\"text-align: justify\"><em><strong>* Retificado em 10 de setembro de 2018, com altera\u00e7\u00e3o de filia\u00e7\u00e3o institucional de dois comunicadores.<\/strong><\/em><\/p>\n<p>&nbsp;<\/p>\n<h6 style=\"text-align: right\"><em><strong>Para Inscrever-se enviar o resumo, conforme orienta\u00e7\u00f5es<br \/>\n<\/strong><\/em><em><strong>constantes na \u201caba orienta\u00e7\u00f5es\u201d,\u00a0para o e-mail<br \/>\naristeuufpel@yahoo.com.br<br \/>\n<\/strong><\/em><\/h6>\n<h2 style=\"text-align: right\">Hist\u00f3ria, Imagens e M\u00eddias<\/h2>\n","protected":false},"excerpt":{"rendered":"<p>Aristeu Elisandro Machado Lopes (UFPel) | Carolina\u00a0Martins Etcheverry (PUCRS) Nos \u00faltimos anos as imagens e as m\u00eddias se tornaram importantes fontes para\u00a0a compreens\u00e3o de determinados aspectos da hist\u00f3ria. Dessa forma, quest\u00f5es\u00a0pol\u00edticas, sociais, econ\u00f4micas e culturais podem ser analisadas a partir de\u00a0recursos imag\u00e9ticos. Trabalhos sobre fotografia, cinema, imprensa ilustrada,\u00a0pinturas, hist\u00f3rias em quadrinhos, mang\u00e1s, televis\u00e3o, entre outros [&hellip;]<\/p>\n","protected":false},"author":784,"featured_media":0,"parent":0,"menu_order":0,"comment_status":"closed","ping_status":"closed","template":"","meta":{"footnotes":""},"class_list":["post-135","page","type-page","status-publish","hentry"],"_links":{"self":[{"href":"https:\/\/wp.ufpel.edu.br\/eifi\/wp-json\/wp\/v2\/pages\/135","targetHints":{"allow":["GET"]}}],"collection":[{"href":"https:\/\/wp.ufpel.edu.br\/eifi\/wp-json\/wp\/v2\/pages"}],"about":[{"href":"https:\/\/wp.ufpel.edu.br\/eifi\/wp-json\/wp\/v2\/types\/page"}],"author":[{"embeddable":true,"href":"https:\/\/wp.ufpel.edu.br\/eifi\/wp-json\/wp\/v2\/users\/784"}],"replies":[{"embeddable":true,"href":"https:\/\/wp.ufpel.edu.br\/eifi\/wp-json\/wp\/v2\/comments?post=135"}],"version-history":[{"count":7,"href":"https:\/\/wp.ufpel.edu.br\/eifi\/wp-json\/wp\/v2\/pages\/135\/revisions"}],"predecessor-version":[{"id":441,"href":"https:\/\/wp.ufpel.edu.br\/eifi\/wp-json\/wp\/v2\/pages\/135\/revisions\/441"}],"wp:attachment":[{"href":"https:\/\/wp.ufpel.edu.br\/eifi\/wp-json\/wp\/v2\/media?parent=135"}],"curies":[{"name":"wp","href":"https:\/\/api.w.org\/{rel}","templated":true}]}}