{"id":132,"date":"2018-05-15T18:05:25","date_gmt":"2018-05-15T21:05:25","guid":{"rendered":"https:\/\/wp.ufpel.edu.br\/eifi\/?page_id=132"},"modified":"2018-09-04T14:25:57","modified_gmt":"2018-09-04T17:25:57","slug":"revolucoes-contestacoes","status":"publish","type":"page","link":"https:\/\/wp.ufpel.edu.br\/eifi\/revolucoes-contestacoes\/","title":{"rendered":"Revolu\u00e7\u00f5es, Contesta\u00e7\u00f5es***"},"content":{"rendered":"<p style=\"text-align: right\"><strong>Juarez Fu\u00e3o <\/strong>(FURG)<strong> | Anselmo Neetzow <\/strong>(FURG)<\/p>\n<p style=\"text-align: justify\">O presente simp\u00f3sio tem\u00e1tico promover\u00e1\u00a0o debate sobre diferentes movimentos de resist\u00eancia aos Estados e \u00e0 ordem capitalista estabelecida, procurando abordar as mais variadas configura\u00e7\u00f5es identit\u00e1rias de luta e de mobiliza\u00e7\u00e3o social. Movimentos caracterizados, atrav\u00e9s da luta simb\u00f3lica ou material,\u00a0 pelo combate\/cr\u00edtica \u00e0s\u00a0formas de domina\u00e7\u00e3o existente. Com esse objetivo, o simp\u00f3sio acolher\u00e1 trabalhos que abordem processos revolucion\u00e1rios no \u00e2mbito latino-americano e mundial, movimentos urbanos e rurais anti-sist\u00eamicos, m\u00fasica e as diversas express\u00f5es culturais baseadas no protesto e na contesta\u00e7\u00e3o pol\u00edtica, econ\u00f4mica ou social.<\/p>\n<h2>***Aten\u00e7\u00e3o:<\/h2>\n<p><strong>Os trabalhos submetidos e aprovados ao presente Simp\u00f3sio Tem\u00e1tico ser\u00e3o realocados, conforme consta na p\u00e1gina orienta\u00e7\u00f5es.\u00a0\u201c<em>A Comiss\u00e3o Organizadora poder\u00e1, caso o simp\u00f3sio tem\u00e1tico escolhido n\u00e3o atinja o n\u00famero m\u00ednimo de 10 comunicadores ou ultrapasse o n\u00famero m\u00e1ximo de 20 comunicadores, encaminhar a proposta para outro simp\u00f3sio tem\u00e1tico.<\/em>\u201d Os autores ser\u00e3o informados sobre o Simp\u00f3sio Tem\u00e1tico que acolher\u00e1 seu trabalho.<\/strong><\/p>\n<p>&nbsp;<\/p>\n<h6 style=\"text-align: right\"><em><strong>Para Inscrever-se enviar o resumo, conforme orienta\u00e7\u00f5es<br \/>\n<\/strong><\/em><em><strong>constantes na \u201caba orienta\u00e7\u00f5es\u201d,\u00a0para o e-mail<br \/>\njfuao@hotmail.com<br \/>\n<\/strong><\/em><\/h6>\n<h2 style=\"text-align: right\">Revolu\u00e7\u00f5es, Contesta\u00e7\u00f5es e Movimentos de Resist\u00eancia<\/h2>\n","protected":false},"excerpt":{"rendered":"<p>Juarez Fu\u00e3o (FURG) | Anselmo Neetzow (FURG) O presente simp\u00f3sio tem\u00e1tico promover\u00e1\u00a0o debate sobre diferentes movimentos de resist\u00eancia aos Estados e \u00e0 ordem capitalista estabelecida, procurando abordar as mais variadas configura\u00e7\u00f5es identit\u00e1rias de luta e de mobiliza\u00e7\u00e3o social. Movimentos caracterizados, atrav\u00e9s da luta simb\u00f3lica ou material,\u00a0 pelo combate\/cr\u00edtica \u00e0s\u00a0formas de domina\u00e7\u00e3o existente. Com esse objetivo, [&hellip;]<\/p>\n","protected":false},"author":784,"featured_media":0,"parent":0,"menu_order":0,"comment_status":"closed","ping_status":"closed","template":"","meta":{"footnotes":""},"class_list":["post-132","page","type-page","status-publish","hentry"],"_links":{"self":[{"href":"https:\/\/wp.ufpel.edu.br\/eifi\/wp-json\/wp\/v2\/pages\/132","targetHints":{"allow":["GET"]}}],"collection":[{"href":"https:\/\/wp.ufpel.edu.br\/eifi\/wp-json\/wp\/v2\/pages"}],"about":[{"href":"https:\/\/wp.ufpel.edu.br\/eifi\/wp-json\/wp\/v2\/types\/page"}],"author":[{"embeddable":true,"href":"https:\/\/wp.ufpel.edu.br\/eifi\/wp-json\/wp\/v2\/users\/784"}],"replies":[{"embeddable":true,"href":"https:\/\/wp.ufpel.edu.br\/eifi\/wp-json\/wp\/v2\/comments?post=132"}],"version-history":[{"count":7,"href":"https:\/\/wp.ufpel.edu.br\/eifi\/wp-json\/wp\/v2\/pages\/132\/revisions"}],"predecessor-version":[{"id":410,"href":"https:\/\/wp.ufpel.edu.br\/eifi\/wp-json\/wp\/v2\/pages\/132\/revisions\/410"}],"wp:attachment":[{"href":"https:\/\/wp.ufpel.edu.br\/eifi\/wp-json\/wp\/v2\/media?parent=132"}],"curies":[{"name":"wp","href":"https:\/\/api.w.org\/{rel}","templated":true}]}}