{"id":127,"date":"2018-05-15T18:02:24","date_gmt":"2018-05-15T21:02:24","guid":{"rendered":"https:\/\/wp.ufpel.edu.br\/eifi\/?page_id=127"},"modified":"2018-08-13T13:45:15","modified_gmt":"2018-08-13T16:45:15","slug":"programacao","status":"publish","type":"page","link":"https:\/\/wp.ufpel.edu.br\/eifi\/programacao\/","title":{"rendered":"Programa\u00e7\u00e3o"},"content":{"rendered":"<p style=\"text-align: right\"><strong>24, 25 e 26 de outubro de 2018.<\/strong><\/p>\n<p><strong>Locais:<\/strong> Audit\u00f3rio do\u00a0CEHUS | Centro de P\u00f3s-Gradua\u00e7\u00e3o e Pesquisas em Ci\u00eancias Humanas, Sociais, Sociais Aplicadas, Artes e Linguagem | UFPel\u00a0(Confer\u00eancias, Debate e Mesa-Redonda) |\u00a0salas de aula do pr\u00e9dio do Instituto de Ci\u00eancias Humanas da UFPel e mini-audit\u00f3rios do CEHUS (Simp\u00f3sios tem\u00e1ticos)<\/p>\n<p><strong>24 de outubro<\/strong><\/p>\n<ul>\n<li>18 horas: Cerim\u00f4nia de abertura.<\/li>\n<li>19 h: Confer\u00eancia de abertura: Socialismo y cultura: \u00bfde d\u00f3nde vienen las ideas socialistas? Pablo Pozzi (UBA).<\/li>\n<\/ul>\n<p>&nbsp;<\/p>\n<p><strong>25 de outubro<\/strong><\/p>\n<ul>\n<li>Manh\u00e3: Simp\u00f3sios tem\u00e1ticos.<\/li>\n<li>14 horas: Debate sobre a obra de Beatriz Loner: Constru\u00e7\u00e3o de classe. Diorge Konrad (UFSM), Eduardo Palermo (Museo del Patrimonio &#8211;\u00a0Intendencia Departamental de Rivera &#8211; UY)\u00a0e Clarice Speranza (UFRGS).<\/li>\n<li>19 horas: Confer\u00eancia: Mundos do Trabalho. Cl\u00e1udio Batalha (UNICAMP)<\/li>\n<\/ul>\n<p>&nbsp;<\/p>\n<p><strong>26 de outubro<\/strong><\/p>\n<ul>\n<li>Manh\u00e3: Simp\u00f3sios tem\u00e1ticos.<\/li>\n<li>14 horas: Mesa-Redonda: Afrodescendentes na regi\u00e3o sul: Joseli Mendon\u00e7a (UFPR), Luana Teixeira (UFSC) e Paulo Moreira (UNISINOS)<\/li>\n<li>18 e 30: Beatriz Loner e sua atua\u00e7\u00e3o nos movimentos sociais<\/li>\n<li>19 horas: Confer\u00eancia de encerramento: P\u00f3s- Aboli\u00e7\u00e3o. Profa. Hebe Mattos (UFF)<\/li>\n<\/ul>\n<p><img loading=\"lazy\" decoding=\"async\" class=\"alignnone size-large wp-image-327\" src=\"https:\/\/wp.ufpel.edu.br\/eifi\/files\/2018\/08\/rodap\u00e9-1024x95.png\" alt=\"\" width=\"660\" height=\"61\" srcset=\"https:\/\/wp.ufpel.edu.br\/eifi\/files\/2018\/08\/rodap\u00e9-1024x95.png 1024w, https:\/\/wp.ufpel.edu.br\/eifi\/files\/2018\/08\/rodap\u00e9-400x37.png 400w, https:\/\/wp.ufpel.edu.br\/eifi\/files\/2018\/08\/rodap\u00e9-768x71.png 768w, https:\/\/wp.ufpel.edu.br\/eifi\/files\/2018\/08\/rodap\u00e9-619x57.png 619w, https:\/\/wp.ufpel.edu.br\/eifi\/files\/2018\/08\/rodap\u00e9.png 1191w\" sizes=\"auto, (max-width: 660px) 100vw, 660px\" \/><\/p>\n","protected":false},"excerpt":{"rendered":"<p>24, 25 e 26 de outubro de 2018. Locais: Audit\u00f3rio do\u00a0CEHUS | Centro de P\u00f3s-Gradua\u00e7\u00e3o e Pesquisas em Ci\u00eancias Humanas, Sociais, Sociais Aplicadas, Artes e Linguagem | UFPel\u00a0(Confer\u00eancias, Debate e Mesa-Redonda) |\u00a0salas de aula do pr\u00e9dio do Instituto de Ci\u00eancias Humanas da UFPel e mini-audit\u00f3rios do CEHUS (Simp\u00f3sios tem\u00e1ticos) 24 de outubro 18 horas: Cerim\u00f4nia [&hellip;]<\/p>\n","protected":false},"author":784,"featured_media":0,"parent":0,"menu_order":0,"comment_status":"closed","ping_status":"closed","template":"","meta":{"footnotes":""},"class_list":["post-127","page","type-page","status-publish","hentry"],"_links":{"self":[{"href":"https:\/\/wp.ufpel.edu.br\/eifi\/wp-json\/wp\/v2\/pages\/127","targetHints":{"allow":["GET"]}}],"collection":[{"href":"https:\/\/wp.ufpel.edu.br\/eifi\/wp-json\/wp\/v2\/pages"}],"about":[{"href":"https:\/\/wp.ufpel.edu.br\/eifi\/wp-json\/wp\/v2\/types\/page"}],"author":[{"embeddable":true,"href":"https:\/\/wp.ufpel.edu.br\/eifi\/wp-json\/wp\/v2\/users\/784"}],"replies":[{"embeddable":true,"href":"https:\/\/wp.ufpel.edu.br\/eifi\/wp-json\/wp\/v2\/comments?post=127"}],"version-history":[{"count":6,"href":"https:\/\/wp.ufpel.edu.br\/eifi\/wp-json\/wp\/v2\/pages\/127\/revisions"}],"predecessor-version":[{"id":335,"href":"https:\/\/wp.ufpel.edu.br\/eifi\/wp-json\/wp\/v2\/pages\/127\/revisions\/335"}],"wp:attachment":[{"href":"https:\/\/wp.ufpel.edu.br\/eifi\/wp-json\/wp\/v2\/media?parent=127"}],"curies":[{"name":"wp","href":"https:\/\/api.w.org\/{rel}","templated":true}]}}